{"id":329109,"date":"2023-08-31T12:50:58","date_gmt":"2023-08-31T09:50:58","guid":{"rendered":"https:\/\/lartusihome.com\/?post_type=product&#038;p=329109"},"modified":"2023-08-31T12:51:28","modified_gmt":"2023-08-31T09:51:28","slug":"hippo-tugitool-hallingdal-65","status":"publish","type":"product","link":"https:\/\/lartusihome.com\/et\/toode\/hippo-tugitool-hallingdal-65\/","title":{"rendered":"Hippo tugitool, Hallingdal 65"},"content":{"rendered":"<p>Laius: 70 cm<\/p>\n<p>S\u00fcgavus: 81 cm<\/p>\n<p>K\u00f5rgus: 71 cm<\/p>\n<p>Istumisk\u00f5rgus: 41 cm<\/p>\n<p>Jalad on saadaval nelja erineva FSC sertifikaadiga tamme viimistlusega (naturaalne tamm, hele suitsutatud tamm, tume suitsutatud tamm ja must tamm)<\/p>\n<p>Veebaasil lakk<\/p>\n<p>V\u00f5imalik valida laias valikus kangaid ja nahkasid (kangan\u00e4idised Lartusi Home esinduskaupluses)<\/p>\n<p>Disainer: Kristian Sofus Hansen ja Tommy Hyldahl, 2021<\/p>\n<p>Eritellimusel valmistatav: 6-8 n\u00e4dalat<\/p>\n<p>N\u00e4idised meie esinduskaupluses: Hippo tugitool, tume suitsutatud tamm, Hallingdal 65 &#8211; 103<\/p>\n<p>&nbsp;<\/p>\n","protected":false},"excerpt":{"rendered":"<p>Laius: 70 cm S\u00fcgavus: 81 cm K\u00f5rgus: 71 cm Istumisk\u00f5rgus: 41 cm Jalad on saadaval nelja erineva FSC sertifikaadiga tamme viimistlusega (naturaalne tamm, hele suitsutatud tamm, tume suitsutatud tamm ja must tamm) Veebaasil lakk V\u00f5imalik valida laias valikus kangaid ja nahkasid (kangan\u00e4idised Lartusi Home esinduskaupluses) Disainer: Kristian Sofus Hansen ja Tommy Hyldahl, 2021 Eritellimusel valmistatav:&hellip;<\/p>\n","protected":false},"featured_media":385229,"template":"","meta":{"_acf_changed":false,"inline_featured_image":false},"product_cat":[24476,5273,3237],"product_tag":[],"giftcard-category":[],"class_list":{"0":"post-329109","1":"product","2":"type-product","3":"status-publish","4":"has-post-thumbnail","6":"product_cat-tugitoolid","7":"product_cat-moobel","8":"product_cat-toolid","9":"pa_brand-norr11-et","10":"pa_collection-hippo","11":"pa_material-black-oak-et","12":"pa_material-light-smoked-oak-et","13":"pa_material-dark-smoked-oak-et","14":"pa_material-natural-oak","16":"first","17":"onbackorder","18":"shipping-taxable","19":"purchasable","20":"product-type-variable"},"acf":[],"yoast_head":"<!-- This site is optimized with the Yoast SEO plugin v25.6 - https:\/\/yoast.com\/wordpress\/plugins\/seo\/ -->\n<title>Hippo tugitool, Hallingdal 65 - Lartusihome.com<\/title>\n<meta name=\"robots\" content=\"index, follow, max-snippet:-1, max-image-preview:large, max-video-preview:-1\" \/>\n<link rel=\"canonical\" href=\"https:\/\/lartusihome.com\/et\/toode\/hippo-tugitool-hallingdal-65\/\" \/>\n<meta property=\"og:locale\" content=\"et_EE\" \/>\n<meta property=\"og:type\" content=\"article\" \/>\n<meta property=\"og:title\" content=\"Hippo tugitool, Hallingdal 65 - Lartusihome.com\" \/>\n<meta property=\"og:description\" content=\"Laius: 70 cm S\u00fcgavus: 81 cm K\u00f5rgus: 71 cm Istumisk\u00f5rgus: 41 cm Jalad on saadaval nelja erineva FSC sertifikaadiga tamme viimistlusega (naturaalne tamm, hele suitsutatud tamm, tume suitsutatud tamm ja must tamm) Veebaasil lakk V\u00f5imalik valida laias valikus kangaid ja nahkasid (kangan\u00e4idised Lartusi Home esinduskaupluses) Disainer: Kristian Sofus Hansen ja Tommy Hyldahl, 2021 Eritellimusel valmistatav:&hellip;\" \/>\n<meta property=\"og:url\" content=\"https:\/\/lartusihome.com\/et\/toode\/hippo-tugitool-hallingdal-65\/\" \/>\n<meta property=\"og:site_name\" content=\"Lartusihome.com\" \/>\n<meta property=\"article:publisher\" content=\"https:\/\/www.facebook.com\/lartusihome\/\" \/>\n<meta property=\"article:modified_time\" content=\"2023-08-31T09:51:28+00:00\" \/>\n<meta property=\"og:image\" content=\"https:\/\/lartusihome.com\/wp-content\/uploads\/2023\/08\/NORR11Hippo-Lounge-ChairHallingdal-220Oak-Dark-Smoked.jpg\" \/>\n\t<meta property=\"og:image:width\" content=\"2000\" \/>\n\t<meta property=\"og:image:height\" content=\"2000\" \/>\n\t<meta property=\"og:image:type\" content=\"image\/jpeg\" \/>\n<meta name=\"twitter:card\" content=\"summary_large_image\" \/>\n<meta name=\"twitter:label1\" content=\"Est. reading time\" \/>\n\t<meta name=\"twitter:data1\" content=\"1 minut\" \/>\n<script type=\"application\/ld+json\" class=\"yoast-schema-graph\">{\"@context\":\"https:\/\/schema.org\",\"@graph\":[{\"@type\":\"WebPage\",\"@id\":\"https:\/\/lartusihome.com\/et\/toode\/hippo-tugitool-hallingdal-65\/\",\"url\":\"https:\/\/lartusihome.com\/et\/toode\/hippo-tugitool-hallingdal-65\/\",\"name\":\"Hippo tugitool, Hallingdal 65 - Lartusihome.com\",\"isPartOf\":{\"@id\":\"https:\/\/lartusihome.com\/et\/#website\"},\"primaryImageOfPage\":{\"@id\":\"https:\/\/lartusihome.com\/et\/toode\/hippo-tugitool-hallingdal-65\/#primaryimage\"},\"image\":{\"@id\":\"https:\/\/lartusihome.com\/et\/toode\/hippo-tugitool-hallingdal-65\/#primaryimage\"},\"thumbnailUrl\":\"https:\/\/lartusihome.com\/wp-content\/uploads\/2024\/11\/NORR11Hippo-Lounge-ChairHallingdalOak-Dark-Smoked.jpg\",\"datePublished\":\"2023-08-31T09:50:58+00:00\",\"dateModified\":\"2023-08-31T09:51:28+00:00\",\"breadcrumb\":{\"@id\":\"https:\/\/lartusihome.com\/et\/toode\/hippo-tugitool-hallingdal-65\/#breadcrumb\"},\"inLanguage\":\"et\",\"potentialAction\":[{\"@type\":\"ReadAction\",\"target\":[\"https:\/\/lartusihome.com\/et\/toode\/hippo-tugitool-hallingdal-65\/\"]}]},{\"@type\":\"ImageObject\",\"inLanguage\":\"et\",\"@id\":\"https:\/\/lartusihome.com\/et\/toode\/hippo-tugitool-hallingdal-65\/#primaryimage\",\"url\":\"https:\/\/lartusihome.com\/wp-content\/uploads\/2024\/11\/NORR11Hippo-Lounge-ChairHallingdalOak-Dark-Smoked.jpg\",\"contentUrl\":\"https:\/\/lartusihome.com\/wp-content\/uploads\/2024\/11\/NORR11Hippo-Lounge-ChairHallingdalOak-Dark-Smoked.jpg\",\"width\":2000,\"height\":2000},{\"@type\":\"BreadcrumbList\",\"@id\":\"https:\/\/lartusihome.com\/et\/toode\/hippo-tugitool-hallingdal-65\/#breadcrumb\",\"itemListElement\":[{\"@type\":\"ListItem\",\"position\":1,\"name\":\"Home\",\"item\":\"https:\/\/lartusihome.com\/et\/\"},{\"@type\":\"ListItem\",\"position\":2,\"name\":\"Pood\",\"item\":\"https:\/\/lartusihome.com\/et\/pood\/\"},{\"@type\":\"ListItem\",\"position\":3,\"name\":\"Hippo tugitool, Hallingdal 65\"}]},{\"@type\":\"WebSite\",\"@id\":\"https:\/\/lartusihome.com\/et\/#website\",\"url\":\"https:\/\/lartusihome.com\/et\/\",\"name\":\"Lartusihome.com\",\"description\":\"Kodu \/ sisustus\",\"potentialAction\":[{\"@type\":\"SearchAction\",\"target\":{\"@type\":\"EntryPoint\",\"urlTemplate\":\"https:\/\/lartusihome.com\/et\/?s={search_term_string}\"},\"query-input\":{\"@type\":\"PropertyValueSpecification\",\"valueRequired\":true,\"valueName\":\"search_term_string\"}}],\"inLanguage\":\"et\"}]}<\/script>\n<!-- \/ Yoast SEO plugin. -->","yoast_head_json":{"title":"Hippo tugitool, Hallingdal 65 - Lartusihome.com","robots":{"index":"index","follow":"follow","max-snippet":"max-snippet:-1","max-image-preview":"max-image-preview:large","max-video-preview":"max-video-preview:-1"},"canonical":"https:\/\/lartusihome.com\/et\/toode\/hippo-tugitool-hallingdal-65\/","og_locale":"et_EE","og_type":"article","og_title":"Hippo tugitool, Hallingdal 65 - Lartusihome.com","og_description":"Laius: 70 cm S\u00fcgavus: 81 cm K\u00f5rgus: 71 cm Istumisk\u00f5rgus: 41 cm Jalad on saadaval nelja erineva FSC sertifikaadiga tamme viimistlusega (naturaalne tamm, hele suitsutatud tamm, tume suitsutatud tamm ja must tamm) Veebaasil lakk V\u00f5imalik valida laias valikus kangaid ja nahkasid (kangan\u00e4idised Lartusi Home esinduskaupluses) Disainer: Kristian Sofus Hansen ja Tommy Hyldahl, 2021 Eritellimusel valmistatav:&hellip;","og_url":"https:\/\/lartusihome.com\/et\/toode\/hippo-tugitool-hallingdal-65\/","og_site_name":"Lartusihome.com","article_publisher":"https:\/\/www.facebook.com\/lartusihome\/","article_modified_time":"2023-08-31T09:51:28+00:00","og_image":[{"width":2000,"height":2000,"url":"https:\/\/lartusihome.com\/wp-content\/uploads\/2023\/08\/NORR11Hippo-Lounge-ChairHallingdal-220Oak-Dark-Smoked.jpg","type":"image\/jpeg"}],"twitter_card":"summary_large_image","twitter_misc":{"Est. reading time":"1 minut"},"schema":{"@context":"https:\/\/schema.org","@graph":[{"@type":"WebPage","@id":"https:\/\/lartusihome.com\/et\/toode\/hippo-tugitool-hallingdal-65\/","url":"https:\/\/lartusihome.com\/et\/toode\/hippo-tugitool-hallingdal-65\/","name":"Hippo tugitool, Hallingdal 65 - Lartusihome.com","isPartOf":{"@id":"https:\/\/lartusihome.com\/et\/#website"},"primaryImageOfPage":{"@id":"https:\/\/lartusihome.com\/et\/toode\/hippo-tugitool-hallingdal-65\/#primaryimage"},"image":{"@id":"https:\/\/lartusihome.com\/et\/toode\/hippo-tugitool-hallingdal-65\/#primaryimage"},"thumbnailUrl":"https:\/\/lartusihome.com\/wp-content\/uploads\/2024\/11\/NORR11Hippo-Lounge-ChairHallingdalOak-Dark-Smoked.jpg","datePublished":"2023-08-31T09:50:58+00:00","dateModified":"2023-08-31T09:51:28+00:00","breadcrumb":{"@id":"https:\/\/lartusihome.com\/et\/toode\/hippo-tugitool-hallingdal-65\/#breadcrumb"},"inLanguage":"et","potentialAction":[{"@type":"ReadAction","target":["https:\/\/lartusihome.com\/et\/toode\/hippo-tugitool-hallingdal-65\/"]}]},{"@type":"ImageObject","inLanguage":"et","@id":"https:\/\/lartusihome.com\/et\/toode\/hippo-tugitool-hallingdal-65\/#primaryimage","url":"https:\/\/lartusihome.com\/wp-content\/uploads\/2024\/11\/NORR11Hippo-Lounge-ChairHallingdalOak-Dark-Smoked.jpg","contentUrl":"https:\/\/lartusihome.com\/wp-content\/uploads\/2024\/11\/NORR11Hippo-Lounge-ChairHallingdalOak-Dark-Smoked.jpg","width":2000,"height":2000},{"@type":"BreadcrumbList","@id":"https:\/\/lartusihome.com\/et\/toode\/hippo-tugitool-hallingdal-65\/#breadcrumb","itemListElement":[{"@type":"ListItem","position":1,"name":"Home","item":"https:\/\/lartusihome.com\/et\/"},{"@type":"ListItem","position":2,"name":"Pood","item":"https:\/\/lartusihome.com\/et\/pood\/"},{"@type":"ListItem","position":3,"name":"Hippo tugitool, Hallingdal 65"}]},{"@type":"WebSite","@id":"https:\/\/lartusihome.com\/et\/#website","url":"https:\/\/lartusihome.com\/et\/","name":"Lartusihome.com","description":"Kodu \/ sisustus","potentialAction":[{"@type":"SearchAction","target":{"@type":"EntryPoint","urlTemplate":"https:\/\/lartusihome.com\/et\/?s={search_term_string}"},"query-input":{"@type":"PropertyValueSpecification","valueRequired":true,"valueName":"search_term_string"}}],"inLanguage":"et"}]}},"_links":{"self":[{"href":"https:\/\/lartusihome.com\/et\/wp-json\/wp\/v2\/product\/329109"}],"collection":[{"href":"https:\/\/lartusihome.com\/et\/wp-json\/wp\/v2\/product"}],"about":[{"href":"https:\/\/lartusihome.com\/et\/wp-json\/wp\/v2\/types\/product"}],"wp:featuredmedia":[{"embeddable":true,"href":"https:\/\/lartusihome.com\/et\/wp-json\/wp\/v2\/media\/385229"}],"wp:attachment":[{"href":"https:\/\/lartusihome.com\/et\/wp-json\/wp\/v2\/media?parent=329109"}],"wp:term":[{"taxonomy":"product_cat","embeddable":true,"href":"https:\/\/lartusihome.com\/et\/wp-json\/wp\/v2\/product_cat?post=329109"},{"taxonomy":"product_tag","embeddable":true,"href":"https:\/\/lartusihome.com\/et\/wp-json\/wp\/v2\/product_tag?post=329109"},{"taxonomy":"giftcard-category","embeddable":true,"href":"https:\/\/lartusihome.com\/et\/wp-json\/wp\/v2\/giftcard-category?post=329109"}],"curies":[{"name":"wp","href":"https:\/\/api.w.org\/{rel}","templated":true}]}}