{"id":328994,"date":"2023-08-31T12:51:03","date_gmt":"2023-08-31T09:51:03","guid":{"rendered":"https:\/\/lartusihome.com\/?post_type=product&#038;p=328994"},"modified":"2023-08-31T12:51:24","modified_gmt":"2023-08-31T09:51:24","slug":"studio-diivani-moodul-m-buklee","status":"publish","type":"product","link":"https:\/\/lartusihome.com\/et\/toode\/studio-diivani-moodul-m-buklee\/","title":{"rendered":"Studio diivani moodul M, buklee"},"content":{"rendered":"<p>Austusavaldus 70ndatele ja selle ilmekale esteetikale. Mitmek\u00fclgne, kuid lihtne moodulite s\u00fcsteem, millest saab moodustada arvukalt seadeid, kujundeid ja stiile, sulandudes k\u00f5ikv\u00f5imalikesse keskkondadesse. Olgu see siis v\u00e4ike elutuba v\u00f5i avar avalik koht.<\/p>\n<p>S\u00fcgavus: 96 cm<\/p>\n<p>Laius: 80 cm<\/p>\n<p>K\u00f5rgus: 70 cm<\/p>\n<p>Istme k\u00f5rgus: 47 cm<\/p>\n<p>360-kraadine viimistlus, iga moodul v\u00f5ib olla iseseisev<\/p>\n<p>Moodulid on \u00fchendatavad Click-Link s\u00fcsteemi abil<\/p>\n<p>Saadaval laias valikus kvaliteetsete \u00f6kokangaste v\u00f5i S\u00f8renseni nahaga (n\u00e4idised saadaval Lartusi Home esinduskaupluses)<\/p>\n<p>Toodetud Itaalias<\/p>\n<p>Disainer: Kristian Sofus Hansen ja Tommy Hyldahl, 2021<\/p>\n<p>Valmistatakse eritellimusel: 10-12 n\u00e4dalat<\/p>\n<p>N\u00e4idised meie esinduskaupluses: Studio M moodul, Studio S moodul, Studio nurgamoodul, Studio k\u00e4etugi (k\u00f5ik Barnum Boucle 24 kangaga)<\/p>\n","protected":false},"excerpt":{"rendered":"<p>Austusavaldus 70ndatele ja selle ilmekale esteetikale. Mitmek\u00fclgne, kuid lihtne moodulite s\u00fcsteem, millest saab moodustada arvukalt seadeid, kujundeid ja stiile, sulandudes k\u00f5ikv\u00f5imalikesse keskkondadesse. Olgu see siis v\u00e4ike elutuba v\u00f5i avar avalik koht. S\u00fcgavus: 96 cm Laius: 80 cm K\u00f5rgus: 70 cm Istme k\u00f5rgus: 47 cm 360-kraadine viimistlus, iga moodul v\u00f5ib olla iseseisev Moodulid on \u00fchendatavad Click-Link&hellip;<\/p>\n","protected":false},"featured_media":328946,"template":"","meta":{"_acf_changed":false,"inline_featured_image":false},"product_cat":[24472,5273,3237],"product_tag":[],"giftcard-category":[],"class_list":{"0":"post-328994","1":"product","2":"type-product","3":"status-publish","4":"has-post-thumbnail","6":"product_cat-diivanid","7":"product_cat-moobel","8":"product_cat-toolid","9":"pa_brand-norr11-et","10":"pa_collection-studio","12":"first","13":"outofstock","14":"shipping-taxable","15":"purchasable","16":"product-type-variable"},"acf":[],"yoast_head":"<!-- This site is optimized with the Yoast SEO plugin v25.6 - https:\/\/yoast.com\/wordpress\/plugins\/seo\/ -->\n<title>Studio diivani moodul M, buklee - Lartusihome.com<\/title>\n<meta name=\"robots\" content=\"index, follow, max-snippet:-1, max-image-preview:large, max-video-preview:-1\" \/>\n<link rel=\"canonical\" href=\"https:\/\/lartusihome.com\/et\/toode\/studio-diivani-moodul-m-buklee\/\" \/>\n<meta property=\"og:locale\" content=\"et_EE\" \/>\n<meta property=\"og:type\" content=\"article\" \/>\n<meta property=\"og:title\" content=\"Studio diivani moodul M, buklee - Lartusihome.com\" \/>\n<meta property=\"og:description\" content=\"Austusavaldus 70ndatele ja selle ilmekale esteetikale. Mitmek\u00fclgne, kuid lihtne moodulite s\u00fcsteem, millest saab moodustada arvukalt seadeid, kujundeid ja stiile, sulandudes k\u00f5ikv\u00f5imalikesse keskkondadesse. Olgu see siis v\u00e4ike elutuba v\u00f5i avar avalik koht. S\u00fcgavus: 96 cm Laius: 80 cm K\u00f5rgus: 70 cm Istme k\u00f5rgus: 47 cm 360-kraadine viimistlus, iga moodul v\u00f5ib olla iseseisev Moodulid on \u00fchendatavad Click-Link&hellip;\" \/>\n<meta property=\"og:url\" content=\"https:\/\/lartusihome.com\/et\/toode\/studio-diivani-moodul-m-buklee\/\" \/>\n<meta property=\"og:site_name\" content=\"Lartusihome.com\" \/>\n<meta property=\"article:publisher\" content=\"https:\/\/www.facebook.com\/lartusihome\/\" \/>\n<meta property=\"article:modified_time\" content=\"2023-08-31T09:51:24+00:00\" \/>\n<meta property=\"og:image\" content=\"https:\/\/lartusihome.com\/wp-content\/uploads\/2023\/08\/NORR11Studio_Sofa_MediumBarnum_Boucle_Col_24_1_1024x.jpg\" \/>\n\t<meta property=\"og:image:width\" content=\"2000\" \/>\n\t<meta property=\"og:image:height\" content=\"2000\" \/>\n\t<meta property=\"og:image:type\" content=\"image\/jpeg\" \/>\n<meta name=\"twitter:card\" content=\"summary_large_image\" \/>\n<meta name=\"twitter:label1\" content=\"Est. reading time\" \/>\n\t<meta name=\"twitter:data1\" content=\"1 minut\" \/>\n<script type=\"application\/ld+json\" class=\"yoast-schema-graph\">{\"@context\":\"https:\/\/schema.org\",\"@graph\":[{\"@type\":\"WebPage\",\"@id\":\"https:\/\/lartusihome.com\/et\/toode\/studio-diivani-moodul-m-buklee\/\",\"url\":\"https:\/\/lartusihome.com\/et\/toode\/studio-diivani-moodul-m-buklee\/\",\"name\":\"Studio diivani moodul M, buklee - Lartusihome.com\",\"isPartOf\":{\"@id\":\"https:\/\/lartusihome.com\/et\/#website\"},\"primaryImageOfPage\":{\"@id\":\"https:\/\/lartusihome.com\/et\/toode\/studio-diivani-moodul-m-buklee\/#primaryimage\"},\"image\":{\"@id\":\"https:\/\/lartusihome.com\/et\/toode\/studio-diivani-moodul-m-buklee\/#primaryimage\"},\"thumbnailUrl\":\"https:\/\/lartusihome.com\/wp-content\/uploads\/2023\/08\/NORR11Studio_Sofa_MediumBarnum_Boucle_Col_24_1_1024x.jpg\",\"datePublished\":\"2023-08-31T09:51:03+00:00\",\"dateModified\":\"2023-08-31T09:51:24+00:00\",\"breadcrumb\":{\"@id\":\"https:\/\/lartusihome.com\/et\/toode\/studio-diivani-moodul-m-buklee\/#breadcrumb\"},\"inLanguage\":\"et\",\"potentialAction\":[{\"@type\":\"ReadAction\",\"target\":[\"https:\/\/lartusihome.com\/et\/toode\/studio-diivani-moodul-m-buklee\/\"]}]},{\"@type\":\"ImageObject\",\"inLanguage\":\"et\",\"@id\":\"https:\/\/lartusihome.com\/et\/toode\/studio-diivani-moodul-m-buklee\/#primaryimage\",\"url\":\"https:\/\/lartusihome.com\/wp-content\/uploads\/2023\/08\/NORR11Studio_Sofa_MediumBarnum_Boucle_Col_24_1_1024x.jpg\",\"contentUrl\":\"https:\/\/lartusihome.com\/wp-content\/uploads\/2023\/08\/NORR11Studio_Sofa_MediumBarnum_Boucle_Col_24_1_1024x.jpg\",\"width\":2000,\"height\":2000},{\"@type\":\"BreadcrumbList\",\"@id\":\"https:\/\/lartusihome.com\/et\/toode\/studio-diivani-moodul-m-buklee\/#breadcrumb\",\"itemListElement\":[{\"@type\":\"ListItem\",\"position\":1,\"name\":\"Home\",\"item\":\"https:\/\/lartusihome.com\/et\/\"},{\"@type\":\"ListItem\",\"position\":2,\"name\":\"Pood\",\"item\":\"https:\/\/lartusihome.com\/et\/pood\/\"},{\"@type\":\"ListItem\",\"position\":3,\"name\":\"Studio diivani moodul M, buklee\"}]},{\"@type\":\"WebSite\",\"@id\":\"https:\/\/lartusihome.com\/et\/#website\",\"url\":\"https:\/\/lartusihome.com\/et\/\",\"name\":\"Lartusihome.com\",\"description\":\"Kodu \/ sisustus\",\"potentialAction\":[{\"@type\":\"SearchAction\",\"target\":{\"@type\":\"EntryPoint\",\"urlTemplate\":\"https:\/\/lartusihome.com\/et\/?s={search_term_string}\"},\"query-input\":{\"@type\":\"PropertyValueSpecification\",\"valueRequired\":true,\"valueName\":\"search_term_string\"}}],\"inLanguage\":\"et\"}]}<\/script>\n<!-- \/ Yoast SEO plugin. -->","yoast_head_json":{"title":"Studio diivani moodul M, buklee - Lartusihome.com","robots":{"index":"index","follow":"follow","max-snippet":"max-snippet:-1","max-image-preview":"max-image-preview:large","max-video-preview":"max-video-preview:-1"},"canonical":"https:\/\/lartusihome.com\/et\/toode\/studio-diivani-moodul-m-buklee\/","og_locale":"et_EE","og_type":"article","og_title":"Studio diivani moodul M, buklee - Lartusihome.com","og_description":"Austusavaldus 70ndatele ja selle ilmekale esteetikale. Mitmek\u00fclgne, kuid lihtne moodulite s\u00fcsteem, millest saab moodustada arvukalt seadeid, kujundeid ja stiile, sulandudes k\u00f5ikv\u00f5imalikesse keskkondadesse. Olgu see siis v\u00e4ike elutuba v\u00f5i avar avalik koht. S\u00fcgavus: 96 cm Laius: 80 cm K\u00f5rgus: 70 cm Istme k\u00f5rgus: 47 cm 360-kraadine viimistlus, iga moodul v\u00f5ib olla iseseisev Moodulid on \u00fchendatavad Click-Link&hellip;","og_url":"https:\/\/lartusihome.com\/et\/toode\/studio-diivani-moodul-m-buklee\/","og_site_name":"Lartusihome.com","article_publisher":"https:\/\/www.facebook.com\/lartusihome\/","article_modified_time":"2023-08-31T09:51:24+00:00","og_image":[{"width":2000,"height":2000,"url":"https:\/\/lartusihome.com\/wp-content\/uploads\/2023\/08\/NORR11Studio_Sofa_MediumBarnum_Boucle_Col_24_1_1024x.jpg","type":"image\/jpeg"}],"twitter_card":"summary_large_image","twitter_misc":{"Est. reading time":"1 minut"},"schema":{"@context":"https:\/\/schema.org","@graph":[{"@type":"WebPage","@id":"https:\/\/lartusihome.com\/et\/toode\/studio-diivani-moodul-m-buklee\/","url":"https:\/\/lartusihome.com\/et\/toode\/studio-diivani-moodul-m-buklee\/","name":"Studio diivani moodul M, buklee - Lartusihome.com","isPartOf":{"@id":"https:\/\/lartusihome.com\/et\/#website"},"primaryImageOfPage":{"@id":"https:\/\/lartusihome.com\/et\/toode\/studio-diivani-moodul-m-buklee\/#primaryimage"},"image":{"@id":"https:\/\/lartusihome.com\/et\/toode\/studio-diivani-moodul-m-buklee\/#primaryimage"},"thumbnailUrl":"https:\/\/lartusihome.com\/wp-content\/uploads\/2023\/08\/NORR11Studio_Sofa_MediumBarnum_Boucle_Col_24_1_1024x.jpg","datePublished":"2023-08-31T09:51:03+00:00","dateModified":"2023-08-31T09:51:24+00:00","breadcrumb":{"@id":"https:\/\/lartusihome.com\/et\/toode\/studio-diivani-moodul-m-buklee\/#breadcrumb"},"inLanguage":"et","potentialAction":[{"@type":"ReadAction","target":["https:\/\/lartusihome.com\/et\/toode\/studio-diivani-moodul-m-buklee\/"]}]},{"@type":"ImageObject","inLanguage":"et","@id":"https:\/\/lartusihome.com\/et\/toode\/studio-diivani-moodul-m-buklee\/#primaryimage","url":"https:\/\/lartusihome.com\/wp-content\/uploads\/2023\/08\/NORR11Studio_Sofa_MediumBarnum_Boucle_Col_24_1_1024x.jpg","contentUrl":"https:\/\/lartusihome.com\/wp-content\/uploads\/2023\/08\/NORR11Studio_Sofa_MediumBarnum_Boucle_Col_24_1_1024x.jpg","width":2000,"height":2000},{"@type":"BreadcrumbList","@id":"https:\/\/lartusihome.com\/et\/toode\/studio-diivani-moodul-m-buklee\/#breadcrumb","itemListElement":[{"@type":"ListItem","position":1,"name":"Home","item":"https:\/\/lartusihome.com\/et\/"},{"@type":"ListItem","position":2,"name":"Pood","item":"https:\/\/lartusihome.com\/et\/pood\/"},{"@type":"ListItem","position":3,"name":"Studio diivani moodul M, buklee"}]},{"@type":"WebSite","@id":"https:\/\/lartusihome.com\/et\/#website","url":"https:\/\/lartusihome.com\/et\/","name":"Lartusihome.com","description":"Kodu \/ sisustus","potentialAction":[{"@type":"SearchAction","target":{"@type":"EntryPoint","urlTemplate":"https:\/\/lartusihome.com\/et\/?s={search_term_string}"},"query-input":{"@type":"PropertyValueSpecification","valueRequired":true,"valueName":"search_term_string"}}],"inLanguage":"et"}]}},"_links":{"self":[{"href":"https:\/\/lartusihome.com\/et\/wp-json\/wp\/v2\/product\/328994"}],"collection":[{"href":"https:\/\/lartusihome.com\/et\/wp-json\/wp\/v2\/product"}],"about":[{"href":"https:\/\/lartusihome.com\/et\/wp-json\/wp\/v2\/types\/product"}],"wp:featuredmedia":[{"embeddable":true,"href":"https:\/\/lartusihome.com\/et\/wp-json\/wp\/v2\/media\/328946"}],"wp:attachment":[{"href":"https:\/\/lartusihome.com\/et\/wp-json\/wp\/v2\/media?parent=328994"}],"wp:term":[{"taxonomy":"product_cat","embeddable":true,"href":"https:\/\/lartusihome.com\/et\/wp-json\/wp\/v2\/product_cat?post=328994"},{"taxonomy":"product_tag","embeddable":true,"href":"https:\/\/lartusihome.com\/et\/wp-json\/wp\/v2\/product_tag?post=328994"},{"taxonomy":"giftcard-category","embeddable":true,"href":"https:\/\/lartusihome.com\/et\/wp-json\/wp\/v2\/giftcard-category?post=328994"}],"curies":[{"name":"wp","href":"https:\/\/api.w.org\/{rel}","templated":true}]}}