{"id":328795,"date":"2023-08-25T20:46:54","date_gmt":"2023-08-25T17:46:54","guid":{"rendered":"https:\/\/lartusihome.com\/product\/halo-cloud-rug-beige\/"},"modified":"2023-08-25T20:48:30","modified_gmt":"2023-08-25T17:48:30","slug":"halo-cloud-rug-beige","status":"publish","type":"product","link":"https:\/\/lartusihome.com\/et\/toode\/halo-cloud-rug-beige\/","title":{"rendered":"Halo Cloud vaip, bee\u017e"},"content":{"rendered":"<p>masinaga kootud<\/p>\n<p>100% vill<\/p>\n<p>N\u00e4idistega on v\u00f5imalik tutvuda Lartusi Home esinduskaupluses<\/p>\n","protected":false},"excerpt":{"rendered":"<p>masinaga kootud 100% vill N\u00e4idistega on v\u00f5imalik tutvuda Lartusi Home esinduskaupluses<\/p>\n","protected":false},"featured_media":328713,"template":"","meta":{"_acf_changed":false,"inline_featured_image":false},"product_cat":[24443,5273],"product_tag":[],"giftcard-category":[],"class_list":{"0":"post-328795","1":"product","2":"type-product","3":"status-publish","4":"has-post-thumbnail","6":"product_cat-vaibad","7":"product_cat-moobel","8":"pa_brand-linie-design-et","9":"pa_collection-halo-cloud","11":"first","12":"onbackorder","13":"shipping-taxable","14":"purchasable","15":"product-type-variable"},"acf":[],"yoast_head":"<!-- This site is optimized with the Yoast SEO plugin v25.6 - https:\/\/yoast.com\/wordpress\/plugins\/seo\/ -->\n<title>Halo Cloud vaip, bee\u017e - Lartusihome.com<\/title>\n<meta name=\"robots\" content=\"index, follow, max-snippet:-1, max-image-preview:large, max-video-preview:-1\" \/>\n<link rel=\"canonical\" href=\"https:\/\/lartusihome.com\/et\/toode\/halo-cloud-rug-beige\/\" \/>\n<meta property=\"og:locale\" content=\"et_EE\" \/>\n<meta property=\"og:type\" content=\"article\" \/>\n<meta property=\"og:title\" content=\"Halo Cloud vaip, bee\u017e - Lartusihome.com\" \/>\n<meta property=\"og:description\" content=\"masinaga kootud 100% vill N\u00e4idistega on v\u00f5imalik tutvuda Lartusi Home esinduskaupluses\" \/>\n<meta property=\"og:url\" content=\"https:\/\/lartusihome.com\/et\/toode\/halo-cloud-rug-beige\/\" \/>\n<meta property=\"og:site_name\" content=\"Lartusihome.com\" \/>\n<meta property=\"article:publisher\" content=\"https:\/\/www.facebook.com\/lartusihome\/\" \/>\n<meta property=\"article:modified_time\" content=\"2023-08-25T17:48:30+00:00\" \/>\n<meta property=\"og:image\" content=\"https:\/\/lartusihome.com\/wp-content\/uploads\/2023\/08\/Linie_Design_Halo_Cloud_Beige_Packshot.jpg\" \/>\n\t<meta property=\"og:image:width\" content=\"2000\" \/>\n\t<meta property=\"og:image:height\" content=\"2000\" \/>\n\t<meta property=\"og:image:type\" content=\"image\/jpeg\" \/>\n<meta name=\"twitter:card\" content=\"summary_large_image\" \/>\n<meta name=\"twitter:label1\" content=\"Est. reading time\" \/>\n\t<meta name=\"twitter:data1\" content=\"1 minut\" \/>\n<script type=\"application\/ld+json\" class=\"yoast-schema-graph\">{\"@context\":\"https:\/\/schema.org\",\"@graph\":[{\"@type\":\"WebPage\",\"@id\":\"https:\/\/lartusihome.com\/et\/toode\/halo-cloud-rug-beige\/\",\"url\":\"https:\/\/lartusihome.com\/et\/toode\/halo-cloud-rug-beige\/\",\"name\":\"Halo Cloud vaip, bee\u017e - Lartusihome.com\",\"isPartOf\":{\"@id\":\"https:\/\/lartusihome.com\/et\/#website\"},\"primaryImageOfPage\":{\"@id\":\"https:\/\/lartusihome.com\/et\/toode\/halo-cloud-rug-beige\/#primaryimage\"},\"image\":{\"@id\":\"https:\/\/lartusihome.com\/et\/toode\/halo-cloud-rug-beige\/#primaryimage\"},\"thumbnailUrl\":\"https:\/\/lartusihome.com\/wp-content\/uploads\/2023\/08\/Linie_Design_Halo_Cloud_Beige_Packshot.jpg\",\"datePublished\":\"2023-08-25T17:46:54+00:00\",\"dateModified\":\"2023-08-25T17:48:30+00:00\",\"breadcrumb\":{\"@id\":\"https:\/\/lartusihome.com\/et\/toode\/halo-cloud-rug-beige\/#breadcrumb\"},\"inLanguage\":\"et\",\"potentialAction\":[{\"@type\":\"ReadAction\",\"target\":[\"https:\/\/lartusihome.com\/et\/toode\/halo-cloud-rug-beige\/\"]}]},{\"@type\":\"ImageObject\",\"inLanguage\":\"et\",\"@id\":\"https:\/\/lartusihome.com\/et\/toode\/halo-cloud-rug-beige\/#primaryimage\",\"url\":\"https:\/\/lartusihome.com\/wp-content\/uploads\/2023\/08\/Linie_Design_Halo_Cloud_Beige_Packshot.jpg\",\"contentUrl\":\"https:\/\/lartusihome.com\/wp-content\/uploads\/2023\/08\/Linie_Design_Halo_Cloud_Beige_Packshot.jpg\",\"width\":2000,\"height\":2000},{\"@type\":\"BreadcrumbList\",\"@id\":\"https:\/\/lartusihome.com\/et\/toode\/halo-cloud-rug-beige\/#breadcrumb\",\"itemListElement\":[{\"@type\":\"ListItem\",\"position\":1,\"name\":\"Home\",\"item\":\"https:\/\/lartusihome.com\/et\/\"},{\"@type\":\"ListItem\",\"position\":2,\"name\":\"Pood\",\"item\":\"https:\/\/lartusihome.com\/et\/pood\/\"},{\"@type\":\"ListItem\",\"position\":3,\"name\":\"Halo Cloud vaip, bee\u017e\"}]},{\"@type\":\"WebSite\",\"@id\":\"https:\/\/lartusihome.com\/et\/#website\",\"url\":\"https:\/\/lartusihome.com\/et\/\",\"name\":\"Lartusihome.com\",\"description\":\"Kodu \/ sisustus\",\"potentialAction\":[{\"@type\":\"SearchAction\",\"target\":{\"@type\":\"EntryPoint\",\"urlTemplate\":\"https:\/\/lartusihome.com\/et\/?s={search_term_string}\"},\"query-input\":{\"@type\":\"PropertyValueSpecification\",\"valueRequired\":true,\"valueName\":\"search_term_string\"}}],\"inLanguage\":\"et\"}]}<\/script>\n<!-- \/ Yoast SEO plugin. -->","yoast_head_json":{"title":"Halo Cloud vaip, bee\u017e - Lartusihome.com","robots":{"index":"index","follow":"follow","max-snippet":"max-snippet:-1","max-image-preview":"max-image-preview:large","max-video-preview":"max-video-preview:-1"},"canonical":"https:\/\/lartusihome.com\/et\/toode\/halo-cloud-rug-beige\/","og_locale":"et_EE","og_type":"article","og_title":"Halo Cloud vaip, bee\u017e - Lartusihome.com","og_description":"masinaga kootud 100% vill N\u00e4idistega on v\u00f5imalik tutvuda Lartusi Home esinduskaupluses","og_url":"https:\/\/lartusihome.com\/et\/toode\/halo-cloud-rug-beige\/","og_site_name":"Lartusihome.com","article_publisher":"https:\/\/www.facebook.com\/lartusihome\/","article_modified_time":"2023-08-25T17:48:30+00:00","og_image":[{"width":2000,"height":2000,"url":"https:\/\/lartusihome.com\/wp-content\/uploads\/2023\/08\/Linie_Design_Halo_Cloud_Beige_Packshot.jpg","type":"image\/jpeg"}],"twitter_card":"summary_large_image","twitter_misc":{"Est. reading time":"1 minut"},"schema":{"@context":"https:\/\/schema.org","@graph":[{"@type":"WebPage","@id":"https:\/\/lartusihome.com\/et\/toode\/halo-cloud-rug-beige\/","url":"https:\/\/lartusihome.com\/et\/toode\/halo-cloud-rug-beige\/","name":"Halo Cloud vaip, bee\u017e - Lartusihome.com","isPartOf":{"@id":"https:\/\/lartusihome.com\/et\/#website"},"primaryImageOfPage":{"@id":"https:\/\/lartusihome.com\/et\/toode\/halo-cloud-rug-beige\/#primaryimage"},"image":{"@id":"https:\/\/lartusihome.com\/et\/toode\/halo-cloud-rug-beige\/#primaryimage"},"thumbnailUrl":"https:\/\/lartusihome.com\/wp-content\/uploads\/2023\/08\/Linie_Design_Halo_Cloud_Beige_Packshot.jpg","datePublished":"2023-08-25T17:46:54+00:00","dateModified":"2023-08-25T17:48:30+00:00","breadcrumb":{"@id":"https:\/\/lartusihome.com\/et\/toode\/halo-cloud-rug-beige\/#breadcrumb"},"inLanguage":"et","potentialAction":[{"@type":"ReadAction","target":["https:\/\/lartusihome.com\/et\/toode\/halo-cloud-rug-beige\/"]}]},{"@type":"ImageObject","inLanguage":"et","@id":"https:\/\/lartusihome.com\/et\/toode\/halo-cloud-rug-beige\/#primaryimage","url":"https:\/\/lartusihome.com\/wp-content\/uploads\/2023\/08\/Linie_Design_Halo_Cloud_Beige_Packshot.jpg","contentUrl":"https:\/\/lartusihome.com\/wp-content\/uploads\/2023\/08\/Linie_Design_Halo_Cloud_Beige_Packshot.jpg","width":2000,"height":2000},{"@type":"BreadcrumbList","@id":"https:\/\/lartusihome.com\/et\/toode\/halo-cloud-rug-beige\/#breadcrumb","itemListElement":[{"@type":"ListItem","position":1,"name":"Home","item":"https:\/\/lartusihome.com\/et\/"},{"@type":"ListItem","position":2,"name":"Pood","item":"https:\/\/lartusihome.com\/et\/pood\/"},{"@type":"ListItem","position":3,"name":"Halo Cloud vaip, bee\u017e"}]},{"@type":"WebSite","@id":"https:\/\/lartusihome.com\/et\/#website","url":"https:\/\/lartusihome.com\/et\/","name":"Lartusihome.com","description":"Kodu \/ sisustus","potentialAction":[{"@type":"SearchAction","target":{"@type":"EntryPoint","urlTemplate":"https:\/\/lartusihome.com\/et\/?s={search_term_string}"},"query-input":{"@type":"PropertyValueSpecification","valueRequired":true,"valueName":"search_term_string"}}],"inLanguage":"et"}]}},"_links":{"self":[{"href":"https:\/\/lartusihome.com\/et\/wp-json\/wp\/v2\/product\/328795"}],"collection":[{"href":"https:\/\/lartusihome.com\/et\/wp-json\/wp\/v2\/product"}],"about":[{"href":"https:\/\/lartusihome.com\/et\/wp-json\/wp\/v2\/types\/product"}],"wp:featuredmedia":[{"embeddable":true,"href":"https:\/\/lartusihome.com\/et\/wp-json\/wp\/v2\/media\/328713"}],"wp:attachment":[{"href":"https:\/\/lartusihome.com\/et\/wp-json\/wp\/v2\/media?parent=328795"}],"wp:term":[{"taxonomy":"product_cat","embeddable":true,"href":"https:\/\/lartusihome.com\/et\/wp-json\/wp\/v2\/product_cat?post=328795"},{"taxonomy":"product_tag","embeddable":true,"href":"https:\/\/lartusihome.com\/et\/wp-json\/wp\/v2\/product_tag?post=328795"},{"taxonomy":"giftcard-category","embeddable":true,"href":"https:\/\/lartusihome.com\/et\/wp-json\/wp\/v2\/giftcard-category?post=328795"}],"curies":[{"name":"wp","href":"https:\/\/api.w.org\/{rel}","templated":true}]}}