{"id":309114,"date":"2023-04-25T13:13:15","date_gmt":"2023-04-25T10:13:15","guid":{"rendered":"https:\/\/lartusihome.com\/product\/laundry-bag-75l-dark-grey\/"},"modified":"2025-10-12T23:23:43","modified_gmt":"2025-10-12T20:23:43","slug":"laundry-bag-75l-dark-grey","status":"publish","type":"product","link":"https:\/\/lartusihome.com\/et\/toode\/laundry-bag-75l-dark-grey\/","title":{"rendered":"Pesukott 75l, tumehall"},"content":{"rendered":"<p>Sellel dekoratiivsel pesukorvil on praktiline p\u00f6\u00f6gipuidust kandesang, mis v\u00f5imaldab koti h\u00f5lpsasti kaasas kanda n\u00e4iteks keldrikorruse pesuruumi.<\/p>\n<p>Magnetsulguriga<\/p>\n<p>Lihtne puhastada. P\u00fchkige nailonvoodrit lihtsalt v\u00e4ljav\u00e4\u00e4natud niiske lapiga ja hooldage p\u00f6\u00f6gipuu k\u00e4epidet, \u00f5litades seda regulaarselt.<\/p>\n<p>P\u00f6\u00f6k, plastik, pol\u00fcester<\/p>\n<p>Pikkus: 44,5 cm<\/p>\n<p>Laius: 28,3 cm<\/p>\n<p>K\u00f5rgus: 71,8 cm<\/p>\n","protected":false},"excerpt":{"rendered":"<p>Sellel dekoratiivsel pesukorvil on praktiline p\u00f6\u00f6gipuidust kandesang, mis v\u00f5imaldab koti h\u00f5lpsasti kaasas kanda n\u00e4iteks keldrikorruse pesuruumi. Magnetsulguriga Lihtne puhastada. P\u00fchkige nailonvoodrit lihtsalt v\u00e4ljav\u00e4\u00e4natud niiske lapiga ja hooldage p\u00f6\u00f6gipuu k\u00e4epidet, \u00f5litades seda regulaarselt. P\u00f6\u00f6k, plastik, pol\u00fcester Pikkus: 44,5 cm Laius: 28,3 cm K\u00f5rgus: 71,8 cm<\/p>\n","protected":false},"featured_media":309102,"template":"","meta":{"_acf_changed":false,"inline_featured_image":false},"product_cat":[4518,19133],"product_tag":[],"giftcard-category":[],"class_list":{"0":"post-309114","1":"product","2":"type-product","3":"status-publish","4":"has-post-thumbnail","6":"product_cat-vannituba","7":"product_cat-pesukorvid","8":"pa_brand-eva-solo","10":"first","11":"outofstock","12":"shipping-taxable","13":"purchasable","14":"product-type-simple"},"acf":[],"yoast_head":"<!-- This site is optimized with the Yoast SEO plugin v25.6 - https:\/\/yoast.com\/wordpress\/plugins\/seo\/ -->\n<title>Pesukott 75l, tumehall - Lartusihome.com<\/title>\n<meta name=\"robots\" content=\"index, follow, max-snippet:-1, max-image-preview:large, max-video-preview:-1\" \/>\n<link rel=\"canonical\" href=\"https:\/\/lartusihome.com\/et\/toode\/laundry-bag-75l-dark-grey\/\" \/>\n<meta property=\"og:locale\" content=\"et_EE\" \/>\n<meta property=\"og:type\" content=\"article\" \/>\n<meta property=\"og:title\" content=\"Pesukott 75l, tumehall - Lartusihome.com\" \/>\n<meta property=\"og:description\" content=\"Sellel dekoratiivsel pesukorvil on praktiline p\u00f6\u00f6gipuidust kandesang, mis v\u00f5imaldab koti h\u00f5lpsasti kaasas kanda n\u00e4iteks keldrikorruse pesuruumi. Magnetsulguriga Lihtne puhastada. P\u00fchkige nailonvoodrit lihtsalt v\u00e4ljav\u00e4\u00e4natud niiske lapiga ja hooldage p\u00f6\u00f6gipuu k\u00e4epidet, \u00f5litades seda regulaarselt. P\u00f6\u00f6k, plastik, pol\u00fcester Pikkus: 44,5 cm Laius: 28,3 cm K\u00f5rgus: 71,8 cm\" \/>\n<meta property=\"og:url\" content=\"https:\/\/lartusihome.com\/et\/toode\/laundry-bag-75l-dark-grey\/\" \/>\n<meta property=\"og:site_name\" content=\"Lartusihome.com\" \/>\n<meta property=\"article:publisher\" content=\"https:\/\/www.facebook.com\/lartusihome\/\" \/>\n<meta property=\"article:modified_time\" content=\"2025-10-12T20:23:43+00:00\" \/>\n<meta property=\"og:image\" content=\"https:\/\/lartusihome.com\/wp-content\/uploads\/2023\/04\/530693_Laundry_bag_Dark_grey_aRGB_High.jpg\" \/>\n\t<meta property=\"og:image:width\" content=\"2000\" \/>\n\t<meta property=\"og:image:height\" content=\"2000\" \/>\n\t<meta property=\"og:image:type\" content=\"image\/jpeg\" \/>\n<meta name=\"twitter:card\" content=\"summary_large_image\" \/>\n<meta name=\"twitter:label1\" content=\"Est. reading time\" \/>\n\t<meta name=\"twitter:data1\" content=\"1 minut\" \/>\n<script type=\"application\/ld+json\" class=\"yoast-schema-graph\">{\"@context\":\"https:\/\/schema.org\",\"@graph\":[{\"@type\":\"WebPage\",\"@id\":\"https:\/\/lartusihome.com\/et\/toode\/laundry-bag-75l-dark-grey\/\",\"url\":\"https:\/\/lartusihome.com\/et\/toode\/laundry-bag-75l-dark-grey\/\",\"name\":\"Pesukott 75l, tumehall - Lartusihome.com\",\"isPartOf\":{\"@id\":\"https:\/\/lartusihome.com\/et\/#website\"},\"primaryImageOfPage\":{\"@id\":\"https:\/\/lartusihome.com\/et\/toode\/laundry-bag-75l-dark-grey\/#primaryimage\"},\"image\":{\"@id\":\"https:\/\/lartusihome.com\/et\/toode\/laundry-bag-75l-dark-grey\/#primaryimage\"},\"thumbnailUrl\":\"https:\/\/lartusihome.com\/wp-content\/uploads\/2023\/04\/530693_Laundry_bag_Dark_grey_aRGB_High.jpg\",\"datePublished\":\"2023-04-25T10:13:15+00:00\",\"dateModified\":\"2025-10-12T20:23:43+00:00\",\"breadcrumb\":{\"@id\":\"https:\/\/lartusihome.com\/et\/toode\/laundry-bag-75l-dark-grey\/#breadcrumb\"},\"inLanguage\":\"et\",\"potentialAction\":[{\"@type\":\"ReadAction\",\"target\":[\"https:\/\/lartusihome.com\/et\/toode\/laundry-bag-75l-dark-grey\/\"]}]},{\"@type\":\"ImageObject\",\"inLanguage\":\"et\",\"@id\":\"https:\/\/lartusihome.com\/et\/toode\/laundry-bag-75l-dark-grey\/#primaryimage\",\"url\":\"https:\/\/lartusihome.com\/wp-content\/uploads\/2023\/04\/530693_Laundry_bag_Dark_grey_aRGB_High.jpg\",\"contentUrl\":\"https:\/\/lartusihome.com\/wp-content\/uploads\/2023\/04\/530693_Laundry_bag_Dark_grey_aRGB_High.jpg\",\"width\":2000,\"height\":2000},{\"@type\":\"BreadcrumbList\",\"@id\":\"https:\/\/lartusihome.com\/et\/toode\/laundry-bag-75l-dark-grey\/#breadcrumb\",\"itemListElement\":[{\"@type\":\"ListItem\",\"position\":1,\"name\":\"Home\",\"item\":\"https:\/\/lartusihome.com\/et\/\"},{\"@type\":\"ListItem\",\"position\":2,\"name\":\"Pood\",\"item\":\"https:\/\/lartusihome.com\/et\/pood\/\"},{\"@type\":\"ListItem\",\"position\":3,\"name\":\"Pesukott 75l, tumehall\"}]},{\"@type\":\"WebSite\",\"@id\":\"https:\/\/lartusihome.com\/et\/#website\",\"url\":\"https:\/\/lartusihome.com\/et\/\",\"name\":\"Lartusihome.com\",\"description\":\"Kodu \/ sisustus\",\"potentialAction\":[{\"@type\":\"SearchAction\",\"target\":{\"@type\":\"EntryPoint\",\"urlTemplate\":\"https:\/\/lartusihome.com\/et\/?s={search_term_string}\"},\"query-input\":{\"@type\":\"PropertyValueSpecification\",\"valueRequired\":true,\"valueName\":\"search_term_string\"}}],\"inLanguage\":\"et\"}]}<\/script>\n<!-- \/ Yoast SEO plugin. -->","yoast_head_json":{"title":"Pesukott 75l, tumehall - Lartusihome.com","robots":{"index":"index","follow":"follow","max-snippet":"max-snippet:-1","max-image-preview":"max-image-preview:large","max-video-preview":"max-video-preview:-1"},"canonical":"https:\/\/lartusihome.com\/et\/toode\/laundry-bag-75l-dark-grey\/","og_locale":"et_EE","og_type":"article","og_title":"Pesukott 75l, tumehall - Lartusihome.com","og_description":"Sellel dekoratiivsel pesukorvil on praktiline p\u00f6\u00f6gipuidust kandesang, mis v\u00f5imaldab koti h\u00f5lpsasti kaasas kanda n\u00e4iteks keldrikorruse pesuruumi. Magnetsulguriga Lihtne puhastada. P\u00fchkige nailonvoodrit lihtsalt v\u00e4ljav\u00e4\u00e4natud niiske lapiga ja hooldage p\u00f6\u00f6gipuu k\u00e4epidet, \u00f5litades seda regulaarselt. P\u00f6\u00f6k, plastik, pol\u00fcester Pikkus: 44,5 cm Laius: 28,3 cm K\u00f5rgus: 71,8 cm","og_url":"https:\/\/lartusihome.com\/et\/toode\/laundry-bag-75l-dark-grey\/","og_site_name":"Lartusihome.com","article_publisher":"https:\/\/www.facebook.com\/lartusihome\/","article_modified_time":"2025-10-12T20:23:43+00:00","og_image":[{"width":2000,"height":2000,"url":"https:\/\/lartusihome.com\/wp-content\/uploads\/2023\/04\/530693_Laundry_bag_Dark_grey_aRGB_High.jpg","type":"image\/jpeg"}],"twitter_card":"summary_large_image","twitter_misc":{"Est. reading time":"1 minut"},"schema":{"@context":"https:\/\/schema.org","@graph":[{"@type":"WebPage","@id":"https:\/\/lartusihome.com\/et\/toode\/laundry-bag-75l-dark-grey\/","url":"https:\/\/lartusihome.com\/et\/toode\/laundry-bag-75l-dark-grey\/","name":"Pesukott 75l, tumehall - Lartusihome.com","isPartOf":{"@id":"https:\/\/lartusihome.com\/et\/#website"},"primaryImageOfPage":{"@id":"https:\/\/lartusihome.com\/et\/toode\/laundry-bag-75l-dark-grey\/#primaryimage"},"image":{"@id":"https:\/\/lartusihome.com\/et\/toode\/laundry-bag-75l-dark-grey\/#primaryimage"},"thumbnailUrl":"https:\/\/lartusihome.com\/wp-content\/uploads\/2023\/04\/530693_Laundry_bag_Dark_grey_aRGB_High.jpg","datePublished":"2023-04-25T10:13:15+00:00","dateModified":"2025-10-12T20:23:43+00:00","breadcrumb":{"@id":"https:\/\/lartusihome.com\/et\/toode\/laundry-bag-75l-dark-grey\/#breadcrumb"},"inLanguage":"et","potentialAction":[{"@type":"ReadAction","target":["https:\/\/lartusihome.com\/et\/toode\/laundry-bag-75l-dark-grey\/"]}]},{"@type":"ImageObject","inLanguage":"et","@id":"https:\/\/lartusihome.com\/et\/toode\/laundry-bag-75l-dark-grey\/#primaryimage","url":"https:\/\/lartusihome.com\/wp-content\/uploads\/2023\/04\/530693_Laundry_bag_Dark_grey_aRGB_High.jpg","contentUrl":"https:\/\/lartusihome.com\/wp-content\/uploads\/2023\/04\/530693_Laundry_bag_Dark_grey_aRGB_High.jpg","width":2000,"height":2000},{"@type":"BreadcrumbList","@id":"https:\/\/lartusihome.com\/et\/toode\/laundry-bag-75l-dark-grey\/#breadcrumb","itemListElement":[{"@type":"ListItem","position":1,"name":"Home","item":"https:\/\/lartusihome.com\/et\/"},{"@type":"ListItem","position":2,"name":"Pood","item":"https:\/\/lartusihome.com\/et\/pood\/"},{"@type":"ListItem","position":3,"name":"Pesukott 75l, tumehall"}]},{"@type":"WebSite","@id":"https:\/\/lartusihome.com\/et\/#website","url":"https:\/\/lartusihome.com\/et\/","name":"Lartusihome.com","description":"Kodu \/ sisustus","potentialAction":[{"@type":"SearchAction","target":{"@type":"EntryPoint","urlTemplate":"https:\/\/lartusihome.com\/et\/?s={search_term_string}"},"query-input":{"@type":"PropertyValueSpecification","valueRequired":true,"valueName":"search_term_string"}}],"inLanguage":"et"}]}},"_links":{"self":[{"href":"https:\/\/lartusihome.com\/et\/wp-json\/wp\/v2\/product\/309114"}],"collection":[{"href":"https:\/\/lartusihome.com\/et\/wp-json\/wp\/v2\/product"}],"about":[{"href":"https:\/\/lartusihome.com\/et\/wp-json\/wp\/v2\/types\/product"}],"wp:featuredmedia":[{"embeddable":true,"href":"https:\/\/lartusihome.com\/et\/wp-json\/wp\/v2\/media\/309102"}],"wp:attachment":[{"href":"https:\/\/lartusihome.com\/et\/wp-json\/wp\/v2\/media?parent=309114"}],"wp:term":[{"taxonomy":"product_cat","embeddable":true,"href":"https:\/\/lartusihome.com\/et\/wp-json\/wp\/v2\/product_cat?post=309114"},{"taxonomy":"product_tag","embeddable":true,"href":"https:\/\/lartusihome.com\/et\/wp-json\/wp\/v2\/product_tag?post=309114"},{"taxonomy":"giftcard-category","embeddable":true,"href":"https:\/\/lartusihome.com\/et\/wp-json\/wp\/v2\/giftcard-category?post=309114"}],"curies":[{"name":"wp","href":"https:\/\/api.w.org\/{rel}","templated":true}]}}