{"id":308950,"date":"2023-04-25T11:46:09","date_gmt":"2023-04-25T08:46:09","guid":{"rendered":"https:\/\/lartusihome.com\/product\/nordic-kitchen-table-caddy\/"},"modified":"2023-04-25T11:50:30","modified_gmt":"2023-04-25T08:50:30","slug":"nordic-kitchen-table-caddy","status":"publish","type":"product","link":"https:\/\/lartusihome.com\/et\/toode\/nordic-kitchen-table-caddy\/","title":{"rendered":"Nordic Kitchen hoidik"},"content":{"rendered":"<p>Kastmete ja maitseainete hoiustamiseks. Hoidikul on praktiline kandesang ja see sobib ideaalselt s\u00f6\u00f6gilauale v\u00f5i kaasa v\u00f5tmiseks \u00f5ues grillides.<\/p>\n<p>Lihtne puhastada. P\u00fchkige lihtsalt niiske lapiga ja \u00f5litage regulaarselt tammepuidust osa.<\/p>\n<p>FSC sertifikaadiga tamm, plastik<\/p>\n<p>Pikkus: 17 cm<\/p>\n<p>Laius: 17 cm<\/p>\n<p>K\u00f5rgus: 18,5 cm<\/p>\n","protected":false},"excerpt":{"rendered":"<p>Kastmete ja maitseainete hoiustamiseks. Hoidikul on praktiline kandesang ja see sobib ideaalselt s\u00f6\u00f6gilauale v\u00f5i kaasa v\u00f5tmiseks \u00f5ues grillides. Lihtne puhastada. P\u00fchkige lihtsalt niiske lapiga ja \u00f5litage regulaarselt tammepuidust osa. FSC sertifikaadiga tamm, plastik Pikkus: 17 cm Laius: 17 cm K\u00f5rgus: 18,5 cm<\/p>\n","protected":false},"featured_media":308939,"template":"","meta":{"_acf_changed":false,"inline_featured_image":false},"product_cat":[3588,50],"product_tag":[],"giftcard-category":[],"class_list":{"0":"post-308950","1":"product","2":"type-product","3":"status-publish","4":"has-post-thumbnail","6":"product_cat-kook","7":"product_cat-koogitarvikud","8":"pa_brand-eva-solo","9":"pa_collection-nordic","11":"first","12":"outofstock","13":"shipping-taxable","14":"purchasable","15":"product-type-simple"},"acf":[],"yoast_head":"<!-- This site is optimized with the Yoast SEO plugin v25.6 - https:\/\/yoast.com\/wordpress\/plugins\/seo\/ -->\n<title>Nordic Kitchen hoidik - Lartusihome.com<\/title>\n<meta name=\"robots\" content=\"index, follow, max-snippet:-1, max-image-preview:large, max-video-preview:-1\" \/>\n<link rel=\"canonical\" href=\"https:\/\/lartusihome.com\/et\/toode\/nordic-kitchen-table-caddy\/\" \/>\n<meta property=\"og:locale\" content=\"et_EE\" \/>\n<meta property=\"og:type\" content=\"article\" \/>\n<meta property=\"og:title\" content=\"Nordic Kitchen hoidik - Lartusihome.com\" \/>\n<meta property=\"og:description\" content=\"Kastmete ja maitseainete hoiustamiseks. Hoidikul on praktiline kandesang ja see sobib ideaalselt s\u00f6\u00f6gilauale v\u00f5i kaasa v\u00f5tmiseks \u00f5ues grillides. Lihtne puhastada. P\u00fchkige lihtsalt niiske lapiga ja \u00f5litage regulaarselt tammepuidust osa. FSC sertifikaadiga tamm, plastik Pikkus: 17 cm Laius: 17 cm K\u00f5rgus: 18,5 cm\" \/>\n<meta property=\"og:url\" content=\"https:\/\/lartusihome.com\/et\/toode\/nordic-kitchen-table-caddy\/\" \/>\n<meta property=\"og:site_name\" content=\"Lartusihome.com\" \/>\n<meta property=\"article:publisher\" content=\"https:\/\/www.facebook.com\/lartusihome\/\" \/>\n<meta property=\"article:modified_time\" content=\"2023-04-25T08:50:30+00:00\" \/>\n<meta property=\"og:image\" content=\"https:\/\/lartusihome.com\/wp-content\/uploads\/2023\/04\/520443_Table-caddy_Nordic-kitchen_vinkel_aRGB_High.jpg\" \/>\n\t<meta property=\"og:image:width\" content=\"2000\" \/>\n\t<meta property=\"og:image:height\" content=\"2000\" \/>\n\t<meta property=\"og:image:type\" content=\"image\/jpeg\" \/>\n<meta name=\"twitter:card\" content=\"summary_large_image\" \/>\n<meta name=\"twitter:label1\" content=\"Est. reading time\" \/>\n\t<meta name=\"twitter:data1\" content=\"1 minut\" \/>\n<script type=\"application\/ld+json\" class=\"yoast-schema-graph\">{\"@context\":\"https:\/\/schema.org\",\"@graph\":[{\"@type\":\"WebPage\",\"@id\":\"https:\/\/lartusihome.com\/et\/toode\/nordic-kitchen-table-caddy\/\",\"url\":\"https:\/\/lartusihome.com\/et\/toode\/nordic-kitchen-table-caddy\/\",\"name\":\"Nordic Kitchen hoidik - Lartusihome.com\",\"isPartOf\":{\"@id\":\"https:\/\/lartusihome.com\/et\/#website\"},\"primaryImageOfPage\":{\"@id\":\"https:\/\/lartusihome.com\/et\/toode\/nordic-kitchen-table-caddy\/#primaryimage\"},\"image\":{\"@id\":\"https:\/\/lartusihome.com\/et\/toode\/nordic-kitchen-table-caddy\/#primaryimage\"},\"thumbnailUrl\":\"https:\/\/lartusihome.com\/wp-content\/uploads\/2023\/04\/520443_Table-caddy_Nordic-kitchen_vinkel_aRGB_High.jpg\",\"datePublished\":\"2023-04-25T08:46:09+00:00\",\"dateModified\":\"2023-04-25T08:50:30+00:00\",\"breadcrumb\":{\"@id\":\"https:\/\/lartusihome.com\/et\/toode\/nordic-kitchen-table-caddy\/#breadcrumb\"},\"inLanguage\":\"et\",\"potentialAction\":[{\"@type\":\"ReadAction\",\"target\":[\"https:\/\/lartusihome.com\/et\/toode\/nordic-kitchen-table-caddy\/\"]}]},{\"@type\":\"ImageObject\",\"inLanguage\":\"et\",\"@id\":\"https:\/\/lartusihome.com\/et\/toode\/nordic-kitchen-table-caddy\/#primaryimage\",\"url\":\"https:\/\/lartusihome.com\/wp-content\/uploads\/2023\/04\/520443_Table-caddy_Nordic-kitchen_vinkel_aRGB_High.jpg\",\"contentUrl\":\"https:\/\/lartusihome.com\/wp-content\/uploads\/2023\/04\/520443_Table-caddy_Nordic-kitchen_vinkel_aRGB_High.jpg\",\"width\":2000,\"height\":2000},{\"@type\":\"BreadcrumbList\",\"@id\":\"https:\/\/lartusihome.com\/et\/toode\/nordic-kitchen-table-caddy\/#breadcrumb\",\"itemListElement\":[{\"@type\":\"ListItem\",\"position\":1,\"name\":\"Home\",\"item\":\"https:\/\/lartusihome.com\/et\/\"},{\"@type\":\"ListItem\",\"position\":2,\"name\":\"Pood\",\"item\":\"https:\/\/lartusihome.com\/et\/pood\/\"},{\"@type\":\"ListItem\",\"position\":3,\"name\":\"Nordic Kitchen hoidik\"}]},{\"@type\":\"WebSite\",\"@id\":\"https:\/\/lartusihome.com\/et\/#website\",\"url\":\"https:\/\/lartusihome.com\/et\/\",\"name\":\"Lartusihome.com\",\"description\":\"Kodu \/ sisustus\",\"potentialAction\":[{\"@type\":\"SearchAction\",\"target\":{\"@type\":\"EntryPoint\",\"urlTemplate\":\"https:\/\/lartusihome.com\/et\/?s={search_term_string}\"},\"query-input\":{\"@type\":\"PropertyValueSpecification\",\"valueRequired\":true,\"valueName\":\"search_term_string\"}}],\"inLanguage\":\"et\"}]}<\/script>\n<!-- \/ Yoast SEO plugin. -->","yoast_head_json":{"title":"Nordic Kitchen hoidik - Lartusihome.com","robots":{"index":"index","follow":"follow","max-snippet":"max-snippet:-1","max-image-preview":"max-image-preview:large","max-video-preview":"max-video-preview:-1"},"canonical":"https:\/\/lartusihome.com\/et\/toode\/nordic-kitchen-table-caddy\/","og_locale":"et_EE","og_type":"article","og_title":"Nordic Kitchen hoidik - Lartusihome.com","og_description":"Kastmete ja maitseainete hoiustamiseks. Hoidikul on praktiline kandesang ja see sobib ideaalselt s\u00f6\u00f6gilauale v\u00f5i kaasa v\u00f5tmiseks \u00f5ues grillides. Lihtne puhastada. P\u00fchkige lihtsalt niiske lapiga ja \u00f5litage regulaarselt tammepuidust osa. FSC sertifikaadiga tamm, plastik Pikkus: 17 cm Laius: 17 cm K\u00f5rgus: 18,5 cm","og_url":"https:\/\/lartusihome.com\/et\/toode\/nordic-kitchen-table-caddy\/","og_site_name":"Lartusihome.com","article_publisher":"https:\/\/www.facebook.com\/lartusihome\/","article_modified_time":"2023-04-25T08:50:30+00:00","og_image":[{"width":2000,"height":2000,"url":"https:\/\/lartusihome.com\/wp-content\/uploads\/2023\/04\/520443_Table-caddy_Nordic-kitchen_vinkel_aRGB_High.jpg","type":"image\/jpeg"}],"twitter_card":"summary_large_image","twitter_misc":{"Est. reading time":"1 minut"},"schema":{"@context":"https:\/\/schema.org","@graph":[{"@type":"WebPage","@id":"https:\/\/lartusihome.com\/et\/toode\/nordic-kitchen-table-caddy\/","url":"https:\/\/lartusihome.com\/et\/toode\/nordic-kitchen-table-caddy\/","name":"Nordic Kitchen hoidik - Lartusihome.com","isPartOf":{"@id":"https:\/\/lartusihome.com\/et\/#website"},"primaryImageOfPage":{"@id":"https:\/\/lartusihome.com\/et\/toode\/nordic-kitchen-table-caddy\/#primaryimage"},"image":{"@id":"https:\/\/lartusihome.com\/et\/toode\/nordic-kitchen-table-caddy\/#primaryimage"},"thumbnailUrl":"https:\/\/lartusihome.com\/wp-content\/uploads\/2023\/04\/520443_Table-caddy_Nordic-kitchen_vinkel_aRGB_High.jpg","datePublished":"2023-04-25T08:46:09+00:00","dateModified":"2023-04-25T08:50:30+00:00","breadcrumb":{"@id":"https:\/\/lartusihome.com\/et\/toode\/nordic-kitchen-table-caddy\/#breadcrumb"},"inLanguage":"et","potentialAction":[{"@type":"ReadAction","target":["https:\/\/lartusihome.com\/et\/toode\/nordic-kitchen-table-caddy\/"]}]},{"@type":"ImageObject","inLanguage":"et","@id":"https:\/\/lartusihome.com\/et\/toode\/nordic-kitchen-table-caddy\/#primaryimage","url":"https:\/\/lartusihome.com\/wp-content\/uploads\/2023\/04\/520443_Table-caddy_Nordic-kitchen_vinkel_aRGB_High.jpg","contentUrl":"https:\/\/lartusihome.com\/wp-content\/uploads\/2023\/04\/520443_Table-caddy_Nordic-kitchen_vinkel_aRGB_High.jpg","width":2000,"height":2000},{"@type":"BreadcrumbList","@id":"https:\/\/lartusihome.com\/et\/toode\/nordic-kitchen-table-caddy\/#breadcrumb","itemListElement":[{"@type":"ListItem","position":1,"name":"Home","item":"https:\/\/lartusihome.com\/et\/"},{"@type":"ListItem","position":2,"name":"Pood","item":"https:\/\/lartusihome.com\/et\/pood\/"},{"@type":"ListItem","position":3,"name":"Nordic Kitchen hoidik"}]},{"@type":"WebSite","@id":"https:\/\/lartusihome.com\/et\/#website","url":"https:\/\/lartusihome.com\/et\/","name":"Lartusihome.com","description":"Kodu \/ sisustus","potentialAction":[{"@type":"SearchAction","target":{"@type":"EntryPoint","urlTemplate":"https:\/\/lartusihome.com\/et\/?s={search_term_string}"},"query-input":{"@type":"PropertyValueSpecification","valueRequired":true,"valueName":"search_term_string"}}],"inLanguage":"et"}]}},"_links":{"self":[{"href":"https:\/\/lartusihome.com\/et\/wp-json\/wp\/v2\/product\/308950"}],"collection":[{"href":"https:\/\/lartusihome.com\/et\/wp-json\/wp\/v2\/product"}],"about":[{"href":"https:\/\/lartusihome.com\/et\/wp-json\/wp\/v2\/types\/product"}],"wp:featuredmedia":[{"embeddable":true,"href":"https:\/\/lartusihome.com\/et\/wp-json\/wp\/v2\/media\/308939"}],"wp:attachment":[{"href":"https:\/\/lartusihome.com\/et\/wp-json\/wp\/v2\/media?parent=308950"}],"wp:term":[{"taxonomy":"product_cat","embeddable":true,"href":"https:\/\/lartusihome.com\/et\/wp-json\/wp\/v2\/product_cat?post=308950"},{"taxonomy":"product_tag","embeddable":true,"href":"https:\/\/lartusihome.com\/et\/wp-json\/wp\/v2\/product_tag?post=308950"},{"taxonomy":"giftcard-category","embeddable":true,"href":"https:\/\/lartusihome.com\/et\/wp-json\/wp\/v2\/giftcard-category?post=308950"}],"curies":[{"name":"wp","href":"https:\/\/api.w.org\/{rel}","templated":true}]}}