{"id":308926,"date":"2023-04-25T11:28:59","date_gmt":"2023-04-25T08:28:59","guid":{"rendered":"https:\/\/lartusihome.com\/product\/to-go-lunchbox-075l-black\/"},"modified":"2023-04-25T11:33:08","modified_gmt":"2023-04-25T08:33:08","slug":"to-go-lunchbox-075l-black","status":"publish","type":"product","link":"https:\/\/lartusihome.com\/et\/toode\/to-go-lunchbox-075l-black\/","title":{"rendered":"To Go l\u00f5unakarp 0,75l, must"},"content":{"rendered":"<p>Kasutage kooli, t\u00f6\u00f6le v\u00f5i piknikule toidu kaasa v\u00f5tmiseks praktilist s\u00f6\u00f6gikarpi ning v\u00e4hendage \u00fchekordse plastiku ja fooliumi kasutamist.<\/p>\n<p>Ei tohi kasutada kuumade toitude jaoks<\/p>\n<p>Ei tohi kasutada mikrolaineahjus<\/p>\n<p>V\u00f5ib pesta n\u00f5udepesumasinas (v\u00e4lja arvatud elastikpaela)<\/p>\n<p>Plastik, roostevaba teras<\/p>\n<p>\u00d815 cm<\/p>\n<p>0,75 l<\/p>\n","protected":false},"excerpt":{"rendered":"<p>Kasutage kooli, t\u00f6\u00f6le v\u00f5i piknikule toidu kaasa v\u00f5tmiseks praktilist s\u00f6\u00f6gikarpi ning v\u00e4hendage \u00fchekordse plastiku ja fooliumi kasutamist. Ei tohi kasutada kuumade toitude jaoks Ei tohi kasutada mikrolaineahjus V\u00f5ib pesta n\u00f5udepesumasinas (v\u00e4lja arvatud elastikpaela) Plastik, roostevaba teras \u00d815 cm 0,75 l<\/p>\n","protected":false},"featured_media":308922,"template":"","meta":{"_acf_changed":false,"inline_featured_image":false},"product_cat":[3588,19303],"product_tag":[],"giftcard-category":[],"class_list":{"0":"post-308926","1":"product","2":"type-product","3":"status-publish","4":"has-post-thumbnail","6":"product_cat-kook","7":"product_cat-kaasa-votmiseks","8":"pa_brand-eva-solo","9":"pa_collection-to-go","11":"first","12":"outofstock","13":"shipping-taxable","14":"purchasable","15":"product-type-simple"},"acf":[],"yoast_head":"<!-- This site is optimized with the Yoast SEO plugin v25.6 - https:\/\/yoast.com\/wordpress\/plugins\/seo\/ -->\n<title>To Go l\u00f5unakarp 0,75l, must - Lartusihome.com<\/title>\n<meta name=\"robots\" content=\"index, follow, max-snippet:-1, max-image-preview:large, max-video-preview:-1\" \/>\n<link rel=\"canonical\" href=\"https:\/\/lartusihome.com\/et\/toode\/to-go-lunchbox-075l-black\/\" \/>\n<meta property=\"og:locale\" content=\"et_EE\" \/>\n<meta property=\"og:type\" content=\"article\" \/>\n<meta property=\"og:title\" content=\"To Go l\u00f5unakarp 0,75l, must - Lartusihome.com\" \/>\n<meta property=\"og:description\" content=\"Kasutage kooli, t\u00f6\u00f6le v\u00f5i piknikule toidu kaasa v\u00f5tmiseks praktilist s\u00f6\u00f6gikarpi ning v\u00e4hendage \u00fchekordse plastiku ja fooliumi kasutamist. Ei tohi kasutada kuumade toitude jaoks Ei tohi kasutada mikrolaineahjus V\u00f5ib pesta n\u00f5udepesumasinas (v\u00e4lja arvatud elastikpaela) Plastik, roostevaba teras \u00d815 cm 0,75 l\" \/>\n<meta property=\"og:url\" content=\"https:\/\/lartusihome.com\/et\/toode\/to-go-lunchbox-075l-black\/\" \/>\n<meta property=\"og:site_name\" content=\"Lartusihome.com\" \/>\n<meta property=\"article:publisher\" content=\"https:\/\/www.facebook.com\/lartusihome\/\" \/>\n<meta property=\"article:modified_time\" content=\"2023-04-25T08:33:08+00:00\" \/>\n<meta property=\"og:image\" content=\"https:\/\/lartusihome.com\/wp-content\/uploads\/2023\/04\/503077_Lunch_termobox_Black_black_vinkel_aRGB_High.jpg\" \/>\n\t<meta property=\"og:image:width\" content=\"2000\" \/>\n\t<meta property=\"og:image:height\" content=\"2000\" \/>\n\t<meta property=\"og:image:type\" content=\"image\/jpeg\" \/>\n<meta name=\"twitter:card\" content=\"summary_large_image\" \/>\n<meta name=\"twitter:label1\" content=\"Est. reading time\" \/>\n\t<meta name=\"twitter:data1\" content=\"1 minut\" \/>\n<script type=\"application\/ld+json\" class=\"yoast-schema-graph\">{\"@context\":\"https:\/\/schema.org\",\"@graph\":[{\"@type\":\"WebPage\",\"@id\":\"https:\/\/lartusihome.com\/et\/toode\/to-go-lunchbox-075l-black\/\",\"url\":\"https:\/\/lartusihome.com\/et\/toode\/to-go-lunchbox-075l-black\/\",\"name\":\"To Go l\u00f5unakarp 0,75l, must - Lartusihome.com\",\"isPartOf\":{\"@id\":\"https:\/\/lartusihome.com\/et\/#website\"},\"primaryImageOfPage\":{\"@id\":\"https:\/\/lartusihome.com\/et\/toode\/to-go-lunchbox-075l-black\/#primaryimage\"},\"image\":{\"@id\":\"https:\/\/lartusihome.com\/et\/toode\/to-go-lunchbox-075l-black\/#primaryimage\"},\"thumbnailUrl\":\"https:\/\/lartusihome.com\/wp-content\/uploads\/2023\/04\/503077_Lunch_termobox_Black_black_vinkel_aRGB_High.jpg\",\"datePublished\":\"2023-04-25T08:28:59+00:00\",\"dateModified\":\"2023-04-25T08:33:08+00:00\",\"breadcrumb\":{\"@id\":\"https:\/\/lartusihome.com\/et\/toode\/to-go-lunchbox-075l-black\/#breadcrumb\"},\"inLanguage\":\"et\",\"potentialAction\":[{\"@type\":\"ReadAction\",\"target\":[\"https:\/\/lartusihome.com\/et\/toode\/to-go-lunchbox-075l-black\/\"]}]},{\"@type\":\"ImageObject\",\"inLanguage\":\"et\",\"@id\":\"https:\/\/lartusihome.com\/et\/toode\/to-go-lunchbox-075l-black\/#primaryimage\",\"url\":\"https:\/\/lartusihome.com\/wp-content\/uploads\/2023\/04\/503077_Lunch_termobox_Black_black_vinkel_aRGB_High.jpg\",\"contentUrl\":\"https:\/\/lartusihome.com\/wp-content\/uploads\/2023\/04\/503077_Lunch_termobox_Black_black_vinkel_aRGB_High.jpg\",\"width\":2000,\"height\":2000},{\"@type\":\"BreadcrumbList\",\"@id\":\"https:\/\/lartusihome.com\/et\/toode\/to-go-lunchbox-075l-black\/#breadcrumb\",\"itemListElement\":[{\"@type\":\"ListItem\",\"position\":1,\"name\":\"Home\",\"item\":\"https:\/\/lartusihome.com\/et\/\"},{\"@type\":\"ListItem\",\"position\":2,\"name\":\"Pood\",\"item\":\"https:\/\/lartusihome.com\/et\/pood\/\"},{\"@type\":\"ListItem\",\"position\":3,\"name\":\"To Go l\u00f5unakarp 0,75l, must\"}]},{\"@type\":\"WebSite\",\"@id\":\"https:\/\/lartusihome.com\/et\/#website\",\"url\":\"https:\/\/lartusihome.com\/et\/\",\"name\":\"Lartusihome.com\",\"description\":\"Kodu \/ sisustus\",\"potentialAction\":[{\"@type\":\"SearchAction\",\"target\":{\"@type\":\"EntryPoint\",\"urlTemplate\":\"https:\/\/lartusihome.com\/et\/?s={search_term_string}\"},\"query-input\":{\"@type\":\"PropertyValueSpecification\",\"valueRequired\":true,\"valueName\":\"search_term_string\"}}],\"inLanguage\":\"et\"}]}<\/script>\n<!-- \/ Yoast SEO plugin. -->","yoast_head_json":{"title":"To Go l\u00f5unakarp 0,75l, must - Lartusihome.com","robots":{"index":"index","follow":"follow","max-snippet":"max-snippet:-1","max-image-preview":"max-image-preview:large","max-video-preview":"max-video-preview:-1"},"canonical":"https:\/\/lartusihome.com\/et\/toode\/to-go-lunchbox-075l-black\/","og_locale":"et_EE","og_type":"article","og_title":"To Go l\u00f5unakarp 0,75l, must - Lartusihome.com","og_description":"Kasutage kooli, t\u00f6\u00f6le v\u00f5i piknikule toidu kaasa v\u00f5tmiseks praktilist s\u00f6\u00f6gikarpi ning v\u00e4hendage \u00fchekordse plastiku ja fooliumi kasutamist. Ei tohi kasutada kuumade toitude jaoks Ei tohi kasutada mikrolaineahjus V\u00f5ib pesta n\u00f5udepesumasinas (v\u00e4lja arvatud elastikpaela) Plastik, roostevaba teras \u00d815 cm 0,75 l","og_url":"https:\/\/lartusihome.com\/et\/toode\/to-go-lunchbox-075l-black\/","og_site_name":"Lartusihome.com","article_publisher":"https:\/\/www.facebook.com\/lartusihome\/","article_modified_time":"2023-04-25T08:33:08+00:00","og_image":[{"width":2000,"height":2000,"url":"https:\/\/lartusihome.com\/wp-content\/uploads\/2023\/04\/503077_Lunch_termobox_Black_black_vinkel_aRGB_High.jpg","type":"image\/jpeg"}],"twitter_card":"summary_large_image","twitter_misc":{"Est. reading time":"1 minut"},"schema":{"@context":"https:\/\/schema.org","@graph":[{"@type":"WebPage","@id":"https:\/\/lartusihome.com\/et\/toode\/to-go-lunchbox-075l-black\/","url":"https:\/\/lartusihome.com\/et\/toode\/to-go-lunchbox-075l-black\/","name":"To Go l\u00f5unakarp 0,75l, must - Lartusihome.com","isPartOf":{"@id":"https:\/\/lartusihome.com\/et\/#website"},"primaryImageOfPage":{"@id":"https:\/\/lartusihome.com\/et\/toode\/to-go-lunchbox-075l-black\/#primaryimage"},"image":{"@id":"https:\/\/lartusihome.com\/et\/toode\/to-go-lunchbox-075l-black\/#primaryimage"},"thumbnailUrl":"https:\/\/lartusihome.com\/wp-content\/uploads\/2023\/04\/503077_Lunch_termobox_Black_black_vinkel_aRGB_High.jpg","datePublished":"2023-04-25T08:28:59+00:00","dateModified":"2023-04-25T08:33:08+00:00","breadcrumb":{"@id":"https:\/\/lartusihome.com\/et\/toode\/to-go-lunchbox-075l-black\/#breadcrumb"},"inLanguage":"et","potentialAction":[{"@type":"ReadAction","target":["https:\/\/lartusihome.com\/et\/toode\/to-go-lunchbox-075l-black\/"]}]},{"@type":"ImageObject","inLanguage":"et","@id":"https:\/\/lartusihome.com\/et\/toode\/to-go-lunchbox-075l-black\/#primaryimage","url":"https:\/\/lartusihome.com\/wp-content\/uploads\/2023\/04\/503077_Lunch_termobox_Black_black_vinkel_aRGB_High.jpg","contentUrl":"https:\/\/lartusihome.com\/wp-content\/uploads\/2023\/04\/503077_Lunch_termobox_Black_black_vinkel_aRGB_High.jpg","width":2000,"height":2000},{"@type":"BreadcrumbList","@id":"https:\/\/lartusihome.com\/et\/toode\/to-go-lunchbox-075l-black\/#breadcrumb","itemListElement":[{"@type":"ListItem","position":1,"name":"Home","item":"https:\/\/lartusihome.com\/et\/"},{"@type":"ListItem","position":2,"name":"Pood","item":"https:\/\/lartusihome.com\/et\/pood\/"},{"@type":"ListItem","position":3,"name":"To Go l\u00f5unakarp 0,75l, must"}]},{"@type":"WebSite","@id":"https:\/\/lartusihome.com\/et\/#website","url":"https:\/\/lartusihome.com\/et\/","name":"Lartusihome.com","description":"Kodu \/ sisustus","potentialAction":[{"@type":"SearchAction","target":{"@type":"EntryPoint","urlTemplate":"https:\/\/lartusihome.com\/et\/?s={search_term_string}"},"query-input":{"@type":"PropertyValueSpecification","valueRequired":true,"valueName":"search_term_string"}}],"inLanguage":"et"}]}},"_links":{"self":[{"href":"https:\/\/lartusihome.com\/et\/wp-json\/wp\/v2\/product\/308926"}],"collection":[{"href":"https:\/\/lartusihome.com\/et\/wp-json\/wp\/v2\/product"}],"about":[{"href":"https:\/\/lartusihome.com\/et\/wp-json\/wp\/v2\/types\/product"}],"wp:featuredmedia":[{"embeddable":true,"href":"https:\/\/lartusihome.com\/et\/wp-json\/wp\/v2\/media\/308922"}],"wp:attachment":[{"href":"https:\/\/lartusihome.com\/et\/wp-json\/wp\/v2\/media?parent=308926"}],"wp:term":[{"taxonomy":"product_cat","embeddable":true,"href":"https:\/\/lartusihome.com\/et\/wp-json\/wp\/v2\/product_cat?post=308926"},{"taxonomy":"product_tag","embeddable":true,"href":"https:\/\/lartusihome.com\/et\/wp-json\/wp\/v2\/product_tag?post=308926"},{"taxonomy":"giftcard-category","embeddable":true,"href":"https:\/\/lartusihome.com\/et\/wp-json\/wp\/v2\/giftcard-category?post=308926"}],"curies":[{"name":"wp","href":"https:\/\/api.w.org\/{rel}","templated":true}]}}