{"id":308759,"date":"2023-04-24T14:01:29","date_gmt":"2023-04-24T11:01:29","guid":{"rendered":"https:\/\/lartusihome.com\/product\/pilastro-shaker-400ml\/"},"modified":"2023-08-11T14:15:08","modified_gmt":"2023-08-11T11:15:08","slug":"pilastro-shaker-400ml","status":"publish","type":"product","link":"https:\/\/lartusihome.com\/et\/toode\/pilastro-shaker-400ml\/","title":{"rendered":"Pilastro sheiker 400ml"},"content":{"rendered":"<p>Koosneb kolmest osast: klaaist, filtrist ja kaanest. Kaas on disainitud nii, et seda saab kasutada ka 2 cl. m\u00f5\u00f5tetopsina.<\/p>\n<p>Pikkus: 9,5 cm<\/p>\n<p>K\u00f5rgus: 20,5 cm<\/p>\n<p>Laius: 9,5 cm<\/p>\n<p>Disainer: Francis Cayouette<\/p>\n","protected":false},"excerpt":{"rendered":"<p>Koosneb kolmest osast: klaaist, filtrist ja kaanest. Kaas on disainitud nii, et seda saab kasutada ka 2 cl. m\u00f5\u00f5tetopsina. Pikkus: 9,5 cm K\u00f5rgus: 20,5 cm Laius: 9,5 cm Disainer: Francis Cayouette<\/p>\n","protected":false},"featured_media":308672,"template":"","meta":{"_acf_changed":false,"inline_featured_image":false},"product_cat":[25294,3588,310],"product_tag":[],"giftcard-category":[],"class_list":{"0":"post-308759","1":"product","2":"type-product","3":"status-publish","4":"has-post-thumbnail","6":"product_cat-kokteilide-valmistamiseks","7":"product_cat-kook","8":"product_cat-baaritarvikud","9":"pa_brand-stelton","10":"pa_collection-pilastro","12":"first","13":"instock","14":"shipping-taxable","15":"purchasable","16":"product-type-simple"},"acf":[],"yoast_head":"<!-- This site is optimized with the Yoast SEO plugin v25.6 - https:\/\/yoast.com\/wordpress\/plugins\/seo\/ -->\n<title>Pilastro sheiker 400ml - Lartusihome.com<\/title>\n<meta name=\"robots\" content=\"index, follow, max-snippet:-1, max-image-preview:large, max-video-preview:-1\" \/>\n<link rel=\"canonical\" href=\"https:\/\/lartusihome.com\/et\/toode\/pilastro-shaker-400ml\/\" \/>\n<meta property=\"og:locale\" content=\"et_EE\" \/>\n<meta property=\"og:type\" content=\"article\" \/>\n<meta property=\"og:title\" content=\"Pilastro sheiker 400ml - Lartusihome.com\" \/>\n<meta property=\"og:description\" content=\"Koosneb kolmest osast: klaaist, filtrist ja kaanest. Kaas on disainitud nii, et seda saab kasutada ka 2 cl. m\u00f5\u00f5tetopsina. Pikkus: 9,5 cm K\u00f5rgus: 20,5 cm Laius: 9,5 cm Disainer: Francis Cayouette\" \/>\n<meta property=\"og:url\" content=\"https:\/\/lartusihome.com\/et\/toode\/pilastro-shaker-400ml\/\" \/>\n<meta property=\"og:site_name\" content=\"Lartusihome.com\" \/>\n<meta property=\"article:publisher\" content=\"https:\/\/www.facebook.com\/lartusihome\/\" \/>\n<meta property=\"article:modified_time\" content=\"2023-08-11T11:15:08+00:00\" \/>\n<meta property=\"og:image\" content=\"https:\/\/lartusihome.com\/wp-content\/uploads\/2023\/04\/OL_x-510_Pilastro_cocktail_shaker-1024x1024.jpg\" \/>\n\t<meta property=\"og:image:width\" content=\"1024\" \/>\n\t<meta property=\"og:image:height\" content=\"1024\" \/>\n\t<meta property=\"og:image:type\" content=\"image\/jpeg\" \/>\n<meta name=\"twitter:card\" content=\"summary_large_image\" \/>\n<meta name=\"twitter:label1\" content=\"Est. reading time\" \/>\n\t<meta name=\"twitter:data1\" content=\"1 minut\" \/>\n<script type=\"application\/ld+json\" class=\"yoast-schema-graph\">{\"@context\":\"https:\/\/schema.org\",\"@graph\":[{\"@type\":\"WebPage\",\"@id\":\"https:\/\/lartusihome.com\/et\/toode\/pilastro-shaker-400ml\/\",\"url\":\"https:\/\/lartusihome.com\/et\/toode\/pilastro-shaker-400ml\/\",\"name\":\"Pilastro sheiker 400ml - Lartusihome.com\",\"isPartOf\":{\"@id\":\"https:\/\/lartusihome.com\/et\/#website\"},\"primaryImageOfPage\":{\"@id\":\"https:\/\/lartusihome.com\/et\/toode\/pilastro-shaker-400ml\/#primaryimage\"},\"image\":{\"@id\":\"https:\/\/lartusihome.com\/et\/toode\/pilastro-shaker-400ml\/#primaryimage\"},\"thumbnailUrl\":\"https:\/\/lartusihome.com\/wp-content\/uploads\/2023\/04\/OL_x-510_Pilastro_cocktail_shaker.jpg\",\"datePublished\":\"2023-04-24T11:01:29+00:00\",\"dateModified\":\"2023-08-11T11:15:08+00:00\",\"breadcrumb\":{\"@id\":\"https:\/\/lartusihome.com\/et\/toode\/pilastro-shaker-400ml\/#breadcrumb\"},\"inLanguage\":\"et\",\"potentialAction\":[{\"@type\":\"ReadAction\",\"target\":[\"https:\/\/lartusihome.com\/et\/toode\/pilastro-shaker-400ml\/\"]}]},{\"@type\":\"ImageObject\",\"inLanguage\":\"et\",\"@id\":\"https:\/\/lartusihome.com\/et\/toode\/pilastro-shaker-400ml\/#primaryimage\",\"url\":\"https:\/\/lartusihome.com\/wp-content\/uploads\/2023\/04\/OL_x-510_Pilastro_cocktail_shaker.jpg\",\"contentUrl\":\"https:\/\/lartusihome.com\/wp-content\/uploads\/2023\/04\/OL_x-510_Pilastro_cocktail_shaker.jpg\",\"width\":2000,\"height\":2000},{\"@type\":\"BreadcrumbList\",\"@id\":\"https:\/\/lartusihome.com\/et\/toode\/pilastro-shaker-400ml\/#breadcrumb\",\"itemListElement\":[{\"@type\":\"ListItem\",\"position\":1,\"name\":\"Home\",\"item\":\"https:\/\/lartusihome.com\/et\/\"},{\"@type\":\"ListItem\",\"position\":2,\"name\":\"Pood\",\"item\":\"https:\/\/lartusihome.com\/et\/pood\/\"},{\"@type\":\"ListItem\",\"position\":3,\"name\":\"Pilastro sheiker 400ml\"}]},{\"@type\":\"WebSite\",\"@id\":\"https:\/\/lartusihome.com\/et\/#website\",\"url\":\"https:\/\/lartusihome.com\/et\/\",\"name\":\"Lartusihome.com\",\"description\":\"Kodu \/ sisustus\",\"potentialAction\":[{\"@type\":\"SearchAction\",\"target\":{\"@type\":\"EntryPoint\",\"urlTemplate\":\"https:\/\/lartusihome.com\/et\/?s={search_term_string}\"},\"query-input\":{\"@type\":\"PropertyValueSpecification\",\"valueRequired\":true,\"valueName\":\"search_term_string\"}}],\"inLanguage\":\"et\"}]}<\/script>\n<!-- \/ Yoast SEO plugin. -->","yoast_head_json":{"title":"Pilastro sheiker 400ml - Lartusihome.com","robots":{"index":"index","follow":"follow","max-snippet":"max-snippet:-1","max-image-preview":"max-image-preview:large","max-video-preview":"max-video-preview:-1"},"canonical":"https:\/\/lartusihome.com\/et\/toode\/pilastro-shaker-400ml\/","og_locale":"et_EE","og_type":"article","og_title":"Pilastro sheiker 400ml - Lartusihome.com","og_description":"Koosneb kolmest osast: klaaist, filtrist ja kaanest. Kaas on disainitud nii, et seda saab kasutada ka 2 cl. m\u00f5\u00f5tetopsina. Pikkus: 9,5 cm K\u00f5rgus: 20,5 cm Laius: 9,5 cm Disainer: Francis Cayouette","og_url":"https:\/\/lartusihome.com\/et\/toode\/pilastro-shaker-400ml\/","og_site_name":"Lartusihome.com","article_publisher":"https:\/\/www.facebook.com\/lartusihome\/","article_modified_time":"2023-08-11T11:15:08+00:00","og_image":[{"width":1024,"height":1024,"url":"https:\/\/lartusihome.com\/wp-content\/uploads\/2023\/04\/OL_x-510_Pilastro_cocktail_shaker-1024x1024.jpg","type":"image\/jpeg"}],"twitter_card":"summary_large_image","twitter_misc":{"Est. reading time":"1 minut"},"schema":{"@context":"https:\/\/schema.org","@graph":[{"@type":"WebPage","@id":"https:\/\/lartusihome.com\/et\/toode\/pilastro-shaker-400ml\/","url":"https:\/\/lartusihome.com\/et\/toode\/pilastro-shaker-400ml\/","name":"Pilastro sheiker 400ml - Lartusihome.com","isPartOf":{"@id":"https:\/\/lartusihome.com\/et\/#website"},"primaryImageOfPage":{"@id":"https:\/\/lartusihome.com\/et\/toode\/pilastro-shaker-400ml\/#primaryimage"},"image":{"@id":"https:\/\/lartusihome.com\/et\/toode\/pilastro-shaker-400ml\/#primaryimage"},"thumbnailUrl":"https:\/\/lartusihome.com\/wp-content\/uploads\/2023\/04\/OL_x-510_Pilastro_cocktail_shaker.jpg","datePublished":"2023-04-24T11:01:29+00:00","dateModified":"2023-08-11T11:15:08+00:00","breadcrumb":{"@id":"https:\/\/lartusihome.com\/et\/toode\/pilastro-shaker-400ml\/#breadcrumb"},"inLanguage":"et","potentialAction":[{"@type":"ReadAction","target":["https:\/\/lartusihome.com\/et\/toode\/pilastro-shaker-400ml\/"]}]},{"@type":"ImageObject","inLanguage":"et","@id":"https:\/\/lartusihome.com\/et\/toode\/pilastro-shaker-400ml\/#primaryimage","url":"https:\/\/lartusihome.com\/wp-content\/uploads\/2023\/04\/OL_x-510_Pilastro_cocktail_shaker.jpg","contentUrl":"https:\/\/lartusihome.com\/wp-content\/uploads\/2023\/04\/OL_x-510_Pilastro_cocktail_shaker.jpg","width":2000,"height":2000},{"@type":"BreadcrumbList","@id":"https:\/\/lartusihome.com\/et\/toode\/pilastro-shaker-400ml\/#breadcrumb","itemListElement":[{"@type":"ListItem","position":1,"name":"Home","item":"https:\/\/lartusihome.com\/et\/"},{"@type":"ListItem","position":2,"name":"Pood","item":"https:\/\/lartusihome.com\/et\/pood\/"},{"@type":"ListItem","position":3,"name":"Pilastro sheiker 400ml"}]},{"@type":"WebSite","@id":"https:\/\/lartusihome.com\/et\/#website","url":"https:\/\/lartusihome.com\/et\/","name":"Lartusihome.com","description":"Kodu \/ sisustus","potentialAction":[{"@type":"SearchAction","target":{"@type":"EntryPoint","urlTemplate":"https:\/\/lartusihome.com\/et\/?s={search_term_string}"},"query-input":{"@type":"PropertyValueSpecification","valueRequired":true,"valueName":"search_term_string"}}],"inLanguage":"et"}]}},"_links":{"self":[{"href":"https:\/\/lartusihome.com\/et\/wp-json\/wp\/v2\/product\/308759"}],"collection":[{"href":"https:\/\/lartusihome.com\/et\/wp-json\/wp\/v2\/product"}],"about":[{"href":"https:\/\/lartusihome.com\/et\/wp-json\/wp\/v2\/types\/product"}],"wp:featuredmedia":[{"embeddable":true,"href":"https:\/\/lartusihome.com\/et\/wp-json\/wp\/v2\/media\/308672"}],"wp:attachment":[{"href":"https:\/\/lartusihome.com\/et\/wp-json\/wp\/v2\/media?parent=308759"}],"wp:term":[{"taxonomy":"product_cat","embeddable":true,"href":"https:\/\/lartusihome.com\/et\/wp-json\/wp\/v2\/product_cat?post=308759"},{"taxonomy":"product_tag","embeddable":true,"href":"https:\/\/lartusihome.com\/et\/wp-json\/wp\/v2\/product_tag?post=308759"},{"taxonomy":"giftcard-category","embeddable":true,"href":"https:\/\/lartusihome.com\/et\/wp-json\/wp\/v2\/giftcard-category?post=308759"}],"curies":[{"name":"wp","href":"https:\/\/api.w.org\/{rel}","templated":true}]}}