{"id":303900,"date":"2023-04-04T15:02:25","date_gmt":"2023-04-04T12:02:25","guid":{"rendered":"https:\/\/lartusihome.com\/product\/pallares-plant-tools-set-of-3\/"},"modified":"2024-04-25T15:55:47","modified_gmt":"2024-04-25T12:55:47","slug":"pallares-plant-tools-set-of-3","status":"publish","type":"product","link":"https:\/\/lartusihome.com\/et\/toode\/pallares-plant-tools-set-of-3\/","title":{"rendered":"Pallares aiat\u00f6\u00f6riistad 3tk"},"content":{"rendered":"<p>Valmistatud Audo Copenhageni jaoks Hispaania sajandivanuse k\u00f5rgeima kvaliteediga nugade ja t\u00f6\u00f6riistade tootja Pallar\u00e9se poolt.<\/p>\n<p>3-osaline komplekt sisaldab labidat, harki ja k\u00f5pla \u2014 kaevamiseks, rohimiseks ja mulla ettevalmistamiseks istutamiseks.<\/p>\n<p>S\u00fcsinikteras on uskumatult tugev ja kauakestev ning vajab minimaalset hoolt. Puhastage ja kuivatage p\u00e4rast kasutamist. Korrosiooni v\u00e4ltimiseks hoidke t\u00f6\u00f6riistad alati kuivad, kui neid ei kasutata. \u00c4rge j\u00e4tke \u00f6\u00f6seks \u00f5ue ega vihma k\u00e4tte. Roostej\u00e4\u00e4ke saab eemaldada \u00f5liga.<\/p>\n<p>K\u00f5blas<br \/>\nPikkus: 35 cm<br \/>\nLaius: 6 cm<\/p>\n<p>Reha<br \/>\nPikkus: 35 cm<br \/>\nLaius: 8,5 cm<\/p>\n<p>Labidas<br \/>\nPikkus: 31,5 cm<br \/>\nLaius: 8,5 cm<\/p>\n<p>S\u00fcsinikteras, puit<\/p>\n","protected":false},"excerpt":{"rendered":"<p>Valmistatud Audo Copenhageni jaoks Hispaania sajandivanuse k\u00f5rgeima kvaliteediga nugade ja t\u00f6\u00f6riistade tootja Pallar\u00e9se poolt. 3-osaline komplekt sisaldab labidat, harki ja k\u00f5pla \u2014 kaevamiseks, rohimiseks ja mulla ettevalmistamiseks istutamiseks. S\u00fcsinikteras on uskumatult tugev ja kauakestev ning vajab minimaalset hoolt. Puhastage ja kuivatage p\u00e4rast kasutamist. Korrosiooni v\u00e4ltimiseks hoidke t\u00f6\u00f6riistad alati kuivad, kui neid ei kasutata. \u00c4rge j\u00e4tke&hellip;<\/p>\n","protected":false},"featured_media":303856,"template":"","meta":{"_acf_changed":false,"inline_featured_image":false},"product_cat":[25108,22648],"product_tag":[],"giftcard-category":[],"class_list":{"0":"post-303900","1":"product","2":"type-product","3":"status-publish","4":"has-post-thumbnail","6":"product_cat-aiatood","7":"product_cat-valimoobel","8":"pa_brand-menu","9":"pa_collection-pallares","11":"first","12":"instock","13":"shipping-taxable","14":"purchasable","15":"product-type-simple"},"acf":[],"yoast_head":"<!-- This site is optimized with the Yoast SEO plugin v25.6 - https:\/\/yoast.com\/wordpress\/plugins\/seo\/ -->\n<title>Pallares aiat\u00f6\u00f6riistad 3tk - Lartusihome.com<\/title>\n<meta name=\"robots\" content=\"index, follow, max-snippet:-1, max-image-preview:large, max-video-preview:-1\" \/>\n<link rel=\"canonical\" href=\"https:\/\/lartusihome.com\/et\/toode\/pallares-plant-tools-set-of-3\/\" \/>\n<meta property=\"og:locale\" content=\"et_EE\" \/>\n<meta property=\"og:type\" content=\"article\" \/>\n<meta property=\"og:title\" content=\"Pallares aiat\u00f6\u00f6riistad 3tk - Lartusihome.com\" \/>\n<meta property=\"og:description\" content=\"Valmistatud Audo Copenhageni jaoks Hispaania sajandivanuse k\u00f5rgeima kvaliteediga nugade ja t\u00f6\u00f6riistade tootja Pallar\u00e9se poolt. 3-osaline komplekt sisaldab labidat, harki ja k\u00f5pla \u2014 kaevamiseks, rohimiseks ja mulla ettevalmistamiseks istutamiseks. S\u00fcsinikteras on uskumatult tugev ja kauakestev ning vajab minimaalset hoolt. Puhastage ja kuivatage p\u00e4rast kasutamist. Korrosiooni v\u00e4ltimiseks hoidke t\u00f6\u00f6riistad alati kuivad, kui neid ei kasutata. \u00c4rge j\u00e4tke&hellip;\" \/>\n<meta property=\"og:url\" content=\"https:\/\/lartusihome.com\/et\/toode\/pallares-plant-tools-set-of-3\/\" \/>\n<meta property=\"og:site_name\" content=\"Lartusihome.com\" \/>\n<meta property=\"article:publisher\" content=\"https:\/\/www.facebook.com\/lartusihome\/\" \/>\n<meta property=\"article:modified_time\" content=\"2024-04-25T12:55:47+00:00\" \/>\n<meta property=\"og:image\" content=\"https:\/\/lartusihome.com\/wp-content\/uploads\/2023\/04\/4860099_Pallares_Plant_Tool_Set.jpg\" \/>\n\t<meta property=\"og:image:width\" content=\"2000\" \/>\n\t<meta property=\"og:image:height\" content=\"2000\" \/>\n\t<meta property=\"og:image:type\" content=\"image\/jpeg\" \/>\n<meta name=\"twitter:card\" content=\"summary_large_image\" \/>\n<meta name=\"twitter:label1\" content=\"Est. reading time\" \/>\n\t<meta name=\"twitter:data1\" content=\"1 minut\" \/>\n<script type=\"application\/ld+json\" class=\"yoast-schema-graph\">{\"@context\":\"https:\/\/schema.org\",\"@graph\":[{\"@type\":\"WebPage\",\"@id\":\"https:\/\/lartusihome.com\/et\/toode\/pallares-plant-tools-set-of-3\/\",\"url\":\"https:\/\/lartusihome.com\/et\/toode\/pallares-plant-tools-set-of-3\/\",\"name\":\"Pallares aiat\u00f6\u00f6riistad 3tk - Lartusihome.com\",\"isPartOf\":{\"@id\":\"https:\/\/lartusihome.com\/et\/#website\"},\"primaryImageOfPage\":{\"@id\":\"https:\/\/lartusihome.com\/et\/toode\/pallares-plant-tools-set-of-3\/#primaryimage\"},\"image\":{\"@id\":\"https:\/\/lartusihome.com\/et\/toode\/pallares-plant-tools-set-of-3\/#primaryimage\"},\"thumbnailUrl\":\"https:\/\/lartusihome.com\/wp-content\/uploads\/2023\/04\/4860099_Pallares_Plant_Tool_Set.jpg\",\"datePublished\":\"2023-04-04T12:02:25+00:00\",\"dateModified\":\"2024-04-25T12:55:47+00:00\",\"breadcrumb\":{\"@id\":\"https:\/\/lartusihome.com\/et\/toode\/pallares-plant-tools-set-of-3\/#breadcrumb\"},\"inLanguage\":\"et\",\"potentialAction\":[{\"@type\":\"ReadAction\",\"target\":[\"https:\/\/lartusihome.com\/et\/toode\/pallares-plant-tools-set-of-3\/\"]}]},{\"@type\":\"ImageObject\",\"inLanguage\":\"et\",\"@id\":\"https:\/\/lartusihome.com\/et\/toode\/pallares-plant-tools-set-of-3\/#primaryimage\",\"url\":\"https:\/\/lartusihome.com\/wp-content\/uploads\/2023\/04\/4860099_Pallares_Plant_Tool_Set.jpg\",\"contentUrl\":\"https:\/\/lartusihome.com\/wp-content\/uploads\/2023\/04\/4860099_Pallares_Plant_Tool_Set.jpg\",\"width\":2000,\"height\":2000},{\"@type\":\"BreadcrumbList\",\"@id\":\"https:\/\/lartusihome.com\/et\/toode\/pallares-plant-tools-set-of-3\/#breadcrumb\",\"itemListElement\":[{\"@type\":\"ListItem\",\"position\":1,\"name\":\"Home\",\"item\":\"https:\/\/lartusihome.com\/et\/\"},{\"@type\":\"ListItem\",\"position\":2,\"name\":\"Pood\",\"item\":\"https:\/\/lartusihome.com\/et\/pood\/\"},{\"@type\":\"ListItem\",\"position\":3,\"name\":\"Pallares aiat\u00f6\u00f6riistad 3tk\"}]},{\"@type\":\"WebSite\",\"@id\":\"https:\/\/lartusihome.com\/et\/#website\",\"url\":\"https:\/\/lartusihome.com\/et\/\",\"name\":\"Lartusihome.com\",\"description\":\"Kodu \/ sisustus\",\"potentialAction\":[{\"@type\":\"SearchAction\",\"target\":{\"@type\":\"EntryPoint\",\"urlTemplate\":\"https:\/\/lartusihome.com\/et\/?s={search_term_string}\"},\"query-input\":{\"@type\":\"PropertyValueSpecification\",\"valueRequired\":true,\"valueName\":\"search_term_string\"}}],\"inLanguage\":\"et\"}]}<\/script>\n<!-- \/ Yoast SEO plugin. -->","yoast_head_json":{"title":"Pallares aiat\u00f6\u00f6riistad 3tk - Lartusihome.com","robots":{"index":"index","follow":"follow","max-snippet":"max-snippet:-1","max-image-preview":"max-image-preview:large","max-video-preview":"max-video-preview:-1"},"canonical":"https:\/\/lartusihome.com\/et\/toode\/pallares-plant-tools-set-of-3\/","og_locale":"et_EE","og_type":"article","og_title":"Pallares aiat\u00f6\u00f6riistad 3tk - Lartusihome.com","og_description":"Valmistatud Audo Copenhageni jaoks Hispaania sajandivanuse k\u00f5rgeima kvaliteediga nugade ja t\u00f6\u00f6riistade tootja Pallar\u00e9se poolt. 3-osaline komplekt sisaldab labidat, harki ja k\u00f5pla \u2014 kaevamiseks, rohimiseks ja mulla ettevalmistamiseks istutamiseks. S\u00fcsinikteras on uskumatult tugev ja kauakestev ning vajab minimaalset hoolt. Puhastage ja kuivatage p\u00e4rast kasutamist. Korrosiooni v\u00e4ltimiseks hoidke t\u00f6\u00f6riistad alati kuivad, kui neid ei kasutata. \u00c4rge j\u00e4tke&hellip;","og_url":"https:\/\/lartusihome.com\/et\/toode\/pallares-plant-tools-set-of-3\/","og_site_name":"Lartusihome.com","article_publisher":"https:\/\/www.facebook.com\/lartusihome\/","article_modified_time":"2024-04-25T12:55:47+00:00","og_image":[{"width":2000,"height":2000,"url":"https:\/\/lartusihome.com\/wp-content\/uploads\/2023\/04\/4860099_Pallares_Plant_Tool_Set.jpg","type":"image\/jpeg"}],"twitter_card":"summary_large_image","twitter_misc":{"Est. reading time":"1 minut"},"schema":{"@context":"https:\/\/schema.org","@graph":[{"@type":"WebPage","@id":"https:\/\/lartusihome.com\/et\/toode\/pallares-plant-tools-set-of-3\/","url":"https:\/\/lartusihome.com\/et\/toode\/pallares-plant-tools-set-of-3\/","name":"Pallares aiat\u00f6\u00f6riistad 3tk - Lartusihome.com","isPartOf":{"@id":"https:\/\/lartusihome.com\/et\/#website"},"primaryImageOfPage":{"@id":"https:\/\/lartusihome.com\/et\/toode\/pallares-plant-tools-set-of-3\/#primaryimage"},"image":{"@id":"https:\/\/lartusihome.com\/et\/toode\/pallares-plant-tools-set-of-3\/#primaryimage"},"thumbnailUrl":"https:\/\/lartusihome.com\/wp-content\/uploads\/2023\/04\/4860099_Pallares_Plant_Tool_Set.jpg","datePublished":"2023-04-04T12:02:25+00:00","dateModified":"2024-04-25T12:55:47+00:00","breadcrumb":{"@id":"https:\/\/lartusihome.com\/et\/toode\/pallares-plant-tools-set-of-3\/#breadcrumb"},"inLanguage":"et","potentialAction":[{"@type":"ReadAction","target":["https:\/\/lartusihome.com\/et\/toode\/pallares-plant-tools-set-of-3\/"]}]},{"@type":"ImageObject","inLanguage":"et","@id":"https:\/\/lartusihome.com\/et\/toode\/pallares-plant-tools-set-of-3\/#primaryimage","url":"https:\/\/lartusihome.com\/wp-content\/uploads\/2023\/04\/4860099_Pallares_Plant_Tool_Set.jpg","contentUrl":"https:\/\/lartusihome.com\/wp-content\/uploads\/2023\/04\/4860099_Pallares_Plant_Tool_Set.jpg","width":2000,"height":2000},{"@type":"BreadcrumbList","@id":"https:\/\/lartusihome.com\/et\/toode\/pallares-plant-tools-set-of-3\/#breadcrumb","itemListElement":[{"@type":"ListItem","position":1,"name":"Home","item":"https:\/\/lartusihome.com\/et\/"},{"@type":"ListItem","position":2,"name":"Pood","item":"https:\/\/lartusihome.com\/et\/pood\/"},{"@type":"ListItem","position":3,"name":"Pallares aiat\u00f6\u00f6riistad 3tk"}]},{"@type":"WebSite","@id":"https:\/\/lartusihome.com\/et\/#website","url":"https:\/\/lartusihome.com\/et\/","name":"Lartusihome.com","description":"Kodu \/ sisustus","potentialAction":[{"@type":"SearchAction","target":{"@type":"EntryPoint","urlTemplate":"https:\/\/lartusihome.com\/et\/?s={search_term_string}"},"query-input":{"@type":"PropertyValueSpecification","valueRequired":true,"valueName":"search_term_string"}}],"inLanguage":"et"}]}},"_links":{"self":[{"href":"https:\/\/lartusihome.com\/et\/wp-json\/wp\/v2\/product\/303900"}],"collection":[{"href":"https:\/\/lartusihome.com\/et\/wp-json\/wp\/v2\/product"}],"about":[{"href":"https:\/\/lartusihome.com\/et\/wp-json\/wp\/v2\/types\/product"}],"wp:featuredmedia":[{"embeddable":true,"href":"https:\/\/lartusihome.com\/et\/wp-json\/wp\/v2\/media\/303856"}],"wp:attachment":[{"href":"https:\/\/lartusihome.com\/et\/wp-json\/wp\/v2\/media?parent=303900"}],"wp:term":[{"taxonomy":"product_cat","embeddable":true,"href":"https:\/\/lartusihome.com\/et\/wp-json\/wp\/v2\/product_cat?post=303900"},{"taxonomy":"product_tag","embeddable":true,"href":"https:\/\/lartusihome.com\/et\/wp-json\/wp\/v2\/product_tag?post=303900"},{"taxonomy":"giftcard-category","embeddable":true,"href":"https:\/\/lartusihome.com\/et\/wp-json\/wp\/v2\/giftcard-category?post=303900"}],"curies":[{"name":"wp","href":"https:\/\/api.w.org\/{rel}","templated":true}]}}