{"id":303810,"date":"2023-04-04T14:41:13","date_gmt":"2023-04-04T11:41:13","guid":{"rendered":"https:\/\/lartusihome.com\/product\/plantas-planter-h17cm\/"},"modified":"2023-04-04T14:42:19","modified_gmt":"2023-04-04T11:42:19","slug":"plantas-planter-h17cm","status":"publish","type":"product","link":"https:\/\/lartusihome.com\/et\/toode\/plantas-planter-h17cm\/","title":{"rendered":"Plantas lillepott K17cm"},"content":{"rendered":"<p>Valmistatud matist kivikeraamikast, millel on tekstuurne ja naturaalne v\u00e4limus. Iga pott on k\u00e4sitsi viimistletud ja seet\u00f5ttu t\u00e4iesti ainulaadne. Siseruumides kasutamiseks m\u00f5eldud Plantaseid saab kasutada ka v\u00e4ljas, kui j\u00e4rgitakse ostuga kaasasolevaid juhiseid.<\/p>\n<p>K\u00f5rgus: 17 cm<\/p>\n<p>Laius: 25 cm<\/p>\n","protected":false},"excerpt":{"rendered":"<p>Valmistatud matist kivikeraamikast, millel on tekstuurne ja naturaalne v\u00e4limus. Iga pott on k\u00e4sitsi viimistletud ja seet\u00f5ttu t\u00e4iesti ainulaadne. Siseruumides kasutamiseks m\u00f5eldud Plantaseid saab kasutada ka v\u00e4ljas, kui j\u00e4rgitakse ostuga kaasasolevaid juhiseid. K\u00f5rgus: 17 cm Laius: 25 cm<\/p>\n","protected":false},"featured_media":303687,"template":"","meta":{"_acf_changed":false,"inline_featured_image":false},"product_cat":[24277,22602,22648,4365],"product_tag":[],"giftcard-category":[],"class_list":{"0":"post-303810","1":"product","2":"type-product","3":"status-publish","4":"has-post-thumbnail","6":"product_cat-lillepotid","7":"product_cat-lillepotid-tarvikud","8":"product_cat-valimoobel","9":"product_cat-aksessuaarid","10":"pa_brand-menu","11":"pa_collection-plantas","13":"first","14":"onbackorder","15":"shipping-taxable","16":"purchasable","17":"product-type-simple"},"acf":[],"yoast_head":"<!-- This site is optimized with the Yoast SEO plugin v25.6 - https:\/\/yoast.com\/wordpress\/plugins\/seo\/ -->\n<title>Plantas lillepott K17cm - Lartusihome.com<\/title>\n<meta name=\"robots\" content=\"index, follow, max-snippet:-1, max-image-preview:large, max-video-preview:-1\" \/>\n<link rel=\"canonical\" href=\"https:\/\/lartusihome.com\/et\/toode\/plantas-planter-h17cm\/\" \/>\n<meta property=\"og:locale\" content=\"et_EE\" \/>\n<meta property=\"og:type\" content=\"article\" \/>\n<meta property=\"og:title\" content=\"Plantas lillepott K17cm - Lartusihome.com\" \/>\n<meta property=\"og:description\" content=\"Valmistatud matist kivikeraamikast, millel on tekstuurne ja naturaalne v\u00e4limus. Iga pott on k\u00e4sitsi viimistletud ja seet\u00f5ttu t\u00e4iesti ainulaadne. Siseruumides kasutamiseks m\u00f5eldud Plantaseid saab kasutada ka v\u00e4ljas, kui j\u00e4rgitakse ostuga kaasasolevaid juhiseid. K\u00f5rgus: 17 cm Laius: 25 cm\" \/>\n<meta property=\"og:url\" content=\"https:\/\/lartusihome.com\/et\/toode\/plantas-planter-h17cm\/\" \/>\n<meta property=\"og:site_name\" content=\"Lartusihome.com\" \/>\n<meta property=\"article:publisher\" content=\"https:\/\/www.facebook.com\/lartusihome\/\" \/>\n<meta property=\"article:modified_time\" content=\"2023-04-04T11:42:19+00:00\" \/>\n<meta property=\"og:image\" content=\"https:\/\/lartusihome.com\/wp-content\/uploads\/2023\/04\/4835649_Plantas_Planter_H_17_Ivory_front.jpg\" \/>\n\t<meta property=\"og:image:width\" content=\"2000\" \/>\n\t<meta property=\"og:image:height\" content=\"2000\" \/>\n\t<meta property=\"og:image:type\" content=\"image\/jpeg\" \/>\n<meta name=\"twitter:card\" content=\"summary_large_image\" \/>\n<meta name=\"twitter:label1\" content=\"Est. reading time\" \/>\n\t<meta name=\"twitter:data1\" content=\"1 minut\" \/>\n<script type=\"application\/ld+json\" class=\"yoast-schema-graph\">{\"@context\":\"https:\/\/schema.org\",\"@graph\":[{\"@type\":\"WebPage\",\"@id\":\"https:\/\/lartusihome.com\/et\/toode\/plantas-planter-h17cm\/\",\"url\":\"https:\/\/lartusihome.com\/et\/toode\/plantas-planter-h17cm\/\",\"name\":\"Plantas lillepott K17cm - Lartusihome.com\",\"isPartOf\":{\"@id\":\"https:\/\/lartusihome.com\/et\/#website\"},\"primaryImageOfPage\":{\"@id\":\"https:\/\/lartusihome.com\/et\/toode\/plantas-planter-h17cm\/#primaryimage\"},\"image\":{\"@id\":\"https:\/\/lartusihome.com\/et\/toode\/plantas-planter-h17cm\/#primaryimage\"},\"thumbnailUrl\":\"https:\/\/lartusihome.com\/wp-content\/uploads\/2023\/04\/4835649_Plantas_Planter_H_17_Ivory_front.jpg\",\"datePublished\":\"2023-04-04T11:41:13+00:00\",\"dateModified\":\"2023-04-04T11:42:19+00:00\",\"breadcrumb\":{\"@id\":\"https:\/\/lartusihome.com\/et\/toode\/plantas-planter-h17cm\/#breadcrumb\"},\"inLanguage\":\"et\",\"potentialAction\":[{\"@type\":\"ReadAction\",\"target\":[\"https:\/\/lartusihome.com\/et\/toode\/plantas-planter-h17cm\/\"]}]},{\"@type\":\"ImageObject\",\"inLanguage\":\"et\",\"@id\":\"https:\/\/lartusihome.com\/et\/toode\/plantas-planter-h17cm\/#primaryimage\",\"url\":\"https:\/\/lartusihome.com\/wp-content\/uploads\/2023\/04\/4835649_Plantas_Planter_H_17_Ivory_front.jpg\",\"contentUrl\":\"https:\/\/lartusihome.com\/wp-content\/uploads\/2023\/04\/4835649_Plantas_Planter_H_17_Ivory_front.jpg\",\"width\":2000,\"height\":2000},{\"@type\":\"BreadcrumbList\",\"@id\":\"https:\/\/lartusihome.com\/et\/toode\/plantas-planter-h17cm\/#breadcrumb\",\"itemListElement\":[{\"@type\":\"ListItem\",\"position\":1,\"name\":\"Home\",\"item\":\"https:\/\/lartusihome.com\/et\/\"},{\"@type\":\"ListItem\",\"position\":2,\"name\":\"Pood\",\"item\":\"https:\/\/lartusihome.com\/et\/pood\/\"},{\"@type\":\"ListItem\",\"position\":3,\"name\":\"Plantas lillepott K17cm\"}]},{\"@type\":\"WebSite\",\"@id\":\"https:\/\/lartusihome.com\/et\/#website\",\"url\":\"https:\/\/lartusihome.com\/et\/\",\"name\":\"Lartusihome.com\",\"description\":\"Kodu \/ sisustus\",\"potentialAction\":[{\"@type\":\"SearchAction\",\"target\":{\"@type\":\"EntryPoint\",\"urlTemplate\":\"https:\/\/lartusihome.com\/et\/?s={search_term_string}\"},\"query-input\":{\"@type\":\"PropertyValueSpecification\",\"valueRequired\":true,\"valueName\":\"search_term_string\"}}],\"inLanguage\":\"et\"}]}<\/script>\n<!-- \/ Yoast SEO plugin. -->","yoast_head_json":{"title":"Plantas lillepott K17cm - Lartusihome.com","robots":{"index":"index","follow":"follow","max-snippet":"max-snippet:-1","max-image-preview":"max-image-preview:large","max-video-preview":"max-video-preview:-1"},"canonical":"https:\/\/lartusihome.com\/et\/toode\/plantas-planter-h17cm\/","og_locale":"et_EE","og_type":"article","og_title":"Plantas lillepott K17cm - Lartusihome.com","og_description":"Valmistatud matist kivikeraamikast, millel on tekstuurne ja naturaalne v\u00e4limus. Iga pott on k\u00e4sitsi viimistletud ja seet\u00f5ttu t\u00e4iesti ainulaadne. Siseruumides kasutamiseks m\u00f5eldud Plantaseid saab kasutada ka v\u00e4ljas, kui j\u00e4rgitakse ostuga kaasasolevaid juhiseid. K\u00f5rgus: 17 cm Laius: 25 cm","og_url":"https:\/\/lartusihome.com\/et\/toode\/plantas-planter-h17cm\/","og_site_name":"Lartusihome.com","article_publisher":"https:\/\/www.facebook.com\/lartusihome\/","article_modified_time":"2023-04-04T11:42:19+00:00","og_image":[{"width":2000,"height":2000,"url":"https:\/\/lartusihome.com\/wp-content\/uploads\/2023\/04\/4835649_Plantas_Planter_H_17_Ivory_front.jpg","type":"image\/jpeg"}],"twitter_card":"summary_large_image","twitter_misc":{"Est. reading time":"1 minut"},"schema":{"@context":"https:\/\/schema.org","@graph":[{"@type":"WebPage","@id":"https:\/\/lartusihome.com\/et\/toode\/plantas-planter-h17cm\/","url":"https:\/\/lartusihome.com\/et\/toode\/plantas-planter-h17cm\/","name":"Plantas lillepott K17cm - Lartusihome.com","isPartOf":{"@id":"https:\/\/lartusihome.com\/et\/#website"},"primaryImageOfPage":{"@id":"https:\/\/lartusihome.com\/et\/toode\/plantas-planter-h17cm\/#primaryimage"},"image":{"@id":"https:\/\/lartusihome.com\/et\/toode\/plantas-planter-h17cm\/#primaryimage"},"thumbnailUrl":"https:\/\/lartusihome.com\/wp-content\/uploads\/2023\/04\/4835649_Plantas_Planter_H_17_Ivory_front.jpg","datePublished":"2023-04-04T11:41:13+00:00","dateModified":"2023-04-04T11:42:19+00:00","breadcrumb":{"@id":"https:\/\/lartusihome.com\/et\/toode\/plantas-planter-h17cm\/#breadcrumb"},"inLanguage":"et","potentialAction":[{"@type":"ReadAction","target":["https:\/\/lartusihome.com\/et\/toode\/plantas-planter-h17cm\/"]}]},{"@type":"ImageObject","inLanguage":"et","@id":"https:\/\/lartusihome.com\/et\/toode\/plantas-planter-h17cm\/#primaryimage","url":"https:\/\/lartusihome.com\/wp-content\/uploads\/2023\/04\/4835649_Plantas_Planter_H_17_Ivory_front.jpg","contentUrl":"https:\/\/lartusihome.com\/wp-content\/uploads\/2023\/04\/4835649_Plantas_Planter_H_17_Ivory_front.jpg","width":2000,"height":2000},{"@type":"BreadcrumbList","@id":"https:\/\/lartusihome.com\/et\/toode\/plantas-planter-h17cm\/#breadcrumb","itemListElement":[{"@type":"ListItem","position":1,"name":"Home","item":"https:\/\/lartusihome.com\/et\/"},{"@type":"ListItem","position":2,"name":"Pood","item":"https:\/\/lartusihome.com\/et\/pood\/"},{"@type":"ListItem","position":3,"name":"Plantas lillepott K17cm"}]},{"@type":"WebSite","@id":"https:\/\/lartusihome.com\/et\/#website","url":"https:\/\/lartusihome.com\/et\/","name":"Lartusihome.com","description":"Kodu \/ sisustus","potentialAction":[{"@type":"SearchAction","target":{"@type":"EntryPoint","urlTemplate":"https:\/\/lartusihome.com\/et\/?s={search_term_string}"},"query-input":{"@type":"PropertyValueSpecification","valueRequired":true,"valueName":"search_term_string"}}],"inLanguage":"et"}]}},"_links":{"self":[{"href":"https:\/\/lartusihome.com\/et\/wp-json\/wp\/v2\/product\/303810"}],"collection":[{"href":"https:\/\/lartusihome.com\/et\/wp-json\/wp\/v2\/product"}],"about":[{"href":"https:\/\/lartusihome.com\/et\/wp-json\/wp\/v2\/types\/product"}],"wp:featuredmedia":[{"embeddable":true,"href":"https:\/\/lartusihome.com\/et\/wp-json\/wp\/v2\/media\/303687"}],"wp:attachment":[{"href":"https:\/\/lartusihome.com\/et\/wp-json\/wp\/v2\/media?parent=303810"}],"wp:term":[{"taxonomy":"product_cat","embeddable":true,"href":"https:\/\/lartusihome.com\/et\/wp-json\/wp\/v2\/product_cat?post=303810"},{"taxonomy":"product_tag","embeddable":true,"href":"https:\/\/lartusihome.com\/et\/wp-json\/wp\/v2\/product_tag?post=303810"},{"taxonomy":"giftcard-category","embeddable":true,"href":"https:\/\/lartusihome.com\/et\/wp-json\/wp\/v2\/giftcard-category?post=303810"}],"curies":[{"name":"wp","href":"https:\/\/api.w.org\/{rel}","templated":true}]}}