{"id":303649,"date":"2023-04-04T13:36:42","date_gmt":"2023-04-04T10:36:42","guid":{"rendered":"https:\/\/lartusihome.com\/product\/daiza-planter-h65-o25cm\/"},"modified":"2023-04-04T13:41:02","modified_gmt":"2023-04-04T10:41:02","slug":"daiza-planter-h65-o25cm","status":"publish","type":"product","link":"https:\/\/lartusihome.com\/et\/toode\/daiza-planter-h65-o25cm\/","title":{"rendered":"Daiza lillepott K65\/\u00d825cm"},"content":{"rendered":"<p>Iidsetest amforadest\u00a0 inspireeritud Daiza lillepott on valmistatud kivikeraamikast ja viimistletud l\u00e4ikiva reageeriva glasuuriga, mis annab disainile kauni v\u00e4rvi ja tekstuuri s\u00fcgavuse.\u00a0 Sisetingimustes kasutamiseks m\u00f5eldud Daizat saab kasutada ka v\u00e4ljas, kui j\u00e4rgitakse ostuga kaasasolevaid juhiseid.<\/p>\n<p>Teras, glasuuritud keraamika<\/p>\n","protected":false},"excerpt":{"rendered":"<p>Iidsetest amforadest\u00a0 inspireeritud Daiza lillepott on valmistatud kivikeraamikast ja viimistletud l\u00e4ikiva reageeriva glasuuriga, mis annab disainile kauni v\u00e4rvi ja tekstuuri s\u00fcgavuse.\u00a0 Sisetingimustes kasutamiseks m\u00f5eldud Daizat saab kasutada ka v\u00e4ljas, kui j\u00e4rgitakse ostuga kaasasolevaid juhiseid. Teras, glasuuritud keraamika<\/p>\n","protected":false},"featured_media":303589,"template":"","meta":{"_acf_changed":false,"inline_featured_image":false},"product_cat":[24277,22602,22648,4365],"product_tag":[],"giftcard-category":[],"class_list":{"0":"post-303649","1":"product","2":"type-product","3":"status-publish","4":"has-post-thumbnail","6":"product_cat-lillepotid","7":"product_cat-lillepotid-tarvikud","8":"product_cat-valimoobel","9":"product_cat-aksessuaarid","10":"pa_brand-menu","11":"pa_collection-daiza","13":"first","14":"onbackorder","15":"shipping-taxable","16":"purchasable","17":"product-type-simple"},"acf":[],"yoast_head":"<!-- This site is optimized with the Yoast SEO plugin v25.6 - https:\/\/yoast.com\/wordpress\/plugins\/seo\/ -->\n<title>Daiza lillepott K65\/\u00d825cm - Lartusihome.com<\/title>\n<meta name=\"robots\" content=\"index, follow, max-snippet:-1, max-image-preview:large, max-video-preview:-1\" \/>\n<link rel=\"canonical\" href=\"https:\/\/lartusihome.com\/et\/toode\/daiza-planter-h65-o25cm\/\" \/>\n<meta property=\"og:locale\" content=\"et_EE\" \/>\n<meta property=\"og:type\" content=\"article\" \/>\n<meta property=\"og:title\" content=\"Daiza lillepott K65\/\u00d825cm - Lartusihome.com\" \/>\n<meta property=\"og:description\" content=\"Iidsetest amforadest\u00a0 inspireeritud Daiza lillepott on valmistatud kivikeraamikast ja viimistletud l\u00e4ikiva reageeriva glasuuriga, mis annab disainile kauni v\u00e4rvi ja tekstuuri s\u00fcgavuse.\u00a0 Sisetingimustes kasutamiseks m\u00f5eldud Daizat saab kasutada ka v\u00e4ljas, kui j\u00e4rgitakse ostuga kaasasolevaid juhiseid. Teras, glasuuritud keraamika\" \/>\n<meta property=\"og:url\" content=\"https:\/\/lartusihome.com\/et\/toode\/daiza-planter-h65-o25cm\/\" \/>\n<meta property=\"og:site_name\" content=\"Lartusihome.com\" \/>\n<meta property=\"article:publisher\" content=\"https:\/\/www.facebook.com\/lartusihome\/\" \/>\n<meta property=\"article:modified_time\" content=\"2023-04-04T10:41:02+00:00\" \/>\n<meta property=\"og:image\" content=\"https:\/\/lartusihome.com\/wp-content\/uploads\/2023\/04\/4846649_Daiza_Planter_H65_5_front.jpg\" \/>\n\t<meta property=\"og:image:width\" content=\"2000\" \/>\n\t<meta property=\"og:image:height\" content=\"2000\" \/>\n\t<meta property=\"og:image:type\" content=\"image\/jpeg\" \/>\n<meta name=\"twitter:card\" content=\"summary_large_image\" \/>\n<meta name=\"twitter:label1\" content=\"Est. reading time\" \/>\n\t<meta name=\"twitter:data1\" content=\"1 minut\" \/>\n<script type=\"application\/ld+json\" class=\"yoast-schema-graph\">{\"@context\":\"https:\/\/schema.org\",\"@graph\":[{\"@type\":\"WebPage\",\"@id\":\"https:\/\/lartusihome.com\/et\/toode\/daiza-planter-h65-o25cm\/\",\"url\":\"https:\/\/lartusihome.com\/et\/toode\/daiza-planter-h65-o25cm\/\",\"name\":\"Daiza lillepott K65\/\u00d825cm - Lartusihome.com\",\"isPartOf\":{\"@id\":\"https:\/\/lartusihome.com\/et\/#website\"},\"primaryImageOfPage\":{\"@id\":\"https:\/\/lartusihome.com\/et\/toode\/daiza-planter-h65-o25cm\/#primaryimage\"},\"image\":{\"@id\":\"https:\/\/lartusihome.com\/et\/toode\/daiza-planter-h65-o25cm\/#primaryimage\"},\"thumbnailUrl\":\"https:\/\/lartusihome.com\/wp-content\/uploads\/2023\/04\/4846649_Daiza_Planter_H65_5_front.jpg\",\"datePublished\":\"2023-04-04T10:36:42+00:00\",\"dateModified\":\"2023-04-04T10:41:02+00:00\",\"breadcrumb\":{\"@id\":\"https:\/\/lartusihome.com\/et\/toode\/daiza-planter-h65-o25cm\/#breadcrumb\"},\"inLanguage\":\"et\",\"potentialAction\":[{\"@type\":\"ReadAction\",\"target\":[\"https:\/\/lartusihome.com\/et\/toode\/daiza-planter-h65-o25cm\/\"]}]},{\"@type\":\"ImageObject\",\"inLanguage\":\"et\",\"@id\":\"https:\/\/lartusihome.com\/et\/toode\/daiza-planter-h65-o25cm\/#primaryimage\",\"url\":\"https:\/\/lartusihome.com\/wp-content\/uploads\/2023\/04\/4846649_Daiza_Planter_H65_5_front.jpg\",\"contentUrl\":\"https:\/\/lartusihome.com\/wp-content\/uploads\/2023\/04\/4846649_Daiza_Planter_H65_5_front.jpg\",\"width\":2000,\"height\":2000},{\"@type\":\"BreadcrumbList\",\"@id\":\"https:\/\/lartusihome.com\/et\/toode\/daiza-planter-h65-o25cm\/#breadcrumb\",\"itemListElement\":[{\"@type\":\"ListItem\",\"position\":1,\"name\":\"Home\",\"item\":\"https:\/\/lartusihome.com\/et\/\"},{\"@type\":\"ListItem\",\"position\":2,\"name\":\"Pood\",\"item\":\"https:\/\/lartusihome.com\/et\/pood\/\"},{\"@type\":\"ListItem\",\"position\":3,\"name\":\"Daiza lillepott K65\/\u00d825cm\"}]},{\"@type\":\"WebSite\",\"@id\":\"https:\/\/lartusihome.com\/et\/#website\",\"url\":\"https:\/\/lartusihome.com\/et\/\",\"name\":\"Lartusihome.com\",\"description\":\"Kodu \/ sisustus\",\"potentialAction\":[{\"@type\":\"SearchAction\",\"target\":{\"@type\":\"EntryPoint\",\"urlTemplate\":\"https:\/\/lartusihome.com\/et\/?s={search_term_string}\"},\"query-input\":{\"@type\":\"PropertyValueSpecification\",\"valueRequired\":true,\"valueName\":\"search_term_string\"}}],\"inLanguage\":\"et\"}]}<\/script>\n<!-- \/ Yoast SEO plugin. -->","yoast_head_json":{"title":"Daiza lillepott K65\/\u00d825cm - Lartusihome.com","robots":{"index":"index","follow":"follow","max-snippet":"max-snippet:-1","max-image-preview":"max-image-preview:large","max-video-preview":"max-video-preview:-1"},"canonical":"https:\/\/lartusihome.com\/et\/toode\/daiza-planter-h65-o25cm\/","og_locale":"et_EE","og_type":"article","og_title":"Daiza lillepott K65\/\u00d825cm - Lartusihome.com","og_description":"Iidsetest amforadest\u00a0 inspireeritud Daiza lillepott on valmistatud kivikeraamikast ja viimistletud l\u00e4ikiva reageeriva glasuuriga, mis annab disainile kauni v\u00e4rvi ja tekstuuri s\u00fcgavuse.\u00a0 Sisetingimustes kasutamiseks m\u00f5eldud Daizat saab kasutada ka v\u00e4ljas, kui j\u00e4rgitakse ostuga kaasasolevaid juhiseid. Teras, glasuuritud keraamika","og_url":"https:\/\/lartusihome.com\/et\/toode\/daiza-planter-h65-o25cm\/","og_site_name":"Lartusihome.com","article_publisher":"https:\/\/www.facebook.com\/lartusihome\/","article_modified_time":"2023-04-04T10:41:02+00:00","og_image":[{"width":2000,"height":2000,"url":"https:\/\/lartusihome.com\/wp-content\/uploads\/2023\/04\/4846649_Daiza_Planter_H65_5_front.jpg","type":"image\/jpeg"}],"twitter_card":"summary_large_image","twitter_misc":{"Est. reading time":"1 minut"},"schema":{"@context":"https:\/\/schema.org","@graph":[{"@type":"WebPage","@id":"https:\/\/lartusihome.com\/et\/toode\/daiza-planter-h65-o25cm\/","url":"https:\/\/lartusihome.com\/et\/toode\/daiza-planter-h65-o25cm\/","name":"Daiza lillepott K65\/\u00d825cm - Lartusihome.com","isPartOf":{"@id":"https:\/\/lartusihome.com\/et\/#website"},"primaryImageOfPage":{"@id":"https:\/\/lartusihome.com\/et\/toode\/daiza-planter-h65-o25cm\/#primaryimage"},"image":{"@id":"https:\/\/lartusihome.com\/et\/toode\/daiza-planter-h65-o25cm\/#primaryimage"},"thumbnailUrl":"https:\/\/lartusihome.com\/wp-content\/uploads\/2023\/04\/4846649_Daiza_Planter_H65_5_front.jpg","datePublished":"2023-04-04T10:36:42+00:00","dateModified":"2023-04-04T10:41:02+00:00","breadcrumb":{"@id":"https:\/\/lartusihome.com\/et\/toode\/daiza-planter-h65-o25cm\/#breadcrumb"},"inLanguage":"et","potentialAction":[{"@type":"ReadAction","target":["https:\/\/lartusihome.com\/et\/toode\/daiza-planter-h65-o25cm\/"]}]},{"@type":"ImageObject","inLanguage":"et","@id":"https:\/\/lartusihome.com\/et\/toode\/daiza-planter-h65-o25cm\/#primaryimage","url":"https:\/\/lartusihome.com\/wp-content\/uploads\/2023\/04\/4846649_Daiza_Planter_H65_5_front.jpg","contentUrl":"https:\/\/lartusihome.com\/wp-content\/uploads\/2023\/04\/4846649_Daiza_Planter_H65_5_front.jpg","width":2000,"height":2000},{"@type":"BreadcrumbList","@id":"https:\/\/lartusihome.com\/et\/toode\/daiza-planter-h65-o25cm\/#breadcrumb","itemListElement":[{"@type":"ListItem","position":1,"name":"Home","item":"https:\/\/lartusihome.com\/et\/"},{"@type":"ListItem","position":2,"name":"Pood","item":"https:\/\/lartusihome.com\/et\/pood\/"},{"@type":"ListItem","position":3,"name":"Daiza lillepott K65\/\u00d825cm"}]},{"@type":"WebSite","@id":"https:\/\/lartusihome.com\/et\/#website","url":"https:\/\/lartusihome.com\/et\/","name":"Lartusihome.com","description":"Kodu \/ sisustus","potentialAction":[{"@type":"SearchAction","target":{"@type":"EntryPoint","urlTemplate":"https:\/\/lartusihome.com\/et\/?s={search_term_string}"},"query-input":{"@type":"PropertyValueSpecification","valueRequired":true,"valueName":"search_term_string"}}],"inLanguage":"et"}]}},"_links":{"self":[{"href":"https:\/\/lartusihome.com\/et\/wp-json\/wp\/v2\/product\/303649"}],"collection":[{"href":"https:\/\/lartusihome.com\/et\/wp-json\/wp\/v2\/product"}],"about":[{"href":"https:\/\/lartusihome.com\/et\/wp-json\/wp\/v2\/types\/product"}],"wp:featuredmedia":[{"embeddable":true,"href":"https:\/\/lartusihome.com\/et\/wp-json\/wp\/v2\/media\/303589"}],"wp:attachment":[{"href":"https:\/\/lartusihome.com\/et\/wp-json\/wp\/v2\/media?parent=303649"}],"wp:term":[{"taxonomy":"product_cat","embeddable":true,"href":"https:\/\/lartusihome.com\/et\/wp-json\/wp\/v2\/product_cat?post=303649"},{"taxonomy":"product_tag","embeddable":true,"href":"https:\/\/lartusihome.com\/et\/wp-json\/wp\/v2\/product_tag?post=303649"},{"taxonomy":"giftcard-category","embeddable":true,"href":"https:\/\/lartusihome.com\/et\/wp-json\/wp\/v2\/giftcard-category?post=303649"}],"curies":[{"name":"wp","href":"https:\/\/api.w.org\/{rel}","templated":true}]}}