{"id":301128,"date":"2023-03-17T16:30:03","date_gmt":"2023-03-17T14:30:03","guid":{"rendered":"https:\/\/lartusihome.com\/product\/isla-vase-20cm-linnen\/"},"modified":"2023-03-17T16:31:26","modified_gmt":"2023-03-17T14:31:26","slug":"isla-vase-20cm-linnen","status":"publish","type":"product","link":"https:\/\/lartusihome.com\/et\/toode\/isla-vase-20cm-linnen\/","title":{"rendered":"Isla vaas 20cm, Linnen"},"content":{"rendered":"<p>Isla on unikaalse orgaanilise kujuga kaunis vaas, mis paneb m\u00f5tlema elule vee all. Kujundus on omane Soome kunstnikule Hanna Heinole, kes ammutab inspiratsiooni loodusest ja materjalidest, millega ta t\u00f6\u00f6tab.<\/p>\n<p>11 \u00d7 13 \u00d7 20 cm<\/p>\n","protected":false},"excerpt":{"rendered":"<p>Isla on unikaalse orgaanilise kujuga kaunis vaas, mis paneb m\u00f5tlema elule vee all. Kujundus on omane Soome kunstnikule Hanna Heinole, kes ammutab inspiratsiooni loodusest ja materjalidest, millega ta t\u00f6\u00f6tab. 11 \u00d7 13 \u00d7 20 cm<\/p>\n","protected":false},"featured_media":300975,"template":"","meta":{"_acf_changed":false,"inline_featured_image":false},"product_cat":[4365,108],"product_tag":[],"giftcard-category":[],"class_list":{"0":"post-301128","1":"product","2":"type-product","3":"status-publish","4":"has-post-thumbnail","6":"product_cat-aksessuaarid","7":"product_cat-vaasid","8":"pa_brand-cooee-design-et","9":"pa_collection-isla","11":"first","12":"outofstock","13":"shipping-taxable","14":"purchasable","15":"product-type-simple"},"acf":[],"yoast_head":"<!-- This site is optimized with the Yoast SEO plugin v25.6 - https:\/\/yoast.com\/wordpress\/plugins\/seo\/ -->\n<title>Isla vaas 20cm, Linnen - Lartusihome.com<\/title>\n<meta name=\"robots\" content=\"index, follow, max-snippet:-1, max-image-preview:large, max-video-preview:-1\" \/>\n<link rel=\"canonical\" href=\"https:\/\/lartusihome.com\/et\/toode\/isla-vase-20cm-linnen\/\" \/>\n<meta property=\"og:locale\" content=\"et_EE\" \/>\n<meta property=\"og:type\" content=\"article\" \/>\n<meta property=\"og:title\" content=\"Isla vaas 20cm, Linnen - Lartusihome.com\" \/>\n<meta property=\"og:description\" content=\"Isla on unikaalse orgaanilise kujuga kaunis vaas, mis paneb m\u00f5tlema elule vee all. Kujundus on omane Soome kunstnikule Hanna Heinole, kes ammutab inspiratsiooni loodusest ja materjalidest, millega ta t\u00f6\u00f6tab. 11 \u00d7 13 \u00d7 20 cm\" \/>\n<meta property=\"og:url\" content=\"https:\/\/lartusihome.com\/et\/toode\/isla-vase-20cm-linnen\/\" \/>\n<meta property=\"og:site_name\" content=\"Lartusihome.com\" \/>\n<meta property=\"article:publisher\" content=\"https:\/\/www.facebook.com\/lartusihome\/\" \/>\n<meta property=\"article:modified_time\" content=\"2023-03-17T14:31:26+00:00\" \/>\n<meta property=\"og:image\" content=\"https:\/\/lartusihome.com\/wp-content\/uploads\/2023\/03\/HH-03-01-LN-Isla-20cm-Linnen-v2-1024x1024.jpg\" \/>\n\t<meta property=\"og:image:width\" content=\"1024\" \/>\n\t<meta property=\"og:image:height\" content=\"1024\" \/>\n\t<meta property=\"og:image:type\" content=\"image\/jpeg\" \/>\n<meta name=\"twitter:card\" content=\"summary_large_image\" \/>\n<meta name=\"twitter:label1\" content=\"Est. reading time\" \/>\n\t<meta name=\"twitter:data1\" content=\"1 minut\" \/>\n<script type=\"application\/ld+json\" class=\"yoast-schema-graph\">{\"@context\":\"https:\/\/schema.org\",\"@graph\":[{\"@type\":\"WebPage\",\"@id\":\"https:\/\/lartusihome.com\/et\/toode\/isla-vase-20cm-linnen\/\",\"url\":\"https:\/\/lartusihome.com\/et\/toode\/isla-vase-20cm-linnen\/\",\"name\":\"Isla vaas 20cm, Linnen - Lartusihome.com\",\"isPartOf\":{\"@id\":\"https:\/\/lartusihome.com\/et\/#website\"},\"primaryImageOfPage\":{\"@id\":\"https:\/\/lartusihome.com\/et\/toode\/isla-vase-20cm-linnen\/#primaryimage\"},\"image\":{\"@id\":\"https:\/\/lartusihome.com\/et\/toode\/isla-vase-20cm-linnen\/#primaryimage\"},\"thumbnailUrl\":\"https:\/\/lartusihome.com\/wp-content\/uploads\/2023\/03\/HH-03-01-LN-Isla-20cm-Linnen-v2.jpg\",\"datePublished\":\"2023-03-17T14:30:03+00:00\",\"dateModified\":\"2023-03-17T14:31:26+00:00\",\"breadcrumb\":{\"@id\":\"https:\/\/lartusihome.com\/et\/toode\/isla-vase-20cm-linnen\/#breadcrumb\"},\"inLanguage\":\"et\",\"potentialAction\":[{\"@type\":\"ReadAction\",\"target\":[\"https:\/\/lartusihome.com\/et\/toode\/isla-vase-20cm-linnen\/\"]}]},{\"@type\":\"ImageObject\",\"inLanguage\":\"et\",\"@id\":\"https:\/\/lartusihome.com\/et\/toode\/isla-vase-20cm-linnen\/#primaryimage\",\"url\":\"https:\/\/lartusihome.com\/wp-content\/uploads\/2023\/03\/HH-03-01-LN-Isla-20cm-Linnen-v2.jpg\",\"contentUrl\":\"https:\/\/lartusihome.com\/wp-content\/uploads\/2023\/03\/HH-03-01-LN-Isla-20cm-Linnen-v2.jpg\",\"width\":2000,\"height\":2000},{\"@type\":\"BreadcrumbList\",\"@id\":\"https:\/\/lartusihome.com\/et\/toode\/isla-vase-20cm-linnen\/#breadcrumb\",\"itemListElement\":[{\"@type\":\"ListItem\",\"position\":1,\"name\":\"Home\",\"item\":\"https:\/\/lartusihome.com\/et\/\"},{\"@type\":\"ListItem\",\"position\":2,\"name\":\"Pood\",\"item\":\"https:\/\/lartusihome.com\/et\/pood\/\"},{\"@type\":\"ListItem\",\"position\":3,\"name\":\"Isla vaas 20cm, Linnen\"}]},{\"@type\":\"WebSite\",\"@id\":\"https:\/\/lartusihome.com\/et\/#website\",\"url\":\"https:\/\/lartusihome.com\/et\/\",\"name\":\"Lartusihome.com\",\"description\":\"Kodu \/ sisustus\",\"potentialAction\":[{\"@type\":\"SearchAction\",\"target\":{\"@type\":\"EntryPoint\",\"urlTemplate\":\"https:\/\/lartusihome.com\/et\/?s={search_term_string}\"},\"query-input\":{\"@type\":\"PropertyValueSpecification\",\"valueRequired\":true,\"valueName\":\"search_term_string\"}}],\"inLanguage\":\"et\"}]}<\/script>\n<!-- \/ Yoast SEO plugin. -->","yoast_head_json":{"title":"Isla vaas 20cm, Linnen - Lartusihome.com","robots":{"index":"index","follow":"follow","max-snippet":"max-snippet:-1","max-image-preview":"max-image-preview:large","max-video-preview":"max-video-preview:-1"},"canonical":"https:\/\/lartusihome.com\/et\/toode\/isla-vase-20cm-linnen\/","og_locale":"et_EE","og_type":"article","og_title":"Isla vaas 20cm, Linnen - Lartusihome.com","og_description":"Isla on unikaalse orgaanilise kujuga kaunis vaas, mis paneb m\u00f5tlema elule vee all. Kujundus on omane Soome kunstnikule Hanna Heinole, kes ammutab inspiratsiooni loodusest ja materjalidest, millega ta t\u00f6\u00f6tab. 11 \u00d7 13 \u00d7 20 cm","og_url":"https:\/\/lartusihome.com\/et\/toode\/isla-vase-20cm-linnen\/","og_site_name":"Lartusihome.com","article_publisher":"https:\/\/www.facebook.com\/lartusihome\/","article_modified_time":"2023-03-17T14:31:26+00:00","og_image":[{"width":1024,"height":1024,"url":"https:\/\/lartusihome.com\/wp-content\/uploads\/2023\/03\/HH-03-01-LN-Isla-20cm-Linnen-v2-1024x1024.jpg","type":"image\/jpeg"}],"twitter_card":"summary_large_image","twitter_misc":{"Est. reading time":"1 minut"},"schema":{"@context":"https:\/\/schema.org","@graph":[{"@type":"WebPage","@id":"https:\/\/lartusihome.com\/et\/toode\/isla-vase-20cm-linnen\/","url":"https:\/\/lartusihome.com\/et\/toode\/isla-vase-20cm-linnen\/","name":"Isla vaas 20cm, Linnen - Lartusihome.com","isPartOf":{"@id":"https:\/\/lartusihome.com\/et\/#website"},"primaryImageOfPage":{"@id":"https:\/\/lartusihome.com\/et\/toode\/isla-vase-20cm-linnen\/#primaryimage"},"image":{"@id":"https:\/\/lartusihome.com\/et\/toode\/isla-vase-20cm-linnen\/#primaryimage"},"thumbnailUrl":"https:\/\/lartusihome.com\/wp-content\/uploads\/2023\/03\/HH-03-01-LN-Isla-20cm-Linnen-v2.jpg","datePublished":"2023-03-17T14:30:03+00:00","dateModified":"2023-03-17T14:31:26+00:00","breadcrumb":{"@id":"https:\/\/lartusihome.com\/et\/toode\/isla-vase-20cm-linnen\/#breadcrumb"},"inLanguage":"et","potentialAction":[{"@type":"ReadAction","target":["https:\/\/lartusihome.com\/et\/toode\/isla-vase-20cm-linnen\/"]}]},{"@type":"ImageObject","inLanguage":"et","@id":"https:\/\/lartusihome.com\/et\/toode\/isla-vase-20cm-linnen\/#primaryimage","url":"https:\/\/lartusihome.com\/wp-content\/uploads\/2023\/03\/HH-03-01-LN-Isla-20cm-Linnen-v2.jpg","contentUrl":"https:\/\/lartusihome.com\/wp-content\/uploads\/2023\/03\/HH-03-01-LN-Isla-20cm-Linnen-v2.jpg","width":2000,"height":2000},{"@type":"BreadcrumbList","@id":"https:\/\/lartusihome.com\/et\/toode\/isla-vase-20cm-linnen\/#breadcrumb","itemListElement":[{"@type":"ListItem","position":1,"name":"Home","item":"https:\/\/lartusihome.com\/et\/"},{"@type":"ListItem","position":2,"name":"Pood","item":"https:\/\/lartusihome.com\/et\/pood\/"},{"@type":"ListItem","position":3,"name":"Isla vaas 20cm, Linnen"}]},{"@type":"WebSite","@id":"https:\/\/lartusihome.com\/et\/#website","url":"https:\/\/lartusihome.com\/et\/","name":"Lartusihome.com","description":"Kodu \/ sisustus","potentialAction":[{"@type":"SearchAction","target":{"@type":"EntryPoint","urlTemplate":"https:\/\/lartusihome.com\/et\/?s={search_term_string}"},"query-input":{"@type":"PropertyValueSpecification","valueRequired":true,"valueName":"search_term_string"}}],"inLanguage":"et"}]}},"_links":{"self":[{"href":"https:\/\/lartusihome.com\/et\/wp-json\/wp\/v2\/product\/301128"}],"collection":[{"href":"https:\/\/lartusihome.com\/et\/wp-json\/wp\/v2\/product"}],"about":[{"href":"https:\/\/lartusihome.com\/et\/wp-json\/wp\/v2\/types\/product"}],"wp:featuredmedia":[{"embeddable":true,"href":"https:\/\/lartusihome.com\/et\/wp-json\/wp\/v2\/media\/300975"}],"wp:attachment":[{"href":"https:\/\/lartusihome.com\/et\/wp-json\/wp\/v2\/media?parent=301128"}],"wp:term":[{"taxonomy":"product_cat","embeddable":true,"href":"https:\/\/lartusihome.com\/et\/wp-json\/wp\/v2\/product_cat?post=301128"},{"taxonomy":"product_tag","embeddable":true,"href":"https:\/\/lartusihome.com\/et\/wp-json\/wp\/v2\/product_tag?post=301128"},{"taxonomy":"giftcard-category","embeddable":true,"href":"https:\/\/lartusihome.com\/et\/wp-json\/wp\/v2\/giftcard-category?post=301128"}],"curies":[{"name":"wp","href":"https:\/\/api.w.org\/{rel}","templated":true}]}}