{"id":300625,"date":"2023-03-16T10:06:48","date_gmt":"2023-03-16T08:06:48","guid":{"rendered":"https:\/\/lartusihome.com\/product\/brus-carbonating-bottle\/"},"modified":"2023-03-16T10:12:49","modified_gmt":"2023-03-16T08:12:49","slug":"brus-carbonating-bottle","status":"publish","type":"product","link":"https:\/\/lartusihome.com\/et\/toode\/brus-carbonating-bottle\/","title":{"rendered":"Brus mulliveemasina pudel"},"content":{"rendered":"<p id=\"tw-target-text\" class=\"tw-data-text tw-text-large tw-ta\" dir=\"ltr\" data-placeholder=\"T\u00f5lge\"><span class=\"Y2IQFc\" lang=\"et\">Pudel on valmistatud PET-plastikust ning sellel on roostevabast terasest kaas ja p\u00f5hi. Pudel on BPA-vaba ja ei sisalda kahjulikke toksiine. Sobib kasutamiseks Brus mulliveemasinaga. Pudel on t\u00e4histatud joonega MAX, et v\u00e4ltida vee \u00fclevoolu, kui vesi on gaseeritud. Stelton soovitab funktsiooni ja h\u00fcgieeni tagamiseks Brusi mulliveemasina pudelid kahe aasta p\u00e4rast v\u00e4lja vahetada. Brusi pudel ei ole n\u00f5udepesumasinas pestav, kuid seda saab pesta k\u00e4sitsi, kasutades pudelipuhastusharja. <\/span><\/p>\n<p class=\"tw-data-text tw-text-large tw-ta\" dir=\"ltr\" data-placeholder=\"T\u00f5lge\"><span class=\"Y2IQFc\" lang=\"et\">Sobib Brus mulliveemasinale <\/span><\/p>\n<p class=\"tw-data-text tw-text-large tw-ta\" dir=\"ltr\" data-placeholder=\"T\u00f5lge\"><span class=\"Y2IQFc\" lang=\"et\">BPA- ja ftalaadivaba <\/span><\/p>\n<p class=\"tw-data-text tw-text-large tw-ta\" dir=\"ltr\" data-placeholder=\"T\u00f5lge\"><span class=\"Y2IQFc\" lang=\"et\">Kahe aasta p\u00e4rast tuleb v\u00e4lja vahetada<\/span><\/p>\n<p>K\u00f5rgus: 27 cm<\/p>\n<p>Laius: 8.5 cm<\/p>\n<p dir=\"ltr\" data-placeholder=\"T\u00f5lge\">\n","protected":false},"excerpt":{"rendered":"<p>Pudel on valmistatud PET-plastikust ning sellel on roostevabast terasest kaas ja p\u00f5hi. Pudel on BPA-vaba ja ei sisalda kahjulikke toksiine. Sobib kasutamiseks Brus mulliveemasinaga. Pudel on t\u00e4histatud joonega MAX, et v\u00e4ltida vee \u00fclevoolu, kui vesi on gaseeritud. Stelton soovitab funktsiooni ja h\u00fcgieeni tagamiseks Brusi mulliveemasina pudelid kahe aasta p\u00e4rast v\u00e4lja vahetada. Brusi pudel ei ole&hellip;<\/p>\n","protected":false},"featured_media":300616,"template":"","meta":{"_acf_changed":false,"inline_featured_image":false},"product_cat":[25276,3588,15419],"product_tag":[],"giftcard-category":[],"class_list":{"0":"post-300625","1":"product","2":"type-product","3":"status-publish","4":"has-post-thumbnail","6":"product_cat-mulliveemasinad","7":"product_cat-kook","8":"product_cat-koogitehnika","9":"pa_brand-stelton","10":"pa_collection-brus","12":"first","13":"instock","14":"shipping-taxable","15":"purchasable","16":"product-type-simple"},"acf":[],"yoast_head":"<!-- This site is optimized with the Yoast SEO plugin v25.6 - https:\/\/yoast.com\/wordpress\/plugins\/seo\/ -->\n<title>Brus mulliveemasina pudel - Lartusihome.com<\/title>\n<meta name=\"robots\" content=\"index, follow, max-snippet:-1, max-image-preview:large, max-video-preview:-1\" \/>\n<link rel=\"canonical\" href=\"https:\/\/lartusihome.com\/et\/toode\/brus-carbonating-bottle\/\" \/>\n<meta property=\"og:locale\" content=\"et_EE\" \/>\n<meta property=\"og:type\" content=\"article\" \/>\n<meta property=\"og:title\" content=\"Brus mulliveemasina pudel - Lartusihome.com\" \/>\n<meta property=\"og:description\" content=\"Pudel on valmistatud PET-plastikust ning sellel on roostevabast terasest kaas ja p\u00f5hi. Pudel on BPA-vaba ja ei sisalda kahjulikke toksiine. Sobib kasutamiseks Brus mulliveemasinaga. Pudel on t\u00e4histatud joonega MAX, et v\u00e4ltida vee \u00fclevoolu, kui vesi on gaseeritud. Stelton soovitab funktsiooni ja h\u00fcgieeni tagamiseks Brusi mulliveemasina pudelid kahe aasta p\u00e4rast v\u00e4lja vahetada. Brusi pudel ei ole&hellip;\" \/>\n<meta property=\"og:url\" content=\"https:\/\/lartusihome.com\/et\/toode\/brus-carbonating-bottle\/\" \/>\n<meta property=\"og:site_name\" content=\"Lartusihome.com\" \/>\n<meta property=\"article:publisher\" content=\"https:\/\/www.facebook.com\/lartusihome\/\" \/>\n<meta property=\"article:modified_time\" content=\"2023-03-16T08:12:49+00:00\" \/>\n<meta property=\"og:image\" content=\"https:\/\/lartusihome.com\/wp-content\/uploads\/2023\/03\/OL_2101_Brus_carbonating_bottle_1.jpg\" \/>\n\t<meta property=\"og:image:width\" content=\"2000\" \/>\n\t<meta property=\"og:image:height\" content=\"2000\" \/>\n\t<meta property=\"og:image:type\" content=\"image\/jpeg\" \/>\n<meta name=\"twitter:card\" content=\"summary_large_image\" \/>\n<meta name=\"twitter:label1\" content=\"Est. reading time\" \/>\n\t<meta name=\"twitter:data1\" content=\"1 minut\" \/>\n<script type=\"application\/ld+json\" class=\"yoast-schema-graph\">{\"@context\":\"https:\/\/schema.org\",\"@graph\":[{\"@type\":\"WebPage\",\"@id\":\"https:\/\/lartusihome.com\/et\/toode\/brus-carbonating-bottle\/\",\"url\":\"https:\/\/lartusihome.com\/et\/toode\/brus-carbonating-bottle\/\",\"name\":\"Brus mulliveemasina pudel - Lartusihome.com\",\"isPartOf\":{\"@id\":\"https:\/\/lartusihome.com\/et\/#website\"},\"primaryImageOfPage\":{\"@id\":\"https:\/\/lartusihome.com\/et\/toode\/brus-carbonating-bottle\/#primaryimage\"},\"image\":{\"@id\":\"https:\/\/lartusihome.com\/et\/toode\/brus-carbonating-bottle\/#primaryimage\"},\"thumbnailUrl\":\"https:\/\/lartusihome.com\/wp-content\/uploads\/2023\/03\/OL_2101_Brus_carbonating_bottle_1.jpg\",\"datePublished\":\"2023-03-16T08:06:48+00:00\",\"dateModified\":\"2023-03-16T08:12:49+00:00\",\"breadcrumb\":{\"@id\":\"https:\/\/lartusihome.com\/et\/toode\/brus-carbonating-bottle\/#breadcrumb\"},\"inLanguage\":\"et\",\"potentialAction\":[{\"@type\":\"ReadAction\",\"target\":[\"https:\/\/lartusihome.com\/et\/toode\/brus-carbonating-bottle\/\"]}]},{\"@type\":\"ImageObject\",\"inLanguage\":\"et\",\"@id\":\"https:\/\/lartusihome.com\/et\/toode\/brus-carbonating-bottle\/#primaryimage\",\"url\":\"https:\/\/lartusihome.com\/wp-content\/uploads\/2023\/03\/OL_2101_Brus_carbonating_bottle_1.jpg\",\"contentUrl\":\"https:\/\/lartusihome.com\/wp-content\/uploads\/2023\/03\/OL_2101_Brus_carbonating_bottle_1.jpg\",\"width\":2000,\"height\":2000},{\"@type\":\"BreadcrumbList\",\"@id\":\"https:\/\/lartusihome.com\/et\/toode\/brus-carbonating-bottle\/#breadcrumb\",\"itemListElement\":[{\"@type\":\"ListItem\",\"position\":1,\"name\":\"Home\",\"item\":\"https:\/\/lartusihome.com\/et\/\"},{\"@type\":\"ListItem\",\"position\":2,\"name\":\"Pood\",\"item\":\"https:\/\/lartusihome.com\/et\/pood\/\"},{\"@type\":\"ListItem\",\"position\":3,\"name\":\"Brus mulliveemasina pudel\"}]},{\"@type\":\"WebSite\",\"@id\":\"https:\/\/lartusihome.com\/et\/#website\",\"url\":\"https:\/\/lartusihome.com\/et\/\",\"name\":\"Lartusihome.com\",\"description\":\"Kodu \/ sisustus\",\"potentialAction\":[{\"@type\":\"SearchAction\",\"target\":{\"@type\":\"EntryPoint\",\"urlTemplate\":\"https:\/\/lartusihome.com\/et\/?s={search_term_string}\"},\"query-input\":{\"@type\":\"PropertyValueSpecification\",\"valueRequired\":true,\"valueName\":\"search_term_string\"}}],\"inLanguage\":\"et\"}]}<\/script>\n<!-- \/ Yoast SEO plugin. -->","yoast_head_json":{"title":"Brus mulliveemasina pudel - Lartusihome.com","robots":{"index":"index","follow":"follow","max-snippet":"max-snippet:-1","max-image-preview":"max-image-preview:large","max-video-preview":"max-video-preview:-1"},"canonical":"https:\/\/lartusihome.com\/et\/toode\/brus-carbonating-bottle\/","og_locale":"et_EE","og_type":"article","og_title":"Brus mulliveemasina pudel - Lartusihome.com","og_description":"Pudel on valmistatud PET-plastikust ning sellel on roostevabast terasest kaas ja p\u00f5hi. Pudel on BPA-vaba ja ei sisalda kahjulikke toksiine. Sobib kasutamiseks Brus mulliveemasinaga. Pudel on t\u00e4histatud joonega MAX, et v\u00e4ltida vee \u00fclevoolu, kui vesi on gaseeritud. Stelton soovitab funktsiooni ja h\u00fcgieeni tagamiseks Brusi mulliveemasina pudelid kahe aasta p\u00e4rast v\u00e4lja vahetada. Brusi pudel ei ole&hellip;","og_url":"https:\/\/lartusihome.com\/et\/toode\/brus-carbonating-bottle\/","og_site_name":"Lartusihome.com","article_publisher":"https:\/\/www.facebook.com\/lartusihome\/","article_modified_time":"2023-03-16T08:12:49+00:00","og_image":[{"width":2000,"height":2000,"url":"https:\/\/lartusihome.com\/wp-content\/uploads\/2023\/03\/OL_2101_Brus_carbonating_bottle_1.jpg","type":"image\/jpeg"}],"twitter_card":"summary_large_image","twitter_misc":{"Est. reading time":"1 minut"},"schema":{"@context":"https:\/\/schema.org","@graph":[{"@type":"WebPage","@id":"https:\/\/lartusihome.com\/et\/toode\/brus-carbonating-bottle\/","url":"https:\/\/lartusihome.com\/et\/toode\/brus-carbonating-bottle\/","name":"Brus mulliveemasina pudel - Lartusihome.com","isPartOf":{"@id":"https:\/\/lartusihome.com\/et\/#website"},"primaryImageOfPage":{"@id":"https:\/\/lartusihome.com\/et\/toode\/brus-carbonating-bottle\/#primaryimage"},"image":{"@id":"https:\/\/lartusihome.com\/et\/toode\/brus-carbonating-bottle\/#primaryimage"},"thumbnailUrl":"https:\/\/lartusihome.com\/wp-content\/uploads\/2023\/03\/OL_2101_Brus_carbonating_bottle_1.jpg","datePublished":"2023-03-16T08:06:48+00:00","dateModified":"2023-03-16T08:12:49+00:00","breadcrumb":{"@id":"https:\/\/lartusihome.com\/et\/toode\/brus-carbonating-bottle\/#breadcrumb"},"inLanguage":"et","potentialAction":[{"@type":"ReadAction","target":["https:\/\/lartusihome.com\/et\/toode\/brus-carbonating-bottle\/"]}]},{"@type":"ImageObject","inLanguage":"et","@id":"https:\/\/lartusihome.com\/et\/toode\/brus-carbonating-bottle\/#primaryimage","url":"https:\/\/lartusihome.com\/wp-content\/uploads\/2023\/03\/OL_2101_Brus_carbonating_bottle_1.jpg","contentUrl":"https:\/\/lartusihome.com\/wp-content\/uploads\/2023\/03\/OL_2101_Brus_carbonating_bottle_1.jpg","width":2000,"height":2000},{"@type":"BreadcrumbList","@id":"https:\/\/lartusihome.com\/et\/toode\/brus-carbonating-bottle\/#breadcrumb","itemListElement":[{"@type":"ListItem","position":1,"name":"Home","item":"https:\/\/lartusihome.com\/et\/"},{"@type":"ListItem","position":2,"name":"Pood","item":"https:\/\/lartusihome.com\/et\/pood\/"},{"@type":"ListItem","position":3,"name":"Brus mulliveemasina pudel"}]},{"@type":"WebSite","@id":"https:\/\/lartusihome.com\/et\/#website","url":"https:\/\/lartusihome.com\/et\/","name":"Lartusihome.com","description":"Kodu \/ sisustus","potentialAction":[{"@type":"SearchAction","target":{"@type":"EntryPoint","urlTemplate":"https:\/\/lartusihome.com\/et\/?s={search_term_string}"},"query-input":{"@type":"PropertyValueSpecification","valueRequired":true,"valueName":"search_term_string"}}],"inLanguage":"et"}]}},"_links":{"self":[{"href":"https:\/\/lartusihome.com\/et\/wp-json\/wp\/v2\/product\/300625"}],"collection":[{"href":"https:\/\/lartusihome.com\/et\/wp-json\/wp\/v2\/product"}],"about":[{"href":"https:\/\/lartusihome.com\/et\/wp-json\/wp\/v2\/types\/product"}],"wp:featuredmedia":[{"embeddable":true,"href":"https:\/\/lartusihome.com\/et\/wp-json\/wp\/v2\/media\/300616"}],"wp:attachment":[{"href":"https:\/\/lartusihome.com\/et\/wp-json\/wp\/v2\/media?parent=300625"}],"wp:term":[{"taxonomy":"product_cat","embeddable":true,"href":"https:\/\/lartusihome.com\/et\/wp-json\/wp\/v2\/product_cat?post=300625"},{"taxonomy":"product_tag","embeddable":true,"href":"https:\/\/lartusihome.com\/et\/wp-json\/wp\/v2\/product_tag?post=300625"},{"taxonomy":"giftcard-category","embeddable":true,"href":"https:\/\/lartusihome.com\/et\/wp-json\/wp\/v2\/giftcard-category?post=300625"}],"curies":[{"name":"wp","href":"https:\/\/api.w.org\/{rel}","templated":true}]}}