{"id":300620,"date":"2023-03-16T09:29:06","date_gmt":"2023-03-16T07:29:06","guid":{"rendered":"https:\/\/lartusihome.com\/product\/brus-carbonator-bronze\/"},"modified":"2023-05-14T13:49:57","modified_gmt":"2023-05-14T10:49:57","slug":"brus-carbonator-bronze","status":"publish","type":"product","link":"https:\/\/lartusihome.com\/et\/toode\/brus-carbonator-bronze\/","title":{"rendered":"Brus mulliveemasin, Bronze"},"content":{"rendered":"<p id=\"tw-target-text\" class=\"tw-data-text tw-text-large tw-ta\" dir=\"ltr\" data-placeholder=\"T\u00f5lge\"><span class=\"Y2IQFc\" lang=\"et\">Brus mulliveemasinaga saad s\u00e4\u00e4sta keskkonda mittevajaliku plasti eest valmistades ise korduvkasutatavates pudelites mullivett v\u00f5i limonaadi. Brusi disainer S\u00f8ren Refsgaard on tuntud oma puhta ja funktsionaalse disaini poolest, kust on eemaldatud k\u00f5ik \u00fcleliigsed elemendid. <\/span><\/p>\n<p class=\"tw-data-text tw-text-large tw-ta\" dir=\"ltr\" data-placeholder=\"T\u00f5lge\"><span class=\"Y2IQFc\" lang=\"et\">Pakis on kaasas 1 Brus pudel<\/span><\/p>\n<p class=\"tw-data-text tw-text-large tw-ta\" dir=\"ltr\" data-placeholder=\"T\u00f5lge\"><span class=\"Y2IQFc\" lang=\"et\">Reguleerige karboniseerituse taset vastavalt oma maitsele <\/span><\/p>\n<p class=\"tw-data-text tw-text-large tw-ta\" dir=\"ltr\" data-placeholder=\"T\u00f5lge\"><span class=\"Y2IQFc\" lang=\"et\">Stiilne Taani <\/span><span class=\"Y2IQFc\" lang=\"et\">disain <\/span><\/p>\n<p class=\"tw-data-text tw-text-large tw-ta\" dir=\"ltr\" data-placeholder=\"T\u00f5lge\"><span class=\"Y2IQFc\" lang=\"et\">Pikkus: 22 cm <\/span><\/p>\n<p class=\"tw-data-text tw-text-large tw-ta\" dir=\"ltr\" data-placeholder=\"T\u00f5lge\"><span class=\"Y2IQFc\" lang=\"et\">K\u00f5rgus: 42 cm <\/span><\/p>\n<p class=\"tw-data-text tw-text-large tw-ta\" dir=\"ltr\" data-placeholder=\"T\u00f5lge\"><span class=\"Y2IQFc\" lang=\"et\">Laius: 11,5 cm<\/span><\/p>\n<p dir=\"ltr\" data-placeholder=\"T\u00f5lge\">CO2 balloon ei kuulu komplekti<\/p>\n","protected":false},"excerpt":{"rendered":"<p>Brus mulliveemasinaga saad s\u00e4\u00e4sta keskkonda mittevajaliku plasti eest valmistades ise korduvkasutatavates pudelites mullivett v\u00f5i limonaadi. Brusi disainer S\u00f8ren Refsgaard on tuntud oma puhta ja funktsionaalse disaini poolest, kust on eemaldatud k\u00f5ik \u00fcleliigsed elemendid. Pakis on kaasas 1 Brus pudel Reguleerige karboniseerituse taset vastavalt oma maitsele Stiilne Taani disain Pikkus: 22 cm K\u00f5rgus: 42 cm Laius:&hellip;<\/p>\n","protected":false},"featured_media":300608,"template":"","meta":{"_acf_changed":false,"inline_featured_image":false},"product_cat":[25276,3588,15419],"product_tag":[],"giftcard-category":[],"class_list":{"0":"post-300620","1":"product","2":"type-product","3":"status-publish","4":"has-post-thumbnail","6":"product_cat-mulliveemasinad","7":"product_cat-kook","8":"product_cat-koogitehnika","9":"pa_brand-stelton","10":"pa_collection-brus","12":"first","13":"outofstock","14":"shipping-taxable","15":"purchasable","16":"product-type-simple"},"acf":[],"yoast_head":"<!-- This site is optimized with the Yoast SEO plugin v25.6 - https:\/\/yoast.com\/wordpress\/plugins\/seo\/ -->\n<title>Brus mulliveemasin, Bronze - Lartusihome.com<\/title>\n<meta name=\"robots\" content=\"index, follow, max-snippet:-1, max-image-preview:large, max-video-preview:-1\" \/>\n<link rel=\"canonical\" href=\"https:\/\/lartusihome.com\/et\/toode\/brus-carbonator-bronze\/\" \/>\n<meta property=\"og:locale\" content=\"et_EE\" \/>\n<meta property=\"og:type\" content=\"article\" \/>\n<meta property=\"og:title\" content=\"Brus mulliveemasin, Bronze - Lartusihome.com\" \/>\n<meta property=\"og:description\" content=\"Brus mulliveemasinaga saad s\u00e4\u00e4sta keskkonda mittevajaliku plasti eest valmistades ise korduvkasutatavates pudelites mullivett v\u00f5i limonaadi. Brusi disainer S\u00f8ren Refsgaard on tuntud oma puhta ja funktsionaalse disaini poolest, kust on eemaldatud k\u00f5ik \u00fcleliigsed elemendid. Pakis on kaasas 1 Brus pudel Reguleerige karboniseerituse taset vastavalt oma maitsele Stiilne Taani disain Pikkus: 22 cm K\u00f5rgus: 42 cm Laius:&hellip;\" \/>\n<meta property=\"og:url\" content=\"https:\/\/lartusihome.com\/et\/toode\/brus-carbonator-bronze\/\" \/>\n<meta property=\"og:site_name\" content=\"Lartusihome.com\" \/>\n<meta property=\"article:publisher\" content=\"https:\/\/www.facebook.com\/lartusihome\/\" \/>\n<meta property=\"article:modified_time\" content=\"2023-05-14T10:49:57+00:00\" \/>\n<meta property=\"og:image\" content=\"https:\/\/lartusihome.com\/wp-content\/uploads\/2023\/03\/OL_2100-2_Brus_carbonator_bronze_metallic_1.jpg\" \/>\n\t<meta property=\"og:image:width\" content=\"2000\" \/>\n\t<meta property=\"og:image:height\" content=\"2000\" \/>\n\t<meta property=\"og:image:type\" content=\"image\/jpeg\" \/>\n<meta name=\"twitter:card\" content=\"summary_large_image\" \/>\n<meta name=\"twitter:label1\" content=\"Est. reading time\" \/>\n\t<meta name=\"twitter:data1\" content=\"1 minut\" \/>\n<script type=\"application\/ld+json\" class=\"yoast-schema-graph\">{\"@context\":\"https:\/\/schema.org\",\"@graph\":[{\"@type\":\"WebPage\",\"@id\":\"https:\/\/lartusihome.com\/et\/toode\/brus-carbonator-bronze\/\",\"url\":\"https:\/\/lartusihome.com\/et\/toode\/brus-carbonator-bronze\/\",\"name\":\"Brus mulliveemasin, Bronze - Lartusihome.com\",\"isPartOf\":{\"@id\":\"https:\/\/lartusihome.com\/et\/#website\"},\"primaryImageOfPage\":{\"@id\":\"https:\/\/lartusihome.com\/et\/toode\/brus-carbonator-bronze\/#primaryimage\"},\"image\":{\"@id\":\"https:\/\/lartusihome.com\/et\/toode\/brus-carbonator-bronze\/#primaryimage\"},\"thumbnailUrl\":\"https:\/\/lartusihome.com\/wp-content\/uploads\/2023\/03\/OL_2100-2_Brus_carbonator_bronze_metallic_1.jpg\",\"datePublished\":\"2023-03-16T07:29:06+00:00\",\"dateModified\":\"2023-05-14T10:49:57+00:00\",\"breadcrumb\":{\"@id\":\"https:\/\/lartusihome.com\/et\/toode\/brus-carbonator-bronze\/#breadcrumb\"},\"inLanguage\":\"et\",\"potentialAction\":[{\"@type\":\"ReadAction\",\"target\":[\"https:\/\/lartusihome.com\/et\/toode\/brus-carbonator-bronze\/\"]}]},{\"@type\":\"ImageObject\",\"inLanguage\":\"et\",\"@id\":\"https:\/\/lartusihome.com\/et\/toode\/brus-carbonator-bronze\/#primaryimage\",\"url\":\"https:\/\/lartusihome.com\/wp-content\/uploads\/2023\/03\/OL_2100-2_Brus_carbonator_bronze_metallic_1.jpg\",\"contentUrl\":\"https:\/\/lartusihome.com\/wp-content\/uploads\/2023\/03\/OL_2100-2_Brus_carbonator_bronze_metallic_1.jpg\",\"width\":2000,\"height\":2000},{\"@type\":\"BreadcrumbList\",\"@id\":\"https:\/\/lartusihome.com\/et\/toode\/brus-carbonator-bronze\/#breadcrumb\",\"itemListElement\":[{\"@type\":\"ListItem\",\"position\":1,\"name\":\"Home\",\"item\":\"https:\/\/lartusihome.com\/et\/\"},{\"@type\":\"ListItem\",\"position\":2,\"name\":\"Pood\",\"item\":\"https:\/\/lartusihome.com\/et\/pood\/\"},{\"@type\":\"ListItem\",\"position\":3,\"name\":\"Brus mulliveemasin, Bronze\"}]},{\"@type\":\"WebSite\",\"@id\":\"https:\/\/lartusihome.com\/et\/#website\",\"url\":\"https:\/\/lartusihome.com\/et\/\",\"name\":\"Lartusihome.com\",\"description\":\"Kodu \/ sisustus\",\"potentialAction\":[{\"@type\":\"SearchAction\",\"target\":{\"@type\":\"EntryPoint\",\"urlTemplate\":\"https:\/\/lartusihome.com\/et\/?s={search_term_string}\"},\"query-input\":{\"@type\":\"PropertyValueSpecification\",\"valueRequired\":true,\"valueName\":\"search_term_string\"}}],\"inLanguage\":\"et\"}]}<\/script>\n<!-- \/ Yoast SEO plugin. -->","yoast_head_json":{"title":"Brus mulliveemasin, Bronze - Lartusihome.com","robots":{"index":"index","follow":"follow","max-snippet":"max-snippet:-1","max-image-preview":"max-image-preview:large","max-video-preview":"max-video-preview:-1"},"canonical":"https:\/\/lartusihome.com\/et\/toode\/brus-carbonator-bronze\/","og_locale":"et_EE","og_type":"article","og_title":"Brus mulliveemasin, Bronze - Lartusihome.com","og_description":"Brus mulliveemasinaga saad s\u00e4\u00e4sta keskkonda mittevajaliku plasti eest valmistades ise korduvkasutatavates pudelites mullivett v\u00f5i limonaadi. Brusi disainer S\u00f8ren Refsgaard on tuntud oma puhta ja funktsionaalse disaini poolest, kust on eemaldatud k\u00f5ik \u00fcleliigsed elemendid. Pakis on kaasas 1 Brus pudel Reguleerige karboniseerituse taset vastavalt oma maitsele Stiilne Taani disain Pikkus: 22 cm K\u00f5rgus: 42 cm Laius:&hellip;","og_url":"https:\/\/lartusihome.com\/et\/toode\/brus-carbonator-bronze\/","og_site_name":"Lartusihome.com","article_publisher":"https:\/\/www.facebook.com\/lartusihome\/","article_modified_time":"2023-05-14T10:49:57+00:00","og_image":[{"width":2000,"height":2000,"url":"https:\/\/lartusihome.com\/wp-content\/uploads\/2023\/03\/OL_2100-2_Brus_carbonator_bronze_metallic_1.jpg","type":"image\/jpeg"}],"twitter_card":"summary_large_image","twitter_misc":{"Est. reading time":"1 minut"},"schema":{"@context":"https:\/\/schema.org","@graph":[{"@type":"WebPage","@id":"https:\/\/lartusihome.com\/et\/toode\/brus-carbonator-bronze\/","url":"https:\/\/lartusihome.com\/et\/toode\/brus-carbonator-bronze\/","name":"Brus mulliveemasin, Bronze - Lartusihome.com","isPartOf":{"@id":"https:\/\/lartusihome.com\/et\/#website"},"primaryImageOfPage":{"@id":"https:\/\/lartusihome.com\/et\/toode\/brus-carbonator-bronze\/#primaryimage"},"image":{"@id":"https:\/\/lartusihome.com\/et\/toode\/brus-carbonator-bronze\/#primaryimage"},"thumbnailUrl":"https:\/\/lartusihome.com\/wp-content\/uploads\/2023\/03\/OL_2100-2_Brus_carbonator_bronze_metallic_1.jpg","datePublished":"2023-03-16T07:29:06+00:00","dateModified":"2023-05-14T10:49:57+00:00","breadcrumb":{"@id":"https:\/\/lartusihome.com\/et\/toode\/brus-carbonator-bronze\/#breadcrumb"},"inLanguage":"et","potentialAction":[{"@type":"ReadAction","target":["https:\/\/lartusihome.com\/et\/toode\/brus-carbonator-bronze\/"]}]},{"@type":"ImageObject","inLanguage":"et","@id":"https:\/\/lartusihome.com\/et\/toode\/brus-carbonator-bronze\/#primaryimage","url":"https:\/\/lartusihome.com\/wp-content\/uploads\/2023\/03\/OL_2100-2_Brus_carbonator_bronze_metallic_1.jpg","contentUrl":"https:\/\/lartusihome.com\/wp-content\/uploads\/2023\/03\/OL_2100-2_Brus_carbonator_bronze_metallic_1.jpg","width":2000,"height":2000},{"@type":"BreadcrumbList","@id":"https:\/\/lartusihome.com\/et\/toode\/brus-carbonator-bronze\/#breadcrumb","itemListElement":[{"@type":"ListItem","position":1,"name":"Home","item":"https:\/\/lartusihome.com\/et\/"},{"@type":"ListItem","position":2,"name":"Pood","item":"https:\/\/lartusihome.com\/et\/pood\/"},{"@type":"ListItem","position":3,"name":"Brus mulliveemasin, Bronze"}]},{"@type":"WebSite","@id":"https:\/\/lartusihome.com\/et\/#website","url":"https:\/\/lartusihome.com\/et\/","name":"Lartusihome.com","description":"Kodu \/ sisustus","potentialAction":[{"@type":"SearchAction","target":{"@type":"EntryPoint","urlTemplate":"https:\/\/lartusihome.com\/et\/?s={search_term_string}"},"query-input":{"@type":"PropertyValueSpecification","valueRequired":true,"valueName":"search_term_string"}}],"inLanguage":"et"}]}},"_links":{"self":[{"href":"https:\/\/lartusihome.com\/et\/wp-json\/wp\/v2\/product\/300620"}],"collection":[{"href":"https:\/\/lartusihome.com\/et\/wp-json\/wp\/v2\/product"}],"about":[{"href":"https:\/\/lartusihome.com\/et\/wp-json\/wp\/v2\/types\/product"}],"wp:featuredmedia":[{"embeddable":true,"href":"https:\/\/lartusihome.com\/et\/wp-json\/wp\/v2\/media\/300608"}],"wp:attachment":[{"href":"https:\/\/lartusihome.com\/et\/wp-json\/wp\/v2\/media?parent=300620"}],"wp:term":[{"taxonomy":"product_cat","embeddable":true,"href":"https:\/\/lartusihome.com\/et\/wp-json\/wp\/v2\/product_cat?post=300620"},{"taxonomy":"product_tag","embeddable":true,"href":"https:\/\/lartusihome.com\/et\/wp-json\/wp\/v2\/product_tag?post=300620"},{"taxonomy":"giftcard-category","embeddable":true,"href":"https:\/\/lartusihome.com\/et\/wp-json\/wp\/v2\/giftcard-category?post=300620"}],"curies":[{"name":"wp","href":"https:\/\/api.w.org\/{rel}","templated":true}]}}