{"id":300559,"date":"2024-03-18T11:50:53","date_gmt":"2024-03-18T09:50:53","guid":{"rendered":"https:\/\/lartusihome.com\/product\/all-colors-laundry-detergent-750ml\/"},"modified":"2024-03-18T11:50:56","modified_gmt":"2024-03-18T09:50:56","slug":"all-colors-laundry-detergent-750ml","status":"publish","type":"product","link":"https:\/\/lartusihome.com\/et\/toode\/all-colors-laundry-detergent-750ml\/","title":{"rendered":"All Colors pesugeel 750ml"},"content":{"rendered":"<p>Myrrh &amp; Ylang-ylang<\/p>\n<p>Juba 20\u00b0C juures eemaldab mustuse ja bakterid. Madalamal temperatuuril pesemine pikendab riiete eluiga ning s\u00e4\u00e4stab vett ja energiat.<\/p>\n<p>S\u00e4ilitab v\u00e4rvid<\/p>\n<p>Sobib k\u00f5ikidele materjalidele peale villa ja siidi<\/p>\n<p>Ei sisalda v\u00e4rvaineid, tseoliite ega fosfaate<\/p>\n<p>V\u00e4ga kontsentreeritud (19\u201325 pesukorda)<\/p>\n<p>Pudel on valmistatud 100% taaskasutatud PET-st<\/p>\n<p>Koostis: vesi &gt;10%, laureet-7 5-15%, naatriumlauretsulfaat 5-15%, prop\u00fcleengl\u00fckool &lt;5%, naatriumtsitraat &lt;5%, palmituuma\u00f5li &lt;5%, trinaatriumdikarboks\u00fcmet\u00fc\u00fclalaninaat, &lt;0,5 % naatrium &lt;5%, fenoks\u00fcetanool &lt;5%, parf\u00fc\u00fcm &lt;5%, subtilisiin &lt;1%, naatriumkarboks\u00fcmet\u00fc\u00fclinuliin, naatriumoks\u00fcdiatsetaat &lt;1%, sidrunhape &lt;1%, naatriumh\u00fcdroksiid &lt;1%, pektaatl\u00fcaas &lt;1%, mannaas &lt;1%, lipaas &lt;1%, am\u00fclaas &lt;1%, tsellulaas &lt;1%, pol\u00fcvin\u00fc\u00fclp\u00fcridiin-N-oksiid &lt;1%<\/p>\n<p>&nbsp;<\/p>\n<p>&nbsp;<\/p>\n","protected":false},"excerpt":{"rendered":"<p>Myrrh &amp; Ylang-ylang Juba 20\u00b0C juures eemaldab mustuse ja bakterid. Madalamal temperatuuril pesemine pikendab riiete eluiga ning s\u00e4\u00e4stab vett ja energiat. S\u00e4ilitab v\u00e4rvid Sobib k\u00f5ikidele materjalidele peale villa ja siidi Ei sisalda v\u00e4rvaineid, tseoliite ega fosfaate V\u00e4ga kontsentreeritud (19\u201325 pesukorda) Pudel on valmistatud 100% taaskasutatud PET-st Koostis: vesi &gt;10%, laureet-7 5-15%, naatriumlauretsulfaat 5-15%, prop\u00fcleengl\u00fckool &lt;5%,&hellip;<\/p>\n","protected":false},"featured_media":300290,"template":"","meta":{"_acf_changed":false,"inline_featured_image":false},"product_cat":[24243,4518],"product_tag":[],"giftcard-category":[],"class_list":{"0":"post-300559","1":"product","2":"type-product","3":"status-publish","4":"has-post-thumbnail","6":"product_cat-roivahooldus","7":"product_cat-vannituba","8":"pa_brand-steamery-et","10":"first","11":"outofstock","12":"shipping-taxable","13":"purchasable","14":"product-type-simple"},"acf":[],"yoast_head":"<!-- This site is optimized with the Yoast SEO plugin v25.6 - https:\/\/yoast.com\/wordpress\/plugins\/seo\/ -->\n<title>All Colors pesugeel 750ml - Lartusihome.com<\/title>\n<meta name=\"robots\" content=\"index, follow, max-snippet:-1, max-image-preview:large, max-video-preview:-1\" \/>\n<link rel=\"canonical\" href=\"https:\/\/lartusihome.com\/et\/toode\/all-colors-laundry-detergent-750ml\/\" \/>\n<meta property=\"og:locale\" content=\"et_EE\" \/>\n<meta property=\"og:type\" content=\"article\" \/>\n<meta property=\"og:title\" content=\"All Colors pesugeel 750ml - Lartusihome.com\" \/>\n<meta property=\"og:description\" content=\"Myrrh &amp; Ylang-ylang Juba 20\u00b0C juures eemaldab mustuse ja bakterid. Madalamal temperatuuril pesemine pikendab riiete eluiga ning s\u00e4\u00e4stab vett ja energiat. S\u00e4ilitab v\u00e4rvid Sobib k\u00f5ikidele materjalidele peale villa ja siidi Ei sisalda v\u00e4rvaineid, tseoliite ega fosfaate V\u00e4ga kontsentreeritud (19\u201325 pesukorda) Pudel on valmistatud 100% taaskasutatud PET-st Koostis: vesi &gt;10%, laureet-7 5-15%, naatriumlauretsulfaat 5-15%, prop\u00fcleengl\u00fckool &lt;5%,&hellip;\" \/>\n<meta property=\"og:url\" content=\"https:\/\/lartusihome.com\/et\/toode\/all-colors-laundry-detergent-750ml\/\" \/>\n<meta property=\"og:site_name\" content=\"Lartusihome.com\" \/>\n<meta property=\"article:publisher\" content=\"https:\/\/www.facebook.com\/lartusihome\/\" \/>\n<meta property=\"article:modified_time\" content=\"2024-03-18T09:50:56+00:00\" \/>\n<meta property=\"og:image\" content=\"https:\/\/lartusihome.com\/wp-content\/uploads\/2023\/03\/all-color_packshot.jpg\" \/>\n\t<meta property=\"og:image:width\" content=\"2000\" \/>\n\t<meta property=\"og:image:height\" content=\"2000\" \/>\n\t<meta property=\"og:image:type\" content=\"image\/jpeg\" \/>\n<meta name=\"twitter:card\" content=\"summary_large_image\" \/>\n<meta name=\"twitter:label1\" content=\"Est. reading time\" \/>\n\t<meta name=\"twitter:data1\" content=\"1 minut\" \/>\n<script type=\"application\/ld+json\" class=\"yoast-schema-graph\">{\"@context\":\"https:\/\/schema.org\",\"@graph\":[{\"@type\":\"WebPage\",\"@id\":\"https:\/\/lartusihome.com\/et\/toode\/all-colors-laundry-detergent-750ml\/\",\"url\":\"https:\/\/lartusihome.com\/et\/toode\/all-colors-laundry-detergent-750ml\/\",\"name\":\"All Colors pesugeel 750ml - Lartusihome.com\",\"isPartOf\":{\"@id\":\"https:\/\/lartusihome.com\/et\/#website\"},\"primaryImageOfPage\":{\"@id\":\"https:\/\/lartusihome.com\/et\/toode\/all-colors-laundry-detergent-750ml\/#primaryimage\"},\"image\":{\"@id\":\"https:\/\/lartusihome.com\/et\/toode\/all-colors-laundry-detergent-750ml\/#primaryimage\"},\"thumbnailUrl\":\"https:\/\/lartusihome.com\/wp-content\/uploads\/2023\/03\/all-color_packshot.jpg\",\"datePublished\":\"2024-03-18T09:50:53+00:00\",\"dateModified\":\"2024-03-18T09:50:56+00:00\",\"breadcrumb\":{\"@id\":\"https:\/\/lartusihome.com\/et\/toode\/all-colors-laundry-detergent-750ml\/#breadcrumb\"},\"inLanguage\":\"et\",\"potentialAction\":[{\"@type\":\"ReadAction\",\"target\":[\"https:\/\/lartusihome.com\/et\/toode\/all-colors-laundry-detergent-750ml\/\"]}]},{\"@type\":\"ImageObject\",\"inLanguage\":\"et\",\"@id\":\"https:\/\/lartusihome.com\/et\/toode\/all-colors-laundry-detergent-750ml\/#primaryimage\",\"url\":\"https:\/\/lartusihome.com\/wp-content\/uploads\/2023\/03\/all-color_packshot.jpg\",\"contentUrl\":\"https:\/\/lartusihome.com\/wp-content\/uploads\/2023\/03\/all-color_packshot.jpg\",\"width\":2000,\"height\":2000},{\"@type\":\"BreadcrumbList\",\"@id\":\"https:\/\/lartusihome.com\/et\/toode\/all-colors-laundry-detergent-750ml\/#breadcrumb\",\"itemListElement\":[{\"@type\":\"ListItem\",\"position\":1,\"name\":\"Home\",\"item\":\"https:\/\/lartusihome.com\/et\/\"},{\"@type\":\"ListItem\",\"position\":2,\"name\":\"Pood\",\"item\":\"https:\/\/lartusihome.com\/et\/pood\/\"},{\"@type\":\"ListItem\",\"position\":3,\"name\":\"All Colors pesugeel 750ml\"}]},{\"@type\":\"WebSite\",\"@id\":\"https:\/\/lartusihome.com\/et\/#website\",\"url\":\"https:\/\/lartusihome.com\/et\/\",\"name\":\"Lartusihome.com\",\"description\":\"Kodu \/ sisustus\",\"potentialAction\":[{\"@type\":\"SearchAction\",\"target\":{\"@type\":\"EntryPoint\",\"urlTemplate\":\"https:\/\/lartusihome.com\/et\/?s={search_term_string}\"},\"query-input\":{\"@type\":\"PropertyValueSpecification\",\"valueRequired\":true,\"valueName\":\"search_term_string\"}}],\"inLanguage\":\"et\"}]}<\/script>\n<!-- \/ Yoast SEO plugin. -->","yoast_head_json":{"title":"All Colors pesugeel 750ml - Lartusihome.com","robots":{"index":"index","follow":"follow","max-snippet":"max-snippet:-1","max-image-preview":"max-image-preview:large","max-video-preview":"max-video-preview:-1"},"canonical":"https:\/\/lartusihome.com\/et\/toode\/all-colors-laundry-detergent-750ml\/","og_locale":"et_EE","og_type":"article","og_title":"All Colors pesugeel 750ml - Lartusihome.com","og_description":"Myrrh &amp; Ylang-ylang Juba 20\u00b0C juures eemaldab mustuse ja bakterid. Madalamal temperatuuril pesemine pikendab riiete eluiga ning s\u00e4\u00e4stab vett ja energiat. S\u00e4ilitab v\u00e4rvid Sobib k\u00f5ikidele materjalidele peale villa ja siidi Ei sisalda v\u00e4rvaineid, tseoliite ega fosfaate V\u00e4ga kontsentreeritud (19\u201325 pesukorda) Pudel on valmistatud 100% taaskasutatud PET-st Koostis: vesi &gt;10%, laureet-7 5-15%, naatriumlauretsulfaat 5-15%, prop\u00fcleengl\u00fckool &lt;5%,&hellip;","og_url":"https:\/\/lartusihome.com\/et\/toode\/all-colors-laundry-detergent-750ml\/","og_site_name":"Lartusihome.com","article_publisher":"https:\/\/www.facebook.com\/lartusihome\/","article_modified_time":"2024-03-18T09:50:56+00:00","og_image":[{"width":2000,"height":2000,"url":"https:\/\/lartusihome.com\/wp-content\/uploads\/2023\/03\/all-color_packshot.jpg","type":"image\/jpeg"}],"twitter_card":"summary_large_image","twitter_misc":{"Est. reading time":"1 minut"},"schema":{"@context":"https:\/\/schema.org","@graph":[{"@type":"WebPage","@id":"https:\/\/lartusihome.com\/et\/toode\/all-colors-laundry-detergent-750ml\/","url":"https:\/\/lartusihome.com\/et\/toode\/all-colors-laundry-detergent-750ml\/","name":"All Colors pesugeel 750ml - Lartusihome.com","isPartOf":{"@id":"https:\/\/lartusihome.com\/et\/#website"},"primaryImageOfPage":{"@id":"https:\/\/lartusihome.com\/et\/toode\/all-colors-laundry-detergent-750ml\/#primaryimage"},"image":{"@id":"https:\/\/lartusihome.com\/et\/toode\/all-colors-laundry-detergent-750ml\/#primaryimage"},"thumbnailUrl":"https:\/\/lartusihome.com\/wp-content\/uploads\/2023\/03\/all-color_packshot.jpg","datePublished":"2024-03-18T09:50:53+00:00","dateModified":"2024-03-18T09:50:56+00:00","breadcrumb":{"@id":"https:\/\/lartusihome.com\/et\/toode\/all-colors-laundry-detergent-750ml\/#breadcrumb"},"inLanguage":"et","potentialAction":[{"@type":"ReadAction","target":["https:\/\/lartusihome.com\/et\/toode\/all-colors-laundry-detergent-750ml\/"]}]},{"@type":"ImageObject","inLanguage":"et","@id":"https:\/\/lartusihome.com\/et\/toode\/all-colors-laundry-detergent-750ml\/#primaryimage","url":"https:\/\/lartusihome.com\/wp-content\/uploads\/2023\/03\/all-color_packshot.jpg","contentUrl":"https:\/\/lartusihome.com\/wp-content\/uploads\/2023\/03\/all-color_packshot.jpg","width":2000,"height":2000},{"@type":"BreadcrumbList","@id":"https:\/\/lartusihome.com\/et\/toode\/all-colors-laundry-detergent-750ml\/#breadcrumb","itemListElement":[{"@type":"ListItem","position":1,"name":"Home","item":"https:\/\/lartusihome.com\/et\/"},{"@type":"ListItem","position":2,"name":"Pood","item":"https:\/\/lartusihome.com\/et\/pood\/"},{"@type":"ListItem","position":3,"name":"All Colors pesugeel 750ml"}]},{"@type":"WebSite","@id":"https:\/\/lartusihome.com\/et\/#website","url":"https:\/\/lartusihome.com\/et\/","name":"Lartusihome.com","description":"Kodu \/ sisustus","potentialAction":[{"@type":"SearchAction","target":{"@type":"EntryPoint","urlTemplate":"https:\/\/lartusihome.com\/et\/?s={search_term_string}"},"query-input":{"@type":"PropertyValueSpecification","valueRequired":true,"valueName":"search_term_string"}}],"inLanguage":"et"}]}},"_links":{"self":[{"href":"https:\/\/lartusihome.com\/et\/wp-json\/wp\/v2\/product\/300559"}],"collection":[{"href":"https:\/\/lartusihome.com\/et\/wp-json\/wp\/v2\/product"}],"about":[{"href":"https:\/\/lartusihome.com\/et\/wp-json\/wp\/v2\/types\/product"}],"wp:featuredmedia":[{"embeddable":true,"href":"https:\/\/lartusihome.com\/et\/wp-json\/wp\/v2\/media\/300290"}],"wp:attachment":[{"href":"https:\/\/lartusihome.com\/et\/wp-json\/wp\/v2\/media?parent=300559"}],"wp:term":[{"taxonomy":"product_cat","embeddable":true,"href":"https:\/\/lartusihome.com\/et\/wp-json\/wp\/v2\/product_cat?post=300559"},{"taxonomy":"product_tag","embeddable":true,"href":"https:\/\/lartusihome.com\/et\/wp-json\/wp\/v2\/product_tag?post=300559"},{"taxonomy":"giftcard-category","embeddable":true,"href":"https:\/\/lartusihome.com\/et\/wp-json\/wp\/v2\/giftcard-category?post=300559"}],"curies":[{"name":"wp","href":"https:\/\/api.w.org\/{rel}","templated":true}]}}