{"id":300539,"date":"2024-02-12T16:12:22","date_gmt":"2024-02-12T14:12:22","guid":{"rendered":"https:\/\/lartusihome.com\/product\/steam-water-750ml\/"},"modified":"2024-09-13T14:18:33","modified_gmt":"2024-09-13T11:18:33","slug":"steam-water-750ml","status":"publish","type":"product","link":"https:\/\/lartusihome.com\/et\/toode\/steam-water-750ml\/","title":{"rendered":"Destilleeritud vesi 750ml"},"content":{"rendered":"<p>Ei j\u00e4ta teie aurutisse j\u00e4\u00e4ke, mis t\u00e4hendab, et te ei pea seda puhastama<\/p>\n<p>Destilleeritud vett kasutades ei teki aurutisse katlakivi<\/p>\n<p>Kohustuslik, kui elate kareda veega piirkonnas<\/p>\n<p>Sobib suurep\u00e4raselt ka aurutriikraudade ja \u00f5huniisutajate jaoks<\/p>\n","protected":false},"excerpt":{"rendered":"<p>Ei j\u00e4ta teie aurutisse j\u00e4\u00e4ke, mis t\u00e4hendab, et te ei pea seda puhastama Destilleeritud vett kasutades ei teki aurutisse katlakivi Kohustuslik, kui elate kareda veega piirkonnas Sobib suurep\u00e4raselt ka aurutriikraudade ja \u00f5huniisutajate jaoks<\/p>\n","protected":false},"featured_media":300366,"template":"","meta":{"_acf_changed":false,"inline_featured_image":false},"product_cat":[24243,4518],"product_tag":[],"giftcard-category":[],"class_list":{"0":"post-300539","1":"product","2":"type-product","3":"status-publish","4":"has-post-thumbnail","6":"product_cat-roivahooldus","7":"product_cat-vannituba","8":"pa_brand-steamery-et","10":"first","11":"instock","12":"shipping-taxable","13":"purchasable","14":"product-type-simple"},"acf":[],"yoast_head":"<!-- This site is optimized with the Yoast SEO plugin v25.6 - https:\/\/yoast.com\/wordpress\/plugins\/seo\/ -->\n<title>Destilleeritud vesi 750ml - Lartusihome.com<\/title>\n<meta name=\"robots\" content=\"index, follow, max-snippet:-1, max-image-preview:large, max-video-preview:-1\" \/>\n<link rel=\"canonical\" href=\"https:\/\/lartusihome.com\/et\/toode\/steam-water-750ml\/\" \/>\n<meta property=\"og:locale\" content=\"et_EE\" \/>\n<meta property=\"og:type\" content=\"article\" \/>\n<meta property=\"og:title\" content=\"Destilleeritud vesi 750ml - Lartusihome.com\" \/>\n<meta property=\"og:description\" content=\"Ei j\u00e4ta teie aurutisse j\u00e4\u00e4ke, mis t\u00e4hendab, et te ei pea seda puhastama Destilleeritud vett kasutades ei teki aurutisse katlakivi Kohustuslik, kui elate kareda veega piirkonnas Sobib suurep\u00e4raselt ka aurutriikraudade ja \u00f5huniisutajate jaoks\" \/>\n<meta property=\"og:url\" content=\"https:\/\/lartusihome.com\/et\/toode\/steam-water-750ml\/\" \/>\n<meta property=\"og:site_name\" content=\"Lartusihome.com\" \/>\n<meta property=\"article:publisher\" content=\"https:\/\/www.facebook.com\/lartusihome\/\" \/>\n<meta property=\"article:modified_time\" content=\"2024-09-13T11:18:33+00:00\" \/>\n<meta property=\"og:image\" content=\"https:\/\/lartusihome.com\/wp-content\/uploads\/2023\/03\/steam-water-new-bottle.jpg\" \/>\n\t<meta property=\"og:image:width\" content=\"2000\" \/>\n\t<meta property=\"og:image:height\" content=\"2000\" \/>\n\t<meta property=\"og:image:type\" content=\"image\/jpeg\" \/>\n<meta name=\"twitter:card\" content=\"summary_large_image\" \/>\n<meta name=\"twitter:label1\" content=\"Est. reading time\" \/>\n\t<meta name=\"twitter:data1\" content=\"1 minut\" \/>\n<script type=\"application\/ld+json\" class=\"yoast-schema-graph\">{\"@context\":\"https:\/\/schema.org\",\"@graph\":[{\"@type\":\"WebPage\",\"@id\":\"https:\/\/lartusihome.com\/et\/toode\/steam-water-750ml\/\",\"url\":\"https:\/\/lartusihome.com\/et\/toode\/steam-water-750ml\/\",\"name\":\"Destilleeritud vesi 750ml - Lartusihome.com\",\"isPartOf\":{\"@id\":\"https:\/\/lartusihome.com\/et\/#website\"},\"primaryImageOfPage\":{\"@id\":\"https:\/\/lartusihome.com\/et\/toode\/steam-water-750ml\/#primaryimage\"},\"image\":{\"@id\":\"https:\/\/lartusihome.com\/et\/toode\/steam-water-750ml\/#primaryimage\"},\"thumbnailUrl\":\"https:\/\/lartusihome.com\/wp-content\/uploads\/2023\/03\/steam-water-new-bottle.jpg\",\"datePublished\":\"2024-02-12T14:12:22+00:00\",\"dateModified\":\"2024-09-13T11:18:33+00:00\",\"breadcrumb\":{\"@id\":\"https:\/\/lartusihome.com\/et\/toode\/steam-water-750ml\/#breadcrumb\"},\"inLanguage\":\"et\",\"potentialAction\":[{\"@type\":\"ReadAction\",\"target\":[\"https:\/\/lartusihome.com\/et\/toode\/steam-water-750ml\/\"]}]},{\"@type\":\"ImageObject\",\"inLanguage\":\"et\",\"@id\":\"https:\/\/lartusihome.com\/et\/toode\/steam-water-750ml\/#primaryimage\",\"url\":\"https:\/\/lartusihome.com\/wp-content\/uploads\/2023\/03\/steam-water-new-bottle.jpg\",\"contentUrl\":\"https:\/\/lartusihome.com\/wp-content\/uploads\/2023\/03\/steam-water-new-bottle.jpg\",\"width\":2000,\"height\":2000},{\"@type\":\"BreadcrumbList\",\"@id\":\"https:\/\/lartusihome.com\/et\/toode\/steam-water-750ml\/#breadcrumb\",\"itemListElement\":[{\"@type\":\"ListItem\",\"position\":1,\"name\":\"Home\",\"item\":\"https:\/\/lartusihome.com\/et\/\"},{\"@type\":\"ListItem\",\"position\":2,\"name\":\"Pood\",\"item\":\"https:\/\/lartusihome.com\/et\/pood\/\"},{\"@type\":\"ListItem\",\"position\":3,\"name\":\"Destilleeritud vesi 750ml\"}]},{\"@type\":\"WebSite\",\"@id\":\"https:\/\/lartusihome.com\/et\/#website\",\"url\":\"https:\/\/lartusihome.com\/et\/\",\"name\":\"Lartusihome.com\",\"description\":\"Kodu \/ sisustus\",\"potentialAction\":[{\"@type\":\"SearchAction\",\"target\":{\"@type\":\"EntryPoint\",\"urlTemplate\":\"https:\/\/lartusihome.com\/et\/?s={search_term_string}\"},\"query-input\":{\"@type\":\"PropertyValueSpecification\",\"valueRequired\":true,\"valueName\":\"search_term_string\"}}],\"inLanguage\":\"et\"}]}<\/script>\n<!-- \/ Yoast SEO plugin. -->","yoast_head_json":{"title":"Destilleeritud vesi 750ml - Lartusihome.com","robots":{"index":"index","follow":"follow","max-snippet":"max-snippet:-1","max-image-preview":"max-image-preview:large","max-video-preview":"max-video-preview:-1"},"canonical":"https:\/\/lartusihome.com\/et\/toode\/steam-water-750ml\/","og_locale":"et_EE","og_type":"article","og_title":"Destilleeritud vesi 750ml - Lartusihome.com","og_description":"Ei j\u00e4ta teie aurutisse j\u00e4\u00e4ke, mis t\u00e4hendab, et te ei pea seda puhastama Destilleeritud vett kasutades ei teki aurutisse katlakivi Kohustuslik, kui elate kareda veega piirkonnas Sobib suurep\u00e4raselt ka aurutriikraudade ja \u00f5huniisutajate jaoks","og_url":"https:\/\/lartusihome.com\/et\/toode\/steam-water-750ml\/","og_site_name":"Lartusihome.com","article_publisher":"https:\/\/www.facebook.com\/lartusihome\/","article_modified_time":"2024-09-13T11:18:33+00:00","og_image":[{"width":2000,"height":2000,"url":"https:\/\/lartusihome.com\/wp-content\/uploads\/2023\/03\/steam-water-new-bottle.jpg","type":"image\/jpeg"}],"twitter_card":"summary_large_image","twitter_misc":{"Est. reading time":"1 minut"},"schema":{"@context":"https:\/\/schema.org","@graph":[{"@type":"WebPage","@id":"https:\/\/lartusihome.com\/et\/toode\/steam-water-750ml\/","url":"https:\/\/lartusihome.com\/et\/toode\/steam-water-750ml\/","name":"Destilleeritud vesi 750ml - Lartusihome.com","isPartOf":{"@id":"https:\/\/lartusihome.com\/et\/#website"},"primaryImageOfPage":{"@id":"https:\/\/lartusihome.com\/et\/toode\/steam-water-750ml\/#primaryimage"},"image":{"@id":"https:\/\/lartusihome.com\/et\/toode\/steam-water-750ml\/#primaryimage"},"thumbnailUrl":"https:\/\/lartusihome.com\/wp-content\/uploads\/2023\/03\/steam-water-new-bottle.jpg","datePublished":"2024-02-12T14:12:22+00:00","dateModified":"2024-09-13T11:18:33+00:00","breadcrumb":{"@id":"https:\/\/lartusihome.com\/et\/toode\/steam-water-750ml\/#breadcrumb"},"inLanguage":"et","potentialAction":[{"@type":"ReadAction","target":["https:\/\/lartusihome.com\/et\/toode\/steam-water-750ml\/"]}]},{"@type":"ImageObject","inLanguage":"et","@id":"https:\/\/lartusihome.com\/et\/toode\/steam-water-750ml\/#primaryimage","url":"https:\/\/lartusihome.com\/wp-content\/uploads\/2023\/03\/steam-water-new-bottle.jpg","contentUrl":"https:\/\/lartusihome.com\/wp-content\/uploads\/2023\/03\/steam-water-new-bottle.jpg","width":2000,"height":2000},{"@type":"BreadcrumbList","@id":"https:\/\/lartusihome.com\/et\/toode\/steam-water-750ml\/#breadcrumb","itemListElement":[{"@type":"ListItem","position":1,"name":"Home","item":"https:\/\/lartusihome.com\/et\/"},{"@type":"ListItem","position":2,"name":"Pood","item":"https:\/\/lartusihome.com\/et\/pood\/"},{"@type":"ListItem","position":3,"name":"Destilleeritud vesi 750ml"}]},{"@type":"WebSite","@id":"https:\/\/lartusihome.com\/et\/#website","url":"https:\/\/lartusihome.com\/et\/","name":"Lartusihome.com","description":"Kodu \/ sisustus","potentialAction":[{"@type":"SearchAction","target":{"@type":"EntryPoint","urlTemplate":"https:\/\/lartusihome.com\/et\/?s={search_term_string}"},"query-input":{"@type":"PropertyValueSpecification","valueRequired":true,"valueName":"search_term_string"}}],"inLanguage":"et"}]}},"_links":{"self":[{"href":"https:\/\/lartusihome.com\/et\/wp-json\/wp\/v2\/product\/300539"}],"collection":[{"href":"https:\/\/lartusihome.com\/et\/wp-json\/wp\/v2\/product"}],"about":[{"href":"https:\/\/lartusihome.com\/et\/wp-json\/wp\/v2\/types\/product"}],"wp:featuredmedia":[{"embeddable":true,"href":"https:\/\/lartusihome.com\/et\/wp-json\/wp\/v2\/media\/300366"}],"wp:attachment":[{"href":"https:\/\/lartusihome.com\/et\/wp-json\/wp\/v2\/media?parent=300539"}],"wp:term":[{"taxonomy":"product_cat","embeddable":true,"href":"https:\/\/lartusihome.com\/et\/wp-json\/wp\/v2\/product_cat?post=300539"},{"taxonomy":"product_tag","embeddable":true,"href":"https:\/\/lartusihome.com\/et\/wp-json\/wp\/v2\/product_tag?post=300539"},{"taxonomy":"giftcard-category","embeddable":true,"href":"https:\/\/lartusihome.com\/et\/wp-json\/wp\/v2\/giftcard-category?post=300539"}],"curies":[{"name":"wp","href":"https:\/\/api.w.org\/{rel}","templated":true}]}}