{"id":295635,"date":"2024-02-16T17:36:40","date_gmt":"2024-02-16T15:36:40","guid":{"rendered":"https:\/\/lartusihome.com\/?post_type=product&#038;p=295635"},"modified":"2024-03-07T15:32:33","modified_gmt":"2024-03-07T13:32:33","slug":"black-sheep-fine-riiv","status":"publish","type":"product","link":"https:\/\/lartusihome.com\/et\/toode\/black-sheep-fine-riiv\/","title":{"rendered":"Black Sheep Fine riiv"},"content":{"rendered":"<p>Sobib ideaalselt k\u00f5ikide tsitrusviljade jaoks ning sobib suurep\u00e4raselt ka nt sibula, k\u00fc\u00fcslaugu ja ingveri peeneks pastaks riivimiseks. Samuti muudab riiv parmesani ja muud k\u00f5vad juustud kohevaks pilveks pasta ja muude soolaste roogade kaunistamiseks.<\/p>\n<p>v\u00e4ga terav roostevabast terasest tera \u2013 valmistatud USA-s<\/p>\n<p>valmistatud roostevabast terasest<\/p>\n<p>mati musta PVD-kattega<\/p>\n<p>kaasas ka kaitsekate (ei ole n\u00f5udepesumasinas pestav)<\/p>\n<p>m\u00f5\u00f5dud: 30 cm x 6,8 cm x 1,5 cm<\/p>\n<p>riivi osa: 13,6 x 5,7 cm<\/p>\n<p>mugav puhastamine: lihtsalt loputage voolava vee all ja laske kuivada, v\u00f5ib pesta ka n\u00f5udepesumasinas<\/p>\n","protected":false},"excerpt":{"rendered":"<p>Sobib ideaalselt k\u00f5ikide tsitrusviljade jaoks ning sobib suurep\u00e4raselt ka nt sibula, k\u00fc\u00fcslaugu ja ingveri peeneks pastaks riivimiseks. Samuti muudab riiv parmesani ja muud k\u00f5vad juustud kohevaks pilveks pasta ja muude soolaste roogade kaunistamiseks. v\u00e4ga terav roostevabast terasest tera \u2013 valmistatud USA-s valmistatud roostevabast terasest mati musta PVD-kattega kaasas ka kaitsekate (ei ole n\u00f5udepesumasinas pestav) m\u00f5\u00f5dud:&hellip;<\/p>\n","protected":false},"featured_media":295632,"template":"","meta":{"_acf_changed":false,"inline_featured_image":false},"product_cat":[25253,3588],"product_tag":[],"giftcard-category":[],"class_list":{"0":"post-295635","1":"product","2":"type-product","3":"status-publish","4":"has-post-thumbnail","6":"product_cat-riivid","7":"product_cat-kook","8":"pa_brand-microplane","9":"pa_collection-black-sheep","11":"first","12":"outofstock","13":"shipping-taxable","14":"purchasable","15":"product-type-simple"},"acf":[],"yoast_head":"<!-- This site is optimized with the Yoast SEO plugin v25.6 - https:\/\/yoast.com\/wordpress\/plugins\/seo\/ -->\n<title>Black Sheep Fine riiv - Lartusihome.com<\/title>\n<meta name=\"robots\" content=\"index, follow, max-snippet:-1, max-image-preview:large, max-video-preview:-1\" \/>\n<link rel=\"canonical\" href=\"https:\/\/lartusihome.com\/et\/toode\/black-sheep-fine-riiv\/\" \/>\n<meta property=\"og:locale\" content=\"et_EE\" \/>\n<meta property=\"og:type\" content=\"article\" \/>\n<meta property=\"og:title\" content=\"Black Sheep Fine riiv - Lartusihome.com\" \/>\n<meta property=\"og:description\" content=\"Sobib ideaalselt k\u00f5ikide tsitrusviljade jaoks ning sobib suurep\u00e4raselt ka nt sibula, k\u00fc\u00fcslaugu ja ingveri peeneks pastaks riivimiseks. Samuti muudab riiv parmesani ja muud k\u00f5vad juustud kohevaks pilveks pasta ja muude soolaste roogade kaunistamiseks. v\u00e4ga terav roostevabast terasest tera \u2013 valmistatud USA-s valmistatud roostevabast terasest mati musta PVD-kattega kaasas ka kaitsekate (ei ole n\u00f5udepesumasinas pestav) m\u00f5\u00f5dud:&hellip;\" \/>\n<meta property=\"og:url\" content=\"https:\/\/lartusihome.com\/et\/toode\/black-sheep-fine-riiv\/\" \/>\n<meta property=\"og:site_name\" content=\"Lartusihome.com\" \/>\n<meta property=\"article:publisher\" content=\"https:\/\/www.facebook.com\/lartusihome\/\" \/>\n<meta property=\"article:modified_time\" content=\"2024-03-07T13:32:33+00:00\" \/>\n<meta property=\"og:image\" content=\"https:\/\/lartusihome.com\/wp-content\/uploads\/2023\/02\/Microplane_Black-Sheep_43004_Fine_Straight.jpg\" \/>\n\t<meta property=\"og:image:width\" content=\"2000\" \/>\n\t<meta property=\"og:image:height\" content=\"2000\" \/>\n\t<meta property=\"og:image:type\" content=\"image\/jpeg\" \/>\n<meta name=\"twitter:card\" content=\"summary_large_image\" \/>\n<meta name=\"twitter:label1\" content=\"Est. reading time\" \/>\n\t<meta name=\"twitter:data1\" content=\"1 minut\" \/>\n<script type=\"application\/ld+json\" class=\"yoast-schema-graph\">{\"@context\":\"https:\/\/schema.org\",\"@graph\":[{\"@type\":\"WebPage\",\"@id\":\"https:\/\/lartusihome.com\/et\/toode\/black-sheep-fine-riiv\/\",\"url\":\"https:\/\/lartusihome.com\/et\/toode\/black-sheep-fine-riiv\/\",\"name\":\"Black Sheep Fine riiv - Lartusihome.com\",\"isPartOf\":{\"@id\":\"https:\/\/lartusihome.com\/et\/#website\"},\"primaryImageOfPage\":{\"@id\":\"https:\/\/lartusihome.com\/et\/toode\/black-sheep-fine-riiv\/#primaryimage\"},\"image\":{\"@id\":\"https:\/\/lartusihome.com\/et\/toode\/black-sheep-fine-riiv\/#primaryimage\"},\"thumbnailUrl\":\"https:\/\/lartusihome.com\/wp-content\/uploads\/2023\/02\/Microplane_Black-Sheep_43004_Fine_Straight.jpg\",\"datePublished\":\"2024-02-16T15:36:40+00:00\",\"dateModified\":\"2024-03-07T13:32:33+00:00\",\"breadcrumb\":{\"@id\":\"https:\/\/lartusihome.com\/et\/toode\/black-sheep-fine-riiv\/#breadcrumb\"},\"inLanguage\":\"et\",\"potentialAction\":[{\"@type\":\"ReadAction\",\"target\":[\"https:\/\/lartusihome.com\/et\/toode\/black-sheep-fine-riiv\/\"]}]},{\"@type\":\"ImageObject\",\"inLanguage\":\"et\",\"@id\":\"https:\/\/lartusihome.com\/et\/toode\/black-sheep-fine-riiv\/#primaryimage\",\"url\":\"https:\/\/lartusihome.com\/wp-content\/uploads\/2023\/02\/Microplane_Black-Sheep_43004_Fine_Straight.jpg\",\"contentUrl\":\"https:\/\/lartusihome.com\/wp-content\/uploads\/2023\/02\/Microplane_Black-Sheep_43004_Fine_Straight.jpg\",\"width\":2000,\"height\":2000},{\"@type\":\"BreadcrumbList\",\"@id\":\"https:\/\/lartusihome.com\/et\/toode\/black-sheep-fine-riiv\/#breadcrumb\",\"itemListElement\":[{\"@type\":\"ListItem\",\"position\":1,\"name\":\"Home\",\"item\":\"https:\/\/lartusihome.com\/et\/\"},{\"@type\":\"ListItem\",\"position\":2,\"name\":\"Pood\",\"item\":\"https:\/\/lartusihome.com\/et\/pood\/\"},{\"@type\":\"ListItem\",\"position\":3,\"name\":\"Black Sheep Fine riiv\"}]},{\"@type\":\"WebSite\",\"@id\":\"https:\/\/lartusihome.com\/et\/#website\",\"url\":\"https:\/\/lartusihome.com\/et\/\",\"name\":\"Lartusihome.com\",\"description\":\"Kodu \/ sisustus\",\"potentialAction\":[{\"@type\":\"SearchAction\",\"target\":{\"@type\":\"EntryPoint\",\"urlTemplate\":\"https:\/\/lartusihome.com\/et\/?s={search_term_string}\"},\"query-input\":{\"@type\":\"PropertyValueSpecification\",\"valueRequired\":true,\"valueName\":\"search_term_string\"}}],\"inLanguage\":\"et\"}]}<\/script>\n<!-- \/ Yoast SEO plugin. -->","yoast_head_json":{"title":"Black Sheep Fine riiv - Lartusihome.com","robots":{"index":"index","follow":"follow","max-snippet":"max-snippet:-1","max-image-preview":"max-image-preview:large","max-video-preview":"max-video-preview:-1"},"canonical":"https:\/\/lartusihome.com\/et\/toode\/black-sheep-fine-riiv\/","og_locale":"et_EE","og_type":"article","og_title":"Black Sheep Fine riiv - Lartusihome.com","og_description":"Sobib ideaalselt k\u00f5ikide tsitrusviljade jaoks ning sobib suurep\u00e4raselt ka nt sibula, k\u00fc\u00fcslaugu ja ingveri peeneks pastaks riivimiseks. Samuti muudab riiv parmesani ja muud k\u00f5vad juustud kohevaks pilveks pasta ja muude soolaste roogade kaunistamiseks. v\u00e4ga terav roostevabast terasest tera \u2013 valmistatud USA-s valmistatud roostevabast terasest mati musta PVD-kattega kaasas ka kaitsekate (ei ole n\u00f5udepesumasinas pestav) m\u00f5\u00f5dud:&hellip;","og_url":"https:\/\/lartusihome.com\/et\/toode\/black-sheep-fine-riiv\/","og_site_name":"Lartusihome.com","article_publisher":"https:\/\/www.facebook.com\/lartusihome\/","article_modified_time":"2024-03-07T13:32:33+00:00","og_image":[{"width":2000,"height":2000,"url":"https:\/\/lartusihome.com\/wp-content\/uploads\/2023\/02\/Microplane_Black-Sheep_43004_Fine_Straight.jpg","type":"image\/jpeg"}],"twitter_card":"summary_large_image","twitter_misc":{"Est. reading time":"1 minut"},"schema":{"@context":"https:\/\/schema.org","@graph":[{"@type":"WebPage","@id":"https:\/\/lartusihome.com\/et\/toode\/black-sheep-fine-riiv\/","url":"https:\/\/lartusihome.com\/et\/toode\/black-sheep-fine-riiv\/","name":"Black Sheep Fine riiv - Lartusihome.com","isPartOf":{"@id":"https:\/\/lartusihome.com\/et\/#website"},"primaryImageOfPage":{"@id":"https:\/\/lartusihome.com\/et\/toode\/black-sheep-fine-riiv\/#primaryimage"},"image":{"@id":"https:\/\/lartusihome.com\/et\/toode\/black-sheep-fine-riiv\/#primaryimage"},"thumbnailUrl":"https:\/\/lartusihome.com\/wp-content\/uploads\/2023\/02\/Microplane_Black-Sheep_43004_Fine_Straight.jpg","datePublished":"2024-02-16T15:36:40+00:00","dateModified":"2024-03-07T13:32:33+00:00","breadcrumb":{"@id":"https:\/\/lartusihome.com\/et\/toode\/black-sheep-fine-riiv\/#breadcrumb"},"inLanguage":"et","potentialAction":[{"@type":"ReadAction","target":["https:\/\/lartusihome.com\/et\/toode\/black-sheep-fine-riiv\/"]}]},{"@type":"ImageObject","inLanguage":"et","@id":"https:\/\/lartusihome.com\/et\/toode\/black-sheep-fine-riiv\/#primaryimage","url":"https:\/\/lartusihome.com\/wp-content\/uploads\/2023\/02\/Microplane_Black-Sheep_43004_Fine_Straight.jpg","contentUrl":"https:\/\/lartusihome.com\/wp-content\/uploads\/2023\/02\/Microplane_Black-Sheep_43004_Fine_Straight.jpg","width":2000,"height":2000},{"@type":"BreadcrumbList","@id":"https:\/\/lartusihome.com\/et\/toode\/black-sheep-fine-riiv\/#breadcrumb","itemListElement":[{"@type":"ListItem","position":1,"name":"Home","item":"https:\/\/lartusihome.com\/et\/"},{"@type":"ListItem","position":2,"name":"Pood","item":"https:\/\/lartusihome.com\/et\/pood\/"},{"@type":"ListItem","position":3,"name":"Black Sheep Fine riiv"}]},{"@type":"WebSite","@id":"https:\/\/lartusihome.com\/et\/#website","url":"https:\/\/lartusihome.com\/et\/","name":"Lartusihome.com","description":"Kodu \/ sisustus","potentialAction":[{"@type":"SearchAction","target":{"@type":"EntryPoint","urlTemplate":"https:\/\/lartusihome.com\/et\/?s={search_term_string}"},"query-input":{"@type":"PropertyValueSpecification","valueRequired":true,"valueName":"search_term_string"}}],"inLanguage":"et"}]}},"_links":{"self":[{"href":"https:\/\/lartusihome.com\/et\/wp-json\/wp\/v2\/product\/295635"}],"collection":[{"href":"https:\/\/lartusihome.com\/et\/wp-json\/wp\/v2\/product"}],"about":[{"href":"https:\/\/lartusihome.com\/et\/wp-json\/wp\/v2\/types\/product"}],"wp:featuredmedia":[{"embeddable":true,"href":"https:\/\/lartusihome.com\/et\/wp-json\/wp\/v2\/media\/295632"}],"wp:attachment":[{"href":"https:\/\/lartusihome.com\/et\/wp-json\/wp\/v2\/media?parent=295635"}],"wp:term":[{"taxonomy":"product_cat","embeddable":true,"href":"https:\/\/lartusihome.com\/et\/wp-json\/wp\/v2\/product_cat?post=295635"},{"taxonomy":"product_tag","embeddable":true,"href":"https:\/\/lartusihome.com\/et\/wp-json\/wp\/v2\/product_tag?post=295635"},{"taxonomy":"giftcard-category","embeddable":true,"href":"https:\/\/lartusihome.com\/et\/wp-json\/wp\/v2\/giftcard-category?post=295635"}],"curies":[{"name":"wp","href":"https:\/\/api.w.org\/{rel}","templated":true}]}}