{"id":291310,"date":"2023-01-17T12:33:07","date_gmt":"2023-01-17T10:33:07","guid":{"rendered":"https:\/\/lartusihome.com\/product\/nordic-timer\/"},"modified":"2023-01-17T12:35:57","modified_gmt":"2023-01-17T10:35:57","slug":"nordic-timer","status":"publish","type":"product","link":"https:\/\/lartusihome.com\/et\/toode\/nordic-timer\/","title":{"rendered":"Nordic taimer"},"content":{"rendered":"<p>Dekoratiivne ja praktiline k\u00f6\u00f6gitaimer, millel on libisemisvastane kummist alus, et see p\u00fcsiks alati kindlalt t\u00f6\u00f6pinnal. Numbrid on kergesti loetavad ja kasutamine lihtne. Esmalt keerake \u00fclemine ring 60 minuti peale ja seej\u00e4rel tagasi soovitud ajale.<\/p>\n<p>Puhastada niiske lapiga.<\/p>\n<p>Kuna puit on elav ja orgaaniline materjal, v\u00f5ivad esineda looduslikud variatsioonid. Tamme s\u00e4ilimiseks \u00f5litage regulaarselt. Kui puit tundub aja jooksul kare, soovitame kuiva pinda lihvida v\u00e4ga peene liivapaberiga. Seej\u00e4rel \u00f5litada.<\/p>\n<p>Tamm, plastik<\/p>\n<p>diameeter 9cm<\/p>\n<p>k\u00f5rgus 6,6cm<\/p>\n","protected":false},"excerpt":{"rendered":"<p>Dekoratiivne ja praktiline k\u00f6\u00f6gitaimer, millel on libisemisvastane kummist alus, et see p\u00fcsiks alati kindlalt t\u00f6\u00f6pinnal. Numbrid on kergesti loetavad ja kasutamine lihtne. Esmalt keerake \u00fclemine ring 60 minuti peale ja seej\u00e4rel tagasi soovitud ajale. Puhastada niiske lapiga. Kuna puit on elav ja orgaaniline materjal, v\u00f5ivad esineda looduslikud variatsioonid. Tamme s\u00e4ilimiseks \u00f5litage regulaarselt. Kui puit tundub&hellip;<\/p>\n","protected":false},"featured_media":291314,"template":"","meta":{"_acf_changed":false,"inline_featured_image":false},"product_cat":[3588,50],"product_tag":[],"giftcard-category":[],"class_list":{"0":"post-291310","1":"product","2":"type-product","3":"status-publish","4":"has-post-thumbnail","6":"product_cat-kook","7":"product_cat-koogitarvikud","8":"pa_brand-eva-solo","9":"pa_collection-nordic","11":"first","12":"instock","13":"shipping-taxable","14":"purchasable","15":"product-type-simple"},"acf":[],"yoast_head":"<!-- This site is optimized with the Yoast SEO plugin v25.6 - https:\/\/yoast.com\/wordpress\/plugins\/seo\/ -->\n<title>Nordic taimer - Lartusihome.com<\/title>\n<meta name=\"robots\" content=\"index, follow, max-snippet:-1, max-image-preview:large, max-video-preview:-1\" \/>\n<link rel=\"canonical\" href=\"https:\/\/lartusihome.com\/et\/toode\/nordic-timer\/\" \/>\n<meta property=\"og:locale\" content=\"et_EE\" \/>\n<meta property=\"og:type\" content=\"article\" \/>\n<meta property=\"og:title\" content=\"Nordic taimer - Lartusihome.com\" \/>\n<meta property=\"og:description\" content=\"Dekoratiivne ja praktiline k\u00f6\u00f6gitaimer, millel on libisemisvastane kummist alus, et see p\u00fcsiks alati kindlalt t\u00f6\u00f6pinnal. Numbrid on kergesti loetavad ja kasutamine lihtne. Esmalt keerake \u00fclemine ring 60 minuti peale ja seej\u00e4rel tagasi soovitud ajale. Puhastada niiske lapiga. Kuna puit on elav ja orgaaniline materjal, v\u00f5ivad esineda looduslikud variatsioonid. Tamme s\u00e4ilimiseks \u00f5litage regulaarselt. Kui puit tundub&hellip;\" \/>\n<meta property=\"og:url\" content=\"https:\/\/lartusihome.com\/et\/toode\/nordic-timer\/\" \/>\n<meta property=\"og:site_name\" content=\"Lartusihome.com\" \/>\n<meta property=\"article:publisher\" content=\"https:\/\/www.facebook.com\/lartusihome\/\" \/>\n<meta property=\"article:modified_time\" content=\"2023-01-17T10:35:57+00:00\" \/>\n<meta property=\"og:image\" content=\"https:\/\/lartusihome.com\/wp-content\/uploads\/2023\/01\/520418_Nordic_kitchen_timer_aRGB_High.jpg\" \/>\n\t<meta property=\"og:image:width\" content=\"2000\" \/>\n\t<meta property=\"og:image:height\" content=\"2000\" \/>\n\t<meta property=\"og:image:type\" content=\"image\/jpeg\" \/>\n<meta name=\"twitter:card\" content=\"summary_large_image\" \/>\n<meta name=\"twitter:label1\" content=\"Est. reading time\" \/>\n\t<meta name=\"twitter:data1\" content=\"1 minut\" \/>\n<script type=\"application\/ld+json\" class=\"yoast-schema-graph\">{\"@context\":\"https:\/\/schema.org\",\"@graph\":[{\"@type\":\"WebPage\",\"@id\":\"https:\/\/lartusihome.com\/et\/toode\/nordic-timer\/\",\"url\":\"https:\/\/lartusihome.com\/et\/toode\/nordic-timer\/\",\"name\":\"Nordic taimer - Lartusihome.com\",\"isPartOf\":{\"@id\":\"https:\/\/lartusihome.com\/et\/#website\"},\"primaryImageOfPage\":{\"@id\":\"https:\/\/lartusihome.com\/et\/toode\/nordic-timer\/#primaryimage\"},\"image\":{\"@id\":\"https:\/\/lartusihome.com\/et\/toode\/nordic-timer\/#primaryimage\"},\"thumbnailUrl\":\"https:\/\/lartusihome.com\/wp-content\/uploads\/2023\/01\/520418.jpg\",\"datePublished\":\"2023-01-17T10:33:07+00:00\",\"dateModified\":\"2023-01-17T10:35:57+00:00\",\"breadcrumb\":{\"@id\":\"https:\/\/lartusihome.com\/et\/toode\/nordic-timer\/#breadcrumb\"},\"inLanguage\":\"et\",\"potentialAction\":[{\"@type\":\"ReadAction\",\"target\":[\"https:\/\/lartusihome.com\/et\/toode\/nordic-timer\/\"]}]},{\"@type\":\"ImageObject\",\"inLanguage\":\"et\",\"@id\":\"https:\/\/lartusihome.com\/et\/toode\/nordic-timer\/#primaryimage\",\"url\":\"https:\/\/lartusihome.com\/wp-content\/uploads\/2023\/01\/520418.jpg\",\"contentUrl\":\"https:\/\/lartusihome.com\/wp-content\/uploads\/2023\/01\/520418.jpg\",\"width\":2000,\"height\":2000},{\"@type\":\"BreadcrumbList\",\"@id\":\"https:\/\/lartusihome.com\/et\/toode\/nordic-timer\/#breadcrumb\",\"itemListElement\":[{\"@type\":\"ListItem\",\"position\":1,\"name\":\"Home\",\"item\":\"https:\/\/lartusihome.com\/et\/\"},{\"@type\":\"ListItem\",\"position\":2,\"name\":\"Pood\",\"item\":\"https:\/\/lartusihome.com\/et\/pood\/\"},{\"@type\":\"ListItem\",\"position\":3,\"name\":\"Nordic taimer\"}]},{\"@type\":\"WebSite\",\"@id\":\"https:\/\/lartusihome.com\/et\/#website\",\"url\":\"https:\/\/lartusihome.com\/et\/\",\"name\":\"Lartusihome.com\",\"description\":\"Kodu \/ sisustus\",\"potentialAction\":[{\"@type\":\"SearchAction\",\"target\":{\"@type\":\"EntryPoint\",\"urlTemplate\":\"https:\/\/lartusihome.com\/et\/?s={search_term_string}\"},\"query-input\":{\"@type\":\"PropertyValueSpecification\",\"valueRequired\":true,\"valueName\":\"search_term_string\"}}],\"inLanguage\":\"et\"}]}<\/script>\n<!-- \/ Yoast SEO plugin. -->","yoast_head_json":{"title":"Nordic taimer - Lartusihome.com","robots":{"index":"index","follow":"follow","max-snippet":"max-snippet:-1","max-image-preview":"max-image-preview:large","max-video-preview":"max-video-preview:-1"},"canonical":"https:\/\/lartusihome.com\/et\/toode\/nordic-timer\/","og_locale":"et_EE","og_type":"article","og_title":"Nordic taimer - Lartusihome.com","og_description":"Dekoratiivne ja praktiline k\u00f6\u00f6gitaimer, millel on libisemisvastane kummist alus, et see p\u00fcsiks alati kindlalt t\u00f6\u00f6pinnal. Numbrid on kergesti loetavad ja kasutamine lihtne. Esmalt keerake \u00fclemine ring 60 minuti peale ja seej\u00e4rel tagasi soovitud ajale. Puhastada niiske lapiga. Kuna puit on elav ja orgaaniline materjal, v\u00f5ivad esineda looduslikud variatsioonid. Tamme s\u00e4ilimiseks \u00f5litage regulaarselt. Kui puit tundub&hellip;","og_url":"https:\/\/lartusihome.com\/et\/toode\/nordic-timer\/","og_site_name":"Lartusihome.com","article_publisher":"https:\/\/www.facebook.com\/lartusihome\/","article_modified_time":"2023-01-17T10:35:57+00:00","og_image":[{"width":2000,"height":2000,"url":"https:\/\/lartusihome.com\/wp-content\/uploads\/2023\/01\/520418_Nordic_kitchen_timer_aRGB_High.jpg","type":"image\/jpeg"}],"twitter_card":"summary_large_image","twitter_misc":{"Est. reading time":"1 minut"},"schema":{"@context":"https:\/\/schema.org","@graph":[{"@type":"WebPage","@id":"https:\/\/lartusihome.com\/et\/toode\/nordic-timer\/","url":"https:\/\/lartusihome.com\/et\/toode\/nordic-timer\/","name":"Nordic taimer - Lartusihome.com","isPartOf":{"@id":"https:\/\/lartusihome.com\/et\/#website"},"primaryImageOfPage":{"@id":"https:\/\/lartusihome.com\/et\/toode\/nordic-timer\/#primaryimage"},"image":{"@id":"https:\/\/lartusihome.com\/et\/toode\/nordic-timer\/#primaryimage"},"thumbnailUrl":"https:\/\/lartusihome.com\/wp-content\/uploads\/2023\/01\/520418.jpg","datePublished":"2023-01-17T10:33:07+00:00","dateModified":"2023-01-17T10:35:57+00:00","breadcrumb":{"@id":"https:\/\/lartusihome.com\/et\/toode\/nordic-timer\/#breadcrumb"},"inLanguage":"et","potentialAction":[{"@type":"ReadAction","target":["https:\/\/lartusihome.com\/et\/toode\/nordic-timer\/"]}]},{"@type":"ImageObject","inLanguage":"et","@id":"https:\/\/lartusihome.com\/et\/toode\/nordic-timer\/#primaryimage","url":"https:\/\/lartusihome.com\/wp-content\/uploads\/2023\/01\/520418.jpg","contentUrl":"https:\/\/lartusihome.com\/wp-content\/uploads\/2023\/01\/520418.jpg","width":2000,"height":2000},{"@type":"BreadcrumbList","@id":"https:\/\/lartusihome.com\/et\/toode\/nordic-timer\/#breadcrumb","itemListElement":[{"@type":"ListItem","position":1,"name":"Home","item":"https:\/\/lartusihome.com\/et\/"},{"@type":"ListItem","position":2,"name":"Pood","item":"https:\/\/lartusihome.com\/et\/pood\/"},{"@type":"ListItem","position":3,"name":"Nordic taimer"}]},{"@type":"WebSite","@id":"https:\/\/lartusihome.com\/et\/#website","url":"https:\/\/lartusihome.com\/et\/","name":"Lartusihome.com","description":"Kodu \/ sisustus","potentialAction":[{"@type":"SearchAction","target":{"@type":"EntryPoint","urlTemplate":"https:\/\/lartusihome.com\/et\/?s={search_term_string}"},"query-input":{"@type":"PropertyValueSpecification","valueRequired":true,"valueName":"search_term_string"}}],"inLanguage":"et"}]}},"_links":{"self":[{"href":"https:\/\/lartusihome.com\/et\/wp-json\/wp\/v2\/product\/291310"}],"collection":[{"href":"https:\/\/lartusihome.com\/et\/wp-json\/wp\/v2\/product"}],"about":[{"href":"https:\/\/lartusihome.com\/et\/wp-json\/wp\/v2\/types\/product"}],"wp:featuredmedia":[{"embeddable":true,"href":"https:\/\/lartusihome.com\/et\/wp-json\/wp\/v2\/media\/291314"}],"wp:attachment":[{"href":"https:\/\/lartusihome.com\/et\/wp-json\/wp\/v2\/media?parent=291310"}],"wp:term":[{"taxonomy":"product_cat","embeddable":true,"href":"https:\/\/lartusihome.com\/et\/wp-json\/wp\/v2\/product_cat?post=291310"},{"taxonomy":"product_tag","embeddable":true,"href":"https:\/\/lartusihome.com\/et\/wp-json\/wp\/v2\/product_tag?post=291310"},{"taxonomy":"giftcard-category","embeddable":true,"href":"https:\/\/lartusihome.com\/et\/wp-json\/wp\/v2\/giftcard-category?post=291310"}],"curies":[{"name":"wp","href":"https:\/\/api.w.org\/{rel}","templated":true}]}}