{"id":287017,"date":"2022-12-06T16:41:29","date_gmt":"2022-12-06T14:41:29","guid":{"rendered":"https:\/\/lartusihome.com\/product\/cocotte-26cm-525l-graphite-grey\/"},"modified":"2023-11-13T11:55:49","modified_gmt":"2023-11-13T09:55:49","slug":"cocotte-26cm-525l-graphite-grey","status":"publish","type":"product","link":"https:\/\/lartusihome.com\/et\/toode\/cocotte-26cm-525l-graphite-grey\/","title":{"rendered":"Malmpott 26cm\/5,25l, Graphite Grey"},"content":{"rendered":"<p>Sobib igat t\u00fc\u00fcpi pliidiplaatidele, sh. induktsioon, saab kasutada ka ahjus\/grillil<\/p>\n<p>Kuumakindlus: 260\u00baC<\/p>\n<p>K\u00fclmakindlus: -20\u00baC<\/p>\n<p>Materjal: malm<\/p>\n<p>V\u00f5ib pesta n\u00f5udepesumasinas<\/p>\n<p>Netokaal: 5,7kg<\/p>\n<p>Mahutavus: 5,25l<\/p>\n<p>Toote pikkus: 32,7cm<\/p>\n<p>Toote laius: 26cm<\/p>\n<p>Toote k\u00f5rgus: 16,7cm<\/p>\n<p>K\u00f5rgus ilma kaaneta: 11,8cm<\/p>\n<p>\u00dclemine l\u00e4bim\u00f5\u00f5t: 26cm<\/p>\n<p>P\u00f5hja l\u00e4bim\u00f5\u00f5t: 21,7cm<\/p>\n","protected":false},"excerpt":{"rendered":"<p>Sobib igat t\u00fc\u00fcpi pliidiplaatidele, sh. induktsioon, saab kasutada ka ahjus\/grillil Kuumakindlus: 260\u00baC K\u00fclmakindlus: -20\u00baC Materjal: malm V\u00f5ib pesta n\u00f5udepesumasinas Netokaal: 5,7kg Mahutavus: 5,25l Toote pikkus: 32,7cm Toote laius: 26cm Toote k\u00f5rgus: 16,7cm K\u00f5rgus ilma kaaneta: 11,8cm \u00dclemine l\u00e4bim\u00f5\u00f5t: 26cm P\u00f5hja l\u00e4bim\u00f5\u00f5t: 21,7cm<\/p>\n","protected":false},"featured_media":287010,"template":"","meta":{"_acf_changed":false,"inline_featured_image":false},"product_cat":[3588,1799],"product_tag":[],"giftcard-category":[],"class_list":{"0":"post-287017","1":"product","2":"type-product","3":"status-publish","4":"has-post-thumbnail","6":"product_cat-kook","7":"product_cat-potid-ja-pannid","8":"pa_brand-staub","10":"first","11":"outofstock","12":"shipping-taxable","13":"purchasable","14":"product-type-simple"},"acf":[],"yoast_head":"<!-- This site is optimized with the Yoast SEO plugin v25.6 - https:\/\/yoast.com\/wordpress\/plugins\/seo\/ -->\n<title>Malmpott 26cm\/5,25l, Graphite Grey - Lartusihome.com<\/title>\n<meta name=\"robots\" content=\"index, follow, max-snippet:-1, max-image-preview:large, max-video-preview:-1\" \/>\n<link rel=\"canonical\" href=\"https:\/\/lartusihome.com\/et\/toode\/cocotte-26cm-525l-graphite-grey\/\" \/>\n<meta property=\"og:locale\" content=\"et_EE\" \/>\n<meta property=\"og:type\" content=\"article\" \/>\n<meta property=\"og:title\" content=\"Malmpott 26cm\/5,25l, Graphite Grey - Lartusihome.com\" \/>\n<meta property=\"og:description\" content=\"Sobib igat t\u00fc\u00fcpi pliidiplaatidele, sh. induktsioon, saab kasutada ka ahjus\/grillil Kuumakindlus: 260\u00baC K\u00fclmakindlus: -20\u00baC Materjal: malm V\u00f5ib pesta n\u00f5udepesumasinas Netokaal: 5,7kg Mahutavus: 5,25l Toote pikkus: 32,7cm Toote laius: 26cm Toote k\u00f5rgus: 16,7cm K\u00f5rgus ilma kaaneta: 11,8cm \u00dclemine l\u00e4bim\u00f5\u00f5t: 26cm P\u00f5hja l\u00e4bim\u00f5\u00f5t: 21,7cm\" \/>\n<meta property=\"og:url\" content=\"https:\/\/lartusihome.com\/et\/toode\/cocotte-26cm-525l-graphite-grey\/\" \/>\n<meta property=\"og:site_name\" content=\"Lartusihome.com\" \/>\n<meta property=\"article:publisher\" content=\"https:\/\/www.facebook.com\/lartusihome\/\" \/>\n<meta property=\"article:modified_time\" content=\"2023-11-13T09:55:49+00:00\" \/>\n<meta property=\"og:image\" content=\"https:\/\/lartusihome.com\/wp-content\/uploads\/2022\/12\/26cm-40509-312-0.jpg\" \/>\n\t<meta property=\"og:image:width\" content=\"2000\" \/>\n\t<meta property=\"og:image:height\" content=\"2000\" \/>\n\t<meta property=\"og:image:type\" content=\"image\/jpeg\" \/>\n<meta name=\"twitter:card\" content=\"summary_large_image\" \/>\n<meta name=\"twitter:label1\" content=\"Est. reading time\" \/>\n\t<meta name=\"twitter:data1\" content=\"1 minut\" \/>\n<script type=\"application\/ld+json\" class=\"yoast-schema-graph\">{\"@context\":\"https:\/\/schema.org\",\"@graph\":[{\"@type\":\"WebPage\",\"@id\":\"https:\/\/lartusihome.com\/et\/toode\/cocotte-26cm-525l-graphite-grey\/\",\"url\":\"https:\/\/lartusihome.com\/et\/toode\/cocotte-26cm-525l-graphite-grey\/\",\"name\":\"Malmpott 26cm\/5,25l, Graphite Grey - Lartusihome.com\",\"isPartOf\":{\"@id\":\"https:\/\/lartusihome.com\/et\/#website\"},\"primaryImageOfPage\":{\"@id\":\"https:\/\/lartusihome.com\/et\/toode\/cocotte-26cm-525l-graphite-grey\/#primaryimage\"},\"image\":{\"@id\":\"https:\/\/lartusihome.com\/et\/toode\/cocotte-26cm-525l-graphite-grey\/#primaryimage\"},\"thumbnailUrl\":\"https:\/\/lartusihome.com\/wp-content\/uploads\/2022\/12\/26cm-40509-312-0.jpg\",\"datePublished\":\"2022-12-06T14:41:29+00:00\",\"dateModified\":\"2023-11-13T09:55:49+00:00\",\"breadcrumb\":{\"@id\":\"https:\/\/lartusihome.com\/et\/toode\/cocotte-26cm-525l-graphite-grey\/#breadcrumb\"},\"inLanguage\":\"et\",\"potentialAction\":[{\"@type\":\"ReadAction\",\"target\":[\"https:\/\/lartusihome.com\/et\/toode\/cocotte-26cm-525l-graphite-grey\/\"]}]},{\"@type\":\"ImageObject\",\"inLanguage\":\"et\",\"@id\":\"https:\/\/lartusihome.com\/et\/toode\/cocotte-26cm-525l-graphite-grey\/#primaryimage\",\"url\":\"https:\/\/lartusihome.com\/wp-content\/uploads\/2022\/12\/26cm-40509-312-0.jpg\",\"contentUrl\":\"https:\/\/lartusihome.com\/wp-content\/uploads\/2022\/12\/26cm-40509-312-0.jpg\",\"width\":2000,\"height\":2000},{\"@type\":\"BreadcrumbList\",\"@id\":\"https:\/\/lartusihome.com\/et\/toode\/cocotte-26cm-525l-graphite-grey\/#breadcrumb\",\"itemListElement\":[{\"@type\":\"ListItem\",\"position\":1,\"name\":\"Home\",\"item\":\"https:\/\/lartusihome.com\/et\/\"},{\"@type\":\"ListItem\",\"position\":2,\"name\":\"Pood\",\"item\":\"https:\/\/lartusihome.com\/et\/pood\/\"},{\"@type\":\"ListItem\",\"position\":3,\"name\":\"Malmpott 26cm\/5,25l, Graphite Grey\"}]},{\"@type\":\"WebSite\",\"@id\":\"https:\/\/lartusihome.com\/et\/#website\",\"url\":\"https:\/\/lartusihome.com\/et\/\",\"name\":\"Lartusihome.com\",\"description\":\"Kodu \/ sisustus\",\"potentialAction\":[{\"@type\":\"SearchAction\",\"target\":{\"@type\":\"EntryPoint\",\"urlTemplate\":\"https:\/\/lartusihome.com\/et\/?s={search_term_string}\"},\"query-input\":{\"@type\":\"PropertyValueSpecification\",\"valueRequired\":true,\"valueName\":\"search_term_string\"}}],\"inLanguage\":\"et\"}]}<\/script>\n<!-- \/ Yoast SEO plugin. -->","yoast_head_json":{"title":"Malmpott 26cm\/5,25l, Graphite Grey - Lartusihome.com","robots":{"index":"index","follow":"follow","max-snippet":"max-snippet:-1","max-image-preview":"max-image-preview:large","max-video-preview":"max-video-preview:-1"},"canonical":"https:\/\/lartusihome.com\/et\/toode\/cocotte-26cm-525l-graphite-grey\/","og_locale":"et_EE","og_type":"article","og_title":"Malmpott 26cm\/5,25l, Graphite Grey - Lartusihome.com","og_description":"Sobib igat t\u00fc\u00fcpi pliidiplaatidele, sh. induktsioon, saab kasutada ka ahjus\/grillil Kuumakindlus: 260\u00baC K\u00fclmakindlus: -20\u00baC Materjal: malm V\u00f5ib pesta n\u00f5udepesumasinas Netokaal: 5,7kg Mahutavus: 5,25l Toote pikkus: 32,7cm Toote laius: 26cm Toote k\u00f5rgus: 16,7cm K\u00f5rgus ilma kaaneta: 11,8cm \u00dclemine l\u00e4bim\u00f5\u00f5t: 26cm P\u00f5hja l\u00e4bim\u00f5\u00f5t: 21,7cm","og_url":"https:\/\/lartusihome.com\/et\/toode\/cocotte-26cm-525l-graphite-grey\/","og_site_name":"Lartusihome.com","article_publisher":"https:\/\/www.facebook.com\/lartusihome\/","article_modified_time":"2023-11-13T09:55:49+00:00","og_image":[{"width":2000,"height":2000,"url":"https:\/\/lartusihome.com\/wp-content\/uploads\/2022\/12\/26cm-40509-312-0.jpg","type":"image\/jpeg"}],"twitter_card":"summary_large_image","twitter_misc":{"Est. reading time":"1 minut"},"schema":{"@context":"https:\/\/schema.org","@graph":[{"@type":"WebPage","@id":"https:\/\/lartusihome.com\/et\/toode\/cocotte-26cm-525l-graphite-grey\/","url":"https:\/\/lartusihome.com\/et\/toode\/cocotte-26cm-525l-graphite-grey\/","name":"Malmpott 26cm\/5,25l, Graphite Grey - Lartusihome.com","isPartOf":{"@id":"https:\/\/lartusihome.com\/et\/#website"},"primaryImageOfPage":{"@id":"https:\/\/lartusihome.com\/et\/toode\/cocotte-26cm-525l-graphite-grey\/#primaryimage"},"image":{"@id":"https:\/\/lartusihome.com\/et\/toode\/cocotte-26cm-525l-graphite-grey\/#primaryimage"},"thumbnailUrl":"https:\/\/lartusihome.com\/wp-content\/uploads\/2022\/12\/26cm-40509-312-0.jpg","datePublished":"2022-12-06T14:41:29+00:00","dateModified":"2023-11-13T09:55:49+00:00","breadcrumb":{"@id":"https:\/\/lartusihome.com\/et\/toode\/cocotte-26cm-525l-graphite-grey\/#breadcrumb"},"inLanguage":"et","potentialAction":[{"@type":"ReadAction","target":["https:\/\/lartusihome.com\/et\/toode\/cocotte-26cm-525l-graphite-grey\/"]}]},{"@type":"ImageObject","inLanguage":"et","@id":"https:\/\/lartusihome.com\/et\/toode\/cocotte-26cm-525l-graphite-grey\/#primaryimage","url":"https:\/\/lartusihome.com\/wp-content\/uploads\/2022\/12\/26cm-40509-312-0.jpg","contentUrl":"https:\/\/lartusihome.com\/wp-content\/uploads\/2022\/12\/26cm-40509-312-0.jpg","width":2000,"height":2000},{"@type":"BreadcrumbList","@id":"https:\/\/lartusihome.com\/et\/toode\/cocotte-26cm-525l-graphite-grey\/#breadcrumb","itemListElement":[{"@type":"ListItem","position":1,"name":"Home","item":"https:\/\/lartusihome.com\/et\/"},{"@type":"ListItem","position":2,"name":"Pood","item":"https:\/\/lartusihome.com\/et\/pood\/"},{"@type":"ListItem","position":3,"name":"Malmpott 26cm\/5,25l, Graphite Grey"}]},{"@type":"WebSite","@id":"https:\/\/lartusihome.com\/et\/#website","url":"https:\/\/lartusihome.com\/et\/","name":"Lartusihome.com","description":"Kodu \/ sisustus","potentialAction":[{"@type":"SearchAction","target":{"@type":"EntryPoint","urlTemplate":"https:\/\/lartusihome.com\/et\/?s={search_term_string}"},"query-input":{"@type":"PropertyValueSpecification","valueRequired":true,"valueName":"search_term_string"}}],"inLanguage":"et"}]}},"_links":{"self":[{"href":"https:\/\/lartusihome.com\/et\/wp-json\/wp\/v2\/product\/287017"}],"collection":[{"href":"https:\/\/lartusihome.com\/et\/wp-json\/wp\/v2\/product"}],"about":[{"href":"https:\/\/lartusihome.com\/et\/wp-json\/wp\/v2\/types\/product"}],"wp:featuredmedia":[{"embeddable":true,"href":"https:\/\/lartusihome.com\/et\/wp-json\/wp\/v2\/media\/287010"}],"wp:attachment":[{"href":"https:\/\/lartusihome.com\/et\/wp-json\/wp\/v2\/media?parent=287017"}],"wp:term":[{"taxonomy":"product_cat","embeddable":true,"href":"https:\/\/lartusihome.com\/et\/wp-json\/wp\/v2\/product_cat?post=287017"},{"taxonomy":"product_tag","embeddable":true,"href":"https:\/\/lartusihome.com\/et\/wp-json\/wp\/v2\/product_tag?post=287017"},{"taxonomy":"giftcard-category","embeddable":true,"href":"https:\/\/lartusihome.com\/et\/wp-json\/wp\/v2\/giftcard-category?post=287017"}],"curies":[{"name":"wp","href":"https:\/\/api.w.org\/{rel}","templated":true}]}}