{"id":210688,"date":"2022-10-27T14:37:00","date_gmt":"2022-10-27T11:37:00","guid":{"rendered":"https:\/\/lartusihome.com\/?post_type=product&#038;p=210688"},"modified":"2022-11-16T17:11:57","modified_gmt":"2022-11-16T15:11:57","slug":"firecube-tulease","status":"publish","type":"product","link":"https:\/\/lartusihome.com\/et\/toode\/firecube-tulease\/","title":{"rendered":"FireCube tulease"},"content":{"rendered":"<p id=\"tw-target-text\" class=\"tw-data-text tw-text-large tw-ta\" dir=\"ltr\" data-placeholder=\"T\u00f5lge\"><span class=\"Y2IQFc\" lang=\"et\">Skulptuurne COR-TEN terasest tulease aeda v\u00f5i terrassile. Kuubi saab paigutada kahel viisil: p\u00fcsti v\u00f5i nurga all. See annab sellele ainulaadse v\u00e4limuse, kuid vajadusel ka tuulevarju. FireCube on m\u00f5eldud aastaringseks v\u00e4litingimustes kasutamiseks. Aja jooksul annab loomulik ilmastikum\u00f5ju kaminale oman\u00e4olise paatina, mis ainult lisab sellele atraktiivsust. V\u00f5imalik juurde osta grillrest, et muuta l\u00f5kkease grilliks. Valmistatud COR-TEN terasest. M\u00f5\u00f5dud: 45 x 45 x 45 cm.<\/span><\/p>\n","protected":false},"excerpt":{"rendered":"<p>Skulptuurne COR-TEN terasest tulease aeda v\u00f5i terrassile. Kuubi saab paigutada kahel viisil: p\u00fcsti v\u00f5i nurga all. See annab sellele ainulaadse v\u00e4limuse, kuid vajadusel ka tuulevarju. FireCube on m\u00f5eldud aastaringseks v\u00e4litingimustes kasutamiseks. Aja jooksul annab loomulik ilmastikum\u00f5ju kaminale oman\u00e4olise paatina, mis ainult lisab sellele atraktiivsust. V\u00f5imalik juurde osta grillrest, et muuta l\u00f5kkease grilliks. Valmistatud COR-TEN terasest.&hellip;<\/p>\n","protected":false},"featured_media":284407,"template":"","meta":{"_acf_changed":false,"inline_featured_image":false},"product_cat":[22648,25012],"product_tag":[],"giftcard-category":[],"class_list":{"0":"post-210688","1":"product","2":"type-product","3":"status-publish","4":"has-post-thumbnail","6":"product_cat-valimoobel","7":"product_cat-tuleasemed","8":"pa_brand-eva-solo","9":"pa_collection-firecube","11":"first","12":"outofstock","13":"shipping-taxable","14":"purchasable","15":"product-type-simple"},"acf":[],"yoast_head":"<!-- This site is optimized with the Yoast SEO plugin v25.6 - https:\/\/yoast.com\/wordpress\/plugins\/seo\/ -->\n<title>FireCube tulease - Lartusihome.com<\/title>\n<meta name=\"robots\" content=\"index, follow, max-snippet:-1, max-image-preview:large, max-video-preview:-1\" \/>\n<link rel=\"canonical\" href=\"https:\/\/lartusihome.com\/et\/toode\/firecube-tulease\/\" \/>\n<meta property=\"og:locale\" content=\"et_EE\" \/>\n<meta property=\"og:type\" content=\"article\" \/>\n<meta property=\"og:title\" content=\"FireCube tulease - Lartusihome.com\" \/>\n<meta property=\"og:description\" content=\"Skulptuurne COR-TEN terasest tulease aeda v\u00f5i terrassile. Kuubi saab paigutada kahel viisil: p\u00fcsti v\u00f5i nurga all. See annab sellele ainulaadse v\u00e4limuse, kuid vajadusel ka tuulevarju. FireCube on m\u00f5eldud aastaringseks v\u00e4litingimustes kasutamiseks. Aja jooksul annab loomulik ilmastikum\u00f5ju kaminale oman\u00e4olise paatina, mis ainult lisab sellele atraktiivsust. V\u00f5imalik juurde osta grillrest, et muuta l\u00f5kkease grilliks. Valmistatud COR-TEN terasest.&hellip;\" \/>\n<meta property=\"og:url\" content=\"https:\/\/lartusihome.com\/et\/toode\/firecube-tulease\/\" \/>\n<meta property=\"og:site_name\" content=\"Lartusihome.com\" \/>\n<meta property=\"article:publisher\" content=\"https:\/\/www.facebook.com\/lartusihome\/\" \/>\n<meta property=\"article:modified_time\" content=\"2022-11-16T15:11:57+00:00\" \/>\n<meta property=\"og:image\" content=\"https:\/\/lartusihome.com\/wp-content\/uploads\/2022\/10\/571144-1.jpg\" \/>\n\t<meta property=\"og:image:width\" content=\"2000\" \/>\n\t<meta property=\"og:image:height\" content=\"2000\" \/>\n\t<meta property=\"og:image:type\" content=\"image\/jpeg\" \/>\n<meta name=\"twitter:card\" content=\"summary_large_image\" \/>\n<script type=\"application\/ld+json\" class=\"yoast-schema-graph\">{\"@context\":\"https:\/\/schema.org\",\"@graph\":[{\"@type\":\"WebPage\",\"@id\":\"https:\/\/lartusihome.com\/et\/toode\/firecube-tulease\/\",\"url\":\"https:\/\/lartusihome.com\/et\/toode\/firecube-tulease\/\",\"name\":\"FireCube tulease - Lartusihome.com\",\"isPartOf\":{\"@id\":\"https:\/\/lartusihome.com\/et\/#website\"},\"primaryImageOfPage\":{\"@id\":\"https:\/\/lartusihome.com\/et\/toode\/firecube-tulease\/#primaryimage\"},\"image\":{\"@id\":\"https:\/\/lartusihome.com\/et\/toode\/firecube-tulease\/#primaryimage\"},\"thumbnailUrl\":\"https:\/\/lartusihome.com\/wp-content\/uploads\/2022\/10\/571144-1.jpg\",\"datePublished\":\"2022-10-27T11:37:00+00:00\",\"dateModified\":\"2022-11-16T15:11:57+00:00\",\"breadcrumb\":{\"@id\":\"https:\/\/lartusihome.com\/et\/toode\/firecube-tulease\/#breadcrumb\"},\"inLanguage\":\"et\",\"potentialAction\":[{\"@type\":\"ReadAction\",\"target\":[\"https:\/\/lartusihome.com\/et\/toode\/firecube-tulease\/\"]}]},{\"@type\":\"ImageObject\",\"inLanguage\":\"et\",\"@id\":\"https:\/\/lartusihome.com\/et\/toode\/firecube-tulease\/#primaryimage\",\"url\":\"https:\/\/lartusihome.com\/wp-content\/uploads\/2022\/10\/571144-1.jpg\",\"contentUrl\":\"https:\/\/lartusihome.com\/wp-content\/uploads\/2022\/10\/571144-1.jpg\",\"width\":2000,\"height\":2000},{\"@type\":\"BreadcrumbList\",\"@id\":\"https:\/\/lartusihome.com\/et\/toode\/firecube-tulease\/#breadcrumb\",\"itemListElement\":[{\"@type\":\"ListItem\",\"position\":1,\"name\":\"Home\",\"item\":\"https:\/\/lartusihome.com\/et\/\"},{\"@type\":\"ListItem\",\"position\":2,\"name\":\"Pood\",\"item\":\"https:\/\/lartusihome.com\/et\/pood\/\"},{\"@type\":\"ListItem\",\"position\":3,\"name\":\"FireCube tulease\"}]},{\"@type\":\"WebSite\",\"@id\":\"https:\/\/lartusihome.com\/et\/#website\",\"url\":\"https:\/\/lartusihome.com\/et\/\",\"name\":\"Lartusihome.com\",\"description\":\"Kodu \/ sisustus\",\"potentialAction\":[{\"@type\":\"SearchAction\",\"target\":{\"@type\":\"EntryPoint\",\"urlTemplate\":\"https:\/\/lartusihome.com\/et\/?s={search_term_string}\"},\"query-input\":{\"@type\":\"PropertyValueSpecification\",\"valueRequired\":true,\"valueName\":\"search_term_string\"}}],\"inLanguage\":\"et\"}]}<\/script>\n<!-- \/ Yoast SEO plugin. -->","yoast_head_json":{"title":"FireCube tulease - Lartusihome.com","robots":{"index":"index","follow":"follow","max-snippet":"max-snippet:-1","max-image-preview":"max-image-preview:large","max-video-preview":"max-video-preview:-1"},"canonical":"https:\/\/lartusihome.com\/et\/toode\/firecube-tulease\/","og_locale":"et_EE","og_type":"article","og_title":"FireCube tulease - Lartusihome.com","og_description":"Skulptuurne COR-TEN terasest tulease aeda v\u00f5i terrassile. Kuubi saab paigutada kahel viisil: p\u00fcsti v\u00f5i nurga all. See annab sellele ainulaadse v\u00e4limuse, kuid vajadusel ka tuulevarju. FireCube on m\u00f5eldud aastaringseks v\u00e4litingimustes kasutamiseks. Aja jooksul annab loomulik ilmastikum\u00f5ju kaminale oman\u00e4olise paatina, mis ainult lisab sellele atraktiivsust. V\u00f5imalik juurde osta grillrest, et muuta l\u00f5kkease grilliks. Valmistatud COR-TEN terasest.&hellip;","og_url":"https:\/\/lartusihome.com\/et\/toode\/firecube-tulease\/","og_site_name":"Lartusihome.com","article_publisher":"https:\/\/www.facebook.com\/lartusihome\/","article_modified_time":"2022-11-16T15:11:57+00:00","og_image":[{"width":2000,"height":2000,"url":"https:\/\/lartusihome.com\/wp-content\/uploads\/2022\/10\/571144-1.jpg","type":"image\/jpeg"}],"twitter_card":"summary_large_image","schema":{"@context":"https:\/\/schema.org","@graph":[{"@type":"WebPage","@id":"https:\/\/lartusihome.com\/et\/toode\/firecube-tulease\/","url":"https:\/\/lartusihome.com\/et\/toode\/firecube-tulease\/","name":"FireCube tulease - Lartusihome.com","isPartOf":{"@id":"https:\/\/lartusihome.com\/et\/#website"},"primaryImageOfPage":{"@id":"https:\/\/lartusihome.com\/et\/toode\/firecube-tulease\/#primaryimage"},"image":{"@id":"https:\/\/lartusihome.com\/et\/toode\/firecube-tulease\/#primaryimage"},"thumbnailUrl":"https:\/\/lartusihome.com\/wp-content\/uploads\/2022\/10\/571144-1.jpg","datePublished":"2022-10-27T11:37:00+00:00","dateModified":"2022-11-16T15:11:57+00:00","breadcrumb":{"@id":"https:\/\/lartusihome.com\/et\/toode\/firecube-tulease\/#breadcrumb"},"inLanguage":"et","potentialAction":[{"@type":"ReadAction","target":["https:\/\/lartusihome.com\/et\/toode\/firecube-tulease\/"]}]},{"@type":"ImageObject","inLanguage":"et","@id":"https:\/\/lartusihome.com\/et\/toode\/firecube-tulease\/#primaryimage","url":"https:\/\/lartusihome.com\/wp-content\/uploads\/2022\/10\/571144-1.jpg","contentUrl":"https:\/\/lartusihome.com\/wp-content\/uploads\/2022\/10\/571144-1.jpg","width":2000,"height":2000},{"@type":"BreadcrumbList","@id":"https:\/\/lartusihome.com\/et\/toode\/firecube-tulease\/#breadcrumb","itemListElement":[{"@type":"ListItem","position":1,"name":"Home","item":"https:\/\/lartusihome.com\/et\/"},{"@type":"ListItem","position":2,"name":"Pood","item":"https:\/\/lartusihome.com\/et\/pood\/"},{"@type":"ListItem","position":3,"name":"FireCube tulease"}]},{"@type":"WebSite","@id":"https:\/\/lartusihome.com\/et\/#website","url":"https:\/\/lartusihome.com\/et\/","name":"Lartusihome.com","description":"Kodu \/ sisustus","potentialAction":[{"@type":"SearchAction","target":{"@type":"EntryPoint","urlTemplate":"https:\/\/lartusihome.com\/et\/?s={search_term_string}"},"query-input":{"@type":"PropertyValueSpecification","valueRequired":true,"valueName":"search_term_string"}}],"inLanguage":"et"}]}},"_links":{"self":[{"href":"https:\/\/lartusihome.com\/et\/wp-json\/wp\/v2\/product\/210688"}],"collection":[{"href":"https:\/\/lartusihome.com\/et\/wp-json\/wp\/v2\/product"}],"about":[{"href":"https:\/\/lartusihome.com\/et\/wp-json\/wp\/v2\/types\/product"}],"wp:featuredmedia":[{"embeddable":true,"href":"https:\/\/lartusihome.com\/et\/wp-json\/wp\/v2\/media\/284407"}],"wp:attachment":[{"href":"https:\/\/lartusihome.com\/et\/wp-json\/wp\/v2\/media?parent=210688"}],"wp:term":[{"taxonomy":"product_cat","embeddable":true,"href":"https:\/\/lartusihome.com\/et\/wp-json\/wp\/v2\/product_cat?post=210688"},{"taxonomy":"product_tag","embeddable":true,"href":"https:\/\/lartusihome.com\/et\/wp-json\/wp\/v2\/product_tag?post=210688"},{"taxonomy":"giftcard-category","embeddable":true,"href":"https:\/\/lartusihome.com\/et\/wp-json\/wp\/v2\/giftcard-category?post=210688"}],"curies":[{"name":"wp","href":"https:\/\/api.w.org\/{rel}","templated":true}]}}