{"id":210635,"date":"2022-07-22T09:31:01","date_gmt":"2022-07-22T06:31:01","guid":{"rendered":"https:\/\/lartusihome.com\/toode\/ashi-kuttepuude-korv-must\/"},"modified":"2024-11-25T00:07:42","modified_gmt":"2024-11-24T22:07:42","slug":"ashi-kuttepuude-korv-must","status":"publish","type":"product","link":"https:\/\/lartusihome.com\/et\/toode\/ashi-kuttepuude-korv-must\/","title":{"rendered":"Ashi k\u00fcttepuude korv, must"},"content":{"rendered":"<p>Materjal: pulberv\u00e4rvitud teras, tamm<br \/>\nK\u00f5rgus: 452 mm<br \/>\nLaius: 348 mm<br \/>\nPikkus: 371 mm<br \/>\nDisainer: kaschkasch<\/p>\n","protected":false},"excerpt":{"rendered":"<p>Materjal: pulberv\u00e4rvitud teras, tamm K\u00f5rgus: 452 mm Laius: 348 mm Pikkus: 371 mm Disainer: kaschkasch<\/p>\n","protected":false},"featured_media":208142,"template":"","meta":{"_acf_changed":false,"inline_featured_image":false},"product_cat":[24162,4365],"product_tag":[],"giftcard-category":[],"class_list":{"0":"post-210635","1":"product","2":"type-product","3":"status-publish","4":"has-post-thumbnail","6":"product_cat-muu","7":"product_cat-aksessuaarid","8":"pa_brand-blomus","10":"first","11":"outofstock","12":"shipping-taxable","13":"purchasable","14":"product-type-simple"},"acf":[],"yoast_head":"<!-- This site is optimized with the Yoast SEO plugin v25.6 - https:\/\/yoast.com\/wordpress\/plugins\/seo\/ -->\n<title>Ashi k\u00fcttepuude korv, must - Lartusihome.com<\/title>\n<meta name=\"robots\" content=\"index, follow, max-snippet:-1, max-image-preview:large, max-video-preview:-1\" \/>\n<link rel=\"canonical\" href=\"https:\/\/lartusihome.com\/et\/toode\/ashi-kuttepuude-korv-must\/\" \/>\n<meta property=\"og:locale\" content=\"et_EE\" \/>\n<meta property=\"og:type\" content=\"article\" \/>\n<meta property=\"og:title\" content=\"Ashi k\u00fcttepuude korv, must - Lartusihome.com\" \/>\n<meta property=\"og:description\" content=\"Materjal: pulberv\u00e4rvitud teras, tamm K\u00f5rgus: 452 mm Laius: 348 mm Pikkus: 371 mm Disainer: kaschkasch\" \/>\n<meta property=\"og:url\" content=\"https:\/\/lartusihome.com\/et\/toode\/ashi-kuttepuude-korv-must\/\" \/>\n<meta property=\"og:site_name\" content=\"Lartusihome.com\" \/>\n<meta property=\"article:publisher\" content=\"https:\/\/www.facebook.com\/lartusihome\/\" \/>\n<meta property=\"article:modified_time\" content=\"2024-11-24T22:07:42+00:00\" \/>\n<meta property=\"og:image\" content=\"https:\/\/lartusihome.com\/wp-content\/uploads\/2022\/10\/screenshot-2022-07-22-at-12-29-12-wood-basket-ashi-black-oak.png\" \/>\n\t<meta property=\"og:image:width\" content=\"951\" \/>\n\t<meta property=\"og:image:height\" content=\"955\" \/>\n\t<meta property=\"og:image:type\" content=\"image\/png\" \/>\n<meta name=\"twitter:card\" content=\"summary_large_image\" \/>\n<script type=\"application\/ld+json\" class=\"yoast-schema-graph\">{\"@context\":\"https:\/\/schema.org\",\"@graph\":[{\"@type\":\"WebPage\",\"@id\":\"https:\/\/lartusihome.com\/et\/toode\/ashi-kuttepuude-korv-must\/\",\"url\":\"https:\/\/lartusihome.com\/et\/toode\/ashi-kuttepuude-korv-must\/\",\"name\":\"Ashi k\u00fcttepuude korv, must - Lartusihome.com\",\"isPartOf\":{\"@id\":\"https:\/\/lartusihome.com\/et\/#website\"},\"primaryImageOfPage\":{\"@id\":\"https:\/\/lartusihome.com\/et\/toode\/ashi-kuttepuude-korv-must\/#primaryimage\"},\"image\":{\"@id\":\"https:\/\/lartusihome.com\/et\/toode\/ashi-kuttepuude-korv-must\/#primaryimage\"},\"thumbnailUrl\":\"https:\/\/lartusihome.com\/wp-content\/uploads\/2022\/10\/screenshot-2022-07-22-at-12-29-12-wood-basket-ashi-black-oak.png\",\"datePublished\":\"2022-07-22T06:31:01+00:00\",\"dateModified\":\"2024-11-24T22:07:42+00:00\",\"breadcrumb\":{\"@id\":\"https:\/\/lartusihome.com\/et\/toode\/ashi-kuttepuude-korv-must\/#breadcrumb\"},\"inLanguage\":\"et\",\"potentialAction\":[{\"@type\":\"ReadAction\",\"target\":[\"https:\/\/lartusihome.com\/et\/toode\/ashi-kuttepuude-korv-must\/\"]}]},{\"@type\":\"ImageObject\",\"inLanguage\":\"et\",\"@id\":\"https:\/\/lartusihome.com\/et\/toode\/ashi-kuttepuude-korv-must\/#primaryimage\",\"url\":\"https:\/\/lartusihome.com\/wp-content\/uploads\/2022\/10\/screenshot-2022-07-22-at-12-29-12-wood-basket-ashi-black-oak.png\",\"contentUrl\":\"https:\/\/lartusihome.com\/wp-content\/uploads\/2022\/10\/screenshot-2022-07-22-at-12-29-12-wood-basket-ashi-black-oak.png\",\"width\":951,\"height\":955},{\"@type\":\"BreadcrumbList\",\"@id\":\"https:\/\/lartusihome.com\/et\/toode\/ashi-kuttepuude-korv-must\/#breadcrumb\",\"itemListElement\":[{\"@type\":\"ListItem\",\"position\":1,\"name\":\"Home\",\"item\":\"https:\/\/lartusihome.com\/et\/\"},{\"@type\":\"ListItem\",\"position\":2,\"name\":\"Pood\",\"item\":\"https:\/\/lartusihome.com\/et\/pood\/\"},{\"@type\":\"ListItem\",\"position\":3,\"name\":\"Ashi k\u00fcttepuude korv, must\"}]},{\"@type\":\"WebSite\",\"@id\":\"https:\/\/lartusihome.com\/et\/#website\",\"url\":\"https:\/\/lartusihome.com\/et\/\",\"name\":\"Lartusihome.com\",\"description\":\"Kodu \/ sisustus\",\"potentialAction\":[{\"@type\":\"SearchAction\",\"target\":{\"@type\":\"EntryPoint\",\"urlTemplate\":\"https:\/\/lartusihome.com\/et\/?s={search_term_string}\"},\"query-input\":{\"@type\":\"PropertyValueSpecification\",\"valueRequired\":true,\"valueName\":\"search_term_string\"}}],\"inLanguage\":\"et\"}]}<\/script>\n<!-- \/ Yoast SEO plugin. -->","yoast_head_json":{"title":"Ashi k\u00fcttepuude korv, must - Lartusihome.com","robots":{"index":"index","follow":"follow","max-snippet":"max-snippet:-1","max-image-preview":"max-image-preview:large","max-video-preview":"max-video-preview:-1"},"canonical":"https:\/\/lartusihome.com\/et\/toode\/ashi-kuttepuude-korv-must\/","og_locale":"et_EE","og_type":"article","og_title":"Ashi k\u00fcttepuude korv, must - Lartusihome.com","og_description":"Materjal: pulberv\u00e4rvitud teras, tamm K\u00f5rgus: 452 mm Laius: 348 mm Pikkus: 371 mm Disainer: kaschkasch","og_url":"https:\/\/lartusihome.com\/et\/toode\/ashi-kuttepuude-korv-must\/","og_site_name":"Lartusihome.com","article_publisher":"https:\/\/www.facebook.com\/lartusihome\/","article_modified_time":"2024-11-24T22:07:42+00:00","og_image":[{"width":951,"height":955,"url":"https:\/\/lartusihome.com\/wp-content\/uploads\/2022\/10\/screenshot-2022-07-22-at-12-29-12-wood-basket-ashi-black-oak.png","type":"image\/png"}],"twitter_card":"summary_large_image","schema":{"@context":"https:\/\/schema.org","@graph":[{"@type":"WebPage","@id":"https:\/\/lartusihome.com\/et\/toode\/ashi-kuttepuude-korv-must\/","url":"https:\/\/lartusihome.com\/et\/toode\/ashi-kuttepuude-korv-must\/","name":"Ashi k\u00fcttepuude korv, must - Lartusihome.com","isPartOf":{"@id":"https:\/\/lartusihome.com\/et\/#website"},"primaryImageOfPage":{"@id":"https:\/\/lartusihome.com\/et\/toode\/ashi-kuttepuude-korv-must\/#primaryimage"},"image":{"@id":"https:\/\/lartusihome.com\/et\/toode\/ashi-kuttepuude-korv-must\/#primaryimage"},"thumbnailUrl":"https:\/\/lartusihome.com\/wp-content\/uploads\/2022\/10\/screenshot-2022-07-22-at-12-29-12-wood-basket-ashi-black-oak.png","datePublished":"2022-07-22T06:31:01+00:00","dateModified":"2024-11-24T22:07:42+00:00","breadcrumb":{"@id":"https:\/\/lartusihome.com\/et\/toode\/ashi-kuttepuude-korv-must\/#breadcrumb"},"inLanguage":"et","potentialAction":[{"@type":"ReadAction","target":["https:\/\/lartusihome.com\/et\/toode\/ashi-kuttepuude-korv-must\/"]}]},{"@type":"ImageObject","inLanguage":"et","@id":"https:\/\/lartusihome.com\/et\/toode\/ashi-kuttepuude-korv-must\/#primaryimage","url":"https:\/\/lartusihome.com\/wp-content\/uploads\/2022\/10\/screenshot-2022-07-22-at-12-29-12-wood-basket-ashi-black-oak.png","contentUrl":"https:\/\/lartusihome.com\/wp-content\/uploads\/2022\/10\/screenshot-2022-07-22-at-12-29-12-wood-basket-ashi-black-oak.png","width":951,"height":955},{"@type":"BreadcrumbList","@id":"https:\/\/lartusihome.com\/et\/toode\/ashi-kuttepuude-korv-must\/#breadcrumb","itemListElement":[{"@type":"ListItem","position":1,"name":"Home","item":"https:\/\/lartusihome.com\/et\/"},{"@type":"ListItem","position":2,"name":"Pood","item":"https:\/\/lartusihome.com\/et\/pood\/"},{"@type":"ListItem","position":3,"name":"Ashi k\u00fcttepuude korv, must"}]},{"@type":"WebSite","@id":"https:\/\/lartusihome.com\/et\/#website","url":"https:\/\/lartusihome.com\/et\/","name":"Lartusihome.com","description":"Kodu \/ sisustus","potentialAction":[{"@type":"SearchAction","target":{"@type":"EntryPoint","urlTemplate":"https:\/\/lartusihome.com\/et\/?s={search_term_string}"},"query-input":{"@type":"PropertyValueSpecification","valueRequired":true,"valueName":"search_term_string"}}],"inLanguage":"et"}]}},"_links":{"self":[{"href":"https:\/\/lartusihome.com\/et\/wp-json\/wp\/v2\/product\/210635"}],"collection":[{"href":"https:\/\/lartusihome.com\/et\/wp-json\/wp\/v2\/product"}],"about":[{"href":"https:\/\/lartusihome.com\/et\/wp-json\/wp\/v2\/types\/product"}],"wp:featuredmedia":[{"embeddable":true,"href":"https:\/\/lartusihome.com\/et\/wp-json\/wp\/v2\/media\/208142"}],"wp:attachment":[{"href":"https:\/\/lartusihome.com\/et\/wp-json\/wp\/v2\/media?parent=210635"}],"wp:term":[{"taxonomy":"product_cat","embeddable":true,"href":"https:\/\/lartusihome.com\/et\/wp-json\/wp\/v2\/product_cat?post=210635"},{"taxonomy":"product_tag","embeddable":true,"href":"https:\/\/lartusihome.com\/et\/wp-json\/wp\/v2\/product_tag?post=210635"},{"taxonomy":"giftcard-category","embeddable":true,"href":"https:\/\/lartusihome.com\/et\/wp-json\/wp\/v2\/giftcard-category?post=210635"}],"curies":[{"name":"wp","href":"https:\/\/api.w.org\/{rel}","templated":true}]}}