{"id":210615,"date":"2022-10-27T14:37:00","date_gmt":"2022-10-27T11:37:00","guid":{"rendered":"https:\/\/lartusihome.com\/?post_type=product&#038;p=210615"},"modified":"2022-11-16T17:23:58","modified_gmt":"2022-11-16T15:23:58","slug":"firecube-grill-rest","status":"publish","type":"product","link":"https:\/\/lartusihome.com\/et\/toode\/firecube-grill-rest\/","title":{"rendered":"FireCube grillrest"},"content":{"rendered":"<p id=\"tw-target-text\" class=\"tw-data-text tw-text-large tw-ta\" dir=\"ltr\" data-placeholder=\"T\u00f5lge\"><span class=\"Y2IQFc\" lang=\"et\">Muuda oma FireCube l\u00f5kkease grilliks. Asetage FireCube&#8217;i alus otse horisontaalasendisse, asetage rest kuubiku peale ja oletegi grillimiseks valmis! Roostevabast terasest grillrest kuumeneb \u00f5ige k\u00f5rge temperatuurini, et saavutada t\u00e4iuslikud grillim\u00e4rgid. \u00a0N\u00f5udepesumasinas pestav ja BBQ grillharjaga puhastatav. Valmistatud roostevabast terasest. M\u00f5\u00f5dud: 44,5 x 46 cm. <\/span><\/p>\n","protected":false},"excerpt":{"rendered":"<p>Muuda oma FireCube l\u00f5kkease grilliks. Asetage FireCube&#8217;i alus otse horisontaalasendisse, asetage rest kuubiku peale ja oletegi grillimiseks valmis! Roostevabast terasest grillrest kuumeneb \u00f5ige k\u00f5rge temperatuurini, et saavutada t\u00e4iuslikud grillim\u00e4rgid. \u00a0N\u00f5udepesumasinas pestav ja BBQ grillharjaga puhastatav. Valmistatud roostevabast terasest. M\u00f5\u00f5dud: 44,5 x 46 cm.<\/p>\n","protected":false},"featured_media":284395,"template":"","meta":{"_acf_changed":false,"inline_featured_image":false},"product_cat":[22648,25012],"product_tag":[],"giftcard-category":[],"class_list":{"0":"post-210615","1":"product","2":"type-product","3":"status-publish","4":"has-post-thumbnail","6":"product_cat-valimoobel","7":"product_cat-tuleasemed","8":"pa_brand-eva-solo","9":"pa_collection-firecube","11":"first","12":"outofstock","13":"shipping-taxable","14":"purchasable","15":"product-type-simple"},"acf":[],"yoast_head":"<!-- This site is optimized with the Yoast SEO plugin v25.6 - https:\/\/yoast.com\/wordpress\/plugins\/seo\/ -->\n<title>FireCube grillrest - Lartusihome.com<\/title>\n<meta name=\"robots\" content=\"index, follow, max-snippet:-1, max-image-preview:large, max-video-preview:-1\" \/>\n<link rel=\"canonical\" href=\"https:\/\/lartusihome.com\/et\/toode\/firecube-grill-rest\/\" \/>\n<meta property=\"og:locale\" content=\"et_EE\" \/>\n<meta property=\"og:type\" content=\"article\" \/>\n<meta property=\"og:title\" content=\"FireCube grillrest - Lartusihome.com\" \/>\n<meta property=\"og:description\" content=\"Muuda oma FireCube l\u00f5kkease grilliks. Asetage FireCube&#8217;i alus otse horisontaalasendisse, asetage rest kuubiku peale ja oletegi grillimiseks valmis! Roostevabast terasest grillrest kuumeneb \u00f5ige k\u00f5rge temperatuurini, et saavutada t\u00e4iuslikud grillim\u00e4rgid. \u00a0N\u00f5udepesumasinas pestav ja BBQ grillharjaga puhastatav. Valmistatud roostevabast terasest. M\u00f5\u00f5dud: 44,5 x 46 cm.\" \/>\n<meta property=\"og:url\" content=\"https:\/\/lartusihome.com\/et\/toode\/firecube-grill-rest\/\" \/>\n<meta property=\"og:site_name\" content=\"Lartusihome.com\" \/>\n<meta property=\"article:publisher\" content=\"https:\/\/www.facebook.com\/lartusihome\/\" \/>\n<meta property=\"article:modified_time\" content=\"2022-11-16T15:23:58+00:00\" \/>\n<meta property=\"og:image\" content=\"https:\/\/lartusihome.com\/wp-content\/uploads\/2022\/10\/571116.jpg\" \/>\n\t<meta property=\"og:image:width\" content=\"2000\" \/>\n\t<meta property=\"og:image:height\" content=\"2000\" \/>\n\t<meta property=\"og:image:type\" content=\"image\/jpeg\" \/>\n<meta name=\"twitter:card\" content=\"summary_large_image\" \/>\n<script type=\"application\/ld+json\" class=\"yoast-schema-graph\">{\"@context\":\"https:\/\/schema.org\",\"@graph\":[{\"@type\":\"WebPage\",\"@id\":\"https:\/\/lartusihome.com\/et\/toode\/firecube-grill-rest\/\",\"url\":\"https:\/\/lartusihome.com\/et\/toode\/firecube-grill-rest\/\",\"name\":\"FireCube grillrest - Lartusihome.com\",\"isPartOf\":{\"@id\":\"https:\/\/lartusihome.com\/et\/#website\"},\"primaryImageOfPage\":{\"@id\":\"https:\/\/lartusihome.com\/et\/toode\/firecube-grill-rest\/#primaryimage\"},\"image\":{\"@id\":\"https:\/\/lartusihome.com\/et\/toode\/firecube-grill-rest\/#primaryimage\"},\"thumbnailUrl\":\"https:\/\/lartusihome.com\/wp-content\/uploads\/2022\/10\/571116.jpg\",\"datePublished\":\"2022-10-27T11:37:00+00:00\",\"dateModified\":\"2022-11-16T15:23:58+00:00\",\"breadcrumb\":{\"@id\":\"https:\/\/lartusihome.com\/et\/toode\/firecube-grill-rest\/#breadcrumb\"},\"inLanguage\":\"et\",\"potentialAction\":[{\"@type\":\"ReadAction\",\"target\":[\"https:\/\/lartusihome.com\/et\/toode\/firecube-grill-rest\/\"]}]},{\"@type\":\"ImageObject\",\"inLanguage\":\"et\",\"@id\":\"https:\/\/lartusihome.com\/et\/toode\/firecube-grill-rest\/#primaryimage\",\"url\":\"https:\/\/lartusihome.com\/wp-content\/uploads\/2022\/10\/571116.jpg\",\"contentUrl\":\"https:\/\/lartusihome.com\/wp-content\/uploads\/2022\/10\/571116.jpg\",\"width\":2000,\"height\":2000},{\"@type\":\"BreadcrumbList\",\"@id\":\"https:\/\/lartusihome.com\/et\/toode\/firecube-grill-rest\/#breadcrumb\",\"itemListElement\":[{\"@type\":\"ListItem\",\"position\":1,\"name\":\"Home\",\"item\":\"https:\/\/lartusihome.com\/et\/\"},{\"@type\":\"ListItem\",\"position\":2,\"name\":\"Pood\",\"item\":\"https:\/\/lartusihome.com\/et\/pood\/\"},{\"@type\":\"ListItem\",\"position\":3,\"name\":\"FireCube grillrest\"}]},{\"@type\":\"WebSite\",\"@id\":\"https:\/\/lartusihome.com\/et\/#website\",\"url\":\"https:\/\/lartusihome.com\/et\/\",\"name\":\"Lartusihome.com\",\"description\":\"Kodu \/ sisustus\",\"potentialAction\":[{\"@type\":\"SearchAction\",\"target\":{\"@type\":\"EntryPoint\",\"urlTemplate\":\"https:\/\/lartusihome.com\/et\/?s={search_term_string}\"},\"query-input\":{\"@type\":\"PropertyValueSpecification\",\"valueRequired\":true,\"valueName\":\"search_term_string\"}}],\"inLanguage\":\"et\"}]}<\/script>\n<!-- \/ Yoast SEO plugin. -->","yoast_head_json":{"title":"FireCube grillrest - Lartusihome.com","robots":{"index":"index","follow":"follow","max-snippet":"max-snippet:-1","max-image-preview":"max-image-preview:large","max-video-preview":"max-video-preview:-1"},"canonical":"https:\/\/lartusihome.com\/et\/toode\/firecube-grill-rest\/","og_locale":"et_EE","og_type":"article","og_title":"FireCube grillrest - Lartusihome.com","og_description":"Muuda oma FireCube l\u00f5kkease grilliks. Asetage FireCube&#8217;i alus otse horisontaalasendisse, asetage rest kuubiku peale ja oletegi grillimiseks valmis! Roostevabast terasest grillrest kuumeneb \u00f5ige k\u00f5rge temperatuurini, et saavutada t\u00e4iuslikud grillim\u00e4rgid. \u00a0N\u00f5udepesumasinas pestav ja BBQ grillharjaga puhastatav. Valmistatud roostevabast terasest. M\u00f5\u00f5dud: 44,5 x 46 cm.","og_url":"https:\/\/lartusihome.com\/et\/toode\/firecube-grill-rest\/","og_site_name":"Lartusihome.com","article_publisher":"https:\/\/www.facebook.com\/lartusihome\/","article_modified_time":"2022-11-16T15:23:58+00:00","og_image":[{"width":2000,"height":2000,"url":"https:\/\/lartusihome.com\/wp-content\/uploads\/2022\/10\/571116.jpg","type":"image\/jpeg"}],"twitter_card":"summary_large_image","schema":{"@context":"https:\/\/schema.org","@graph":[{"@type":"WebPage","@id":"https:\/\/lartusihome.com\/et\/toode\/firecube-grill-rest\/","url":"https:\/\/lartusihome.com\/et\/toode\/firecube-grill-rest\/","name":"FireCube grillrest - Lartusihome.com","isPartOf":{"@id":"https:\/\/lartusihome.com\/et\/#website"},"primaryImageOfPage":{"@id":"https:\/\/lartusihome.com\/et\/toode\/firecube-grill-rest\/#primaryimage"},"image":{"@id":"https:\/\/lartusihome.com\/et\/toode\/firecube-grill-rest\/#primaryimage"},"thumbnailUrl":"https:\/\/lartusihome.com\/wp-content\/uploads\/2022\/10\/571116.jpg","datePublished":"2022-10-27T11:37:00+00:00","dateModified":"2022-11-16T15:23:58+00:00","breadcrumb":{"@id":"https:\/\/lartusihome.com\/et\/toode\/firecube-grill-rest\/#breadcrumb"},"inLanguage":"et","potentialAction":[{"@type":"ReadAction","target":["https:\/\/lartusihome.com\/et\/toode\/firecube-grill-rest\/"]}]},{"@type":"ImageObject","inLanguage":"et","@id":"https:\/\/lartusihome.com\/et\/toode\/firecube-grill-rest\/#primaryimage","url":"https:\/\/lartusihome.com\/wp-content\/uploads\/2022\/10\/571116.jpg","contentUrl":"https:\/\/lartusihome.com\/wp-content\/uploads\/2022\/10\/571116.jpg","width":2000,"height":2000},{"@type":"BreadcrumbList","@id":"https:\/\/lartusihome.com\/et\/toode\/firecube-grill-rest\/#breadcrumb","itemListElement":[{"@type":"ListItem","position":1,"name":"Home","item":"https:\/\/lartusihome.com\/et\/"},{"@type":"ListItem","position":2,"name":"Pood","item":"https:\/\/lartusihome.com\/et\/pood\/"},{"@type":"ListItem","position":3,"name":"FireCube grillrest"}]},{"@type":"WebSite","@id":"https:\/\/lartusihome.com\/et\/#website","url":"https:\/\/lartusihome.com\/et\/","name":"Lartusihome.com","description":"Kodu \/ sisustus","potentialAction":[{"@type":"SearchAction","target":{"@type":"EntryPoint","urlTemplate":"https:\/\/lartusihome.com\/et\/?s={search_term_string}"},"query-input":{"@type":"PropertyValueSpecification","valueRequired":true,"valueName":"search_term_string"}}],"inLanguage":"et"}]}},"_links":{"self":[{"href":"https:\/\/lartusihome.com\/et\/wp-json\/wp\/v2\/product\/210615"}],"collection":[{"href":"https:\/\/lartusihome.com\/et\/wp-json\/wp\/v2\/product"}],"about":[{"href":"https:\/\/lartusihome.com\/et\/wp-json\/wp\/v2\/types\/product"}],"wp:featuredmedia":[{"embeddable":true,"href":"https:\/\/lartusihome.com\/et\/wp-json\/wp\/v2\/media\/284395"}],"wp:attachment":[{"href":"https:\/\/lartusihome.com\/et\/wp-json\/wp\/v2\/media?parent=210615"}],"wp:term":[{"taxonomy":"product_cat","embeddable":true,"href":"https:\/\/lartusihome.com\/et\/wp-json\/wp\/v2\/product_cat?post=210615"},{"taxonomy":"product_tag","embeddable":true,"href":"https:\/\/lartusihome.com\/et\/wp-json\/wp\/v2\/product_tag?post=210615"},{"taxonomy":"giftcard-category","embeddable":true,"href":"https:\/\/lartusihome.com\/et\/wp-json\/wp\/v2\/giftcard-category?post=210615"}],"curies":[{"name":"wp","href":"https:\/\/api.w.org\/{rel}","templated":true}]}}