{"id":210269,"date":"2022-09-08T10:47:56","date_gmt":"2022-09-08T07:47:56","guid":{"rendered":"https:\/\/lartusihome.com\/toode\/androgyne-abilaud-50cm-puit-4\/"},"modified":"2022-10-27T00:21:43","modified_gmt":"2022-10-26T21:21:43","slug":"androgyne-abilaud-50cm-puit-4","status":"publish","type":"product","link":"https:\/\/lartusihome.com\/et\/toode\/androgyne-abilaud-50cm-puit-4\/","title":{"rendered":"Androgyne abilaud \u00d850cm, puit"},"content":{"rendered":"<p>k\u00f5rgus: 39cm<\/p>\n<p>diameeter: 50cm<\/p>\n<p>materjal: MDF, vineer, pulberv\u00e4rvitud metall, PA plastikust p\u00f5randakaitsmed<\/p>\n<p>disainer: Danielle Sigerud<\/p>\n<p>tarneaeg: k\u00fcsi infot<\/p>\n","protected":false},"excerpt":{"rendered":"<p>k\u00f5rgus: 39cm diameeter: 50cm materjal: MDF, vineer, pulberv\u00e4rvitud metall, PA plastikust p\u00f5randakaitsmed disainer: Danielle Sigerud tarneaeg: k\u00fcsi infot<\/p>\n","protected":false},"featured_media":205613,"template":"","meta":{"_acf_changed":false,"inline_featured_image":false},"product_cat":[24647,5273,3247,13079],"product_tag":[],"giftcard-category":[],"class_list":{"0":"post-210269","1":"product","2":"type-product","3":"status-publish","4":"has-post-thumbnail","6":"product_cat-abilauad","7":"product_cat-moobel","8":"product_cat-lauad","9":"product_cat-soodustuseta","10":"pa_brand-menu","11":"pa_collection-androgyne","12":"pa_material-tumedaks-peitsitud-tamm","13":"pa_material-walnut","14":"pa_material-natural-oak","16":"first","17":"onbackorder","18":"shipping-taxable","19":"purchasable","20":"product-type-variable"},"acf":[],"yoast_head":"<!-- This site is optimized with the Yoast SEO plugin v25.6 - https:\/\/yoast.com\/wordpress\/plugins\/seo\/ -->\n<title>Androgyne abilaud \u00d850cm, puit - Lartusihome.com<\/title>\n<meta name=\"robots\" content=\"index, follow, max-snippet:-1, max-image-preview:large, max-video-preview:-1\" \/>\n<link rel=\"canonical\" href=\"https:\/\/lartusihome.com\/et\/toode\/androgyne-abilaud-50cm-puit-4\/\" \/>\n<meta property=\"og:locale\" content=\"et_EE\" \/>\n<meta property=\"og:type\" content=\"article\" \/>\n<meta property=\"og:title\" content=\"Androgyne abilaud \u00d850cm, puit - Lartusihome.com\" \/>\n<meta property=\"og:description\" content=\"k\u00f5rgus: 39cm diameeter: 50cm materjal: MDF, vineer, pulberv\u00e4rvitud metall, PA plastikust p\u00f5randakaitsmed disainer: Danielle Sigerud tarneaeg: k\u00fcsi infot\" \/>\n<meta property=\"og:url\" content=\"https:\/\/lartusihome.com\/et\/toode\/androgyne-abilaud-50cm-puit-4\/\" \/>\n<meta property=\"og:site_name\" content=\"Lartusihome.com\" \/>\n<meta property=\"article:publisher\" content=\"https:\/\/www.facebook.com\/lartusihome\/\" \/>\n<meta property=\"article:modified_time\" content=\"2022-10-26T21:21:43+00:00\" \/>\n<meta property=\"og:image\" content=\"https:\/\/lartusihome.com\/wp-content\/uploads\/2022\/10\/menu-androgyne-abilaud-50-cm-puit.jpg\" \/>\n\t<meta property=\"og:image:width\" content=\"2000\" \/>\n\t<meta property=\"og:image:height\" content=\"2000\" \/>\n\t<meta property=\"og:image:type\" content=\"image\/jpeg\" \/>\n<meta name=\"twitter:card\" content=\"summary_large_image\" \/>\n<script type=\"application\/ld+json\" class=\"yoast-schema-graph\">{\"@context\":\"https:\/\/schema.org\",\"@graph\":[{\"@type\":\"WebPage\",\"@id\":\"https:\/\/lartusihome.com\/et\/toode\/androgyne-abilaud-50cm-puit-4\/\",\"url\":\"https:\/\/lartusihome.com\/et\/toode\/androgyne-abilaud-50cm-puit-4\/\",\"name\":\"Androgyne abilaud \u00d850cm, puit - Lartusihome.com\",\"isPartOf\":{\"@id\":\"https:\/\/lartusihome.com\/et\/#website\"},\"primaryImageOfPage\":{\"@id\":\"https:\/\/lartusihome.com\/et\/toode\/androgyne-abilaud-50cm-puit-4\/#primaryimage\"},\"image\":{\"@id\":\"https:\/\/lartusihome.com\/et\/toode\/androgyne-abilaud-50cm-puit-4\/#primaryimage\"},\"thumbnailUrl\":\"https:\/\/lartusihome.com\/wp-content\/uploads\/2022\/10\/menu-androgyne-abilaud-50-cm-puit.jpg\",\"datePublished\":\"2022-09-08T07:47:56+00:00\",\"dateModified\":\"2022-10-26T21:21:43+00:00\",\"breadcrumb\":{\"@id\":\"https:\/\/lartusihome.com\/et\/toode\/androgyne-abilaud-50cm-puit-4\/#breadcrumb\"},\"inLanguage\":\"et\",\"potentialAction\":[{\"@type\":\"ReadAction\",\"target\":[\"https:\/\/lartusihome.com\/et\/toode\/androgyne-abilaud-50cm-puit-4\/\"]}]},{\"@type\":\"ImageObject\",\"inLanguage\":\"et\",\"@id\":\"https:\/\/lartusihome.com\/et\/toode\/androgyne-abilaud-50cm-puit-4\/#primaryimage\",\"url\":\"https:\/\/lartusihome.com\/wp-content\/uploads\/2022\/10\/menu-androgyne-abilaud-50-cm-puit.jpg\",\"contentUrl\":\"https:\/\/lartusihome.com\/wp-content\/uploads\/2022\/10\/menu-androgyne-abilaud-50-cm-puit.jpg\",\"width\":2000,\"height\":2000},{\"@type\":\"BreadcrumbList\",\"@id\":\"https:\/\/lartusihome.com\/et\/toode\/androgyne-abilaud-50cm-puit-4\/#breadcrumb\",\"itemListElement\":[{\"@type\":\"ListItem\",\"position\":1,\"name\":\"Home\",\"item\":\"https:\/\/lartusihome.com\/et\/\"},{\"@type\":\"ListItem\",\"position\":2,\"name\":\"Pood\",\"item\":\"https:\/\/lartusihome.com\/et\/pood\/\"},{\"@type\":\"ListItem\",\"position\":3,\"name\":\"Androgyne abilaud \u00d850cm, puit\"}]},{\"@type\":\"WebSite\",\"@id\":\"https:\/\/lartusihome.com\/et\/#website\",\"url\":\"https:\/\/lartusihome.com\/et\/\",\"name\":\"Lartusihome.com\",\"description\":\"Kodu \/ sisustus\",\"potentialAction\":[{\"@type\":\"SearchAction\",\"target\":{\"@type\":\"EntryPoint\",\"urlTemplate\":\"https:\/\/lartusihome.com\/et\/?s={search_term_string}\"},\"query-input\":{\"@type\":\"PropertyValueSpecification\",\"valueRequired\":true,\"valueName\":\"search_term_string\"}}],\"inLanguage\":\"et\"}]}<\/script>\n<!-- \/ Yoast SEO plugin. -->","yoast_head_json":{"title":"Androgyne abilaud \u00d850cm, puit - Lartusihome.com","robots":{"index":"index","follow":"follow","max-snippet":"max-snippet:-1","max-image-preview":"max-image-preview:large","max-video-preview":"max-video-preview:-1"},"canonical":"https:\/\/lartusihome.com\/et\/toode\/androgyne-abilaud-50cm-puit-4\/","og_locale":"et_EE","og_type":"article","og_title":"Androgyne abilaud \u00d850cm, puit - Lartusihome.com","og_description":"k\u00f5rgus: 39cm diameeter: 50cm materjal: MDF, vineer, pulberv\u00e4rvitud metall, PA plastikust p\u00f5randakaitsmed disainer: Danielle Sigerud tarneaeg: k\u00fcsi infot","og_url":"https:\/\/lartusihome.com\/et\/toode\/androgyne-abilaud-50cm-puit-4\/","og_site_name":"Lartusihome.com","article_publisher":"https:\/\/www.facebook.com\/lartusihome\/","article_modified_time":"2022-10-26T21:21:43+00:00","og_image":[{"width":2000,"height":2000,"url":"https:\/\/lartusihome.com\/wp-content\/uploads\/2022\/10\/menu-androgyne-abilaud-50-cm-puit.jpg","type":"image\/jpeg"}],"twitter_card":"summary_large_image","schema":{"@context":"https:\/\/schema.org","@graph":[{"@type":"WebPage","@id":"https:\/\/lartusihome.com\/et\/toode\/androgyne-abilaud-50cm-puit-4\/","url":"https:\/\/lartusihome.com\/et\/toode\/androgyne-abilaud-50cm-puit-4\/","name":"Androgyne abilaud \u00d850cm, puit - Lartusihome.com","isPartOf":{"@id":"https:\/\/lartusihome.com\/et\/#website"},"primaryImageOfPage":{"@id":"https:\/\/lartusihome.com\/et\/toode\/androgyne-abilaud-50cm-puit-4\/#primaryimage"},"image":{"@id":"https:\/\/lartusihome.com\/et\/toode\/androgyne-abilaud-50cm-puit-4\/#primaryimage"},"thumbnailUrl":"https:\/\/lartusihome.com\/wp-content\/uploads\/2022\/10\/menu-androgyne-abilaud-50-cm-puit.jpg","datePublished":"2022-09-08T07:47:56+00:00","dateModified":"2022-10-26T21:21:43+00:00","breadcrumb":{"@id":"https:\/\/lartusihome.com\/et\/toode\/androgyne-abilaud-50cm-puit-4\/#breadcrumb"},"inLanguage":"et","potentialAction":[{"@type":"ReadAction","target":["https:\/\/lartusihome.com\/et\/toode\/androgyne-abilaud-50cm-puit-4\/"]}]},{"@type":"ImageObject","inLanguage":"et","@id":"https:\/\/lartusihome.com\/et\/toode\/androgyne-abilaud-50cm-puit-4\/#primaryimage","url":"https:\/\/lartusihome.com\/wp-content\/uploads\/2022\/10\/menu-androgyne-abilaud-50-cm-puit.jpg","contentUrl":"https:\/\/lartusihome.com\/wp-content\/uploads\/2022\/10\/menu-androgyne-abilaud-50-cm-puit.jpg","width":2000,"height":2000},{"@type":"BreadcrumbList","@id":"https:\/\/lartusihome.com\/et\/toode\/androgyne-abilaud-50cm-puit-4\/#breadcrumb","itemListElement":[{"@type":"ListItem","position":1,"name":"Home","item":"https:\/\/lartusihome.com\/et\/"},{"@type":"ListItem","position":2,"name":"Pood","item":"https:\/\/lartusihome.com\/et\/pood\/"},{"@type":"ListItem","position":3,"name":"Androgyne abilaud \u00d850cm, puit"}]},{"@type":"WebSite","@id":"https:\/\/lartusihome.com\/et\/#website","url":"https:\/\/lartusihome.com\/et\/","name":"Lartusihome.com","description":"Kodu \/ sisustus","potentialAction":[{"@type":"SearchAction","target":{"@type":"EntryPoint","urlTemplate":"https:\/\/lartusihome.com\/et\/?s={search_term_string}"},"query-input":{"@type":"PropertyValueSpecification","valueRequired":true,"valueName":"search_term_string"}}],"inLanguage":"et"}]}},"_links":{"self":[{"href":"https:\/\/lartusihome.com\/et\/wp-json\/wp\/v2\/product\/210269"}],"collection":[{"href":"https:\/\/lartusihome.com\/et\/wp-json\/wp\/v2\/product"}],"about":[{"href":"https:\/\/lartusihome.com\/et\/wp-json\/wp\/v2\/types\/product"}],"wp:featuredmedia":[{"embeddable":true,"href":"https:\/\/lartusihome.com\/et\/wp-json\/wp\/v2\/media\/205613"}],"wp:attachment":[{"href":"https:\/\/lartusihome.com\/et\/wp-json\/wp\/v2\/media?parent=210269"}],"wp:term":[{"taxonomy":"product_cat","embeddable":true,"href":"https:\/\/lartusihome.com\/et\/wp-json\/wp\/v2\/product_cat?post=210269"},{"taxonomy":"product_tag","embeddable":true,"href":"https:\/\/lartusihome.com\/et\/wp-json\/wp\/v2\/product_tag?post=210269"},{"taxonomy":"giftcard-category","embeddable":true,"href":"https:\/\/lartusihome.com\/et\/wp-json\/wp\/v2\/giftcard-category?post=210269"}],"curies":[{"name":"wp","href":"https:\/\/api.w.org\/{rel}","templated":true}]}}