{"id":209905,"date":"2022-10-27T14:37:00","date_gmt":"2022-10-27T11:37:00","guid":{"rendered":"https:\/\/lartusihome.com\/?post_type=product&#038;p=209905"},"modified":"2024-02-20T14:32:03","modified_gmt":"2024-02-20T12:32:03","slug":"crackle-vaas-27cm-taaskasutatud-klaas","status":"publish","type":"product","link":"https:\/\/lartusihome.com\/et\/toode\/crackle-vaas-27cm-taaskasutatud-klaas\/","title":{"rendered":"Crackle vaas 27cm, taaskasutatud klaas"},"content":{"rendered":"<p id=\"tw-target-text\" class=\"tw-data-text tw-text-large tw-ta\" dir=\"ltr\" data-placeholder=\"T\u00f5lge\" data-ved=\"2ahUKEwiusOXn9bmEAxU9FxAIHTR9CDYQ3ewLegQIBRAU\"><span class=\"Y2IQFc\" lang=\"et\">Crackle seeria on austusavaldus pragudele. Vaasil on skulptuurne ilmekas v\u00e4lisilme, mis on loodud vanas k\u00e4sit\u00f6\u00f6tehnikas, kus kuum klaas kastetakse j\u00e4\u00e4k\u00fclma vette. Crackle Circular kasutab kohalikust tootmisest p\u00e4rit klaasij\u00e4\u00e4tmeid. See koos taaskasutatud klaasis tekkivate v\u00e4ikeste mullidega annab igale tootele ainulaadse v\u00e4rvitooni. <\/span><\/p>\n<p class=\"tw-data-text tw-text-large tw-ta\" dir=\"ltr\" data-placeholder=\"T\u00f5lge\" data-ved=\"2ahUKEwiusOXn9bmEAxU9FxAIHTR9CDYQ3ewLegQIBRAU\"><span class=\"Y2IQFc\" lang=\"et\">K\u00f5rgus: 27 cm <\/span><\/p>\n<p class=\"tw-data-text tw-text-large tw-ta\" dir=\"ltr\" data-placeholder=\"T\u00f5lge\" data-ved=\"2ahUKEwiusOXn9bmEAxU9FxAIHTR9CDYQ3ewLegQIBRAU\"><span class=\"Y2IQFc\" lang=\"et\">Laius: 20 cm <\/span><\/p>\n<p class=\"tw-data-text tw-text-large tw-ta\" dir=\"ltr\" data-placeholder=\"T\u00f5lge\" data-ved=\"2ahUKEwiusOXn9bmEAxU9FxAIHTR9CDYQ3ewLegQIBRAU\"><span class=\"Y2IQFc\" lang=\"et\">Materjal: taaskasutatud klaas <\/span><\/p>\n<p class=\"tw-data-text tw-text-large tw-ta\" dir=\"ltr\" data-placeholder=\"T\u00f5lge\" data-ved=\"2ahUKEwiusOXn9bmEAxU9FxAIHTR9CDYQ3ewLegQIBRAU\"><span class=\"Y2IQFc\" lang=\"et\">Disainer: \u00c5sa Jungnelius<\/span><\/p>\n","protected":false},"excerpt":{"rendered":"<p>Crackle seeria on austusavaldus pragudele. Vaasil on skulptuurne ilmekas v\u00e4lisilme, mis on loodud vanas k\u00e4sit\u00f6\u00f6tehnikas, kus kuum klaas kastetakse j\u00e4\u00e4k\u00fclma vette. Crackle Circular kasutab kohalikust tootmisest p\u00e4rit klaasij\u00e4\u00e4tmeid. See koos taaskasutatud klaasis tekkivate v\u00e4ikeste mullidega annab igale tootele ainulaadse v\u00e4rvitooni. K\u00f5rgus: 27 cm Laius: 20 cm Materjal: taaskasutatud klaas Disainer: \u00c5sa Jungnelius<\/p>\n","protected":false},"featured_media":348838,"template":"","meta":{"_acf_changed":false,"inline_featured_image":false},"product_cat":[4365,108],"product_tag":[],"giftcard-category":[],"class_list":{"0":"post-209905","1":"product","2":"type-product","3":"status-publish","4":"has-post-thumbnail","6":"product_cat-aksessuaarid","7":"product_cat-vaasid","8":"pa_brand-kosta-boda","9":"pa_collection-crackle","11":"first","12":"outofstock","13":"shipping-taxable","14":"purchasable","15":"product-type-simple"},"acf":[],"yoast_head":"<!-- This site is optimized with the Yoast SEO plugin v25.6 - https:\/\/yoast.com\/wordpress\/plugins\/seo\/ -->\n<title>Crackle vaas 27cm, taaskasutatud klaas - Lartusihome.com<\/title>\n<meta name=\"robots\" content=\"index, follow, max-snippet:-1, max-image-preview:large, max-video-preview:-1\" \/>\n<link rel=\"canonical\" href=\"https:\/\/lartusihome.com\/et\/toode\/crackle-vaas-27cm-taaskasutatud-klaas\/\" \/>\n<meta property=\"og:locale\" content=\"et_EE\" \/>\n<meta property=\"og:type\" content=\"article\" \/>\n<meta property=\"og:title\" content=\"Crackle vaas 27cm, taaskasutatud klaas - Lartusihome.com\" \/>\n<meta property=\"og:description\" content=\"Crackle seeria on austusavaldus pragudele. Vaasil on skulptuurne ilmekas v\u00e4lisilme, mis on loodud vanas k\u00e4sit\u00f6\u00f6tehnikas, kus kuum klaas kastetakse j\u00e4\u00e4k\u00fclma vette. Crackle Circular kasutab kohalikust tootmisest p\u00e4rit klaasij\u00e4\u00e4tmeid. See koos taaskasutatud klaasis tekkivate v\u00e4ikeste mullidega annab igale tootele ainulaadse v\u00e4rvitooni. K\u00f5rgus: 27 cm Laius: 20 cm Materjal: taaskasutatud klaas Disainer: \u00c5sa Jungnelius\" \/>\n<meta property=\"og:url\" content=\"https:\/\/lartusihome.com\/et\/toode\/crackle-vaas-27cm-taaskasutatud-klaas\/\" \/>\n<meta property=\"og:site_name\" content=\"Lartusihome.com\" \/>\n<meta property=\"article:publisher\" content=\"https:\/\/www.facebook.com\/lartusihome\/\" \/>\n<meta property=\"article:modified_time\" content=\"2024-02-20T12:32:03+00:00\" \/>\n<meta property=\"og:image\" content=\"https:\/\/lartusihome.com\/wp-content\/uploads\/2022\/10\/7042217_Crackle-Vase_Circular_KostaBoda_AsaJungnelius_FREE_1_1x1.jpg\" \/>\n\t<meta property=\"og:image:width\" content=\"2000\" \/>\n\t<meta property=\"og:image:height\" content=\"2000\" \/>\n\t<meta property=\"og:image:type\" content=\"image\/jpeg\" \/>\n<meta name=\"twitter:card\" content=\"summary_large_image\" \/>\n<meta name=\"twitter:label1\" content=\"Est. reading time\" \/>\n\t<meta name=\"twitter:data1\" content=\"1 minut\" \/>\n<script type=\"application\/ld+json\" class=\"yoast-schema-graph\">{\"@context\":\"https:\/\/schema.org\",\"@graph\":[{\"@type\":\"WebPage\",\"@id\":\"https:\/\/lartusihome.com\/et\/toode\/crackle-vaas-27cm-taaskasutatud-klaas\/\",\"url\":\"https:\/\/lartusihome.com\/et\/toode\/crackle-vaas-27cm-taaskasutatud-klaas\/\",\"name\":\"Crackle vaas 27cm, taaskasutatud klaas - Lartusihome.com\",\"isPartOf\":{\"@id\":\"https:\/\/lartusihome.com\/et\/#website\"},\"primaryImageOfPage\":{\"@id\":\"https:\/\/lartusihome.com\/et\/toode\/crackle-vaas-27cm-taaskasutatud-klaas\/#primaryimage\"},\"image\":{\"@id\":\"https:\/\/lartusihome.com\/et\/toode\/crackle-vaas-27cm-taaskasutatud-klaas\/#primaryimage\"},\"thumbnailUrl\":\"https:\/\/lartusihome.com\/wp-content\/uploads\/2022\/10\/7042217_Crackle-Vase_Circular_KostaBoda_AsaJungnelius_FREE_1_1x1.jpg\",\"datePublished\":\"2022-10-27T11:37:00+00:00\",\"dateModified\":\"2024-02-20T12:32:03+00:00\",\"breadcrumb\":{\"@id\":\"https:\/\/lartusihome.com\/et\/toode\/crackle-vaas-27cm-taaskasutatud-klaas\/#breadcrumb\"},\"inLanguage\":\"et\",\"potentialAction\":[{\"@type\":\"ReadAction\",\"target\":[\"https:\/\/lartusihome.com\/et\/toode\/crackle-vaas-27cm-taaskasutatud-klaas\/\"]}]},{\"@type\":\"ImageObject\",\"inLanguage\":\"et\",\"@id\":\"https:\/\/lartusihome.com\/et\/toode\/crackle-vaas-27cm-taaskasutatud-klaas\/#primaryimage\",\"url\":\"https:\/\/lartusihome.com\/wp-content\/uploads\/2022\/10\/7042217_Crackle-Vase_Circular_KostaBoda_AsaJungnelius_FREE_1_1x1.jpg\",\"contentUrl\":\"https:\/\/lartusihome.com\/wp-content\/uploads\/2022\/10\/7042217_Crackle-Vase_Circular_KostaBoda_AsaJungnelius_FREE_1_1x1.jpg\",\"width\":2000,\"height\":2000},{\"@type\":\"BreadcrumbList\",\"@id\":\"https:\/\/lartusihome.com\/et\/toode\/crackle-vaas-27cm-taaskasutatud-klaas\/#breadcrumb\",\"itemListElement\":[{\"@type\":\"ListItem\",\"position\":1,\"name\":\"Home\",\"item\":\"https:\/\/lartusihome.com\/et\/\"},{\"@type\":\"ListItem\",\"position\":2,\"name\":\"Pood\",\"item\":\"https:\/\/lartusihome.com\/et\/pood\/\"},{\"@type\":\"ListItem\",\"position\":3,\"name\":\"Crackle vaas 27cm, taaskasutatud klaas\"}]},{\"@type\":\"WebSite\",\"@id\":\"https:\/\/lartusihome.com\/et\/#website\",\"url\":\"https:\/\/lartusihome.com\/et\/\",\"name\":\"Lartusihome.com\",\"description\":\"Kodu \/ sisustus\",\"potentialAction\":[{\"@type\":\"SearchAction\",\"target\":{\"@type\":\"EntryPoint\",\"urlTemplate\":\"https:\/\/lartusihome.com\/et\/?s={search_term_string}\"},\"query-input\":{\"@type\":\"PropertyValueSpecification\",\"valueRequired\":true,\"valueName\":\"search_term_string\"}}],\"inLanguage\":\"et\"}]}<\/script>\n<!-- \/ Yoast SEO plugin. -->","yoast_head_json":{"title":"Crackle vaas 27cm, taaskasutatud klaas - Lartusihome.com","robots":{"index":"index","follow":"follow","max-snippet":"max-snippet:-1","max-image-preview":"max-image-preview:large","max-video-preview":"max-video-preview:-1"},"canonical":"https:\/\/lartusihome.com\/et\/toode\/crackle-vaas-27cm-taaskasutatud-klaas\/","og_locale":"et_EE","og_type":"article","og_title":"Crackle vaas 27cm, taaskasutatud klaas - Lartusihome.com","og_description":"Crackle seeria on austusavaldus pragudele. Vaasil on skulptuurne ilmekas v\u00e4lisilme, mis on loodud vanas k\u00e4sit\u00f6\u00f6tehnikas, kus kuum klaas kastetakse j\u00e4\u00e4k\u00fclma vette. Crackle Circular kasutab kohalikust tootmisest p\u00e4rit klaasij\u00e4\u00e4tmeid. See koos taaskasutatud klaasis tekkivate v\u00e4ikeste mullidega annab igale tootele ainulaadse v\u00e4rvitooni. K\u00f5rgus: 27 cm Laius: 20 cm Materjal: taaskasutatud klaas Disainer: \u00c5sa Jungnelius","og_url":"https:\/\/lartusihome.com\/et\/toode\/crackle-vaas-27cm-taaskasutatud-klaas\/","og_site_name":"Lartusihome.com","article_publisher":"https:\/\/www.facebook.com\/lartusihome\/","article_modified_time":"2024-02-20T12:32:03+00:00","og_image":[{"width":2000,"height":2000,"url":"https:\/\/lartusihome.com\/wp-content\/uploads\/2022\/10\/7042217_Crackle-Vase_Circular_KostaBoda_AsaJungnelius_FREE_1_1x1.jpg","type":"image\/jpeg"}],"twitter_card":"summary_large_image","twitter_misc":{"Est. reading time":"1 minut"},"schema":{"@context":"https:\/\/schema.org","@graph":[{"@type":"WebPage","@id":"https:\/\/lartusihome.com\/et\/toode\/crackle-vaas-27cm-taaskasutatud-klaas\/","url":"https:\/\/lartusihome.com\/et\/toode\/crackle-vaas-27cm-taaskasutatud-klaas\/","name":"Crackle vaas 27cm, taaskasutatud klaas - Lartusihome.com","isPartOf":{"@id":"https:\/\/lartusihome.com\/et\/#website"},"primaryImageOfPage":{"@id":"https:\/\/lartusihome.com\/et\/toode\/crackle-vaas-27cm-taaskasutatud-klaas\/#primaryimage"},"image":{"@id":"https:\/\/lartusihome.com\/et\/toode\/crackle-vaas-27cm-taaskasutatud-klaas\/#primaryimage"},"thumbnailUrl":"https:\/\/lartusihome.com\/wp-content\/uploads\/2022\/10\/7042217_Crackle-Vase_Circular_KostaBoda_AsaJungnelius_FREE_1_1x1.jpg","datePublished":"2022-10-27T11:37:00+00:00","dateModified":"2024-02-20T12:32:03+00:00","breadcrumb":{"@id":"https:\/\/lartusihome.com\/et\/toode\/crackle-vaas-27cm-taaskasutatud-klaas\/#breadcrumb"},"inLanguage":"et","potentialAction":[{"@type":"ReadAction","target":["https:\/\/lartusihome.com\/et\/toode\/crackle-vaas-27cm-taaskasutatud-klaas\/"]}]},{"@type":"ImageObject","inLanguage":"et","@id":"https:\/\/lartusihome.com\/et\/toode\/crackle-vaas-27cm-taaskasutatud-klaas\/#primaryimage","url":"https:\/\/lartusihome.com\/wp-content\/uploads\/2022\/10\/7042217_Crackle-Vase_Circular_KostaBoda_AsaJungnelius_FREE_1_1x1.jpg","contentUrl":"https:\/\/lartusihome.com\/wp-content\/uploads\/2022\/10\/7042217_Crackle-Vase_Circular_KostaBoda_AsaJungnelius_FREE_1_1x1.jpg","width":2000,"height":2000},{"@type":"BreadcrumbList","@id":"https:\/\/lartusihome.com\/et\/toode\/crackle-vaas-27cm-taaskasutatud-klaas\/#breadcrumb","itemListElement":[{"@type":"ListItem","position":1,"name":"Home","item":"https:\/\/lartusihome.com\/et\/"},{"@type":"ListItem","position":2,"name":"Pood","item":"https:\/\/lartusihome.com\/et\/pood\/"},{"@type":"ListItem","position":3,"name":"Crackle vaas 27cm, taaskasutatud klaas"}]},{"@type":"WebSite","@id":"https:\/\/lartusihome.com\/et\/#website","url":"https:\/\/lartusihome.com\/et\/","name":"Lartusihome.com","description":"Kodu \/ sisustus","potentialAction":[{"@type":"SearchAction","target":{"@type":"EntryPoint","urlTemplate":"https:\/\/lartusihome.com\/et\/?s={search_term_string}"},"query-input":{"@type":"PropertyValueSpecification","valueRequired":true,"valueName":"search_term_string"}}],"inLanguage":"et"}]}},"_links":{"self":[{"href":"https:\/\/lartusihome.com\/et\/wp-json\/wp\/v2\/product\/209905"}],"collection":[{"href":"https:\/\/lartusihome.com\/et\/wp-json\/wp\/v2\/product"}],"about":[{"href":"https:\/\/lartusihome.com\/et\/wp-json\/wp\/v2\/types\/product"}],"wp:featuredmedia":[{"embeddable":true,"href":"https:\/\/lartusihome.com\/et\/wp-json\/wp\/v2\/media\/348838"}],"wp:attachment":[{"href":"https:\/\/lartusihome.com\/et\/wp-json\/wp\/v2\/media?parent=209905"}],"wp:term":[{"taxonomy":"product_cat","embeddable":true,"href":"https:\/\/lartusihome.com\/et\/wp-json\/wp\/v2\/product_cat?post=209905"},{"taxonomy":"product_tag","embeddable":true,"href":"https:\/\/lartusihome.com\/et\/wp-json\/wp\/v2\/product_tag?post=209905"},{"taxonomy":"giftcard-category","embeddable":true,"href":"https:\/\/lartusihome.com\/et\/wp-json\/wp\/v2\/giftcard-category?post=209905"}],"curies":[{"name":"wp","href":"https:\/\/api.w.org\/{rel}","templated":true}]}}