{"id":195791,"date":"2024-06-07T12:59:05","date_gmt":"2024-06-07T09:59:05","guid":{"rendered":"https:\/\/lartusihome.com\/toode\/universaalne-puhastusaine-1l-noges-ja-sidrunhein\/"},"modified":"2025-10-09T17:54:13","modified_gmt":"2025-10-09T14:54:13","slug":"universaalne-puhastusaine-1l-noges-ja-sidrunhein","status":"publish","type":"product","link":"https:\/\/lartusihome.com\/et\/toode\/universaalne-puhastusaine-1l-noges-ja-sidrunhein\/","title":{"rendered":"03 universaalne puhastusvahend 1l &#8211; n\u00f5ges ja sidrunhein"},"content":{"rendered":"<p>Sobib kasutamiseks erinevatel pindadel (puit, keraamika jne). Sisaldab naturaalseid n\u00f5gese ja sidrunheina ekstrakte.<\/p>\n<p>Kasutusjuhend: see toode on kontsentraat. Lisa 30ml 5 liitrile soojale veele.<\/p>\n<p>Kui kasutad <a href=\"https:\/\/lartusi.ee\/toode\/vannituba\/hugieen-ja-kosmeetika\/spreipudel-500ml\/\">HUMDAKINi spreipudelit<\/a>, siis lisa 500ml veele v\u00e4ike teelusikas puhastusainet. Raputa enne kasutamist.<\/p>\n<p>Puhastusaine pH on neutraalne ja see on ilma kangete kemikaalideta, nii et sobib kasutamiseks k\u00f5igis tubades (ka lastetubades).<\/p>\n<p>HUMDAKINi tooted on parabeenivabad, ei sisalda v\u00e4rvaineid, eeterlikke \u00f5lisid, kantserogeene ega endokriins\u00fcsteemi kahjustavaid aineid. Tooted on dermatoloogiliselt testitud.<\/p>\n","protected":false},"excerpt":{"rendered":"<p>Sobib kasutamiseks erinevatel pindadel (puit, keraamika jne). Sisaldab naturaalseid n\u00f5gese ja sidrunheina ekstrakte. Kasutusjuhend: see toode on kontsentraat. Lisa 30ml 5 liitrile soojale veele. Kui kasutad HUMDAKINi spreipudelit, siis lisa 500ml veele v\u00e4ike teelusikas puhastusainet. Raputa enne kasutamist. Puhastusaine pH on neutraalne ja see on ilma kangete kemikaalideta, nii et sobib kasutamiseks k\u00f5igis tubades (ka&hellip;<\/p>\n","protected":false},"featured_media":364836,"template":"","meta":{"_acf_changed":false,"inline_featured_image":false},"product_cat":[3588,18119],"product_tag":[],"giftcard-category":[],"class_list":{"0":"post-195791","1":"product","2":"type-product","3":"status-publish","4":"has-post-thumbnail","6":"product_cat-kook","7":"product_cat-koristustarvikud","8":"pa_brand-humdakin","10":"first","11":"instock","12":"shipping-taxable","13":"purchasable","14":"product-type-simple"},"acf":[],"yoast_head":"<!-- This site is optimized with the Yoast SEO plugin v25.6 - https:\/\/yoast.com\/wordpress\/plugins\/seo\/ -->\n<title>03 universaalne puhastusvahend 1l - n\u00f5ges ja sidrunhein - Lartusihome.com<\/title>\n<meta name=\"robots\" content=\"index, follow, max-snippet:-1, max-image-preview:large, max-video-preview:-1\" \/>\n<link rel=\"canonical\" href=\"https:\/\/lartusihome.com\/et\/toode\/universaalne-puhastusaine-1l-noges-ja-sidrunhein\/\" \/>\n<meta property=\"og:locale\" content=\"et_EE\" \/>\n<meta property=\"og:type\" content=\"article\" \/>\n<meta property=\"og:title\" content=\"03 universaalne puhastusvahend 1l - n\u00f5ges ja sidrunhein - Lartusihome.com\" \/>\n<meta property=\"og:description\" content=\"Sobib kasutamiseks erinevatel pindadel (puit, keraamika jne). Sisaldab naturaalseid n\u00f5gese ja sidrunheina ekstrakte. Kasutusjuhend: see toode on kontsentraat. Lisa 30ml 5 liitrile soojale veele. Kui kasutad HUMDAKINi spreipudelit, siis lisa 500ml veele v\u00e4ike teelusikas puhastusainet. Raputa enne kasutamist. Puhastusaine pH on neutraalne ja see on ilma kangete kemikaalideta, nii et sobib kasutamiseks k\u00f5igis tubades (ka&hellip;\" \/>\n<meta property=\"og:url\" content=\"https:\/\/lartusihome.com\/et\/toode\/universaalne-puhastusaine-1l-noges-ja-sidrunhein\/\" \/>\n<meta property=\"og:site_name\" content=\"Lartusihome.com\" \/>\n<meta property=\"article:publisher\" content=\"https:\/\/www.facebook.com\/lartusihome\/\" \/>\n<meta property=\"article:modified_time\" content=\"2025-10-09T14:54:13+00:00\" \/>\n<meta property=\"og:image\" content=\"https:\/\/lartusihome.com\/wp-content\/uploads\/2022\/10\/hum-379-00-removebg-preview.png\" \/>\n\t<meta property=\"og:image:width\" content=\"517\" \/>\n\t<meta property=\"og:image:height\" content=\"528\" \/>\n\t<meta property=\"og:image:type\" content=\"image\/png\" \/>\n<meta name=\"twitter:card\" content=\"summary_large_image\" \/>\n<meta name=\"twitter:label1\" content=\"Est. reading time\" \/>\n\t<meta name=\"twitter:data1\" content=\"1 minut\" \/>\n<script type=\"application\/ld+json\" class=\"yoast-schema-graph\">{\"@context\":\"https:\/\/schema.org\",\"@graph\":[{\"@type\":\"WebPage\",\"@id\":\"https:\/\/lartusihome.com\/et\/toode\/universaalne-puhastusaine-1l-noges-ja-sidrunhein\/\",\"url\":\"https:\/\/lartusihome.com\/et\/toode\/universaalne-puhastusaine-1l-noges-ja-sidrunhein\/\",\"name\":\"03 universaalne puhastusvahend 1l - n\u00f5ges ja sidrunhein - Lartusihome.com\",\"isPartOf\":{\"@id\":\"https:\/\/lartusihome.com\/et\/#website\"},\"primaryImageOfPage\":{\"@id\":\"https:\/\/lartusihome.com\/et\/toode\/universaalne-puhastusaine-1l-noges-ja-sidrunhein\/#primaryimage\"},\"image\":{\"@id\":\"https:\/\/lartusihome.com\/et\/toode\/universaalne-puhastusaine-1l-noges-ja-sidrunhein\/#primaryimage\"},\"thumbnailUrl\":\"https:\/\/lartusihome.com\/wp-content\/uploads\/2024\/06\/Humdakin_SKU379_UniversalCleaner.jpg\",\"datePublished\":\"2024-06-07T09:59:05+00:00\",\"dateModified\":\"2025-10-09T14:54:13+00:00\",\"breadcrumb\":{\"@id\":\"https:\/\/lartusihome.com\/et\/toode\/universaalne-puhastusaine-1l-noges-ja-sidrunhein\/#breadcrumb\"},\"inLanguage\":\"et\",\"potentialAction\":[{\"@type\":\"ReadAction\",\"target\":[\"https:\/\/lartusihome.com\/et\/toode\/universaalne-puhastusaine-1l-noges-ja-sidrunhein\/\"]}]},{\"@type\":\"ImageObject\",\"inLanguage\":\"et\",\"@id\":\"https:\/\/lartusihome.com\/et\/toode\/universaalne-puhastusaine-1l-noges-ja-sidrunhein\/#primaryimage\",\"url\":\"https:\/\/lartusihome.com\/wp-content\/uploads\/2024\/06\/Humdakin_SKU379_UniversalCleaner.jpg\",\"contentUrl\":\"https:\/\/lartusihome.com\/wp-content\/uploads\/2024\/06\/Humdakin_SKU379_UniversalCleaner.jpg\",\"width\":2000,\"height\":2000},{\"@type\":\"BreadcrumbList\",\"@id\":\"https:\/\/lartusihome.com\/et\/toode\/universaalne-puhastusaine-1l-noges-ja-sidrunhein\/#breadcrumb\",\"itemListElement\":[{\"@type\":\"ListItem\",\"position\":1,\"name\":\"Home\",\"item\":\"https:\/\/lartusihome.com\/et\/\"},{\"@type\":\"ListItem\",\"position\":2,\"name\":\"Pood\",\"item\":\"https:\/\/lartusihome.com\/et\/pood\/\"},{\"@type\":\"ListItem\",\"position\":3,\"name\":\"03 universaalne puhastusvahend 1l &#8211; n\u00f5ges ja sidrunhein\"}]},{\"@type\":\"WebSite\",\"@id\":\"https:\/\/lartusihome.com\/et\/#website\",\"url\":\"https:\/\/lartusihome.com\/et\/\",\"name\":\"Lartusihome.com\",\"description\":\"Kodu \/ sisustus\",\"potentialAction\":[{\"@type\":\"SearchAction\",\"target\":{\"@type\":\"EntryPoint\",\"urlTemplate\":\"https:\/\/lartusihome.com\/et\/?s={search_term_string}\"},\"query-input\":{\"@type\":\"PropertyValueSpecification\",\"valueRequired\":true,\"valueName\":\"search_term_string\"}}],\"inLanguage\":\"et\"}]}<\/script>\n<!-- \/ Yoast SEO plugin. -->","yoast_head_json":{"title":"03 universaalne puhastusvahend 1l - n\u00f5ges ja sidrunhein - Lartusihome.com","robots":{"index":"index","follow":"follow","max-snippet":"max-snippet:-1","max-image-preview":"max-image-preview:large","max-video-preview":"max-video-preview:-1"},"canonical":"https:\/\/lartusihome.com\/et\/toode\/universaalne-puhastusaine-1l-noges-ja-sidrunhein\/","og_locale":"et_EE","og_type":"article","og_title":"03 universaalne puhastusvahend 1l - n\u00f5ges ja sidrunhein - Lartusihome.com","og_description":"Sobib kasutamiseks erinevatel pindadel (puit, keraamika jne). Sisaldab naturaalseid n\u00f5gese ja sidrunheina ekstrakte. Kasutusjuhend: see toode on kontsentraat. Lisa 30ml 5 liitrile soojale veele. Kui kasutad HUMDAKINi spreipudelit, siis lisa 500ml veele v\u00e4ike teelusikas puhastusainet. Raputa enne kasutamist. Puhastusaine pH on neutraalne ja see on ilma kangete kemikaalideta, nii et sobib kasutamiseks k\u00f5igis tubades (ka&hellip;","og_url":"https:\/\/lartusihome.com\/et\/toode\/universaalne-puhastusaine-1l-noges-ja-sidrunhein\/","og_site_name":"Lartusihome.com","article_publisher":"https:\/\/www.facebook.com\/lartusihome\/","article_modified_time":"2025-10-09T14:54:13+00:00","og_image":[{"width":517,"height":528,"url":"https:\/\/lartusihome.com\/wp-content\/uploads\/2022\/10\/hum-379-00-removebg-preview.png","type":"image\/png"}],"twitter_card":"summary_large_image","twitter_misc":{"Est. reading time":"1 minut"},"schema":{"@context":"https:\/\/schema.org","@graph":[{"@type":"WebPage","@id":"https:\/\/lartusihome.com\/et\/toode\/universaalne-puhastusaine-1l-noges-ja-sidrunhein\/","url":"https:\/\/lartusihome.com\/et\/toode\/universaalne-puhastusaine-1l-noges-ja-sidrunhein\/","name":"03 universaalne puhastusvahend 1l - n\u00f5ges ja sidrunhein - Lartusihome.com","isPartOf":{"@id":"https:\/\/lartusihome.com\/et\/#website"},"primaryImageOfPage":{"@id":"https:\/\/lartusihome.com\/et\/toode\/universaalne-puhastusaine-1l-noges-ja-sidrunhein\/#primaryimage"},"image":{"@id":"https:\/\/lartusihome.com\/et\/toode\/universaalne-puhastusaine-1l-noges-ja-sidrunhein\/#primaryimage"},"thumbnailUrl":"https:\/\/lartusihome.com\/wp-content\/uploads\/2024\/06\/Humdakin_SKU379_UniversalCleaner.jpg","datePublished":"2024-06-07T09:59:05+00:00","dateModified":"2025-10-09T14:54:13+00:00","breadcrumb":{"@id":"https:\/\/lartusihome.com\/et\/toode\/universaalne-puhastusaine-1l-noges-ja-sidrunhein\/#breadcrumb"},"inLanguage":"et","potentialAction":[{"@type":"ReadAction","target":["https:\/\/lartusihome.com\/et\/toode\/universaalne-puhastusaine-1l-noges-ja-sidrunhein\/"]}]},{"@type":"ImageObject","inLanguage":"et","@id":"https:\/\/lartusihome.com\/et\/toode\/universaalne-puhastusaine-1l-noges-ja-sidrunhein\/#primaryimage","url":"https:\/\/lartusihome.com\/wp-content\/uploads\/2024\/06\/Humdakin_SKU379_UniversalCleaner.jpg","contentUrl":"https:\/\/lartusihome.com\/wp-content\/uploads\/2024\/06\/Humdakin_SKU379_UniversalCleaner.jpg","width":2000,"height":2000},{"@type":"BreadcrumbList","@id":"https:\/\/lartusihome.com\/et\/toode\/universaalne-puhastusaine-1l-noges-ja-sidrunhein\/#breadcrumb","itemListElement":[{"@type":"ListItem","position":1,"name":"Home","item":"https:\/\/lartusihome.com\/et\/"},{"@type":"ListItem","position":2,"name":"Pood","item":"https:\/\/lartusihome.com\/et\/pood\/"},{"@type":"ListItem","position":3,"name":"03 universaalne puhastusvahend 1l &#8211; n\u00f5ges ja sidrunhein"}]},{"@type":"WebSite","@id":"https:\/\/lartusihome.com\/et\/#website","url":"https:\/\/lartusihome.com\/et\/","name":"Lartusihome.com","description":"Kodu \/ sisustus","potentialAction":[{"@type":"SearchAction","target":{"@type":"EntryPoint","urlTemplate":"https:\/\/lartusihome.com\/et\/?s={search_term_string}"},"query-input":{"@type":"PropertyValueSpecification","valueRequired":true,"valueName":"search_term_string"}}],"inLanguage":"et"}]}},"_links":{"self":[{"href":"https:\/\/lartusihome.com\/et\/wp-json\/wp\/v2\/product\/195791"}],"collection":[{"href":"https:\/\/lartusihome.com\/et\/wp-json\/wp\/v2\/product"}],"about":[{"href":"https:\/\/lartusihome.com\/et\/wp-json\/wp\/v2\/types\/product"}],"wp:featuredmedia":[{"embeddable":true,"href":"https:\/\/lartusihome.com\/et\/wp-json\/wp\/v2\/media\/364836"}],"wp:attachment":[{"href":"https:\/\/lartusihome.com\/et\/wp-json\/wp\/v2\/media?parent=195791"}],"wp:term":[{"taxonomy":"product_cat","embeddable":true,"href":"https:\/\/lartusihome.com\/et\/wp-json\/wp\/v2\/product_cat?post=195791"},{"taxonomy":"product_tag","embeddable":true,"href":"https:\/\/lartusihome.com\/et\/wp-json\/wp\/v2\/product_tag?post=195791"},{"taxonomy":"giftcard-category","embeddable":true,"href":"https:\/\/lartusihome.com\/et\/wp-json\/wp\/v2\/giftcard-category?post=195791"}],"curies":[{"name":"wp","href":"https:\/\/api.w.org\/{rel}","templated":true}]}}