{"id":195772,"date":"2021-12-01T18:39:52","date_gmt":"2021-12-01T16:39:52","guid":{"rendered":"https:\/\/lartusihome.com\/toode\/umanoff-veinipudelite-riiul-8-pudelile\/"},"modified":"2022-10-27T00:37:11","modified_gmt":"2022-10-26T21:37:11","slug":"umanoff-veinipudelite-riiul-8-pudelile","status":"publish","type":"product","link":"https:\/\/lartusihome.com\/et\/toode\/umanoff-veinipudelite-riiul-8-pudelile\/","title":{"rendered":"Umanoff veinipudelite riiul (8 pudelile)"},"content":{"rendered":"<p>k\u00f5rgus: 47,5cm<\/p>\n<p>laius: 24cm<\/p>\n<p>s\u00fcgavus: 25cm<\/p>\n<p>materjal: pulberv\u00e4rvitud teras, nahk, messing<\/p>\n<p>disainer: Umanoff<\/p>\n","protected":false},"excerpt":{"rendered":"<p>k\u00f5rgus: 47,5cm laius: 24cm s\u00fcgavus: 25cm materjal: pulberv\u00e4rvitud teras, nahk, messing disainer: Umanoff<\/p>\n","protected":false},"featured_media":261000,"template":"","meta":{"_acf_changed":false,"inline_featured_image":false},"product_cat":[25292,3588,310,13079],"product_tag":[],"giftcard-category":[],"class_list":{"0":"post-195772","1":"product","2":"type-product","3":"status-publish","4":"has-post-thumbnail","6":"product_cat-veiniriiulid","7":"product_cat-kook","8":"product_cat-baaritarvikud","9":"product_cat-soodustuseta","10":"pa_brand-menu","12":"first","13":"outofstock","14":"shipping-taxable","15":"purchasable","16":"product-type-simple"},"acf":[],"yoast_head":"<!-- This site is optimized with the Yoast SEO plugin v25.6 - https:\/\/yoast.com\/wordpress\/plugins\/seo\/ -->\n<title>Umanoff veinipudelite riiul (8 pudelile) - Lartusihome.com<\/title>\n<meta name=\"robots\" content=\"index, follow, max-snippet:-1, max-image-preview:large, max-video-preview:-1\" \/>\n<link rel=\"canonical\" href=\"https:\/\/lartusihome.com\/et\/toode\/umanoff-veinipudelite-riiul-8-pudelile\/\" \/>\n<meta property=\"og:locale\" content=\"et_EE\" \/>\n<meta property=\"og:type\" content=\"article\" \/>\n<meta property=\"og:title\" content=\"Umanoff veinipudelite riiul (8 pudelile) - Lartusihome.com\" \/>\n<meta property=\"og:description\" content=\"k\u00f5rgus: 47,5cm laius: 24cm s\u00fcgavus: 25cm materjal: pulberv\u00e4rvitud teras, nahk, messing disainer: Umanoff\" \/>\n<meta property=\"og:url\" content=\"https:\/\/lartusihome.com\/et\/toode\/umanoff-veinipudelite-riiul-8-pudelile\/\" \/>\n<meta property=\"og:site_name\" content=\"Lartusihome.com\" \/>\n<meta property=\"article:publisher\" content=\"https:\/\/www.facebook.com\/lartusihome\/\" \/>\n<meta property=\"article:modified_time\" content=\"2022-10-26T21:37:11+00:00\" \/>\n<meta property=\"og:image\" content=\"https:\/\/lartusihome.com\/wp-content\/uploads\/2022\/10\/4652539umanoffwinerackblackcognacleatherangle.jpg\" \/>\n\t<meta property=\"og:image:width\" content=\"2390\" \/>\n\t<meta property=\"og:image:height\" content=\"2390\" \/>\n\t<meta property=\"og:image:type\" content=\"image\/jpeg\" \/>\n<meta name=\"twitter:card\" content=\"summary_large_image\" \/>\n<script type=\"application\/ld+json\" class=\"yoast-schema-graph\">{\"@context\":\"https:\/\/schema.org\",\"@graph\":[{\"@type\":\"WebPage\",\"@id\":\"https:\/\/lartusihome.com\/et\/toode\/umanoff-veinipudelite-riiul-8-pudelile\/\",\"url\":\"https:\/\/lartusihome.com\/et\/toode\/umanoff-veinipudelite-riiul-8-pudelile\/\",\"name\":\"Umanoff veinipudelite riiul (8 pudelile) - Lartusihome.com\",\"isPartOf\":{\"@id\":\"https:\/\/lartusihome.com\/et\/#website\"},\"primaryImageOfPage\":{\"@id\":\"https:\/\/lartusihome.com\/et\/toode\/umanoff-veinipudelite-riiul-8-pudelile\/#primaryimage\"},\"image\":{\"@id\":\"https:\/\/lartusihome.com\/et\/toode\/umanoff-veinipudelite-riiul-8-pudelile\/#primaryimage\"},\"thumbnailUrl\":\"https:\/\/lartusihome.com\/wp-content\/uploads\/2022\/10\/4652539umanoffwinerackblackcognacleatherangle.jpg\",\"datePublished\":\"2021-12-01T16:39:52+00:00\",\"dateModified\":\"2022-10-26T21:37:11+00:00\",\"breadcrumb\":{\"@id\":\"https:\/\/lartusihome.com\/et\/toode\/umanoff-veinipudelite-riiul-8-pudelile\/#breadcrumb\"},\"inLanguage\":\"et\",\"potentialAction\":[{\"@type\":\"ReadAction\",\"target\":[\"https:\/\/lartusihome.com\/et\/toode\/umanoff-veinipudelite-riiul-8-pudelile\/\"]}]},{\"@type\":\"ImageObject\",\"inLanguage\":\"et\",\"@id\":\"https:\/\/lartusihome.com\/et\/toode\/umanoff-veinipudelite-riiul-8-pudelile\/#primaryimage\",\"url\":\"https:\/\/lartusihome.com\/wp-content\/uploads\/2022\/10\/4652539umanoffwinerackblackcognacleatherangle.jpg\",\"contentUrl\":\"https:\/\/lartusihome.com\/wp-content\/uploads\/2022\/10\/4652539umanoffwinerackblackcognacleatherangle.jpg\",\"width\":2390,\"height\":2390},{\"@type\":\"BreadcrumbList\",\"@id\":\"https:\/\/lartusihome.com\/et\/toode\/umanoff-veinipudelite-riiul-8-pudelile\/#breadcrumb\",\"itemListElement\":[{\"@type\":\"ListItem\",\"position\":1,\"name\":\"Home\",\"item\":\"https:\/\/lartusihome.com\/et\/\"},{\"@type\":\"ListItem\",\"position\":2,\"name\":\"Pood\",\"item\":\"https:\/\/lartusihome.com\/et\/pood\/\"},{\"@type\":\"ListItem\",\"position\":3,\"name\":\"Umanoff veinipudelite riiul (8 pudelile)\"}]},{\"@type\":\"WebSite\",\"@id\":\"https:\/\/lartusihome.com\/et\/#website\",\"url\":\"https:\/\/lartusihome.com\/et\/\",\"name\":\"Lartusihome.com\",\"description\":\"Kodu \/ sisustus\",\"potentialAction\":[{\"@type\":\"SearchAction\",\"target\":{\"@type\":\"EntryPoint\",\"urlTemplate\":\"https:\/\/lartusihome.com\/et\/?s={search_term_string}\"},\"query-input\":{\"@type\":\"PropertyValueSpecification\",\"valueRequired\":true,\"valueName\":\"search_term_string\"}}],\"inLanguage\":\"et\"}]}<\/script>\n<!-- \/ Yoast SEO plugin. -->","yoast_head_json":{"title":"Umanoff veinipudelite riiul (8 pudelile) - Lartusihome.com","robots":{"index":"index","follow":"follow","max-snippet":"max-snippet:-1","max-image-preview":"max-image-preview:large","max-video-preview":"max-video-preview:-1"},"canonical":"https:\/\/lartusihome.com\/et\/toode\/umanoff-veinipudelite-riiul-8-pudelile\/","og_locale":"et_EE","og_type":"article","og_title":"Umanoff veinipudelite riiul (8 pudelile) - Lartusihome.com","og_description":"k\u00f5rgus: 47,5cm laius: 24cm s\u00fcgavus: 25cm materjal: pulberv\u00e4rvitud teras, nahk, messing disainer: Umanoff","og_url":"https:\/\/lartusihome.com\/et\/toode\/umanoff-veinipudelite-riiul-8-pudelile\/","og_site_name":"Lartusihome.com","article_publisher":"https:\/\/www.facebook.com\/lartusihome\/","article_modified_time":"2022-10-26T21:37:11+00:00","og_image":[{"width":2390,"height":2390,"url":"https:\/\/lartusihome.com\/wp-content\/uploads\/2022\/10\/4652539umanoffwinerackblackcognacleatherangle.jpg","type":"image\/jpeg"}],"twitter_card":"summary_large_image","schema":{"@context":"https:\/\/schema.org","@graph":[{"@type":"WebPage","@id":"https:\/\/lartusihome.com\/et\/toode\/umanoff-veinipudelite-riiul-8-pudelile\/","url":"https:\/\/lartusihome.com\/et\/toode\/umanoff-veinipudelite-riiul-8-pudelile\/","name":"Umanoff veinipudelite riiul (8 pudelile) - Lartusihome.com","isPartOf":{"@id":"https:\/\/lartusihome.com\/et\/#website"},"primaryImageOfPage":{"@id":"https:\/\/lartusihome.com\/et\/toode\/umanoff-veinipudelite-riiul-8-pudelile\/#primaryimage"},"image":{"@id":"https:\/\/lartusihome.com\/et\/toode\/umanoff-veinipudelite-riiul-8-pudelile\/#primaryimage"},"thumbnailUrl":"https:\/\/lartusihome.com\/wp-content\/uploads\/2022\/10\/4652539umanoffwinerackblackcognacleatherangle.jpg","datePublished":"2021-12-01T16:39:52+00:00","dateModified":"2022-10-26T21:37:11+00:00","breadcrumb":{"@id":"https:\/\/lartusihome.com\/et\/toode\/umanoff-veinipudelite-riiul-8-pudelile\/#breadcrumb"},"inLanguage":"et","potentialAction":[{"@type":"ReadAction","target":["https:\/\/lartusihome.com\/et\/toode\/umanoff-veinipudelite-riiul-8-pudelile\/"]}]},{"@type":"ImageObject","inLanguage":"et","@id":"https:\/\/lartusihome.com\/et\/toode\/umanoff-veinipudelite-riiul-8-pudelile\/#primaryimage","url":"https:\/\/lartusihome.com\/wp-content\/uploads\/2022\/10\/4652539umanoffwinerackblackcognacleatherangle.jpg","contentUrl":"https:\/\/lartusihome.com\/wp-content\/uploads\/2022\/10\/4652539umanoffwinerackblackcognacleatherangle.jpg","width":2390,"height":2390},{"@type":"BreadcrumbList","@id":"https:\/\/lartusihome.com\/et\/toode\/umanoff-veinipudelite-riiul-8-pudelile\/#breadcrumb","itemListElement":[{"@type":"ListItem","position":1,"name":"Home","item":"https:\/\/lartusihome.com\/et\/"},{"@type":"ListItem","position":2,"name":"Pood","item":"https:\/\/lartusihome.com\/et\/pood\/"},{"@type":"ListItem","position":3,"name":"Umanoff veinipudelite riiul (8 pudelile)"}]},{"@type":"WebSite","@id":"https:\/\/lartusihome.com\/et\/#website","url":"https:\/\/lartusihome.com\/et\/","name":"Lartusihome.com","description":"Kodu \/ sisustus","potentialAction":[{"@type":"SearchAction","target":{"@type":"EntryPoint","urlTemplate":"https:\/\/lartusihome.com\/et\/?s={search_term_string}"},"query-input":{"@type":"PropertyValueSpecification","valueRequired":true,"valueName":"search_term_string"}}],"inLanguage":"et"}]}},"_links":{"self":[{"href":"https:\/\/lartusihome.com\/et\/wp-json\/wp\/v2\/product\/195772"}],"collection":[{"href":"https:\/\/lartusihome.com\/et\/wp-json\/wp\/v2\/product"}],"about":[{"href":"https:\/\/lartusihome.com\/et\/wp-json\/wp\/v2\/types\/product"}],"wp:featuredmedia":[{"embeddable":true,"href":"https:\/\/lartusihome.com\/et\/wp-json\/wp\/v2\/media\/261000"}],"wp:attachment":[{"href":"https:\/\/lartusihome.com\/et\/wp-json\/wp\/v2\/media?parent=195772"}],"wp:term":[{"taxonomy":"product_cat","embeddable":true,"href":"https:\/\/lartusihome.com\/et\/wp-json\/wp\/v2\/product_cat?post=195772"},{"taxonomy":"product_tag","embeddable":true,"href":"https:\/\/lartusihome.com\/et\/wp-json\/wp\/v2\/product_tag?post=195772"},{"taxonomy":"giftcard-category","embeddable":true,"href":"https:\/\/lartusihome.com\/et\/wp-json\/wp\/v2\/giftcard-category?post=195772"}],"curies":[{"name":"wp","href":"https:\/\/api.w.org\/{rel}","templated":true}]}}