{"id":195247,"date":"2019-10-21T08:52:07","date_gmt":"2019-10-21T05:52:07","guid":{"rendered":"https:\/\/lartusihome.com\/toode\/tac-burgundia-pokaal\/"},"modified":"2023-01-11T21:46:17","modified_gmt":"2023-01-11T19:46:17","slug":"tac-burgundia-pokaal","status":"publish","type":"product","link":"https:\/\/lartusihome.com\/et\/toode\/tac-burgundia-pokaal\/","title":{"rendered":"TAC Burgundia pokaal"},"content":{"rendered":"<p>k\u00f5rgus: 28cm<\/p>\n<p>mahutavus: 0,9l<\/p>\n<p>materjal: klaas<\/p>\n<p>v\u00f5ib pesta n\u00f5udepesumasinas<\/p>\n","protected":false},"excerpt":{"rendered":"<p>k\u00f5rgus: 28cm mahutavus: 0,9l materjal: klaas v\u00f5ib pesta n\u00f5udepesumasinas<\/p>\n","protected":false},"featured_media":261316,"template":"","meta":{"_acf_changed":false,"inline_featured_image":false},"product_cat":[3574,28,14465],"product_tag":[],"giftcard-category":[],"class_list":{"0":"post-195247","1":"product","2":"type-product","3":"status-publish","4":"has-post-thumbnail","6":"product_cat-lauanoud","7":"product_cat-klaas-ja-kristall","8":"product_cat-klaasid","9":"pa_brand-rosenthal","10":"pa_collection-tac","12":"first","13":"instock","14":"purchasable","15":"product-type-simple"},"acf":[],"yoast_head":"<!-- This site is optimized with the Yoast SEO plugin v25.6 - https:\/\/yoast.com\/wordpress\/plugins\/seo\/ -->\n<title>TAC Burgundia pokaal - Lartusihome.com<\/title>\n<meta name=\"robots\" content=\"index, follow, max-snippet:-1, max-image-preview:large, max-video-preview:-1\" \/>\n<link rel=\"canonical\" href=\"https:\/\/lartusihome.com\/et\/toode\/tac-burgundia-pokaal\/\" \/>\n<meta property=\"og:locale\" content=\"et_EE\" \/>\n<meta property=\"og:type\" content=\"article\" \/>\n<meta property=\"og:title\" content=\"TAC Burgundia pokaal - Lartusihome.com\" \/>\n<meta property=\"og:description\" content=\"k\u00f5rgus: 28cm mahutavus: 0,9l materjal: klaas v\u00f5ib pesta n\u00f5udepesumasinas\" \/>\n<meta property=\"og:url\" content=\"https:\/\/lartusihome.com\/et\/toode\/tac-burgundia-pokaal\/\" \/>\n<meta property=\"og:site_name\" content=\"Lartusihome.com\" \/>\n<meta property=\"article:publisher\" content=\"https:\/\/www.facebook.com\/lartusihome\/\" \/>\n<meta property=\"article:modified_time\" content=\"2023-01-11T19:46:17+00:00\" \/>\n<meta property=\"og:image\" content=\"https:\/\/lartusihome.com\/wp-content\/uploads\/2022\/10\/studio-line-tac-o2-glatt-rotwein-burgunder1-w1400-center.jpg\" \/>\n\t<meta property=\"og:image:width\" content=\"1400\" \/>\n\t<meta property=\"og:image:height\" content=\"1400\" \/>\n\t<meta property=\"og:image:type\" content=\"image\/jpeg\" \/>\n<meta name=\"twitter:card\" content=\"summary_large_image\" \/>\n<script type=\"application\/ld+json\" class=\"yoast-schema-graph\">{\"@context\":\"https:\/\/schema.org\",\"@graph\":[{\"@type\":\"WebPage\",\"@id\":\"https:\/\/lartusihome.com\/et\/toode\/tac-burgundia-pokaal\/\",\"url\":\"https:\/\/lartusihome.com\/et\/toode\/tac-burgundia-pokaal\/\",\"name\":\"TAC Burgundia pokaal - Lartusihome.com\",\"isPartOf\":{\"@id\":\"https:\/\/lartusihome.com\/et\/#website\"},\"primaryImageOfPage\":{\"@id\":\"https:\/\/lartusihome.com\/et\/toode\/tac-burgundia-pokaal\/#primaryimage\"},\"image\":{\"@id\":\"https:\/\/lartusihome.com\/et\/toode\/tac-burgundia-pokaal\/#primaryimage\"},\"thumbnailUrl\":\"https:\/\/lartusihome.com\/wp-content\/uploads\/2022\/10\/studio-line-tac-o2-glatt-rotwein-burgunder1-w1400-center.jpg\",\"datePublished\":\"2019-10-21T05:52:07+00:00\",\"dateModified\":\"2023-01-11T19:46:17+00:00\",\"breadcrumb\":{\"@id\":\"https:\/\/lartusihome.com\/et\/toode\/tac-burgundia-pokaal\/#breadcrumb\"},\"inLanguage\":\"et\",\"potentialAction\":[{\"@type\":\"ReadAction\",\"target\":[\"https:\/\/lartusihome.com\/et\/toode\/tac-burgundia-pokaal\/\"]}]},{\"@type\":\"ImageObject\",\"inLanguage\":\"et\",\"@id\":\"https:\/\/lartusihome.com\/et\/toode\/tac-burgundia-pokaal\/#primaryimage\",\"url\":\"https:\/\/lartusihome.com\/wp-content\/uploads\/2022\/10\/studio-line-tac-o2-glatt-rotwein-burgunder1-w1400-center.jpg\",\"contentUrl\":\"https:\/\/lartusihome.com\/wp-content\/uploads\/2022\/10\/studio-line-tac-o2-glatt-rotwein-burgunder1-w1400-center.jpg\",\"width\":1400,\"height\":1400},{\"@type\":\"BreadcrumbList\",\"@id\":\"https:\/\/lartusihome.com\/et\/toode\/tac-burgundia-pokaal\/#breadcrumb\",\"itemListElement\":[{\"@type\":\"ListItem\",\"position\":1,\"name\":\"Home\",\"item\":\"https:\/\/lartusihome.com\/et\/\"},{\"@type\":\"ListItem\",\"position\":2,\"name\":\"Pood\",\"item\":\"https:\/\/lartusihome.com\/et\/pood\/\"},{\"@type\":\"ListItem\",\"position\":3,\"name\":\"TAC Burgundia pokaal\"}]},{\"@type\":\"WebSite\",\"@id\":\"https:\/\/lartusihome.com\/et\/#website\",\"url\":\"https:\/\/lartusihome.com\/et\/\",\"name\":\"Lartusihome.com\",\"description\":\"Kodu \/ sisustus\",\"potentialAction\":[{\"@type\":\"SearchAction\",\"target\":{\"@type\":\"EntryPoint\",\"urlTemplate\":\"https:\/\/lartusihome.com\/et\/?s={search_term_string}\"},\"query-input\":{\"@type\":\"PropertyValueSpecification\",\"valueRequired\":true,\"valueName\":\"search_term_string\"}}],\"inLanguage\":\"et\"}]}<\/script>\n<!-- \/ Yoast SEO plugin. -->","yoast_head_json":{"title":"TAC Burgundia pokaal - Lartusihome.com","robots":{"index":"index","follow":"follow","max-snippet":"max-snippet:-1","max-image-preview":"max-image-preview:large","max-video-preview":"max-video-preview:-1"},"canonical":"https:\/\/lartusihome.com\/et\/toode\/tac-burgundia-pokaal\/","og_locale":"et_EE","og_type":"article","og_title":"TAC Burgundia pokaal - Lartusihome.com","og_description":"k\u00f5rgus: 28cm mahutavus: 0,9l materjal: klaas v\u00f5ib pesta n\u00f5udepesumasinas","og_url":"https:\/\/lartusihome.com\/et\/toode\/tac-burgundia-pokaal\/","og_site_name":"Lartusihome.com","article_publisher":"https:\/\/www.facebook.com\/lartusihome\/","article_modified_time":"2023-01-11T19:46:17+00:00","og_image":[{"width":1400,"height":1400,"url":"https:\/\/lartusihome.com\/wp-content\/uploads\/2022\/10\/studio-line-tac-o2-glatt-rotwein-burgunder1-w1400-center.jpg","type":"image\/jpeg"}],"twitter_card":"summary_large_image","schema":{"@context":"https:\/\/schema.org","@graph":[{"@type":"WebPage","@id":"https:\/\/lartusihome.com\/et\/toode\/tac-burgundia-pokaal\/","url":"https:\/\/lartusihome.com\/et\/toode\/tac-burgundia-pokaal\/","name":"TAC Burgundia pokaal - Lartusihome.com","isPartOf":{"@id":"https:\/\/lartusihome.com\/et\/#website"},"primaryImageOfPage":{"@id":"https:\/\/lartusihome.com\/et\/toode\/tac-burgundia-pokaal\/#primaryimage"},"image":{"@id":"https:\/\/lartusihome.com\/et\/toode\/tac-burgundia-pokaal\/#primaryimage"},"thumbnailUrl":"https:\/\/lartusihome.com\/wp-content\/uploads\/2022\/10\/studio-line-tac-o2-glatt-rotwein-burgunder1-w1400-center.jpg","datePublished":"2019-10-21T05:52:07+00:00","dateModified":"2023-01-11T19:46:17+00:00","breadcrumb":{"@id":"https:\/\/lartusihome.com\/et\/toode\/tac-burgundia-pokaal\/#breadcrumb"},"inLanguage":"et","potentialAction":[{"@type":"ReadAction","target":["https:\/\/lartusihome.com\/et\/toode\/tac-burgundia-pokaal\/"]}]},{"@type":"ImageObject","inLanguage":"et","@id":"https:\/\/lartusihome.com\/et\/toode\/tac-burgundia-pokaal\/#primaryimage","url":"https:\/\/lartusihome.com\/wp-content\/uploads\/2022\/10\/studio-line-tac-o2-glatt-rotwein-burgunder1-w1400-center.jpg","contentUrl":"https:\/\/lartusihome.com\/wp-content\/uploads\/2022\/10\/studio-line-tac-o2-glatt-rotwein-burgunder1-w1400-center.jpg","width":1400,"height":1400},{"@type":"BreadcrumbList","@id":"https:\/\/lartusihome.com\/et\/toode\/tac-burgundia-pokaal\/#breadcrumb","itemListElement":[{"@type":"ListItem","position":1,"name":"Home","item":"https:\/\/lartusihome.com\/et\/"},{"@type":"ListItem","position":2,"name":"Pood","item":"https:\/\/lartusihome.com\/et\/pood\/"},{"@type":"ListItem","position":3,"name":"TAC Burgundia pokaal"}]},{"@type":"WebSite","@id":"https:\/\/lartusihome.com\/et\/#website","url":"https:\/\/lartusihome.com\/et\/","name":"Lartusihome.com","description":"Kodu \/ sisustus","potentialAction":[{"@type":"SearchAction","target":{"@type":"EntryPoint","urlTemplate":"https:\/\/lartusihome.com\/et\/?s={search_term_string}"},"query-input":{"@type":"PropertyValueSpecification","valueRequired":true,"valueName":"search_term_string"}}],"inLanguage":"et"}]}},"_links":{"self":[{"href":"https:\/\/lartusihome.com\/et\/wp-json\/wp\/v2\/product\/195247"}],"collection":[{"href":"https:\/\/lartusihome.com\/et\/wp-json\/wp\/v2\/product"}],"about":[{"href":"https:\/\/lartusihome.com\/et\/wp-json\/wp\/v2\/types\/product"}],"wp:featuredmedia":[{"embeddable":true,"href":"https:\/\/lartusihome.com\/et\/wp-json\/wp\/v2\/media\/261316"}],"wp:attachment":[{"href":"https:\/\/lartusihome.com\/et\/wp-json\/wp\/v2\/media?parent=195247"}],"wp:term":[{"taxonomy":"product_cat","embeddable":true,"href":"https:\/\/lartusihome.com\/et\/wp-json\/wp\/v2\/product_cat?post=195247"},{"taxonomy":"product_tag","embeddable":true,"href":"https:\/\/lartusihome.com\/et\/wp-json\/wp\/v2\/product_tag?post=195247"},{"taxonomy":"giftcard-category","embeddable":true,"href":"https:\/\/lartusihome.com\/et\/wp-json\/wp\/v2\/giftcard-category?post=195247"}],"curies":[{"name":"wp","href":"https:\/\/api.w.org\/{rel}","templated":true}]}}