{"id":194540,"date":"2021-03-01T16:44:52","date_gmt":"2021-03-01T14:44:52","guid":{"rendered":"https:\/\/lartusihome.com\/?post_type=product&#038;p=194540"},"modified":"2023-08-18T10:50:42","modified_gmt":"2023-08-18T07:50:42","slug":"salam-teekann-450ml-valge-hobe","status":"publish","type":"product","link":"https:\/\/lartusihome.com\/et\/toode\/salam-teekann-450ml-valge-hobe\/","title":{"rendered":"Salam teekann 450ml, valge\/h\u00f5be"},"content":{"rendered":"<p>1953. aastal loodud Degrenne\u2019i Salam teekann on t\u00e4naseks saanud t\u00f5eliseks ikoontooteks. Portselanist teekannu sees on alumiiniumist s\u00f5el, kannu kaas on valmistatud roostevabast terasest ning on seest vooderdatud vildiga t\u00e4nu millele p\u00fcsib tee soe umbes 1,5h.<\/p>\n","protected":false},"excerpt":{"rendered":"<p>1953. aastal loodud Degrenne\u2019i Salam teekann on t\u00e4naseks saanud t\u00f5eliseks ikoontooteks. Portselanist teekannu sees on alumiiniumist s\u00f5el, kannu kaas on valmistatud roostevabast terasest ning on seest vooderdatud vildiga t\u00e4nu millele p\u00fcsib tee soe umbes 1,5h.<\/p>\n","protected":false},"featured_media":325925,"template":"","meta":{"_acf_changed":false,"inline_featured_image":false},"product_cat":[3574,120],"product_tag":[],"giftcard-category":[],"class_list":{"0":"post-194540","1":"product","2":"type-product","3":"status-publish","4":"has-post-thumbnail","6":"product_cat-lauanoud","7":"product_cat-portselan","8":"pa_brand-degrenne","9":"pa_collection-salam","11":"first","12":"instock","13":"shipping-taxable","14":"purchasable","15":"product-type-simple"},"acf":[],"yoast_head":"<!-- This site is optimized with the Yoast SEO plugin v25.6 - https:\/\/yoast.com\/wordpress\/plugins\/seo\/ -->\n<title>Salam teekann 450ml, valge\/h\u00f5be - Lartusihome.com<\/title>\n<meta name=\"robots\" content=\"index, follow, max-snippet:-1, max-image-preview:large, max-video-preview:-1\" \/>\n<link rel=\"canonical\" href=\"https:\/\/lartusihome.com\/et\/toode\/salam-teekann-450ml-valge-hobe\/\" \/>\n<meta property=\"og:locale\" content=\"et_EE\" \/>\n<meta property=\"og:type\" content=\"article\" \/>\n<meta property=\"og:title\" content=\"Salam teekann 450ml, valge\/h\u00f5be - Lartusihome.com\" \/>\n<meta property=\"og:description\" content=\"1953. aastal loodud Degrenne\u2019i Salam teekann on t\u00e4naseks saanud t\u00f5eliseks ikoontooteks. Portselanist teekannu sees on alumiiniumist s\u00f5el, kannu kaas on valmistatud roostevabast terasest ning on seest vooderdatud vildiga t\u00e4nu millele p\u00fcsib tee soe umbes 1,5h.\" \/>\n<meta property=\"og:url\" content=\"https:\/\/lartusihome.com\/et\/toode\/salam-teekann-450ml-valge-hobe\/\" \/>\n<meta property=\"og:site_name\" content=\"Lartusihome.com\" \/>\n<meta property=\"article:publisher\" content=\"https:\/\/www.facebook.com\/lartusihome\/\" \/>\n<meta property=\"article:modified_time\" content=\"2023-08-18T07:50:42+00:00\" \/>\n<meta property=\"og:image\" content=\"https:\/\/lartusihome.com\/wp-content\/uploads\/2022\/08\/211987.jpg\" \/>\n\t<meta property=\"og:image:width\" content=\"2000\" \/>\n\t<meta property=\"og:image:height\" content=\"2000\" \/>\n\t<meta property=\"og:image:type\" content=\"image\/jpeg\" \/>\n<meta name=\"twitter:card\" content=\"summary_large_image\" \/>\n<meta name=\"twitter:label1\" content=\"Est. reading time\" \/>\n\t<meta name=\"twitter:data1\" content=\"1 minut\" \/>\n<script type=\"application\/ld+json\" class=\"yoast-schema-graph\">{\"@context\":\"https:\/\/schema.org\",\"@graph\":[{\"@type\":\"WebPage\",\"@id\":\"https:\/\/lartusihome.com\/et\/toode\/salam-teekann-450ml-valge-hobe\/\",\"url\":\"https:\/\/lartusihome.com\/et\/toode\/salam-teekann-450ml-valge-hobe\/\",\"name\":\"Salam teekann 450ml, valge\/h\u00f5be - Lartusihome.com\",\"isPartOf\":{\"@id\":\"https:\/\/lartusihome.com\/et\/#website\"},\"primaryImageOfPage\":{\"@id\":\"https:\/\/lartusihome.com\/et\/toode\/salam-teekann-450ml-valge-hobe\/#primaryimage\"},\"image\":{\"@id\":\"https:\/\/lartusihome.com\/et\/toode\/salam-teekann-450ml-valge-hobe\/#primaryimage\"},\"thumbnailUrl\":\"https:\/\/lartusihome.com\/wp-content\/uploads\/2022\/08\/211987.jpg\",\"datePublished\":\"2021-03-01T14:44:52+00:00\",\"dateModified\":\"2023-08-18T07:50:42+00:00\",\"breadcrumb\":{\"@id\":\"https:\/\/lartusihome.com\/et\/toode\/salam-teekann-450ml-valge-hobe\/#breadcrumb\"},\"inLanguage\":\"et\",\"potentialAction\":[{\"@type\":\"ReadAction\",\"target\":[\"https:\/\/lartusihome.com\/et\/toode\/salam-teekann-450ml-valge-hobe\/\"]}]},{\"@type\":\"ImageObject\",\"inLanguage\":\"et\",\"@id\":\"https:\/\/lartusihome.com\/et\/toode\/salam-teekann-450ml-valge-hobe\/#primaryimage\",\"url\":\"https:\/\/lartusihome.com\/wp-content\/uploads\/2022\/08\/211987.jpg\",\"contentUrl\":\"https:\/\/lartusihome.com\/wp-content\/uploads\/2022\/08\/211987.jpg\",\"width\":2000,\"height\":2000},{\"@type\":\"BreadcrumbList\",\"@id\":\"https:\/\/lartusihome.com\/et\/toode\/salam-teekann-450ml-valge-hobe\/#breadcrumb\",\"itemListElement\":[{\"@type\":\"ListItem\",\"position\":1,\"name\":\"Home\",\"item\":\"https:\/\/lartusihome.com\/et\/\"},{\"@type\":\"ListItem\",\"position\":2,\"name\":\"Pood\",\"item\":\"https:\/\/lartusihome.com\/et\/pood\/\"},{\"@type\":\"ListItem\",\"position\":3,\"name\":\"Salam teekann 450ml, valge\/h\u00f5be\"}]},{\"@type\":\"WebSite\",\"@id\":\"https:\/\/lartusihome.com\/et\/#website\",\"url\":\"https:\/\/lartusihome.com\/et\/\",\"name\":\"Lartusihome.com\",\"description\":\"Kodu \/ sisustus\",\"potentialAction\":[{\"@type\":\"SearchAction\",\"target\":{\"@type\":\"EntryPoint\",\"urlTemplate\":\"https:\/\/lartusihome.com\/et\/?s={search_term_string}\"},\"query-input\":{\"@type\":\"PropertyValueSpecification\",\"valueRequired\":true,\"valueName\":\"search_term_string\"}}],\"inLanguage\":\"et\"}]}<\/script>\n<!-- \/ Yoast SEO plugin. -->","yoast_head_json":{"title":"Salam teekann 450ml, valge\/h\u00f5be - Lartusihome.com","robots":{"index":"index","follow":"follow","max-snippet":"max-snippet:-1","max-image-preview":"max-image-preview:large","max-video-preview":"max-video-preview:-1"},"canonical":"https:\/\/lartusihome.com\/et\/toode\/salam-teekann-450ml-valge-hobe\/","og_locale":"et_EE","og_type":"article","og_title":"Salam teekann 450ml, valge\/h\u00f5be - Lartusihome.com","og_description":"1953. aastal loodud Degrenne\u2019i Salam teekann on t\u00e4naseks saanud t\u00f5eliseks ikoontooteks. Portselanist teekannu sees on alumiiniumist s\u00f5el, kannu kaas on valmistatud roostevabast terasest ning on seest vooderdatud vildiga t\u00e4nu millele p\u00fcsib tee soe umbes 1,5h.","og_url":"https:\/\/lartusihome.com\/et\/toode\/salam-teekann-450ml-valge-hobe\/","og_site_name":"Lartusihome.com","article_publisher":"https:\/\/www.facebook.com\/lartusihome\/","article_modified_time":"2023-08-18T07:50:42+00:00","og_image":[{"width":2000,"height":2000,"url":"https:\/\/lartusihome.com\/wp-content\/uploads\/2022\/08\/211987.jpg","type":"image\/jpeg"}],"twitter_card":"summary_large_image","twitter_misc":{"Est. reading time":"1 minut"},"schema":{"@context":"https:\/\/schema.org","@graph":[{"@type":"WebPage","@id":"https:\/\/lartusihome.com\/et\/toode\/salam-teekann-450ml-valge-hobe\/","url":"https:\/\/lartusihome.com\/et\/toode\/salam-teekann-450ml-valge-hobe\/","name":"Salam teekann 450ml, valge\/h\u00f5be - Lartusihome.com","isPartOf":{"@id":"https:\/\/lartusihome.com\/et\/#website"},"primaryImageOfPage":{"@id":"https:\/\/lartusihome.com\/et\/toode\/salam-teekann-450ml-valge-hobe\/#primaryimage"},"image":{"@id":"https:\/\/lartusihome.com\/et\/toode\/salam-teekann-450ml-valge-hobe\/#primaryimage"},"thumbnailUrl":"https:\/\/lartusihome.com\/wp-content\/uploads\/2022\/08\/211987.jpg","datePublished":"2021-03-01T14:44:52+00:00","dateModified":"2023-08-18T07:50:42+00:00","breadcrumb":{"@id":"https:\/\/lartusihome.com\/et\/toode\/salam-teekann-450ml-valge-hobe\/#breadcrumb"},"inLanguage":"et","potentialAction":[{"@type":"ReadAction","target":["https:\/\/lartusihome.com\/et\/toode\/salam-teekann-450ml-valge-hobe\/"]}]},{"@type":"ImageObject","inLanguage":"et","@id":"https:\/\/lartusihome.com\/et\/toode\/salam-teekann-450ml-valge-hobe\/#primaryimage","url":"https:\/\/lartusihome.com\/wp-content\/uploads\/2022\/08\/211987.jpg","contentUrl":"https:\/\/lartusihome.com\/wp-content\/uploads\/2022\/08\/211987.jpg","width":2000,"height":2000},{"@type":"BreadcrumbList","@id":"https:\/\/lartusihome.com\/et\/toode\/salam-teekann-450ml-valge-hobe\/#breadcrumb","itemListElement":[{"@type":"ListItem","position":1,"name":"Home","item":"https:\/\/lartusihome.com\/et\/"},{"@type":"ListItem","position":2,"name":"Pood","item":"https:\/\/lartusihome.com\/et\/pood\/"},{"@type":"ListItem","position":3,"name":"Salam teekann 450ml, valge\/h\u00f5be"}]},{"@type":"WebSite","@id":"https:\/\/lartusihome.com\/et\/#website","url":"https:\/\/lartusihome.com\/et\/","name":"Lartusihome.com","description":"Kodu \/ sisustus","potentialAction":[{"@type":"SearchAction","target":{"@type":"EntryPoint","urlTemplate":"https:\/\/lartusihome.com\/et\/?s={search_term_string}"},"query-input":{"@type":"PropertyValueSpecification","valueRequired":true,"valueName":"search_term_string"}}],"inLanguage":"et"}]}},"_links":{"self":[{"href":"https:\/\/lartusihome.com\/et\/wp-json\/wp\/v2\/product\/194540"}],"collection":[{"href":"https:\/\/lartusihome.com\/et\/wp-json\/wp\/v2\/product"}],"about":[{"href":"https:\/\/lartusihome.com\/et\/wp-json\/wp\/v2\/types\/product"}],"wp:featuredmedia":[{"embeddable":true,"href":"https:\/\/lartusihome.com\/et\/wp-json\/wp\/v2\/media\/325925"}],"wp:attachment":[{"href":"https:\/\/lartusihome.com\/et\/wp-json\/wp\/v2\/media?parent=194540"}],"wp:term":[{"taxonomy":"product_cat","embeddable":true,"href":"https:\/\/lartusihome.com\/et\/wp-json\/wp\/v2\/product_cat?post=194540"},{"taxonomy":"product_tag","embeddable":true,"href":"https:\/\/lartusihome.com\/et\/wp-json\/wp\/v2\/product_tag?post=194540"},{"taxonomy":"giftcard-category","embeddable":true,"href":"https:\/\/lartusihome.com\/et\/wp-json\/wp\/v2\/giftcard-category?post=194540"}],"curies":[{"name":"wp","href":"https:\/\/api.w.org\/{rel}","templated":true}]}}