{"id":194156,"date":"2022-04-28T10:34:54","date_gmt":"2022-04-28T07:34:54","guid":{"rendered":"https:\/\/lartusihome.com\/toode\/purismo-bar-klaasist-kors-luhike-4tk\/"},"modified":"2023-06-26T16:23:39","modified_gmt":"2023-06-26T13:23:39","slug":"purismo-bar-klaasist-kors-luhike-4tk","status":"publish","type":"product","link":"https:\/\/lartusihome.com\/et\/toode\/purismo-bar-klaasist-kors-luhike-4tk\/","title":{"rendered":"Purismo Bar l\u00fchikesed klaasist k\u00f5rred 4tk"},"content":{"rendered":"<p>v\u00f5ib pesta n\u00f5udepesumasinas<\/p>\n","protected":false},"excerpt":{"rendered":"<p>v\u00f5ib pesta n\u00f5udepesumasinas<\/p>\n","protected":false},"featured_media":320057,"template":"","meta":{"_acf_changed":false,"inline_featured_image":false},"product_cat":[25294,3588,310],"product_tag":[],"giftcard-category":[],"class_list":{"0":"post-194156","1":"product","2":"type-product","3":"status-publish","4":"has-post-thumbnail","6":"product_cat-kokteilide-valmistamiseks","7":"product_cat-kook","8":"product_cat-baaritarvikud","10":"first","11":"instock","12":"shipping-taxable","13":"purchasable","14":"product-type-simple"},"acf":[],"yoast_head":"<!-- This site is optimized with the Yoast SEO plugin v25.6 - https:\/\/yoast.com\/wordpress\/plugins\/seo\/ -->\n<title>Purismo Bar l\u00fchikesed klaasist k\u00f5rred 4tk - Lartusihome.com<\/title>\n<meta name=\"robots\" content=\"index, follow, max-snippet:-1, max-image-preview:large, max-video-preview:-1\" \/>\n<link rel=\"canonical\" href=\"https:\/\/lartusihome.com\/et\/toode\/purismo-bar-klaasist-kors-luhike-4tk\/\" \/>\n<meta property=\"og:locale\" content=\"et_EE\" \/>\n<meta property=\"og:type\" content=\"article\" \/>\n<meta property=\"og:title\" content=\"Purismo Bar l\u00fchikesed klaasist k\u00f5rred 4tk - Lartusihome.com\" \/>\n<meta property=\"og:description\" content=\"v\u00f5ib pesta n\u00f5udepesumasinas\" \/>\n<meta property=\"og:url\" content=\"https:\/\/lartusihome.com\/et\/toode\/purismo-bar-klaasist-kors-luhike-4tk\/\" \/>\n<meta property=\"og:site_name\" content=\"Lartusihome.com\" \/>\n<meta property=\"article:publisher\" content=\"https:\/\/www.facebook.com\/lartusihome\/\" \/>\n<meta property=\"article:modified_time\" content=\"2023-06-26T13:23:39+00:00\" \/>\n<meta property=\"og:image\" content=\"https:\/\/lartusihome.com\/wp-content\/uploads\/2022\/04\/7911.jpg\" \/>\n\t<meta property=\"og:image:width\" content=\"2000\" \/>\n\t<meta property=\"og:image:height\" content=\"2000\" \/>\n\t<meta property=\"og:image:type\" content=\"image\/jpeg\" \/>\n<meta name=\"twitter:card\" content=\"summary_large_image\" \/>\n<meta name=\"twitter:label1\" content=\"Est. reading time\" \/>\n\t<meta name=\"twitter:data1\" content=\"1 minut\" \/>\n<script type=\"application\/ld+json\" class=\"yoast-schema-graph\">{\"@context\":\"https:\/\/schema.org\",\"@graph\":[{\"@type\":\"WebPage\",\"@id\":\"https:\/\/lartusihome.com\/et\/toode\/purismo-bar-klaasist-kors-luhike-4tk\/\",\"url\":\"https:\/\/lartusihome.com\/et\/toode\/purismo-bar-klaasist-kors-luhike-4tk\/\",\"name\":\"Purismo Bar l\u00fchikesed klaasist k\u00f5rred 4tk - Lartusihome.com\",\"isPartOf\":{\"@id\":\"https:\/\/lartusihome.com\/et\/#website\"},\"primaryImageOfPage\":{\"@id\":\"https:\/\/lartusihome.com\/et\/toode\/purismo-bar-klaasist-kors-luhike-4tk\/#primaryimage\"},\"image\":{\"@id\":\"https:\/\/lartusihome.com\/et\/toode\/purismo-bar-klaasist-kors-luhike-4tk\/#primaryimage\"},\"thumbnailUrl\":\"https:\/\/lartusihome.com\/wp-content\/uploads\/2022\/04\/7911.jpg\",\"datePublished\":\"2022-04-28T07:34:54+00:00\",\"dateModified\":\"2023-06-26T13:23:39+00:00\",\"breadcrumb\":{\"@id\":\"https:\/\/lartusihome.com\/et\/toode\/purismo-bar-klaasist-kors-luhike-4tk\/#breadcrumb\"},\"inLanguage\":\"et\",\"potentialAction\":[{\"@type\":\"ReadAction\",\"target\":[\"https:\/\/lartusihome.com\/et\/toode\/purismo-bar-klaasist-kors-luhike-4tk\/\"]}]},{\"@type\":\"ImageObject\",\"inLanguage\":\"et\",\"@id\":\"https:\/\/lartusihome.com\/et\/toode\/purismo-bar-klaasist-kors-luhike-4tk\/#primaryimage\",\"url\":\"https:\/\/lartusihome.com\/wp-content\/uploads\/2022\/04\/7911.jpg\",\"contentUrl\":\"https:\/\/lartusihome.com\/wp-content\/uploads\/2022\/04\/7911.jpg\",\"width\":2000,\"height\":2000},{\"@type\":\"BreadcrumbList\",\"@id\":\"https:\/\/lartusihome.com\/et\/toode\/purismo-bar-klaasist-kors-luhike-4tk\/#breadcrumb\",\"itemListElement\":[{\"@type\":\"ListItem\",\"position\":1,\"name\":\"Home\",\"item\":\"https:\/\/lartusihome.com\/et\/\"},{\"@type\":\"ListItem\",\"position\":2,\"name\":\"Pood\",\"item\":\"https:\/\/lartusihome.com\/et\/pood\/\"},{\"@type\":\"ListItem\",\"position\":3,\"name\":\"Purismo Bar l\u00fchikesed klaasist k\u00f5rred 4tk\"}]},{\"@type\":\"WebSite\",\"@id\":\"https:\/\/lartusihome.com\/et\/#website\",\"url\":\"https:\/\/lartusihome.com\/et\/\",\"name\":\"Lartusihome.com\",\"description\":\"Kodu \/ sisustus\",\"potentialAction\":[{\"@type\":\"SearchAction\",\"target\":{\"@type\":\"EntryPoint\",\"urlTemplate\":\"https:\/\/lartusihome.com\/et\/?s={search_term_string}\"},\"query-input\":{\"@type\":\"PropertyValueSpecification\",\"valueRequired\":true,\"valueName\":\"search_term_string\"}}],\"inLanguage\":\"et\"}]}<\/script>\n<!-- \/ Yoast SEO plugin. -->","yoast_head_json":{"title":"Purismo Bar l\u00fchikesed klaasist k\u00f5rred 4tk - Lartusihome.com","robots":{"index":"index","follow":"follow","max-snippet":"max-snippet:-1","max-image-preview":"max-image-preview:large","max-video-preview":"max-video-preview:-1"},"canonical":"https:\/\/lartusihome.com\/et\/toode\/purismo-bar-klaasist-kors-luhike-4tk\/","og_locale":"et_EE","og_type":"article","og_title":"Purismo Bar l\u00fchikesed klaasist k\u00f5rred 4tk - Lartusihome.com","og_description":"v\u00f5ib pesta n\u00f5udepesumasinas","og_url":"https:\/\/lartusihome.com\/et\/toode\/purismo-bar-klaasist-kors-luhike-4tk\/","og_site_name":"Lartusihome.com","article_publisher":"https:\/\/www.facebook.com\/lartusihome\/","article_modified_time":"2023-06-26T13:23:39+00:00","og_image":[{"width":2000,"height":2000,"url":"https:\/\/lartusihome.com\/wp-content\/uploads\/2022\/04\/7911.jpg","type":"image\/jpeg"}],"twitter_card":"summary_large_image","twitter_misc":{"Est. reading time":"1 minut"},"schema":{"@context":"https:\/\/schema.org","@graph":[{"@type":"WebPage","@id":"https:\/\/lartusihome.com\/et\/toode\/purismo-bar-klaasist-kors-luhike-4tk\/","url":"https:\/\/lartusihome.com\/et\/toode\/purismo-bar-klaasist-kors-luhike-4tk\/","name":"Purismo Bar l\u00fchikesed klaasist k\u00f5rred 4tk - Lartusihome.com","isPartOf":{"@id":"https:\/\/lartusihome.com\/et\/#website"},"primaryImageOfPage":{"@id":"https:\/\/lartusihome.com\/et\/toode\/purismo-bar-klaasist-kors-luhike-4tk\/#primaryimage"},"image":{"@id":"https:\/\/lartusihome.com\/et\/toode\/purismo-bar-klaasist-kors-luhike-4tk\/#primaryimage"},"thumbnailUrl":"https:\/\/lartusihome.com\/wp-content\/uploads\/2022\/04\/7911.jpg","datePublished":"2022-04-28T07:34:54+00:00","dateModified":"2023-06-26T13:23:39+00:00","breadcrumb":{"@id":"https:\/\/lartusihome.com\/et\/toode\/purismo-bar-klaasist-kors-luhike-4tk\/#breadcrumb"},"inLanguage":"et","potentialAction":[{"@type":"ReadAction","target":["https:\/\/lartusihome.com\/et\/toode\/purismo-bar-klaasist-kors-luhike-4tk\/"]}]},{"@type":"ImageObject","inLanguage":"et","@id":"https:\/\/lartusihome.com\/et\/toode\/purismo-bar-klaasist-kors-luhike-4tk\/#primaryimage","url":"https:\/\/lartusihome.com\/wp-content\/uploads\/2022\/04\/7911.jpg","contentUrl":"https:\/\/lartusihome.com\/wp-content\/uploads\/2022\/04\/7911.jpg","width":2000,"height":2000},{"@type":"BreadcrumbList","@id":"https:\/\/lartusihome.com\/et\/toode\/purismo-bar-klaasist-kors-luhike-4tk\/#breadcrumb","itemListElement":[{"@type":"ListItem","position":1,"name":"Home","item":"https:\/\/lartusihome.com\/et\/"},{"@type":"ListItem","position":2,"name":"Pood","item":"https:\/\/lartusihome.com\/et\/pood\/"},{"@type":"ListItem","position":3,"name":"Purismo Bar l\u00fchikesed klaasist k\u00f5rred 4tk"}]},{"@type":"WebSite","@id":"https:\/\/lartusihome.com\/et\/#website","url":"https:\/\/lartusihome.com\/et\/","name":"Lartusihome.com","description":"Kodu \/ sisustus","potentialAction":[{"@type":"SearchAction","target":{"@type":"EntryPoint","urlTemplate":"https:\/\/lartusihome.com\/et\/?s={search_term_string}"},"query-input":{"@type":"PropertyValueSpecification","valueRequired":true,"valueName":"search_term_string"}}],"inLanguage":"et"}]}},"_links":{"self":[{"href":"https:\/\/lartusihome.com\/et\/wp-json\/wp\/v2\/product\/194156"}],"collection":[{"href":"https:\/\/lartusihome.com\/et\/wp-json\/wp\/v2\/product"}],"about":[{"href":"https:\/\/lartusihome.com\/et\/wp-json\/wp\/v2\/types\/product"}],"wp:featuredmedia":[{"embeddable":true,"href":"https:\/\/lartusihome.com\/et\/wp-json\/wp\/v2\/media\/320057"}],"wp:attachment":[{"href":"https:\/\/lartusihome.com\/et\/wp-json\/wp\/v2\/media?parent=194156"}],"wp:term":[{"taxonomy":"product_cat","embeddable":true,"href":"https:\/\/lartusihome.com\/et\/wp-json\/wp\/v2\/product_cat?post=194156"},{"taxonomy":"product_tag","embeddable":true,"href":"https:\/\/lartusihome.com\/et\/wp-json\/wp\/v2\/product_tag?post=194156"},{"taxonomy":"giftcard-category","embeddable":true,"href":"https:\/\/lartusihome.com\/et\/wp-json\/wp\/v2\/giftcard-category?post=194156"}],"curies":[{"name":"wp","href":"https:\/\/api.w.org\/{rel}","templated":true}]}}