{"id":193364,"date":"2021-10-15T13:44:58","date_gmt":"2021-10-15T10:44:58","guid":{"rendered":"https:\/\/lartusihome.com\/toode\/notorious-neroli-kuunal-300g\/"},"modified":"2025-09-13T21:27:23","modified_gmt":"2025-09-13T18:27:23","slug":"notorious-neroli-kuunal-300g","status":"publish","type":"product","link":"https:\/\/lartusihome.com\/et\/toode\/notorious-neroli-kuunal-300g\/","title":{"rendered":"Notorious Neroli k\u00fc\u00fcnal 300g"},"content":{"rendered":"<p>Urban Apothecary k\u00fc\u00fcnlad on valminud k\u00e4sit\u00f6\u00f6na Inglismaal. K\u00fc\u00fcnlad on valatud naturaalsest sojavahast, taht on puuvillast ja k\u00fc\u00fcnalt \u00fcmbritseb k\u00e4sit\u00f6\u00f6klaas.<\/p>\n<p>orienteeruv p\u00f5lemisaeg 60h.<\/p>\n<p>l\u00f5hnanoodid: sidrun, bergamot, mandariin, laimileht, valge lavendel, m\u00f5ruapelsini \u00f5is, vetiver, sandlipuu, sammal<\/p>\n","protected":false},"excerpt":{"rendered":"<p>Urban Apothecary k\u00fc\u00fcnlad on valminud k\u00e4sit\u00f6\u00f6na Inglismaal. K\u00fc\u00fcnlad on valatud naturaalsest sojavahast, taht on puuvillast ja k\u00fc\u00fcnalt \u00fcmbritseb k\u00e4sit\u00f6\u00f6klaas. orienteeruv p\u00f5lemisaeg 60h. l\u00f5hnanoodid: sidrun, bergamot, mandariin, laimileht, valge lavendel, m\u00f5ruapelsini \u00f5is, vetiver, sandlipuu, sammal<\/p>\n","protected":false},"featured_media":325152,"template":"","meta":{"_acf_changed":false,"inline_featured_image":false},"product_cat":[4365,1281],"product_tag":[],"giftcard-category":[],"class_list":{"0":"post-193364","1":"product","2":"type-product","3":"status-publish","4":"has-post-thumbnail","6":"product_cat-aksessuaarid","7":"product_cat-kuunlad","8":"pa_brand-urban-apothecary","9":"pa_collection-notorious-neroli","11":"first","12":"outofstock","13":"shipping-taxable","14":"purchasable","15":"product-type-simple"},"acf":[],"yoast_head":"<!-- This site is optimized with the Yoast SEO plugin v25.6 - https:\/\/yoast.com\/wordpress\/plugins\/seo\/ -->\n<title>Notorious Neroli k\u00fc\u00fcnal 300g - Lartusihome.com<\/title>\n<meta name=\"robots\" content=\"index, follow, max-snippet:-1, max-image-preview:large, max-video-preview:-1\" \/>\n<link rel=\"canonical\" href=\"https:\/\/lartusihome.com\/et\/toode\/notorious-neroli-kuunal-300g\/\" \/>\n<meta property=\"og:locale\" content=\"et_EE\" \/>\n<meta property=\"og:type\" content=\"article\" \/>\n<meta property=\"og:title\" content=\"Notorious Neroli k\u00fc\u00fcnal 300g - Lartusihome.com\" \/>\n<meta property=\"og:description\" content=\"Urban Apothecary k\u00fc\u00fcnlad on valminud k\u00e4sit\u00f6\u00f6na Inglismaal. K\u00fc\u00fcnlad on valatud naturaalsest sojavahast, taht on puuvillast ja k\u00fc\u00fcnalt \u00fcmbritseb k\u00e4sit\u00f6\u00f6klaas. orienteeruv p\u00f5lemisaeg 60h. l\u00f5hnanoodid: sidrun, bergamot, mandariin, laimileht, valge lavendel, m\u00f5ruapelsini \u00f5is, vetiver, sandlipuu, sammal\" \/>\n<meta property=\"og:url\" content=\"https:\/\/lartusihome.com\/et\/toode\/notorious-neroli-kuunal-300g\/\" \/>\n<meta property=\"og:site_name\" content=\"Lartusihome.com\" \/>\n<meta property=\"article:publisher\" content=\"https:\/\/www.facebook.com\/lartusihome\/\" \/>\n<meta property=\"article:modified_time\" content=\"2025-09-13T18:27:23+00:00\" \/>\n<meta property=\"og:image\" content=\"https:\/\/lartusihome.com\/wp-content\/uploads\/2021\/10\/Notorius-High-1-1024x1024.jpg\" \/>\n\t<meta property=\"og:image:width\" content=\"1024\" \/>\n\t<meta property=\"og:image:height\" content=\"1024\" \/>\n\t<meta property=\"og:image:type\" content=\"image\/jpeg\" \/>\n<meta name=\"twitter:card\" content=\"summary_large_image\" \/>\n<script type=\"application\/ld+json\" class=\"yoast-schema-graph\">{\"@context\":\"https:\/\/schema.org\",\"@graph\":[{\"@type\":\"WebPage\",\"@id\":\"https:\/\/lartusihome.com\/et\/toode\/notorious-neroli-kuunal-300g\/\",\"url\":\"https:\/\/lartusihome.com\/et\/toode\/notorious-neroli-kuunal-300g\/\",\"name\":\"Notorious Neroli k\u00fc\u00fcnal 300g - Lartusihome.com\",\"isPartOf\":{\"@id\":\"https:\/\/lartusihome.com\/et\/#website\"},\"primaryImageOfPage\":{\"@id\":\"https:\/\/lartusihome.com\/et\/toode\/notorious-neroli-kuunal-300g\/#primaryimage\"},\"image\":{\"@id\":\"https:\/\/lartusihome.com\/et\/toode\/notorious-neroli-kuunal-300g\/#primaryimage\"},\"thumbnailUrl\":\"https:\/\/lartusihome.com\/wp-content\/uploads\/2021\/10\/Notorius-High-1.jpg\",\"datePublished\":\"2021-10-15T10:44:58+00:00\",\"dateModified\":\"2025-09-13T18:27:23+00:00\",\"breadcrumb\":{\"@id\":\"https:\/\/lartusihome.com\/et\/toode\/notorious-neroli-kuunal-300g\/#breadcrumb\"},\"inLanguage\":\"et\",\"potentialAction\":[{\"@type\":\"ReadAction\",\"target\":[\"https:\/\/lartusihome.com\/et\/toode\/notorious-neroli-kuunal-300g\/\"]}]},{\"@type\":\"ImageObject\",\"inLanguage\":\"et\",\"@id\":\"https:\/\/lartusihome.com\/et\/toode\/notorious-neroli-kuunal-300g\/#primaryimage\",\"url\":\"https:\/\/lartusihome.com\/wp-content\/uploads\/2021\/10\/Notorius-High-1.jpg\",\"contentUrl\":\"https:\/\/lartusihome.com\/wp-content\/uploads\/2021\/10\/Notorius-High-1.jpg\",\"width\":2000,\"height\":2000},{\"@type\":\"BreadcrumbList\",\"@id\":\"https:\/\/lartusihome.com\/et\/toode\/notorious-neroli-kuunal-300g\/#breadcrumb\",\"itemListElement\":[{\"@type\":\"ListItem\",\"position\":1,\"name\":\"Home\",\"item\":\"https:\/\/lartusihome.com\/et\/\"},{\"@type\":\"ListItem\",\"position\":2,\"name\":\"Pood\",\"item\":\"https:\/\/lartusihome.com\/et\/pood\/\"},{\"@type\":\"ListItem\",\"position\":3,\"name\":\"Notorious Neroli k\u00fc\u00fcnal 300g\"}]},{\"@type\":\"WebSite\",\"@id\":\"https:\/\/lartusihome.com\/et\/#website\",\"url\":\"https:\/\/lartusihome.com\/et\/\",\"name\":\"Lartusihome.com\",\"description\":\"Kodu \/ sisustus\",\"potentialAction\":[{\"@type\":\"SearchAction\",\"target\":{\"@type\":\"EntryPoint\",\"urlTemplate\":\"https:\/\/lartusihome.com\/et\/?s={search_term_string}\"},\"query-input\":{\"@type\":\"PropertyValueSpecification\",\"valueRequired\":true,\"valueName\":\"search_term_string\"}}],\"inLanguage\":\"et\"}]}<\/script>\n<!-- \/ Yoast SEO plugin. -->","yoast_head_json":{"title":"Notorious Neroli k\u00fc\u00fcnal 300g - Lartusihome.com","robots":{"index":"index","follow":"follow","max-snippet":"max-snippet:-1","max-image-preview":"max-image-preview:large","max-video-preview":"max-video-preview:-1"},"canonical":"https:\/\/lartusihome.com\/et\/toode\/notorious-neroli-kuunal-300g\/","og_locale":"et_EE","og_type":"article","og_title":"Notorious Neroli k\u00fc\u00fcnal 300g - Lartusihome.com","og_description":"Urban Apothecary k\u00fc\u00fcnlad on valminud k\u00e4sit\u00f6\u00f6na Inglismaal. K\u00fc\u00fcnlad on valatud naturaalsest sojavahast, taht on puuvillast ja k\u00fc\u00fcnalt \u00fcmbritseb k\u00e4sit\u00f6\u00f6klaas. orienteeruv p\u00f5lemisaeg 60h. l\u00f5hnanoodid: sidrun, bergamot, mandariin, laimileht, valge lavendel, m\u00f5ruapelsini \u00f5is, vetiver, sandlipuu, sammal","og_url":"https:\/\/lartusihome.com\/et\/toode\/notorious-neroli-kuunal-300g\/","og_site_name":"Lartusihome.com","article_publisher":"https:\/\/www.facebook.com\/lartusihome\/","article_modified_time":"2025-09-13T18:27:23+00:00","og_image":[{"width":1024,"height":1024,"url":"https:\/\/lartusihome.com\/wp-content\/uploads\/2021\/10\/Notorius-High-1-1024x1024.jpg","type":"image\/jpeg"}],"twitter_card":"summary_large_image","schema":{"@context":"https:\/\/schema.org","@graph":[{"@type":"WebPage","@id":"https:\/\/lartusihome.com\/et\/toode\/notorious-neroli-kuunal-300g\/","url":"https:\/\/lartusihome.com\/et\/toode\/notorious-neroli-kuunal-300g\/","name":"Notorious Neroli k\u00fc\u00fcnal 300g - Lartusihome.com","isPartOf":{"@id":"https:\/\/lartusihome.com\/et\/#website"},"primaryImageOfPage":{"@id":"https:\/\/lartusihome.com\/et\/toode\/notorious-neroli-kuunal-300g\/#primaryimage"},"image":{"@id":"https:\/\/lartusihome.com\/et\/toode\/notorious-neroli-kuunal-300g\/#primaryimage"},"thumbnailUrl":"https:\/\/lartusihome.com\/wp-content\/uploads\/2021\/10\/Notorius-High-1.jpg","datePublished":"2021-10-15T10:44:58+00:00","dateModified":"2025-09-13T18:27:23+00:00","breadcrumb":{"@id":"https:\/\/lartusihome.com\/et\/toode\/notorious-neroli-kuunal-300g\/#breadcrumb"},"inLanguage":"et","potentialAction":[{"@type":"ReadAction","target":["https:\/\/lartusihome.com\/et\/toode\/notorious-neroli-kuunal-300g\/"]}]},{"@type":"ImageObject","inLanguage":"et","@id":"https:\/\/lartusihome.com\/et\/toode\/notorious-neroli-kuunal-300g\/#primaryimage","url":"https:\/\/lartusihome.com\/wp-content\/uploads\/2021\/10\/Notorius-High-1.jpg","contentUrl":"https:\/\/lartusihome.com\/wp-content\/uploads\/2021\/10\/Notorius-High-1.jpg","width":2000,"height":2000},{"@type":"BreadcrumbList","@id":"https:\/\/lartusihome.com\/et\/toode\/notorious-neroli-kuunal-300g\/#breadcrumb","itemListElement":[{"@type":"ListItem","position":1,"name":"Home","item":"https:\/\/lartusihome.com\/et\/"},{"@type":"ListItem","position":2,"name":"Pood","item":"https:\/\/lartusihome.com\/et\/pood\/"},{"@type":"ListItem","position":3,"name":"Notorious Neroli k\u00fc\u00fcnal 300g"}]},{"@type":"WebSite","@id":"https:\/\/lartusihome.com\/et\/#website","url":"https:\/\/lartusihome.com\/et\/","name":"Lartusihome.com","description":"Kodu \/ sisustus","potentialAction":[{"@type":"SearchAction","target":{"@type":"EntryPoint","urlTemplate":"https:\/\/lartusihome.com\/et\/?s={search_term_string}"},"query-input":{"@type":"PropertyValueSpecification","valueRequired":true,"valueName":"search_term_string"}}],"inLanguage":"et"}]}},"_links":{"self":[{"href":"https:\/\/lartusihome.com\/et\/wp-json\/wp\/v2\/product\/193364"}],"collection":[{"href":"https:\/\/lartusihome.com\/et\/wp-json\/wp\/v2\/product"}],"about":[{"href":"https:\/\/lartusihome.com\/et\/wp-json\/wp\/v2\/types\/product"}],"wp:featuredmedia":[{"embeddable":true,"href":"https:\/\/lartusihome.com\/et\/wp-json\/wp\/v2\/media\/325152"}],"wp:attachment":[{"href":"https:\/\/lartusihome.com\/et\/wp-json\/wp\/v2\/media?parent=193364"}],"wp:term":[{"taxonomy":"product_cat","embeddable":true,"href":"https:\/\/lartusihome.com\/et\/wp-json\/wp\/v2\/product_cat?post=193364"},{"taxonomy":"product_tag","embeddable":true,"href":"https:\/\/lartusihome.com\/et\/wp-json\/wp\/v2\/product_tag?post=193364"},{"taxonomy":"giftcard-category","embeddable":true,"href":"https:\/\/lartusihome.com\/et\/wp-json\/wp\/v2\/giftcard-category?post=193364"}],"curies":[{"name":"wp","href":"https:\/\/api.w.org\/{rel}","templated":true}]}}