{"id":193223,"date":"2019-10-21T08:41:23","date_gmt":"2019-10-21T05:41:23","guid":{"rendered":"https:\/\/lartusihome.com\/toode\/newwave-latte-macchiato-tass\/"},"modified":"2026-04-08T17:15:36","modified_gmt":"2026-04-08T14:15:36","slug":"newwave-latte-macchiato-tass","status":"publish","type":"product","link":"https:\/\/lartusihome.com\/et\/toode\/newwave-latte-macchiato-tass\/","title":{"rendered":"NewWave Latte Macchiato tass"},"content":{"rendered":"<p>K\u00f5rgus: 15 cm<\/p>\n<p>Mahutavus: 0,3 l<\/p>\n<p>Materjal: klaas<\/p>\n<p>V\u00f5ib pesta n\u00f5udepesumasinas<\/p>\n","protected":false},"excerpt":{"rendered":"<p>K\u00f5rgus: 15 cm Mahutavus: 0,3 l Materjal: klaas V\u00f5ib pesta n\u00f5udepesumasinas<\/p>\n","protected":false},"featured_media":262504,"template":"","meta":{"_acf_changed":false,"inline_featured_image":false},"product_cat":[3574,28,14481],"product_tag":[],"giftcard-category":[],"class_list":{"0":"post-193223","1":"product","2":"type-product","3":"status-publish","4":"has-post-thumbnail","6":"product_cat-lauanoud","7":"product_cat-klaas-ja-kristall","8":"product_cat-tassid","9":"pa_brand-villeroy-boch","10":"pa_collection-newwave","12":"first","13":"instock","14":"purchasable","15":"product-type-simple"},"acf":[],"yoast_head":"<!-- This site is optimized with the Yoast SEO plugin v25.6 - https:\/\/yoast.com\/wordpress\/plugins\/seo\/ -->\n<title>NewWave Latte Macchiato tass - Lartusihome.com<\/title>\n<meta name=\"robots\" content=\"index, follow, max-snippet:-1, max-image-preview:large, max-video-preview:-1\" \/>\n<link rel=\"canonical\" href=\"https:\/\/lartusihome.com\/et\/toode\/newwave-latte-macchiato-tass\/\" \/>\n<meta property=\"og:locale\" content=\"et_EE\" \/>\n<meta property=\"og:type\" content=\"article\" \/>\n<meta property=\"og:title\" content=\"NewWave Latte Macchiato tass - Lartusihome.com\" \/>\n<meta property=\"og:description\" content=\"K\u00f5rgus: 15 cm Mahutavus: 0,3 l Materjal: klaas V\u00f5ib pesta n\u00f5udepesumasinas\" \/>\n<meta property=\"og:url\" content=\"https:\/\/lartusihome.com\/et\/toode\/newwave-latte-macchiato-tass\/\" \/>\n<meta property=\"og:site_name\" content=\"Lartusihome.com\" \/>\n<meta property=\"article:publisher\" content=\"https:\/\/www.facebook.com\/lartusihome\/\" \/>\n<meta property=\"article:modified_time\" content=\"2026-04-08T14:15:36+00:00\" \/>\n<meta property=\"og:image\" content=\"https:\/\/lartusihome.com\/wp-content\/uploads\/2022\/10\/villeroy-boch-newwave-latte-macchiato-glass-30-e1574334540627.jpg\" \/>\n\t<meta property=\"og:image:width\" content=\"449\" \/>\n\t<meta property=\"og:image:height\" content=\"449\" \/>\n\t<meta property=\"og:image:type\" content=\"image\/jpeg\" \/>\n<meta name=\"twitter:card\" content=\"summary_large_image\" \/>\n<meta name=\"twitter:label1\" content=\"Est. reading time\" \/>\n\t<meta name=\"twitter:data1\" content=\"1 minut\" \/>\n<script type=\"application\/ld+json\" class=\"yoast-schema-graph\">{\"@context\":\"https:\/\/schema.org\",\"@graph\":[{\"@type\":\"WebPage\",\"@id\":\"https:\/\/lartusihome.com\/et\/toode\/newwave-latte-macchiato-tass\/\",\"url\":\"https:\/\/lartusihome.com\/et\/toode\/newwave-latte-macchiato-tass\/\",\"name\":\"NewWave Latte Macchiato tass - Lartusihome.com\",\"isPartOf\":{\"@id\":\"https:\/\/lartusihome.com\/et\/#website\"},\"primaryImageOfPage\":{\"@id\":\"https:\/\/lartusihome.com\/et\/toode\/newwave-latte-macchiato-tass\/#primaryimage\"},\"image\":{\"@id\":\"https:\/\/lartusihome.com\/et\/toode\/newwave-latte-macchiato-tass\/#primaryimage\"},\"thumbnailUrl\":\"https:\/\/lartusihome.com\/wp-content\/uploads\/2022\/10\/villeroy-boch-newwave-latte-macchiato-glass-30-e1574334540627.jpg\",\"datePublished\":\"2019-10-21T05:41:23+00:00\",\"dateModified\":\"2026-04-08T14:15:36+00:00\",\"breadcrumb\":{\"@id\":\"https:\/\/lartusihome.com\/et\/toode\/newwave-latte-macchiato-tass\/#breadcrumb\"},\"inLanguage\":\"et\",\"potentialAction\":[{\"@type\":\"ReadAction\",\"target\":[\"https:\/\/lartusihome.com\/et\/toode\/newwave-latte-macchiato-tass\/\"]}]},{\"@type\":\"ImageObject\",\"inLanguage\":\"et\",\"@id\":\"https:\/\/lartusihome.com\/et\/toode\/newwave-latte-macchiato-tass\/#primaryimage\",\"url\":\"https:\/\/lartusihome.com\/wp-content\/uploads\/2022\/10\/villeroy-boch-newwave-latte-macchiato-glass-30-e1574334540627.jpg\",\"contentUrl\":\"https:\/\/lartusihome.com\/wp-content\/uploads\/2022\/10\/villeroy-boch-newwave-latte-macchiato-glass-30-e1574334540627.jpg\",\"width\":449,\"height\":449},{\"@type\":\"BreadcrumbList\",\"@id\":\"https:\/\/lartusihome.com\/et\/toode\/newwave-latte-macchiato-tass\/#breadcrumb\",\"itemListElement\":[{\"@type\":\"ListItem\",\"position\":1,\"name\":\"Home\",\"item\":\"https:\/\/lartusihome.com\/et\/\"},{\"@type\":\"ListItem\",\"position\":2,\"name\":\"Pood\",\"item\":\"https:\/\/lartusihome.com\/et\/pood\/\"},{\"@type\":\"ListItem\",\"position\":3,\"name\":\"NewWave Latte Macchiato tass\"}]},{\"@type\":\"WebSite\",\"@id\":\"https:\/\/lartusihome.com\/et\/#website\",\"url\":\"https:\/\/lartusihome.com\/et\/\",\"name\":\"Lartusihome.com\",\"description\":\"Kodu \/ sisustus\",\"potentialAction\":[{\"@type\":\"SearchAction\",\"target\":{\"@type\":\"EntryPoint\",\"urlTemplate\":\"https:\/\/lartusihome.com\/et\/?s={search_term_string}\"},\"query-input\":{\"@type\":\"PropertyValueSpecification\",\"valueRequired\":true,\"valueName\":\"search_term_string\"}}],\"inLanguage\":\"et\"}]}<\/script>\n<!-- \/ Yoast SEO plugin. -->","yoast_head_json":{"title":"NewWave Latte Macchiato tass - Lartusihome.com","robots":{"index":"index","follow":"follow","max-snippet":"max-snippet:-1","max-image-preview":"max-image-preview:large","max-video-preview":"max-video-preview:-1"},"canonical":"https:\/\/lartusihome.com\/et\/toode\/newwave-latte-macchiato-tass\/","og_locale":"et_EE","og_type":"article","og_title":"NewWave Latte Macchiato tass - Lartusihome.com","og_description":"K\u00f5rgus: 15 cm Mahutavus: 0,3 l Materjal: klaas V\u00f5ib pesta n\u00f5udepesumasinas","og_url":"https:\/\/lartusihome.com\/et\/toode\/newwave-latte-macchiato-tass\/","og_site_name":"Lartusihome.com","article_publisher":"https:\/\/www.facebook.com\/lartusihome\/","article_modified_time":"2026-04-08T14:15:36+00:00","og_image":[{"width":449,"height":449,"url":"https:\/\/lartusihome.com\/wp-content\/uploads\/2022\/10\/villeroy-boch-newwave-latte-macchiato-glass-30-e1574334540627.jpg","type":"image\/jpeg"}],"twitter_card":"summary_large_image","twitter_misc":{"Est. reading time":"1 minut"},"schema":{"@context":"https:\/\/schema.org","@graph":[{"@type":"WebPage","@id":"https:\/\/lartusihome.com\/et\/toode\/newwave-latte-macchiato-tass\/","url":"https:\/\/lartusihome.com\/et\/toode\/newwave-latte-macchiato-tass\/","name":"NewWave Latte Macchiato tass - Lartusihome.com","isPartOf":{"@id":"https:\/\/lartusihome.com\/et\/#website"},"primaryImageOfPage":{"@id":"https:\/\/lartusihome.com\/et\/toode\/newwave-latte-macchiato-tass\/#primaryimage"},"image":{"@id":"https:\/\/lartusihome.com\/et\/toode\/newwave-latte-macchiato-tass\/#primaryimage"},"thumbnailUrl":"https:\/\/lartusihome.com\/wp-content\/uploads\/2022\/10\/villeroy-boch-newwave-latte-macchiato-glass-30-e1574334540627.jpg","datePublished":"2019-10-21T05:41:23+00:00","dateModified":"2026-04-08T14:15:36+00:00","breadcrumb":{"@id":"https:\/\/lartusihome.com\/et\/toode\/newwave-latte-macchiato-tass\/#breadcrumb"},"inLanguage":"et","potentialAction":[{"@type":"ReadAction","target":["https:\/\/lartusihome.com\/et\/toode\/newwave-latte-macchiato-tass\/"]}]},{"@type":"ImageObject","inLanguage":"et","@id":"https:\/\/lartusihome.com\/et\/toode\/newwave-latte-macchiato-tass\/#primaryimage","url":"https:\/\/lartusihome.com\/wp-content\/uploads\/2022\/10\/villeroy-boch-newwave-latte-macchiato-glass-30-e1574334540627.jpg","contentUrl":"https:\/\/lartusihome.com\/wp-content\/uploads\/2022\/10\/villeroy-boch-newwave-latte-macchiato-glass-30-e1574334540627.jpg","width":449,"height":449},{"@type":"BreadcrumbList","@id":"https:\/\/lartusihome.com\/et\/toode\/newwave-latte-macchiato-tass\/#breadcrumb","itemListElement":[{"@type":"ListItem","position":1,"name":"Home","item":"https:\/\/lartusihome.com\/et\/"},{"@type":"ListItem","position":2,"name":"Pood","item":"https:\/\/lartusihome.com\/et\/pood\/"},{"@type":"ListItem","position":3,"name":"NewWave Latte Macchiato tass"}]},{"@type":"WebSite","@id":"https:\/\/lartusihome.com\/et\/#website","url":"https:\/\/lartusihome.com\/et\/","name":"Lartusihome.com","description":"Kodu \/ sisustus","potentialAction":[{"@type":"SearchAction","target":{"@type":"EntryPoint","urlTemplate":"https:\/\/lartusihome.com\/et\/?s={search_term_string}"},"query-input":{"@type":"PropertyValueSpecification","valueRequired":true,"valueName":"search_term_string"}}],"inLanguage":"et"}]}},"_links":{"self":[{"href":"https:\/\/lartusihome.com\/et\/wp-json\/wp\/v2\/product\/193223"}],"collection":[{"href":"https:\/\/lartusihome.com\/et\/wp-json\/wp\/v2\/product"}],"about":[{"href":"https:\/\/lartusihome.com\/et\/wp-json\/wp\/v2\/types\/product"}],"wp:featuredmedia":[{"embeddable":true,"href":"https:\/\/lartusihome.com\/et\/wp-json\/wp\/v2\/media\/262504"}],"wp:attachment":[{"href":"https:\/\/lartusihome.com\/et\/wp-json\/wp\/v2\/media?parent=193223"}],"wp:term":[{"taxonomy":"product_cat","embeddable":true,"href":"https:\/\/lartusihome.com\/et\/wp-json\/wp\/v2\/product_cat?post=193223"},{"taxonomy":"product_tag","embeddable":true,"href":"https:\/\/lartusihome.com\/et\/wp-json\/wp\/v2\/product_tag?post=193223"},{"taxonomy":"giftcard-category","embeddable":true,"href":"https:\/\/lartusihome.com\/et\/wp-json\/wp\/v2\/giftcard-category?post=193223"}],"curies":[{"name":"wp","href":"https:\/\/api.w.org\/{rel}","templated":true}]}}