{"id":192669,"date":"2019-10-21T09:05:24","date_gmt":"2019-10-21T06:05:24","guid":{"rendered":"https:\/\/lartusihome.com\/toode\/metrochic-70-osaline-soogiriistade-komplekt\/"},"modified":"2022-10-27T00:53:09","modified_gmt":"2022-10-26T21:53:09","slug":"metrochic-70-osaline-soogiriistade-komplekt","status":"publish","type":"product","link":"https:\/\/lartusihome.com\/et\/toode\/metrochic-70-osaline-soogiriistade-komplekt\/","title":{"rendered":"MetroChic 70-osaline s\u00f6\u00f6giriistade komplekt"},"content":{"rendered":"<p>materjal: roostevaba teras<\/p>\n<p>v\u00f5ib pesta n\u00f5udepesumasinas<\/p>\n<p>&nbsp;<\/p>\n<p class=\"p1\"><span class=\"s1\">70-osaline komplekt sisaldab:<\/span><\/p>\n<p><span class=\"s1\">12 praekahvlit<\/span><\/p>\n<p><span class=\"s1\">12 praenuga<\/span><\/p>\n<p><span class=\"s1\">12 supilusikat<\/span><\/p>\n<p><span class=\"s1\">12 kohvilusikat<\/span><\/p>\n<p><span class=\"s1\">12 koogikahvlit<\/span><\/p>\n<p><span class=\"s1\">1 v\u00e4ike serveerimiskahvel<\/span><\/p>\n<p><span class=\"s1\">1 serveerimiskahvel<\/span><\/p>\n<p><span class=\"s1\">2 serveerimislusikas<\/span><\/p>\n<p><span class=\"s1\">1 salati serveerimislusikas<\/span><\/p>\n<p><span class=\"s1\">1 salati serveerimiskahvel<\/span><\/p>\n<p><span class=\"s1\">1 kastmekulp<\/span><\/p>\n<p><span class=\"s1\">1 supikulp<\/span><\/p>\n<p><span class=\"s1\">1 tordilabidas<\/span><\/p>\n<p><span class=\"s1\">1 suhkru-\/j\u00e4\u00e4tiselusikas<\/span><\/p>\n","protected":false},"excerpt":{"rendered":"<p>materjal: roostevaba teras v\u00f5ib pesta n\u00f5udepesumasinas &nbsp; 70-osaline komplekt sisaldab: 12 praekahvlit 12 praenuga 12 supilusikat 12 kohvilusikat 12 koogikahvlit 1 v\u00e4ike serveerimiskahvel 1 serveerimiskahvel 2 serveerimislusikas 1 salati serveerimislusikas 1 salati serveerimiskahvel 1 kastmekulp 1 supikulp 1 tordilabidas 1 suhkru-\/j\u00e4\u00e4tiselusikas<\/p>\n","protected":false},"featured_media":271463,"template":"","meta":{"_acf_changed":false,"inline_featured_image":false},"product_cat":[3574,38],"product_tag":[],"giftcard-category":[],"class_list":{"0":"post-192669","1":"product","2":"type-product","3":"status-publish","4":"has-post-thumbnail","6":"product_cat-lauanoud","7":"product_cat-soogiriistad","8":"pa_brand-villeroy-boch","9":"pa_collection-metrochic","11":"first","12":"onbackorder","13":"purchasable","14":"product-type-simple"},"acf":[],"yoast_head":"<!-- This site is optimized with the Yoast SEO plugin v25.6 - https:\/\/yoast.com\/wordpress\/plugins\/seo\/ -->\n<title>MetroChic 70-osaline s\u00f6\u00f6giriistade komplekt - Lartusihome.com<\/title>\n<meta name=\"robots\" content=\"index, follow, max-snippet:-1, max-image-preview:large, max-video-preview:-1\" \/>\n<link rel=\"canonical\" href=\"https:\/\/lartusihome.com\/et\/toode\/metrochic-70-osaline-soogiriistade-komplekt\/\" \/>\n<meta property=\"og:locale\" content=\"et_EE\" \/>\n<meta property=\"og:type\" content=\"article\" \/>\n<meta property=\"og:title\" content=\"MetroChic 70-osaline s\u00f6\u00f6giriistade komplekt - Lartusihome.com\" \/>\n<meta property=\"og:description\" content=\"materjal: roostevaba teras v\u00f5ib pesta n\u00f5udepesumasinas &nbsp; 70-osaline komplekt sisaldab: 12 praekahvlit 12 praenuga 12 supilusikat 12 kohvilusikat 12 koogikahvlit 1 v\u00e4ike serveerimiskahvel 1 serveerimiskahvel 2 serveerimislusikas 1 salati serveerimislusikas 1 salati serveerimiskahvel 1 kastmekulp 1 supikulp 1 tordilabidas 1 suhkru-\/j\u00e4\u00e4tiselusikas\" \/>\n<meta property=\"og:url\" content=\"https:\/\/lartusihome.com\/et\/toode\/metrochic-70-osaline-soogiriistade-komplekt\/\" \/>\n<meta property=\"og:site_name\" content=\"Lartusihome.com\" \/>\n<meta property=\"article:publisher\" content=\"https:\/\/www.facebook.com\/lartusihome\/\" \/>\n<meta property=\"article:modified_time\" content=\"2022-10-26T21:53:09+00:00\" \/>\n<meta property=\"og:image\" content=\"https:\/\/lartusihome.com\/wp-content\/uploads\/2022\/10\/villeroy-boch-metrochic-cutlery-70-pieces-30.jpg\" \/>\n\t<meta property=\"og:image:width\" content=\"550\" \/>\n\t<meta property=\"og:image:height\" content=\"550\" \/>\n\t<meta property=\"og:image:type\" content=\"image\/jpeg\" \/>\n<meta name=\"twitter:card\" content=\"summary_large_image\" \/>\n<script type=\"application\/ld+json\" class=\"yoast-schema-graph\">{\"@context\":\"https:\/\/schema.org\",\"@graph\":[{\"@type\":\"WebPage\",\"@id\":\"https:\/\/lartusihome.com\/et\/toode\/metrochic-70-osaline-soogiriistade-komplekt\/\",\"url\":\"https:\/\/lartusihome.com\/et\/toode\/metrochic-70-osaline-soogiriistade-komplekt\/\",\"name\":\"MetroChic 70-osaline s\u00f6\u00f6giriistade komplekt - Lartusihome.com\",\"isPartOf\":{\"@id\":\"https:\/\/lartusihome.com\/et\/#website\"},\"primaryImageOfPage\":{\"@id\":\"https:\/\/lartusihome.com\/et\/toode\/metrochic-70-osaline-soogiriistade-komplekt\/#primaryimage\"},\"image\":{\"@id\":\"https:\/\/lartusihome.com\/et\/toode\/metrochic-70-osaline-soogiriistade-komplekt\/#primaryimage\"},\"thumbnailUrl\":\"https:\/\/lartusihome.com\/wp-content\/uploads\/2022\/10\/villeroy-boch-metrochic-cutlery-70-pieces-30.jpg\",\"datePublished\":\"2019-10-21T06:05:24+00:00\",\"dateModified\":\"2022-10-26T21:53:09+00:00\",\"breadcrumb\":{\"@id\":\"https:\/\/lartusihome.com\/et\/toode\/metrochic-70-osaline-soogiriistade-komplekt\/#breadcrumb\"},\"inLanguage\":\"et\",\"potentialAction\":[{\"@type\":\"ReadAction\",\"target\":[\"https:\/\/lartusihome.com\/et\/toode\/metrochic-70-osaline-soogiriistade-komplekt\/\"]}]},{\"@type\":\"ImageObject\",\"inLanguage\":\"et\",\"@id\":\"https:\/\/lartusihome.com\/et\/toode\/metrochic-70-osaline-soogiriistade-komplekt\/#primaryimage\",\"url\":\"https:\/\/lartusihome.com\/wp-content\/uploads\/2022\/10\/villeroy-boch-metrochic-cutlery-70-pieces-30.jpg\",\"contentUrl\":\"https:\/\/lartusihome.com\/wp-content\/uploads\/2022\/10\/villeroy-boch-metrochic-cutlery-70-pieces-30.jpg\",\"width\":550,\"height\":550},{\"@type\":\"BreadcrumbList\",\"@id\":\"https:\/\/lartusihome.com\/et\/toode\/metrochic-70-osaline-soogiriistade-komplekt\/#breadcrumb\",\"itemListElement\":[{\"@type\":\"ListItem\",\"position\":1,\"name\":\"Home\",\"item\":\"https:\/\/lartusihome.com\/et\/\"},{\"@type\":\"ListItem\",\"position\":2,\"name\":\"Pood\",\"item\":\"https:\/\/lartusihome.com\/et\/pood\/\"},{\"@type\":\"ListItem\",\"position\":3,\"name\":\"MetroChic 70-osaline s\u00f6\u00f6giriistade komplekt\"}]},{\"@type\":\"WebSite\",\"@id\":\"https:\/\/lartusihome.com\/et\/#website\",\"url\":\"https:\/\/lartusihome.com\/et\/\",\"name\":\"Lartusihome.com\",\"description\":\"Kodu \/ sisustus\",\"potentialAction\":[{\"@type\":\"SearchAction\",\"target\":{\"@type\":\"EntryPoint\",\"urlTemplate\":\"https:\/\/lartusihome.com\/et\/?s={search_term_string}\"},\"query-input\":{\"@type\":\"PropertyValueSpecification\",\"valueRequired\":true,\"valueName\":\"search_term_string\"}}],\"inLanguage\":\"et\"}]}<\/script>\n<!-- \/ Yoast SEO plugin. -->","yoast_head_json":{"title":"MetroChic 70-osaline s\u00f6\u00f6giriistade komplekt - Lartusihome.com","robots":{"index":"index","follow":"follow","max-snippet":"max-snippet:-1","max-image-preview":"max-image-preview:large","max-video-preview":"max-video-preview:-1"},"canonical":"https:\/\/lartusihome.com\/et\/toode\/metrochic-70-osaline-soogiriistade-komplekt\/","og_locale":"et_EE","og_type":"article","og_title":"MetroChic 70-osaline s\u00f6\u00f6giriistade komplekt - Lartusihome.com","og_description":"materjal: roostevaba teras v\u00f5ib pesta n\u00f5udepesumasinas &nbsp; 70-osaline komplekt sisaldab: 12 praekahvlit 12 praenuga 12 supilusikat 12 kohvilusikat 12 koogikahvlit 1 v\u00e4ike serveerimiskahvel 1 serveerimiskahvel 2 serveerimislusikas 1 salati serveerimislusikas 1 salati serveerimiskahvel 1 kastmekulp 1 supikulp 1 tordilabidas 1 suhkru-\/j\u00e4\u00e4tiselusikas","og_url":"https:\/\/lartusihome.com\/et\/toode\/metrochic-70-osaline-soogiriistade-komplekt\/","og_site_name":"Lartusihome.com","article_publisher":"https:\/\/www.facebook.com\/lartusihome\/","article_modified_time":"2022-10-26T21:53:09+00:00","og_image":[{"width":550,"height":550,"url":"https:\/\/lartusihome.com\/wp-content\/uploads\/2022\/10\/villeroy-boch-metrochic-cutlery-70-pieces-30.jpg","type":"image\/jpeg"}],"twitter_card":"summary_large_image","schema":{"@context":"https:\/\/schema.org","@graph":[{"@type":"WebPage","@id":"https:\/\/lartusihome.com\/et\/toode\/metrochic-70-osaline-soogiriistade-komplekt\/","url":"https:\/\/lartusihome.com\/et\/toode\/metrochic-70-osaline-soogiriistade-komplekt\/","name":"MetroChic 70-osaline s\u00f6\u00f6giriistade komplekt - Lartusihome.com","isPartOf":{"@id":"https:\/\/lartusihome.com\/et\/#website"},"primaryImageOfPage":{"@id":"https:\/\/lartusihome.com\/et\/toode\/metrochic-70-osaline-soogiriistade-komplekt\/#primaryimage"},"image":{"@id":"https:\/\/lartusihome.com\/et\/toode\/metrochic-70-osaline-soogiriistade-komplekt\/#primaryimage"},"thumbnailUrl":"https:\/\/lartusihome.com\/wp-content\/uploads\/2022\/10\/villeroy-boch-metrochic-cutlery-70-pieces-30.jpg","datePublished":"2019-10-21T06:05:24+00:00","dateModified":"2022-10-26T21:53:09+00:00","breadcrumb":{"@id":"https:\/\/lartusihome.com\/et\/toode\/metrochic-70-osaline-soogiriistade-komplekt\/#breadcrumb"},"inLanguage":"et","potentialAction":[{"@type":"ReadAction","target":["https:\/\/lartusihome.com\/et\/toode\/metrochic-70-osaline-soogiriistade-komplekt\/"]}]},{"@type":"ImageObject","inLanguage":"et","@id":"https:\/\/lartusihome.com\/et\/toode\/metrochic-70-osaline-soogiriistade-komplekt\/#primaryimage","url":"https:\/\/lartusihome.com\/wp-content\/uploads\/2022\/10\/villeroy-boch-metrochic-cutlery-70-pieces-30.jpg","contentUrl":"https:\/\/lartusihome.com\/wp-content\/uploads\/2022\/10\/villeroy-boch-metrochic-cutlery-70-pieces-30.jpg","width":550,"height":550},{"@type":"BreadcrumbList","@id":"https:\/\/lartusihome.com\/et\/toode\/metrochic-70-osaline-soogiriistade-komplekt\/#breadcrumb","itemListElement":[{"@type":"ListItem","position":1,"name":"Home","item":"https:\/\/lartusihome.com\/et\/"},{"@type":"ListItem","position":2,"name":"Pood","item":"https:\/\/lartusihome.com\/et\/pood\/"},{"@type":"ListItem","position":3,"name":"MetroChic 70-osaline s\u00f6\u00f6giriistade komplekt"}]},{"@type":"WebSite","@id":"https:\/\/lartusihome.com\/et\/#website","url":"https:\/\/lartusihome.com\/et\/","name":"Lartusihome.com","description":"Kodu \/ sisustus","potentialAction":[{"@type":"SearchAction","target":{"@type":"EntryPoint","urlTemplate":"https:\/\/lartusihome.com\/et\/?s={search_term_string}"},"query-input":{"@type":"PropertyValueSpecification","valueRequired":true,"valueName":"search_term_string"}}],"inLanguage":"et"}]}},"_links":{"self":[{"href":"https:\/\/lartusihome.com\/et\/wp-json\/wp\/v2\/product\/192669"}],"collection":[{"href":"https:\/\/lartusihome.com\/et\/wp-json\/wp\/v2\/product"}],"about":[{"href":"https:\/\/lartusihome.com\/et\/wp-json\/wp\/v2\/types\/product"}],"wp:featuredmedia":[{"embeddable":true,"href":"https:\/\/lartusihome.com\/et\/wp-json\/wp\/v2\/media\/271463"}],"wp:attachment":[{"href":"https:\/\/lartusihome.com\/et\/wp-json\/wp\/v2\/media?parent=192669"}],"wp:term":[{"taxonomy":"product_cat","embeddable":true,"href":"https:\/\/lartusihome.com\/et\/wp-json\/wp\/v2\/product_cat?post=192669"},{"taxonomy":"product_tag","embeddable":true,"href":"https:\/\/lartusihome.com\/et\/wp-json\/wp\/v2\/product_tag?post=192669"},{"taxonomy":"giftcard-category","embeddable":true,"href":"https:\/\/lartusihome.com\/et\/wp-json\/wp\/v2\/giftcard-category?post=192669"}],"curies":[{"name":"wp","href":"https:\/\/api.w.org\/{rel}","templated":true}]}}