{"id":192506,"date":"2021-08-26T09:05:01","date_gmt":"2021-08-26T06:05:01","guid":{"rendered":"https:\/\/lartusihome.com\/toode\/master-series-jame-riiv\/"},"modified":"2024-01-03T15:44:44","modified_gmt":"2024-01-03T13:44:44","slug":"master-series-jame-riiv","status":"publish","type":"product","link":"https:\/\/lartusihome.com\/et\/toode\/master-series-jame-riiv\/","title":{"rendered":"Master Series j\u00e4me riiv"},"content":{"rendered":"<p>materjal: roostevaba teras, p\u00e4hkel<\/p>\n<p>sobib h\u00e4sti juustu ja k\u00f6\u00f6giviljade riivimiseks<\/p>\n","protected":false},"excerpt":{"rendered":"<p>materjal: roostevaba teras, p\u00e4hkel sobib h\u00e4sti juustu ja k\u00f6\u00f6giviljade riivimiseks<\/p>\n","protected":false},"featured_media":344486,"template":"","meta":{"_acf_changed":false,"inline_featured_image":false},"product_cat":[3588,50],"product_tag":[],"giftcard-category":[],"class_list":{"0":"post-192506","1":"product","2":"type-product","3":"status-publish","4":"has-post-thumbnail","6":"product_cat-kook","7":"product_cat-koogitarvikud","8":"pa_brand-microplane","9":"pa_collection-master-series","11":"first","12":"outofstock","13":"shipping-taxable","14":"purchasable","15":"product-type-simple"},"acf":[],"yoast_head":"<!-- This site is optimized with the Yoast SEO plugin v25.6 - https:\/\/yoast.com\/wordpress\/plugins\/seo\/ -->\n<title>Master Series j\u00e4me riiv - Lartusihome.com<\/title>\n<meta name=\"robots\" content=\"index, follow, max-snippet:-1, max-image-preview:large, max-video-preview:-1\" \/>\n<link rel=\"canonical\" href=\"https:\/\/lartusihome.com\/et\/toode\/master-series-jame-riiv\/\" \/>\n<meta property=\"og:locale\" content=\"et_EE\" \/>\n<meta property=\"og:type\" content=\"article\" \/>\n<meta property=\"og:title\" content=\"Master Series j\u00e4me riiv - Lartusihome.com\" \/>\n<meta property=\"og:description\" content=\"materjal: roostevaba teras, p\u00e4hkel sobib h\u00e4sti juustu ja k\u00f6\u00f6giviljade riivimiseks\" \/>\n<meta property=\"og:url\" content=\"https:\/\/lartusihome.com\/et\/toode\/master-series-jame-riiv\/\" \/>\n<meta property=\"og:site_name\" content=\"Lartusihome.com\" \/>\n<meta property=\"article:publisher\" content=\"https:\/\/www.facebook.com\/lartusihome\/\" \/>\n<meta property=\"article:modified_time\" content=\"2024-01-03T13:44:44+00:00\" \/>\n<meta property=\"og:image\" content=\"https:\/\/lartusihome.com\/wp-content\/uploads\/2021\/08\/Microplane_Master_43308_Extra-coarse_Straight_1-1024x1024.jpg\" \/>\n\t<meta property=\"og:image:width\" content=\"1024\" \/>\n\t<meta property=\"og:image:height\" content=\"1024\" \/>\n\t<meta property=\"og:image:type\" content=\"image\/jpeg\" \/>\n<meta name=\"twitter:card\" content=\"summary_large_image\" \/>\n<script type=\"application\/ld+json\" class=\"yoast-schema-graph\">{\"@context\":\"https:\/\/schema.org\",\"@graph\":[{\"@type\":\"WebPage\",\"@id\":\"https:\/\/lartusihome.com\/et\/toode\/master-series-jame-riiv\/\",\"url\":\"https:\/\/lartusihome.com\/et\/toode\/master-series-jame-riiv\/\",\"name\":\"Master Series j\u00e4me riiv - Lartusihome.com\",\"isPartOf\":{\"@id\":\"https:\/\/lartusihome.com\/et\/#website\"},\"primaryImageOfPage\":{\"@id\":\"https:\/\/lartusihome.com\/et\/toode\/master-series-jame-riiv\/#primaryimage\"},\"image\":{\"@id\":\"https:\/\/lartusihome.com\/et\/toode\/master-series-jame-riiv\/#primaryimage\"},\"thumbnailUrl\":\"https:\/\/lartusihome.com\/wp-content\/uploads\/2021\/08\/Microplane_Master_43308_Extra-coarse_Straight_1.jpg\",\"datePublished\":\"2021-08-26T06:05:01+00:00\",\"dateModified\":\"2024-01-03T13:44:44+00:00\",\"breadcrumb\":{\"@id\":\"https:\/\/lartusihome.com\/et\/toode\/master-series-jame-riiv\/#breadcrumb\"},\"inLanguage\":\"et\",\"potentialAction\":[{\"@type\":\"ReadAction\",\"target\":[\"https:\/\/lartusihome.com\/et\/toode\/master-series-jame-riiv\/\"]}]},{\"@type\":\"ImageObject\",\"inLanguage\":\"et\",\"@id\":\"https:\/\/lartusihome.com\/et\/toode\/master-series-jame-riiv\/#primaryimage\",\"url\":\"https:\/\/lartusihome.com\/wp-content\/uploads\/2021\/08\/Microplane_Master_43308_Extra-coarse_Straight_1.jpg\",\"contentUrl\":\"https:\/\/lartusihome.com\/wp-content\/uploads\/2021\/08\/Microplane_Master_43308_Extra-coarse_Straight_1.jpg\",\"width\":2000,\"height\":2000},{\"@type\":\"BreadcrumbList\",\"@id\":\"https:\/\/lartusihome.com\/et\/toode\/master-series-jame-riiv\/#breadcrumb\",\"itemListElement\":[{\"@type\":\"ListItem\",\"position\":1,\"name\":\"Home\",\"item\":\"https:\/\/lartusihome.com\/et\/\"},{\"@type\":\"ListItem\",\"position\":2,\"name\":\"Pood\",\"item\":\"https:\/\/lartusihome.com\/et\/pood\/\"},{\"@type\":\"ListItem\",\"position\":3,\"name\":\"Master Series j\u00e4me riiv\"}]},{\"@type\":\"WebSite\",\"@id\":\"https:\/\/lartusihome.com\/et\/#website\",\"url\":\"https:\/\/lartusihome.com\/et\/\",\"name\":\"Lartusihome.com\",\"description\":\"Kodu \/ sisustus\",\"potentialAction\":[{\"@type\":\"SearchAction\",\"target\":{\"@type\":\"EntryPoint\",\"urlTemplate\":\"https:\/\/lartusihome.com\/et\/?s={search_term_string}\"},\"query-input\":{\"@type\":\"PropertyValueSpecification\",\"valueRequired\":true,\"valueName\":\"search_term_string\"}}],\"inLanguage\":\"et\"}]}<\/script>\n<!-- \/ Yoast SEO plugin. -->","yoast_head_json":{"title":"Master Series j\u00e4me riiv - Lartusihome.com","robots":{"index":"index","follow":"follow","max-snippet":"max-snippet:-1","max-image-preview":"max-image-preview:large","max-video-preview":"max-video-preview:-1"},"canonical":"https:\/\/lartusihome.com\/et\/toode\/master-series-jame-riiv\/","og_locale":"et_EE","og_type":"article","og_title":"Master Series j\u00e4me riiv - Lartusihome.com","og_description":"materjal: roostevaba teras, p\u00e4hkel sobib h\u00e4sti juustu ja k\u00f6\u00f6giviljade riivimiseks","og_url":"https:\/\/lartusihome.com\/et\/toode\/master-series-jame-riiv\/","og_site_name":"Lartusihome.com","article_publisher":"https:\/\/www.facebook.com\/lartusihome\/","article_modified_time":"2024-01-03T13:44:44+00:00","og_image":[{"width":1024,"height":1024,"url":"https:\/\/lartusihome.com\/wp-content\/uploads\/2021\/08\/Microplane_Master_43308_Extra-coarse_Straight_1-1024x1024.jpg","type":"image\/jpeg"}],"twitter_card":"summary_large_image","schema":{"@context":"https:\/\/schema.org","@graph":[{"@type":"WebPage","@id":"https:\/\/lartusihome.com\/et\/toode\/master-series-jame-riiv\/","url":"https:\/\/lartusihome.com\/et\/toode\/master-series-jame-riiv\/","name":"Master Series j\u00e4me riiv - Lartusihome.com","isPartOf":{"@id":"https:\/\/lartusihome.com\/et\/#website"},"primaryImageOfPage":{"@id":"https:\/\/lartusihome.com\/et\/toode\/master-series-jame-riiv\/#primaryimage"},"image":{"@id":"https:\/\/lartusihome.com\/et\/toode\/master-series-jame-riiv\/#primaryimage"},"thumbnailUrl":"https:\/\/lartusihome.com\/wp-content\/uploads\/2021\/08\/Microplane_Master_43308_Extra-coarse_Straight_1.jpg","datePublished":"2021-08-26T06:05:01+00:00","dateModified":"2024-01-03T13:44:44+00:00","breadcrumb":{"@id":"https:\/\/lartusihome.com\/et\/toode\/master-series-jame-riiv\/#breadcrumb"},"inLanguage":"et","potentialAction":[{"@type":"ReadAction","target":["https:\/\/lartusihome.com\/et\/toode\/master-series-jame-riiv\/"]}]},{"@type":"ImageObject","inLanguage":"et","@id":"https:\/\/lartusihome.com\/et\/toode\/master-series-jame-riiv\/#primaryimage","url":"https:\/\/lartusihome.com\/wp-content\/uploads\/2021\/08\/Microplane_Master_43308_Extra-coarse_Straight_1.jpg","contentUrl":"https:\/\/lartusihome.com\/wp-content\/uploads\/2021\/08\/Microplane_Master_43308_Extra-coarse_Straight_1.jpg","width":2000,"height":2000},{"@type":"BreadcrumbList","@id":"https:\/\/lartusihome.com\/et\/toode\/master-series-jame-riiv\/#breadcrumb","itemListElement":[{"@type":"ListItem","position":1,"name":"Home","item":"https:\/\/lartusihome.com\/et\/"},{"@type":"ListItem","position":2,"name":"Pood","item":"https:\/\/lartusihome.com\/et\/pood\/"},{"@type":"ListItem","position":3,"name":"Master Series j\u00e4me riiv"}]},{"@type":"WebSite","@id":"https:\/\/lartusihome.com\/et\/#website","url":"https:\/\/lartusihome.com\/et\/","name":"Lartusihome.com","description":"Kodu \/ sisustus","potentialAction":[{"@type":"SearchAction","target":{"@type":"EntryPoint","urlTemplate":"https:\/\/lartusihome.com\/et\/?s={search_term_string}"},"query-input":{"@type":"PropertyValueSpecification","valueRequired":true,"valueName":"search_term_string"}}],"inLanguage":"et"}]}},"_links":{"self":[{"href":"https:\/\/lartusihome.com\/et\/wp-json\/wp\/v2\/product\/192506"}],"collection":[{"href":"https:\/\/lartusihome.com\/et\/wp-json\/wp\/v2\/product"}],"about":[{"href":"https:\/\/lartusihome.com\/et\/wp-json\/wp\/v2\/types\/product"}],"wp:featuredmedia":[{"embeddable":true,"href":"https:\/\/lartusihome.com\/et\/wp-json\/wp\/v2\/media\/344486"}],"wp:attachment":[{"href":"https:\/\/lartusihome.com\/et\/wp-json\/wp\/v2\/media?parent=192506"}],"wp:term":[{"taxonomy":"product_cat","embeddable":true,"href":"https:\/\/lartusihome.com\/et\/wp-json\/wp\/v2\/product_cat?post=192506"},{"taxonomy":"product_tag","embeddable":true,"href":"https:\/\/lartusihome.com\/et\/wp-json\/wp\/v2\/product_tag?post=192506"},{"taxonomy":"giftcard-category","embeddable":true,"href":"https:\/\/lartusihome.com\/et\/wp-json\/wp\/v2\/giftcard-category?post=192506"}],"curies":[{"name":"wp","href":"https:\/\/api.w.org\/{rel}","templated":true}]}}