{"id":191671,"date":"2022-03-16T11:31:47","date_gmt":"2022-03-16T09:31:47","guid":{"rendered":"https:\/\/lartusihome.com\/toode\/latelier-du-vin-karahvini-pesupallid\/"},"modified":"2025-12-13T23:29:49","modified_gmt":"2025-12-13T21:29:49","slug":"latelier-du-vin-karahvini-pesupallid","status":"publish","type":"product","link":"https:\/\/lartusihome.com\/et\/toode\/latelier-du-vin-karahvini-pesupallid\/","title":{"rendered":"Karahvini pesupallid"},"content":{"rendered":"<p>Keraamilised pesupallid v\u00f5rgust kotikeses, mis v\u00f5imaldab neid h\u00f5lpsasti puhastatavasse anumasse panna ning kiirelt kokku koguda.<\/p>\n<p>Juhised: pange pallid karahvini, lisage veidi sooja vett, vajadusel ka n\u00f5udepesuvahendit ja keerutage karahvini. Pesupallide eemaldamiseks pange v\u00f5rkkotike karahvini suule, seej\u00e4rel valage pesupallid kotikesse. Pallikesi puhastage koti sees k\u00e4sitsi sooja veega ja laske kuivada.<\/p>\n","protected":false},"excerpt":{"rendered":"<p>Keraamilised pesupallid v\u00f5rgust kotikeses, mis v\u00f5imaldab neid h\u00f5lpsasti puhastatavasse anumasse panna ning kiirelt kokku koguda. Juhised: pange pallid karahvini, lisage veidi sooja vett, vajadusel ka n\u00f5udepesuvahendit ja keerutage karahvini. Pesupallide eemaldamiseks pange v\u00f5rkkotike karahvini suule, seej\u00e4rel valage pesupallid kotikesse. Pallikesi puhastage koti sees k\u00e4sitsi sooja veega ja laske kuivada.<\/p>\n","protected":false},"featured_media":301739,"template":"","meta":{"_acf_changed":false,"inline_featured_image":false},"product_cat":[25299,3588,310],"product_tag":[],"giftcard-category":[],"class_list":{"0":"post-191671","1":"product","2":"type-product","3":"status-publish","4":"has-post-thumbnail","6":"product_cat-karahvinid-ja-dekanterid","7":"product_cat-kook","8":"product_cat-baaritarvikud","9":"pa_brand-latelier-du-vin","11":"first","12":"instock","13":"shipping-taxable","14":"purchasable","15":"product-type-simple"},"acf":[],"yoast_head":"<!-- This site is optimized with the Yoast SEO plugin v25.6 - https:\/\/yoast.com\/wordpress\/plugins\/seo\/ -->\n<title>Karahvini pesupallid - Lartusihome.com<\/title>\n<meta name=\"robots\" content=\"index, follow, max-snippet:-1, max-image-preview:large, max-video-preview:-1\" \/>\n<link rel=\"canonical\" href=\"https:\/\/lartusihome.com\/et\/toode\/latelier-du-vin-karahvini-pesupallid\/\" \/>\n<meta property=\"og:locale\" content=\"et_EE\" \/>\n<meta property=\"og:type\" content=\"article\" \/>\n<meta property=\"og:title\" content=\"Karahvini pesupallid - Lartusihome.com\" \/>\n<meta property=\"og:description\" content=\"Keraamilised pesupallid v\u00f5rgust kotikeses, mis v\u00f5imaldab neid h\u00f5lpsasti puhastatavasse anumasse panna ning kiirelt kokku koguda. Juhised: pange pallid karahvini, lisage veidi sooja vett, vajadusel ka n\u00f5udepesuvahendit ja keerutage karahvini. Pesupallide eemaldamiseks pange v\u00f5rkkotike karahvini suule, seej\u00e4rel valage pesupallid kotikesse. Pallikesi puhastage koti sees k\u00e4sitsi sooja veega ja laske kuivada.\" \/>\n<meta property=\"og:url\" content=\"https:\/\/lartusihome.com\/et\/toode\/latelier-du-vin-karahvini-pesupallid\/\" \/>\n<meta property=\"og:site_name\" content=\"Lartusihome.com\" \/>\n<meta property=\"article:publisher\" content=\"https:\/\/www.facebook.com\/lartusihome\/\" \/>\n<meta property=\"article:modified_time\" content=\"2025-12-13T21:29:49+00:00\" \/>\n<meta property=\"og:image\" content=\"https:\/\/lartusihome.com\/wp-content\/uploads\/2022\/03\/Bille-de-lavage-en-sachet.jpg\" \/>\n\t<meta property=\"og:image:width\" content=\"2000\" \/>\n\t<meta property=\"og:image:height\" content=\"2000\" \/>\n\t<meta property=\"og:image:type\" content=\"image\/jpeg\" \/>\n<meta name=\"twitter:card\" content=\"summary_large_image\" \/>\n<meta name=\"twitter:label1\" content=\"Est. reading time\" \/>\n\t<meta name=\"twitter:data1\" content=\"1 minut\" \/>\n<script type=\"application\/ld+json\" class=\"yoast-schema-graph\">{\"@context\":\"https:\/\/schema.org\",\"@graph\":[{\"@type\":\"WebPage\",\"@id\":\"https:\/\/lartusihome.com\/et\/toode\/latelier-du-vin-karahvini-pesupallid\/\",\"url\":\"https:\/\/lartusihome.com\/et\/toode\/latelier-du-vin-karahvini-pesupallid\/\",\"name\":\"Karahvini pesupallid - Lartusihome.com\",\"isPartOf\":{\"@id\":\"https:\/\/lartusihome.com\/et\/#website\"},\"primaryImageOfPage\":{\"@id\":\"https:\/\/lartusihome.com\/et\/toode\/latelier-du-vin-karahvini-pesupallid\/#primaryimage\"},\"image\":{\"@id\":\"https:\/\/lartusihome.com\/et\/toode\/latelier-du-vin-karahvini-pesupallid\/#primaryimage\"},\"thumbnailUrl\":\"https:\/\/lartusihome.com\/wp-content\/uploads\/2022\/03\/Bille-de-lavage-en-sachet.jpg\",\"datePublished\":\"2022-03-16T09:31:47+00:00\",\"dateModified\":\"2025-12-13T21:29:49+00:00\",\"breadcrumb\":{\"@id\":\"https:\/\/lartusihome.com\/et\/toode\/latelier-du-vin-karahvini-pesupallid\/#breadcrumb\"},\"inLanguage\":\"et\",\"potentialAction\":[{\"@type\":\"ReadAction\",\"target\":[\"https:\/\/lartusihome.com\/et\/toode\/latelier-du-vin-karahvini-pesupallid\/\"]}]},{\"@type\":\"ImageObject\",\"inLanguage\":\"et\",\"@id\":\"https:\/\/lartusihome.com\/et\/toode\/latelier-du-vin-karahvini-pesupallid\/#primaryimage\",\"url\":\"https:\/\/lartusihome.com\/wp-content\/uploads\/2022\/03\/Bille-de-lavage-en-sachet.jpg\",\"contentUrl\":\"https:\/\/lartusihome.com\/wp-content\/uploads\/2022\/03\/Bille-de-lavage-en-sachet.jpg\",\"width\":2000,\"height\":2000},{\"@type\":\"BreadcrumbList\",\"@id\":\"https:\/\/lartusihome.com\/et\/toode\/latelier-du-vin-karahvini-pesupallid\/#breadcrumb\",\"itemListElement\":[{\"@type\":\"ListItem\",\"position\":1,\"name\":\"Home\",\"item\":\"https:\/\/lartusihome.com\/et\/\"},{\"@type\":\"ListItem\",\"position\":2,\"name\":\"Pood\",\"item\":\"https:\/\/lartusihome.com\/et\/pood\/\"},{\"@type\":\"ListItem\",\"position\":3,\"name\":\"Karahvini pesupallid\"}]},{\"@type\":\"WebSite\",\"@id\":\"https:\/\/lartusihome.com\/et\/#website\",\"url\":\"https:\/\/lartusihome.com\/et\/\",\"name\":\"Lartusihome.com\",\"description\":\"Kodu \/ sisustus\",\"potentialAction\":[{\"@type\":\"SearchAction\",\"target\":{\"@type\":\"EntryPoint\",\"urlTemplate\":\"https:\/\/lartusihome.com\/et\/?s={search_term_string}\"},\"query-input\":{\"@type\":\"PropertyValueSpecification\",\"valueRequired\":true,\"valueName\":\"search_term_string\"}}],\"inLanguage\":\"et\"}]}<\/script>\n<!-- \/ Yoast SEO plugin. -->","yoast_head_json":{"title":"Karahvini pesupallid - Lartusihome.com","robots":{"index":"index","follow":"follow","max-snippet":"max-snippet:-1","max-image-preview":"max-image-preview:large","max-video-preview":"max-video-preview:-1"},"canonical":"https:\/\/lartusihome.com\/et\/toode\/latelier-du-vin-karahvini-pesupallid\/","og_locale":"et_EE","og_type":"article","og_title":"Karahvini pesupallid - Lartusihome.com","og_description":"Keraamilised pesupallid v\u00f5rgust kotikeses, mis v\u00f5imaldab neid h\u00f5lpsasti puhastatavasse anumasse panna ning kiirelt kokku koguda. Juhised: pange pallid karahvini, lisage veidi sooja vett, vajadusel ka n\u00f5udepesuvahendit ja keerutage karahvini. Pesupallide eemaldamiseks pange v\u00f5rkkotike karahvini suule, seej\u00e4rel valage pesupallid kotikesse. Pallikesi puhastage koti sees k\u00e4sitsi sooja veega ja laske kuivada.","og_url":"https:\/\/lartusihome.com\/et\/toode\/latelier-du-vin-karahvini-pesupallid\/","og_site_name":"Lartusihome.com","article_publisher":"https:\/\/www.facebook.com\/lartusihome\/","article_modified_time":"2025-12-13T21:29:49+00:00","og_image":[{"width":2000,"height":2000,"url":"https:\/\/lartusihome.com\/wp-content\/uploads\/2022\/03\/Bille-de-lavage-en-sachet.jpg","type":"image\/jpeg"}],"twitter_card":"summary_large_image","twitter_misc":{"Est. reading time":"1 minut"},"schema":{"@context":"https:\/\/schema.org","@graph":[{"@type":"WebPage","@id":"https:\/\/lartusihome.com\/et\/toode\/latelier-du-vin-karahvini-pesupallid\/","url":"https:\/\/lartusihome.com\/et\/toode\/latelier-du-vin-karahvini-pesupallid\/","name":"Karahvini pesupallid - Lartusihome.com","isPartOf":{"@id":"https:\/\/lartusihome.com\/et\/#website"},"primaryImageOfPage":{"@id":"https:\/\/lartusihome.com\/et\/toode\/latelier-du-vin-karahvini-pesupallid\/#primaryimage"},"image":{"@id":"https:\/\/lartusihome.com\/et\/toode\/latelier-du-vin-karahvini-pesupallid\/#primaryimage"},"thumbnailUrl":"https:\/\/lartusihome.com\/wp-content\/uploads\/2022\/03\/Bille-de-lavage-en-sachet.jpg","datePublished":"2022-03-16T09:31:47+00:00","dateModified":"2025-12-13T21:29:49+00:00","breadcrumb":{"@id":"https:\/\/lartusihome.com\/et\/toode\/latelier-du-vin-karahvini-pesupallid\/#breadcrumb"},"inLanguage":"et","potentialAction":[{"@type":"ReadAction","target":["https:\/\/lartusihome.com\/et\/toode\/latelier-du-vin-karahvini-pesupallid\/"]}]},{"@type":"ImageObject","inLanguage":"et","@id":"https:\/\/lartusihome.com\/et\/toode\/latelier-du-vin-karahvini-pesupallid\/#primaryimage","url":"https:\/\/lartusihome.com\/wp-content\/uploads\/2022\/03\/Bille-de-lavage-en-sachet.jpg","contentUrl":"https:\/\/lartusihome.com\/wp-content\/uploads\/2022\/03\/Bille-de-lavage-en-sachet.jpg","width":2000,"height":2000},{"@type":"BreadcrumbList","@id":"https:\/\/lartusihome.com\/et\/toode\/latelier-du-vin-karahvini-pesupallid\/#breadcrumb","itemListElement":[{"@type":"ListItem","position":1,"name":"Home","item":"https:\/\/lartusihome.com\/et\/"},{"@type":"ListItem","position":2,"name":"Pood","item":"https:\/\/lartusihome.com\/et\/pood\/"},{"@type":"ListItem","position":3,"name":"Karahvini pesupallid"}]},{"@type":"WebSite","@id":"https:\/\/lartusihome.com\/et\/#website","url":"https:\/\/lartusihome.com\/et\/","name":"Lartusihome.com","description":"Kodu \/ sisustus","potentialAction":[{"@type":"SearchAction","target":{"@type":"EntryPoint","urlTemplate":"https:\/\/lartusihome.com\/et\/?s={search_term_string}"},"query-input":{"@type":"PropertyValueSpecification","valueRequired":true,"valueName":"search_term_string"}}],"inLanguage":"et"}]}},"_links":{"self":[{"href":"https:\/\/lartusihome.com\/et\/wp-json\/wp\/v2\/product\/191671"}],"collection":[{"href":"https:\/\/lartusihome.com\/et\/wp-json\/wp\/v2\/product"}],"about":[{"href":"https:\/\/lartusihome.com\/et\/wp-json\/wp\/v2\/types\/product"}],"wp:featuredmedia":[{"embeddable":true,"href":"https:\/\/lartusihome.com\/et\/wp-json\/wp\/v2\/media\/301739"}],"wp:attachment":[{"href":"https:\/\/lartusihome.com\/et\/wp-json\/wp\/v2\/media?parent=191671"}],"wp:term":[{"taxonomy":"product_cat","embeddable":true,"href":"https:\/\/lartusihome.com\/et\/wp-json\/wp\/v2\/product_cat?post=191671"},{"taxonomy":"product_tag","embeddable":true,"href":"https:\/\/lartusihome.com\/et\/wp-json\/wp\/v2\/product_tag?post=191671"},{"taxonomy":"giftcard-category","embeddable":true,"href":"https:\/\/lartusihome.com\/et\/wp-json\/wp\/v2\/giftcard-category?post=191671"}],"curies":[{"name":"wp","href":"https:\/\/api.w.org\/{rel}","templated":true}]}}