{"id":191599,"date":"2022-03-21T12:33:02","date_gmt":"2022-03-21T10:33:02","guid":{"rendered":"https:\/\/lartusihome.com\/toode\/koogikaarid-20-cm\/"},"modified":"2022-12-12T09:27:15","modified_gmt":"2022-12-12T07:27:15","slug":"koogikaarid-20-cm","status":"publish","type":"product","link":"https:\/\/lartusihome.com\/et\/toode\/koogikaarid-20-cm\/","title":{"rendered":"K\u00f6\u00f6gik\u00e4\u00e4rid 20 cm"},"content":{"rendered":"<p>Materjalid: Plastik, roostevaba teras<br \/>\nSuurus: Pikkus: 20 cm<\/p>\n","protected":false},"excerpt":{"rendered":"<p>Materjalid: Plastik, roostevaba teras Suurus: Pikkus: 20 cm<\/p>\n","protected":false},"featured_media":224827,"template":"","meta":{"_acf_changed":false,"inline_featured_image":false},"product_cat":[3588,50],"product_tag":[],"giftcard-category":[],"class_list":{"0":"post-191599","1":"product","2":"type-product","3":"status-publish","4":"has-post-thumbnail","6":"product_cat-kook","7":"product_cat-koogitarvikud","8":"pa_brand-eva-solo","10":"first","11":"instock","12":"shipping-taxable","13":"purchasable","14":"product-type-simple"},"acf":[],"yoast_head":"<!-- This site is optimized with the Yoast SEO plugin v25.6 - https:\/\/yoast.com\/wordpress\/plugins\/seo\/ -->\n<title>K\u00f6\u00f6gik\u00e4\u00e4rid 20 cm - Lartusihome.com<\/title>\n<meta name=\"robots\" content=\"index, follow, max-snippet:-1, max-image-preview:large, max-video-preview:-1\" \/>\n<link rel=\"canonical\" href=\"https:\/\/lartusihome.com\/et\/toode\/koogikaarid-20-cm\/\" \/>\n<meta property=\"og:locale\" content=\"et_EE\" \/>\n<meta property=\"og:type\" content=\"article\" \/>\n<meta property=\"og:title\" content=\"K\u00f6\u00f6gik\u00e4\u00e4rid 20 cm - Lartusihome.com\" \/>\n<meta property=\"og:description\" content=\"Materjalid: Plastik, roostevaba teras Suurus: Pikkus: 20 cm\" \/>\n<meta property=\"og:url\" content=\"https:\/\/lartusihome.com\/et\/toode\/koogikaarid-20-cm\/\" \/>\n<meta property=\"og:site_name\" content=\"Lartusihome.com\" \/>\n<meta property=\"article:publisher\" content=\"https:\/\/www.facebook.com\/lartusihome\/\" \/>\n<meta property=\"article:modified_time\" content=\"2022-12-12T07:27:15+00:00\" \/>\n<meta property=\"og:image\" content=\"https:\/\/lartusihome.com\/wp-content\/uploads\/2022\/10\/untitled-design19.png\" \/>\n\t<meta property=\"og:image:width\" content=\"1080\" \/>\n\t<meta property=\"og:image:height\" content=\"1080\" \/>\n\t<meta property=\"og:image:type\" content=\"image\/png\" \/>\n<meta name=\"twitter:card\" content=\"summary_large_image\" \/>\n<script type=\"application\/ld+json\" class=\"yoast-schema-graph\">{\"@context\":\"https:\/\/schema.org\",\"@graph\":[{\"@type\":\"WebPage\",\"@id\":\"https:\/\/lartusihome.com\/et\/toode\/koogikaarid-20-cm\/\",\"url\":\"https:\/\/lartusihome.com\/et\/toode\/koogikaarid-20-cm\/\",\"name\":\"K\u00f6\u00f6gik\u00e4\u00e4rid 20 cm - Lartusihome.com\",\"isPartOf\":{\"@id\":\"https:\/\/lartusihome.com\/et\/#website\"},\"primaryImageOfPage\":{\"@id\":\"https:\/\/lartusihome.com\/et\/toode\/koogikaarid-20-cm\/#primaryimage\"},\"image\":{\"@id\":\"https:\/\/lartusihome.com\/et\/toode\/koogikaarid-20-cm\/#primaryimage\"},\"thumbnailUrl\":\"https:\/\/lartusihome.com\/wp-content\/uploads\/2022\/10\/untitled-design19.png\",\"datePublished\":\"2022-03-21T10:33:02+00:00\",\"dateModified\":\"2022-12-12T07:27:15+00:00\",\"breadcrumb\":{\"@id\":\"https:\/\/lartusihome.com\/et\/toode\/koogikaarid-20-cm\/#breadcrumb\"},\"inLanguage\":\"et\",\"potentialAction\":[{\"@type\":\"ReadAction\",\"target\":[\"https:\/\/lartusihome.com\/et\/toode\/koogikaarid-20-cm\/\"]}]},{\"@type\":\"ImageObject\",\"inLanguage\":\"et\",\"@id\":\"https:\/\/lartusihome.com\/et\/toode\/koogikaarid-20-cm\/#primaryimage\",\"url\":\"https:\/\/lartusihome.com\/wp-content\/uploads\/2022\/10\/untitled-design19.png\",\"contentUrl\":\"https:\/\/lartusihome.com\/wp-content\/uploads\/2022\/10\/untitled-design19.png\",\"width\":1080,\"height\":1080},{\"@type\":\"BreadcrumbList\",\"@id\":\"https:\/\/lartusihome.com\/et\/toode\/koogikaarid-20-cm\/#breadcrumb\",\"itemListElement\":[{\"@type\":\"ListItem\",\"position\":1,\"name\":\"Home\",\"item\":\"https:\/\/lartusihome.com\/et\/\"},{\"@type\":\"ListItem\",\"position\":2,\"name\":\"Pood\",\"item\":\"https:\/\/lartusihome.com\/et\/pood\/\"},{\"@type\":\"ListItem\",\"position\":3,\"name\":\"K\u00f6\u00f6gik\u00e4\u00e4rid 20 cm\"}]},{\"@type\":\"WebSite\",\"@id\":\"https:\/\/lartusihome.com\/et\/#website\",\"url\":\"https:\/\/lartusihome.com\/et\/\",\"name\":\"Lartusihome.com\",\"description\":\"Kodu \/ sisustus\",\"potentialAction\":[{\"@type\":\"SearchAction\",\"target\":{\"@type\":\"EntryPoint\",\"urlTemplate\":\"https:\/\/lartusihome.com\/et\/?s={search_term_string}\"},\"query-input\":{\"@type\":\"PropertyValueSpecification\",\"valueRequired\":true,\"valueName\":\"search_term_string\"}}],\"inLanguage\":\"et\"}]}<\/script>\n<!-- \/ Yoast SEO plugin. -->","yoast_head_json":{"title":"K\u00f6\u00f6gik\u00e4\u00e4rid 20 cm - Lartusihome.com","robots":{"index":"index","follow":"follow","max-snippet":"max-snippet:-1","max-image-preview":"max-image-preview:large","max-video-preview":"max-video-preview:-1"},"canonical":"https:\/\/lartusihome.com\/et\/toode\/koogikaarid-20-cm\/","og_locale":"et_EE","og_type":"article","og_title":"K\u00f6\u00f6gik\u00e4\u00e4rid 20 cm - Lartusihome.com","og_description":"Materjalid: Plastik, roostevaba teras Suurus: Pikkus: 20 cm","og_url":"https:\/\/lartusihome.com\/et\/toode\/koogikaarid-20-cm\/","og_site_name":"Lartusihome.com","article_publisher":"https:\/\/www.facebook.com\/lartusihome\/","article_modified_time":"2022-12-12T07:27:15+00:00","og_image":[{"width":1080,"height":1080,"url":"https:\/\/lartusihome.com\/wp-content\/uploads\/2022\/10\/untitled-design19.png","type":"image\/png"}],"twitter_card":"summary_large_image","schema":{"@context":"https:\/\/schema.org","@graph":[{"@type":"WebPage","@id":"https:\/\/lartusihome.com\/et\/toode\/koogikaarid-20-cm\/","url":"https:\/\/lartusihome.com\/et\/toode\/koogikaarid-20-cm\/","name":"K\u00f6\u00f6gik\u00e4\u00e4rid 20 cm - Lartusihome.com","isPartOf":{"@id":"https:\/\/lartusihome.com\/et\/#website"},"primaryImageOfPage":{"@id":"https:\/\/lartusihome.com\/et\/toode\/koogikaarid-20-cm\/#primaryimage"},"image":{"@id":"https:\/\/lartusihome.com\/et\/toode\/koogikaarid-20-cm\/#primaryimage"},"thumbnailUrl":"https:\/\/lartusihome.com\/wp-content\/uploads\/2022\/10\/untitled-design19.png","datePublished":"2022-03-21T10:33:02+00:00","dateModified":"2022-12-12T07:27:15+00:00","breadcrumb":{"@id":"https:\/\/lartusihome.com\/et\/toode\/koogikaarid-20-cm\/#breadcrumb"},"inLanguage":"et","potentialAction":[{"@type":"ReadAction","target":["https:\/\/lartusihome.com\/et\/toode\/koogikaarid-20-cm\/"]}]},{"@type":"ImageObject","inLanguage":"et","@id":"https:\/\/lartusihome.com\/et\/toode\/koogikaarid-20-cm\/#primaryimage","url":"https:\/\/lartusihome.com\/wp-content\/uploads\/2022\/10\/untitled-design19.png","contentUrl":"https:\/\/lartusihome.com\/wp-content\/uploads\/2022\/10\/untitled-design19.png","width":1080,"height":1080},{"@type":"BreadcrumbList","@id":"https:\/\/lartusihome.com\/et\/toode\/koogikaarid-20-cm\/#breadcrumb","itemListElement":[{"@type":"ListItem","position":1,"name":"Home","item":"https:\/\/lartusihome.com\/et\/"},{"@type":"ListItem","position":2,"name":"Pood","item":"https:\/\/lartusihome.com\/et\/pood\/"},{"@type":"ListItem","position":3,"name":"K\u00f6\u00f6gik\u00e4\u00e4rid 20 cm"}]},{"@type":"WebSite","@id":"https:\/\/lartusihome.com\/et\/#website","url":"https:\/\/lartusihome.com\/et\/","name":"Lartusihome.com","description":"Kodu \/ sisustus","potentialAction":[{"@type":"SearchAction","target":{"@type":"EntryPoint","urlTemplate":"https:\/\/lartusihome.com\/et\/?s={search_term_string}"},"query-input":{"@type":"PropertyValueSpecification","valueRequired":true,"valueName":"search_term_string"}}],"inLanguage":"et"}]}},"_links":{"self":[{"href":"https:\/\/lartusihome.com\/et\/wp-json\/wp\/v2\/product\/191599"}],"collection":[{"href":"https:\/\/lartusihome.com\/et\/wp-json\/wp\/v2\/product"}],"about":[{"href":"https:\/\/lartusihome.com\/et\/wp-json\/wp\/v2\/types\/product"}],"wp:featuredmedia":[{"embeddable":true,"href":"https:\/\/lartusihome.com\/et\/wp-json\/wp\/v2\/media\/224827"}],"wp:attachment":[{"href":"https:\/\/lartusihome.com\/et\/wp-json\/wp\/v2\/media?parent=191599"}],"wp:term":[{"taxonomy":"product_cat","embeddable":true,"href":"https:\/\/lartusihome.com\/et\/wp-json\/wp\/v2\/product_cat?post=191599"},{"taxonomy":"product_tag","embeddable":true,"href":"https:\/\/lartusihome.com\/et\/wp-json\/wp\/v2\/product_tag?post=191599"},{"taxonomy":"giftcard-category","embeddable":true,"href":"https:\/\/lartusihome.com\/et\/wp-json\/wp\/v2\/giftcard-category?post=191599"}],"curies":[{"name":"wp","href":"https:\/\/api.w.org\/{rel}","templated":true}]}}