{"id":190968,"date":"2024-02-09T15:55:20","date_gmt":"2024-02-09T13:55:20","guid":{"rendered":"https:\/\/lartusihome.com\/?post_type=product&#038;p=190968"},"modified":"2025-04-20T18:44:26","modified_gmt":"2025-04-20T15:44:26","slug":"01-kateseebi-kummel-ja-astelpaju-taide-750ml","status":"publish","type":"product","link":"https:\/\/lartusihome.com\/et\/toode\/01-kateseebi-kummel-ja-astelpaju-taide-750ml\/","title":{"rendered":"01 vedelseebi t\u00e4ide 750ml, kummel ja astelpaju"},"content":{"rendered":"<p>Natukene luksust t\u00f6\u00f6katele k\u00e4tele! K\u00e4teseep sisaldab astelpaju ja kummeli naturaalseid ekstrakte ja makadaamia\u00f5li. Astelpaju sisaldab C ja E vitamiine, mis niisutavad tundlikku nahka ja h\u00fcpoallergeeniline kummel aitab tervendada \u00e4rritunud ja kuiva nahka.<\/p>\n<p>HUMDAKINi tooted on parabeenivabad, ei sisalda v\u00e4rvaineid, eeterlikke \u00f5lisid, kantserogeene ega endokriins\u00fcsteemi kahjustavaid aineid. Tooted on dermatoloogiliselt testitud.<\/p>\n","protected":false},"excerpt":{"rendered":"<p>Natukene luksust t\u00f6\u00f6katele k\u00e4tele! K\u00e4teseep sisaldab astelpaju ja kummeli naturaalseid ekstrakte ja makadaamia\u00f5li. Astelpaju sisaldab C ja E vitamiine, mis niisutavad tundlikku nahka ja h\u00fcpoallergeeniline kummel aitab tervendada \u00e4rritunud ja kuiva nahka. HUMDAKINi tooted on parabeenivabad, ei sisalda v\u00e4rvaineid, eeterlikke \u00f5lisid, kantserogeene ega endokriins\u00fcsteemi kahjustavaid aineid. Tooted on dermatoloogiliselt testitud.<\/p>\n","protected":false},"featured_media":347708,"template":"","meta":{"_acf_changed":false,"inline_featured_image":false},"product_cat":[4518,15417],"product_tag":[],"giftcard-category":[],"class_list":{"0":"post-190968","1":"product","2":"type-product","3":"status-publish","4":"has-post-thumbnail","6":"product_cat-vannituba","7":"product_cat-hugieen-ja-kosmeetika","8":"pa_brand-humdakin","10":"first","11":"instock","12":"shipping-taxable","13":"purchasable","14":"product-type-simple"},"acf":[],"yoast_head":"<!-- This site is optimized with the Yoast SEO plugin v25.6 - https:\/\/yoast.com\/wordpress\/plugins\/seo\/ -->\n<title>01 vedelseebi t\u00e4ide 750ml, kummel ja astelpaju - Lartusihome.com<\/title>\n<meta name=\"robots\" content=\"index, follow, max-snippet:-1, max-image-preview:large, max-video-preview:-1\" \/>\n<link rel=\"canonical\" href=\"https:\/\/lartusihome.com\/et\/toode\/01-kateseebi-kummel-ja-astelpaju-taide-750ml\/\" \/>\n<meta property=\"og:locale\" content=\"et_EE\" \/>\n<meta property=\"og:type\" content=\"article\" \/>\n<meta property=\"og:title\" content=\"01 vedelseebi t\u00e4ide 750ml, kummel ja astelpaju - Lartusihome.com\" \/>\n<meta property=\"og:description\" content=\"Natukene luksust t\u00f6\u00f6katele k\u00e4tele! K\u00e4teseep sisaldab astelpaju ja kummeli naturaalseid ekstrakte ja makadaamia\u00f5li. Astelpaju sisaldab C ja E vitamiine, mis niisutavad tundlikku nahka ja h\u00fcpoallergeeniline kummel aitab tervendada \u00e4rritunud ja kuiva nahka. HUMDAKINi tooted on parabeenivabad, ei sisalda v\u00e4rvaineid, eeterlikke \u00f5lisid, kantserogeene ega endokriins\u00fcsteemi kahjustavaid aineid. Tooted on dermatoloogiliselt testitud.\" \/>\n<meta property=\"og:url\" content=\"https:\/\/lartusihome.com\/et\/toode\/01-kateseebi-kummel-ja-astelpaju-taide-750ml\/\" \/>\n<meta property=\"og:site_name\" content=\"Lartusihome.com\" \/>\n<meta property=\"article:publisher\" content=\"https:\/\/www.facebook.com\/lartusihome\/\" \/>\n<meta property=\"article:modified_time\" content=\"2025-04-20T15:44:26+00:00\" \/>\n<meta property=\"og:image\" content=\"https:\/\/lartusihome.com\/wp-content\/uploads\/2020\/06\/01-Hand-soap-refill.jpg\" \/>\n\t<meta property=\"og:image:width\" content=\"2000\" \/>\n\t<meta property=\"og:image:height\" content=\"2000\" \/>\n\t<meta property=\"og:image:type\" content=\"image\/jpeg\" \/>\n<meta name=\"twitter:card\" content=\"summary_large_image\" \/>\n<meta name=\"twitter:label1\" content=\"Est. reading time\" \/>\n\t<meta name=\"twitter:data1\" content=\"1 minut\" \/>\n<script type=\"application\/ld+json\" class=\"yoast-schema-graph\">{\"@context\":\"https:\/\/schema.org\",\"@graph\":[{\"@type\":\"WebPage\",\"@id\":\"https:\/\/lartusihome.com\/et\/toode\/01-kateseebi-kummel-ja-astelpaju-taide-750ml\/\",\"url\":\"https:\/\/lartusihome.com\/et\/toode\/01-kateseebi-kummel-ja-astelpaju-taide-750ml\/\",\"name\":\"01 vedelseebi t\u00e4ide 750ml, kummel ja astelpaju - Lartusihome.com\",\"isPartOf\":{\"@id\":\"https:\/\/lartusihome.com\/et\/#website\"},\"primaryImageOfPage\":{\"@id\":\"https:\/\/lartusihome.com\/et\/toode\/01-kateseebi-kummel-ja-astelpaju-taide-750ml\/#primaryimage\"},\"image\":{\"@id\":\"https:\/\/lartusihome.com\/et\/toode\/01-kateseebi-kummel-ja-astelpaju-taide-750ml\/#primaryimage\"},\"thumbnailUrl\":\"https:\/\/lartusihome.com\/wp-content\/uploads\/2020\/06\/01-Hand-soap-refill.jpg\",\"datePublished\":\"2024-02-09T13:55:20+00:00\",\"dateModified\":\"2025-04-20T15:44:26+00:00\",\"breadcrumb\":{\"@id\":\"https:\/\/lartusihome.com\/et\/toode\/01-kateseebi-kummel-ja-astelpaju-taide-750ml\/#breadcrumb\"},\"inLanguage\":\"et\",\"potentialAction\":[{\"@type\":\"ReadAction\",\"target\":[\"https:\/\/lartusihome.com\/et\/toode\/01-kateseebi-kummel-ja-astelpaju-taide-750ml\/\"]}]},{\"@type\":\"ImageObject\",\"inLanguage\":\"et\",\"@id\":\"https:\/\/lartusihome.com\/et\/toode\/01-kateseebi-kummel-ja-astelpaju-taide-750ml\/#primaryimage\",\"url\":\"https:\/\/lartusihome.com\/wp-content\/uploads\/2020\/06\/01-Hand-soap-refill.jpg\",\"contentUrl\":\"https:\/\/lartusihome.com\/wp-content\/uploads\/2020\/06\/01-Hand-soap-refill.jpg\",\"width\":2000,\"height\":2000},{\"@type\":\"BreadcrumbList\",\"@id\":\"https:\/\/lartusihome.com\/et\/toode\/01-kateseebi-kummel-ja-astelpaju-taide-750ml\/#breadcrumb\",\"itemListElement\":[{\"@type\":\"ListItem\",\"position\":1,\"name\":\"Home\",\"item\":\"https:\/\/lartusihome.com\/et\/\"},{\"@type\":\"ListItem\",\"position\":2,\"name\":\"Pood\",\"item\":\"https:\/\/lartusihome.com\/et\/pood\/\"},{\"@type\":\"ListItem\",\"position\":3,\"name\":\"01 vedelseebi t\u00e4ide 750ml, kummel ja astelpaju\"}]},{\"@type\":\"WebSite\",\"@id\":\"https:\/\/lartusihome.com\/et\/#website\",\"url\":\"https:\/\/lartusihome.com\/et\/\",\"name\":\"Lartusihome.com\",\"description\":\"Kodu \/ sisustus\",\"potentialAction\":[{\"@type\":\"SearchAction\",\"target\":{\"@type\":\"EntryPoint\",\"urlTemplate\":\"https:\/\/lartusihome.com\/et\/?s={search_term_string}\"},\"query-input\":{\"@type\":\"PropertyValueSpecification\",\"valueRequired\":true,\"valueName\":\"search_term_string\"}}],\"inLanguage\":\"et\"}]}<\/script>\n<!-- \/ Yoast SEO plugin. -->","yoast_head_json":{"title":"01 vedelseebi t\u00e4ide 750ml, kummel ja astelpaju - Lartusihome.com","robots":{"index":"index","follow":"follow","max-snippet":"max-snippet:-1","max-image-preview":"max-image-preview:large","max-video-preview":"max-video-preview:-1"},"canonical":"https:\/\/lartusihome.com\/et\/toode\/01-kateseebi-kummel-ja-astelpaju-taide-750ml\/","og_locale":"et_EE","og_type":"article","og_title":"01 vedelseebi t\u00e4ide 750ml, kummel ja astelpaju - Lartusihome.com","og_description":"Natukene luksust t\u00f6\u00f6katele k\u00e4tele! K\u00e4teseep sisaldab astelpaju ja kummeli naturaalseid ekstrakte ja makadaamia\u00f5li. Astelpaju sisaldab C ja E vitamiine, mis niisutavad tundlikku nahka ja h\u00fcpoallergeeniline kummel aitab tervendada \u00e4rritunud ja kuiva nahka. HUMDAKINi tooted on parabeenivabad, ei sisalda v\u00e4rvaineid, eeterlikke \u00f5lisid, kantserogeene ega endokriins\u00fcsteemi kahjustavaid aineid. Tooted on dermatoloogiliselt testitud.","og_url":"https:\/\/lartusihome.com\/et\/toode\/01-kateseebi-kummel-ja-astelpaju-taide-750ml\/","og_site_name":"Lartusihome.com","article_publisher":"https:\/\/www.facebook.com\/lartusihome\/","article_modified_time":"2025-04-20T15:44:26+00:00","og_image":[{"width":2000,"height":2000,"url":"https:\/\/lartusihome.com\/wp-content\/uploads\/2020\/06\/01-Hand-soap-refill.jpg","type":"image\/jpeg"}],"twitter_card":"summary_large_image","twitter_misc":{"Est. reading time":"1 minut"},"schema":{"@context":"https:\/\/schema.org","@graph":[{"@type":"WebPage","@id":"https:\/\/lartusihome.com\/et\/toode\/01-kateseebi-kummel-ja-astelpaju-taide-750ml\/","url":"https:\/\/lartusihome.com\/et\/toode\/01-kateseebi-kummel-ja-astelpaju-taide-750ml\/","name":"01 vedelseebi t\u00e4ide 750ml, kummel ja astelpaju - Lartusihome.com","isPartOf":{"@id":"https:\/\/lartusihome.com\/et\/#website"},"primaryImageOfPage":{"@id":"https:\/\/lartusihome.com\/et\/toode\/01-kateseebi-kummel-ja-astelpaju-taide-750ml\/#primaryimage"},"image":{"@id":"https:\/\/lartusihome.com\/et\/toode\/01-kateseebi-kummel-ja-astelpaju-taide-750ml\/#primaryimage"},"thumbnailUrl":"https:\/\/lartusihome.com\/wp-content\/uploads\/2020\/06\/01-Hand-soap-refill.jpg","datePublished":"2024-02-09T13:55:20+00:00","dateModified":"2025-04-20T15:44:26+00:00","breadcrumb":{"@id":"https:\/\/lartusihome.com\/et\/toode\/01-kateseebi-kummel-ja-astelpaju-taide-750ml\/#breadcrumb"},"inLanguage":"et","potentialAction":[{"@type":"ReadAction","target":["https:\/\/lartusihome.com\/et\/toode\/01-kateseebi-kummel-ja-astelpaju-taide-750ml\/"]}]},{"@type":"ImageObject","inLanguage":"et","@id":"https:\/\/lartusihome.com\/et\/toode\/01-kateseebi-kummel-ja-astelpaju-taide-750ml\/#primaryimage","url":"https:\/\/lartusihome.com\/wp-content\/uploads\/2020\/06\/01-Hand-soap-refill.jpg","contentUrl":"https:\/\/lartusihome.com\/wp-content\/uploads\/2020\/06\/01-Hand-soap-refill.jpg","width":2000,"height":2000},{"@type":"BreadcrumbList","@id":"https:\/\/lartusihome.com\/et\/toode\/01-kateseebi-kummel-ja-astelpaju-taide-750ml\/#breadcrumb","itemListElement":[{"@type":"ListItem","position":1,"name":"Home","item":"https:\/\/lartusihome.com\/et\/"},{"@type":"ListItem","position":2,"name":"Pood","item":"https:\/\/lartusihome.com\/et\/pood\/"},{"@type":"ListItem","position":3,"name":"01 vedelseebi t\u00e4ide 750ml, kummel ja astelpaju"}]},{"@type":"WebSite","@id":"https:\/\/lartusihome.com\/et\/#website","url":"https:\/\/lartusihome.com\/et\/","name":"Lartusihome.com","description":"Kodu \/ sisustus","potentialAction":[{"@type":"SearchAction","target":{"@type":"EntryPoint","urlTemplate":"https:\/\/lartusihome.com\/et\/?s={search_term_string}"},"query-input":{"@type":"PropertyValueSpecification","valueRequired":true,"valueName":"search_term_string"}}],"inLanguage":"et"}]}},"_links":{"self":[{"href":"https:\/\/lartusihome.com\/et\/wp-json\/wp\/v2\/product\/190968"}],"collection":[{"href":"https:\/\/lartusihome.com\/et\/wp-json\/wp\/v2\/product"}],"about":[{"href":"https:\/\/lartusihome.com\/et\/wp-json\/wp\/v2\/types\/product"}],"wp:featuredmedia":[{"embeddable":true,"href":"https:\/\/lartusihome.com\/et\/wp-json\/wp\/v2\/media\/347708"}],"wp:attachment":[{"href":"https:\/\/lartusihome.com\/et\/wp-json\/wp\/v2\/media?parent=190968"}],"wp:term":[{"taxonomy":"product_cat","embeddable":true,"href":"https:\/\/lartusihome.com\/et\/wp-json\/wp\/v2\/product_cat?post=190968"},{"taxonomy":"product_tag","embeddable":true,"href":"https:\/\/lartusihome.com\/et\/wp-json\/wp\/v2\/product_tag?post=190968"},{"taxonomy":"giftcard-category","embeddable":true,"href":"https:\/\/lartusihome.com\/et\/wp-json\/wp\/v2\/giftcard-category?post=190968"}],"curies":[{"name":"wp","href":"https:\/\/api.w.org\/{rel}","templated":true}]}}