{"id":190119,"date":"2021-08-26T09:23:14","date_gmt":"2021-08-26T06:23:14","guid":{"rendered":"https:\/\/lartusihome.com\/toode\/elite-box-riiv\/"},"modified":"2023-02-22T14:48:22","modified_gmt":"2023-02-22T12:48:22","slug":"elite-box-riiv","status":"publish","type":"product","link":"https:\/\/lartusihome.com\/et\/toode\/elite-box-riiv\/","title":{"rendered":"Elite Box riiv"},"content":{"rendered":"<p>v\u00e4ga terav roostevabast terasest tera \u2013 valmistatud USA-s<\/p>\n<p>5 erinevat riivimispinda<\/p>\n<p>kaasas kaitsekate (ei ole n\u00f5udepesumasinas pestav)<\/p>\n<p>m\u00f5\u00f5dud: 27 cm x 13,9 cm x 9,5 cm<\/p>\n<p>mugav puhastamine: lihtsalt loputage voolava vee all ja laske kuivada, v\u00f5ib pesta ka n\u00f5udepesumasinas<\/p>\n","protected":false},"excerpt":{"rendered":"<p>v\u00e4ga terav roostevabast terasest tera \u2013 valmistatud USA-s 5 erinevat riivimispinda kaasas kaitsekate (ei ole n\u00f5udepesumasinas pestav) m\u00f5\u00f5dud: 27 cm x 13,9 cm x 9,5 cm mugav puhastamine: lihtsalt loputage voolava vee all ja laske kuivada, v\u00f5ib pesta ka n\u00f5udepesumasinas<\/p>\n","protected":false},"featured_media":295728,"template":"","meta":{"_acf_changed":false,"inline_featured_image":false},"product_cat":[3588,50],"product_tag":[],"giftcard-category":[],"class_list":{"0":"post-190119","1":"product","2":"type-product","3":"status-publish","4":"has-post-thumbnail","6":"product_cat-kook","7":"product_cat-koogitarvikud","8":"pa_brand-microplane","10":"first","11":"outofstock","12":"shipping-taxable","13":"purchasable","14":"product-type-simple"},"acf":[],"yoast_head":"<!-- This site is optimized with the Yoast SEO plugin v25.6 - https:\/\/yoast.com\/wordpress\/plugins\/seo\/ -->\n<title>Elite Box riiv - Lartusihome.com<\/title>\n<meta name=\"robots\" content=\"index, follow, max-snippet:-1, max-image-preview:large, max-video-preview:-1\" \/>\n<link rel=\"canonical\" href=\"https:\/\/lartusihome.com\/et\/toode\/elite-box-riiv\/\" \/>\n<meta property=\"og:locale\" content=\"et_EE\" \/>\n<meta property=\"og:type\" content=\"article\" \/>\n<meta property=\"og:title\" content=\"Elite Box riiv - Lartusihome.com\" \/>\n<meta property=\"og:description\" content=\"v\u00e4ga terav roostevabast terasest tera \u2013 valmistatud USA-s 5 erinevat riivimispinda kaasas kaitsekate (ei ole n\u00f5udepesumasinas pestav) m\u00f5\u00f5dud: 27 cm x 13,9 cm x 9,5 cm mugav puhastamine: lihtsalt loputage voolava vee all ja laske kuivada, v\u00f5ib pesta ka n\u00f5udepesumasinas\" \/>\n<meta property=\"og:url\" content=\"https:\/\/lartusihome.com\/et\/toode\/elite-box-riiv\/\" \/>\n<meta property=\"og:site_name\" content=\"Lartusihome.com\" \/>\n<meta property=\"article:publisher\" content=\"https:\/\/www.facebook.com\/lartusihome\/\" \/>\n<meta property=\"article:modified_time\" content=\"2023-02-22T12:48:22+00:00\" \/>\n<meta property=\"og:image\" content=\"https:\/\/lartusihome.com\/wp-content\/uploads\/2021\/08\/Microplane_Specialty_34019_Elite-Box-Grater_Straight_2-1024x1024.jpg\" \/>\n\t<meta property=\"og:image:width\" content=\"1024\" \/>\n\t<meta property=\"og:image:height\" content=\"1024\" \/>\n\t<meta property=\"og:image:type\" content=\"image\/jpeg\" \/>\n<meta name=\"twitter:card\" content=\"summary_large_image\" \/>\n<meta name=\"twitter:label1\" content=\"Est. reading time\" \/>\n\t<meta name=\"twitter:data1\" content=\"1 minut\" \/>\n<script type=\"application\/ld+json\" class=\"yoast-schema-graph\">{\"@context\":\"https:\/\/schema.org\",\"@graph\":[{\"@type\":\"WebPage\",\"@id\":\"https:\/\/lartusihome.com\/et\/toode\/elite-box-riiv\/\",\"url\":\"https:\/\/lartusihome.com\/et\/toode\/elite-box-riiv\/\",\"name\":\"Elite Box riiv - Lartusihome.com\",\"isPartOf\":{\"@id\":\"https:\/\/lartusihome.com\/et\/#website\"},\"primaryImageOfPage\":{\"@id\":\"https:\/\/lartusihome.com\/et\/toode\/elite-box-riiv\/#primaryimage\"},\"image\":{\"@id\":\"https:\/\/lartusihome.com\/et\/toode\/elite-box-riiv\/#primaryimage\"},\"thumbnailUrl\":\"https:\/\/lartusihome.com\/wp-content\/uploads\/2021\/08\/Microplane_Specialty_34019_Elite-Box-Grater_Straight_2.jpg\",\"datePublished\":\"2021-08-26T06:23:14+00:00\",\"dateModified\":\"2023-02-22T12:48:22+00:00\",\"breadcrumb\":{\"@id\":\"https:\/\/lartusihome.com\/et\/toode\/elite-box-riiv\/#breadcrumb\"},\"inLanguage\":\"et\",\"potentialAction\":[{\"@type\":\"ReadAction\",\"target\":[\"https:\/\/lartusihome.com\/et\/toode\/elite-box-riiv\/\"]}]},{\"@type\":\"ImageObject\",\"inLanguage\":\"et\",\"@id\":\"https:\/\/lartusihome.com\/et\/toode\/elite-box-riiv\/#primaryimage\",\"url\":\"https:\/\/lartusihome.com\/wp-content\/uploads\/2021\/08\/Microplane_Specialty_34019_Elite-Box-Grater_Straight_2.jpg\",\"contentUrl\":\"https:\/\/lartusihome.com\/wp-content\/uploads\/2021\/08\/Microplane_Specialty_34019_Elite-Box-Grater_Straight_2.jpg\",\"width\":2000,\"height\":2000},{\"@type\":\"BreadcrumbList\",\"@id\":\"https:\/\/lartusihome.com\/et\/toode\/elite-box-riiv\/#breadcrumb\",\"itemListElement\":[{\"@type\":\"ListItem\",\"position\":1,\"name\":\"Home\",\"item\":\"https:\/\/lartusihome.com\/et\/\"},{\"@type\":\"ListItem\",\"position\":2,\"name\":\"Pood\",\"item\":\"https:\/\/lartusihome.com\/et\/pood\/\"},{\"@type\":\"ListItem\",\"position\":3,\"name\":\"Elite Box riiv\"}]},{\"@type\":\"WebSite\",\"@id\":\"https:\/\/lartusihome.com\/et\/#website\",\"url\":\"https:\/\/lartusihome.com\/et\/\",\"name\":\"Lartusihome.com\",\"description\":\"Kodu \/ sisustus\",\"potentialAction\":[{\"@type\":\"SearchAction\",\"target\":{\"@type\":\"EntryPoint\",\"urlTemplate\":\"https:\/\/lartusihome.com\/et\/?s={search_term_string}\"},\"query-input\":{\"@type\":\"PropertyValueSpecification\",\"valueRequired\":true,\"valueName\":\"search_term_string\"}}],\"inLanguage\":\"et\"}]}<\/script>\n<!-- \/ Yoast SEO plugin. -->","yoast_head_json":{"title":"Elite Box riiv - Lartusihome.com","robots":{"index":"index","follow":"follow","max-snippet":"max-snippet:-1","max-image-preview":"max-image-preview:large","max-video-preview":"max-video-preview:-1"},"canonical":"https:\/\/lartusihome.com\/et\/toode\/elite-box-riiv\/","og_locale":"et_EE","og_type":"article","og_title":"Elite Box riiv - Lartusihome.com","og_description":"v\u00e4ga terav roostevabast terasest tera \u2013 valmistatud USA-s 5 erinevat riivimispinda kaasas kaitsekate (ei ole n\u00f5udepesumasinas pestav) m\u00f5\u00f5dud: 27 cm x 13,9 cm x 9,5 cm mugav puhastamine: lihtsalt loputage voolava vee all ja laske kuivada, v\u00f5ib pesta ka n\u00f5udepesumasinas","og_url":"https:\/\/lartusihome.com\/et\/toode\/elite-box-riiv\/","og_site_name":"Lartusihome.com","article_publisher":"https:\/\/www.facebook.com\/lartusihome\/","article_modified_time":"2023-02-22T12:48:22+00:00","og_image":[{"width":1024,"height":1024,"url":"https:\/\/lartusihome.com\/wp-content\/uploads\/2021\/08\/Microplane_Specialty_34019_Elite-Box-Grater_Straight_2-1024x1024.jpg","type":"image\/jpeg"}],"twitter_card":"summary_large_image","twitter_misc":{"Est. reading time":"1 minut"},"schema":{"@context":"https:\/\/schema.org","@graph":[{"@type":"WebPage","@id":"https:\/\/lartusihome.com\/et\/toode\/elite-box-riiv\/","url":"https:\/\/lartusihome.com\/et\/toode\/elite-box-riiv\/","name":"Elite Box riiv - Lartusihome.com","isPartOf":{"@id":"https:\/\/lartusihome.com\/et\/#website"},"primaryImageOfPage":{"@id":"https:\/\/lartusihome.com\/et\/toode\/elite-box-riiv\/#primaryimage"},"image":{"@id":"https:\/\/lartusihome.com\/et\/toode\/elite-box-riiv\/#primaryimage"},"thumbnailUrl":"https:\/\/lartusihome.com\/wp-content\/uploads\/2021\/08\/Microplane_Specialty_34019_Elite-Box-Grater_Straight_2.jpg","datePublished":"2021-08-26T06:23:14+00:00","dateModified":"2023-02-22T12:48:22+00:00","breadcrumb":{"@id":"https:\/\/lartusihome.com\/et\/toode\/elite-box-riiv\/#breadcrumb"},"inLanguage":"et","potentialAction":[{"@type":"ReadAction","target":["https:\/\/lartusihome.com\/et\/toode\/elite-box-riiv\/"]}]},{"@type":"ImageObject","inLanguage":"et","@id":"https:\/\/lartusihome.com\/et\/toode\/elite-box-riiv\/#primaryimage","url":"https:\/\/lartusihome.com\/wp-content\/uploads\/2021\/08\/Microplane_Specialty_34019_Elite-Box-Grater_Straight_2.jpg","contentUrl":"https:\/\/lartusihome.com\/wp-content\/uploads\/2021\/08\/Microplane_Specialty_34019_Elite-Box-Grater_Straight_2.jpg","width":2000,"height":2000},{"@type":"BreadcrumbList","@id":"https:\/\/lartusihome.com\/et\/toode\/elite-box-riiv\/#breadcrumb","itemListElement":[{"@type":"ListItem","position":1,"name":"Home","item":"https:\/\/lartusihome.com\/et\/"},{"@type":"ListItem","position":2,"name":"Pood","item":"https:\/\/lartusihome.com\/et\/pood\/"},{"@type":"ListItem","position":3,"name":"Elite Box riiv"}]},{"@type":"WebSite","@id":"https:\/\/lartusihome.com\/et\/#website","url":"https:\/\/lartusihome.com\/et\/","name":"Lartusihome.com","description":"Kodu \/ sisustus","potentialAction":[{"@type":"SearchAction","target":{"@type":"EntryPoint","urlTemplate":"https:\/\/lartusihome.com\/et\/?s={search_term_string}"},"query-input":{"@type":"PropertyValueSpecification","valueRequired":true,"valueName":"search_term_string"}}],"inLanguage":"et"}]}},"_links":{"self":[{"href":"https:\/\/lartusihome.com\/et\/wp-json\/wp\/v2\/product\/190119"}],"collection":[{"href":"https:\/\/lartusihome.com\/et\/wp-json\/wp\/v2\/product"}],"about":[{"href":"https:\/\/lartusihome.com\/et\/wp-json\/wp\/v2\/types\/product"}],"wp:featuredmedia":[{"embeddable":true,"href":"https:\/\/lartusihome.com\/et\/wp-json\/wp\/v2\/media\/295728"}],"wp:attachment":[{"href":"https:\/\/lartusihome.com\/et\/wp-json\/wp\/v2\/media?parent=190119"}],"wp:term":[{"taxonomy":"product_cat","embeddable":true,"href":"https:\/\/lartusihome.com\/et\/wp-json\/wp\/v2\/product_cat?post=190119"},{"taxonomy":"product_tag","embeddable":true,"href":"https:\/\/lartusihome.com\/et\/wp-json\/wp\/v2\/product_tag?post=190119"},{"taxonomy":"giftcard-category","embeddable":true,"href":"https:\/\/lartusihome.com\/et\/wp-json\/wp\/v2\/giftcard-category?post=190119"}],"curies":[{"name":"wp","href":"https:\/\/api.w.org\/{rel}","templated":true}]}}