{"id":189873,"date":"2025-09-04T17:45:23","date_gmt":"2025-09-04T14:45:23","guid":{"rendered":"https:\/\/lartusihome.com\/?post_type=product&#038;p=189873"},"modified":"2025-09-04T18:01:01","modified_gmt":"2025-09-04T15:01:01","slug":"noudepesuvahend-750ml","status":"publish","type":"product","link":"https:\/\/lartusihome.com\/et\/toode\/noudepesuvahend-750ml\/","title":{"rendered":"01 n\u00f5udepesuvahend 750ml &#8211; salvei &#038; astelpaju"},"content":{"rendered":"<p>Eemaldab t\u00f5husalt rasva- ja toiduj\u00e4\u00e4gid. Sisaldab salvei-ja astelpajuekstrakte t\u00e4nu millele on k\u00e4ed p\u00e4rast kasutamist pehmed. Tegemist on kontsentraadiga. Soovitatakse kasutada \u00fcht pumbat\u00e4it pesuainet 5l vee kohta.<\/p>\n<p>HUMDAKINi tooted on parabeenivabad, ei sisalda v\u00e4rvaineid, eeterlikke \u00f5lisid, kantserogeene ega endokriins\u00fcsteemi kahjustavaid aineid. Tooted on dermatoloogiliselt testitud.<\/p>\n","protected":false},"excerpt":{"rendered":"<p>Eemaldab t\u00f5husalt rasva- ja toiduj\u00e4\u00e4gid. Sisaldab salvei-ja astelpajuekstrakte t\u00e4nu millele on k\u00e4ed p\u00e4rast kasutamist pehmed. Tegemist on kontsentraadiga. Soovitatakse kasutada \u00fcht pumbat\u00e4it pesuainet 5l vee kohta. HUMDAKINi tooted on parabeenivabad, ei sisalda v\u00e4rvaineid, eeterlikke \u00f5lisid, kantserogeene ega endokriins\u00fcsteemi kahjustavaid aineid. Tooted on dermatoloogiliselt testitud.<\/p>\n","protected":false},"featured_media":413271,"template":"","meta":{"_acf_changed":false,"inline_featured_image":false},"product_cat":[3588,18119],"product_tag":[],"giftcard-category":[],"class_list":{"0":"post-189873","1":"product","2":"type-product","3":"status-publish","4":"has-post-thumbnail","6":"product_cat-kook","7":"product_cat-koristustarvikud","8":"pa_brand-humdakin","10":"first","11":"instock","12":"shipping-taxable","13":"purchasable","14":"product-type-simple"},"acf":[],"yoast_head":"<!-- This site is optimized with the Yoast SEO plugin v25.6 - https:\/\/yoast.com\/wordpress\/plugins\/seo\/ -->\n<title>01 n\u00f5udepesuvahend 750ml - salvei &amp; astelpaju - Lartusihome.com<\/title>\n<meta name=\"robots\" content=\"index, follow, max-snippet:-1, max-image-preview:large, max-video-preview:-1\" \/>\n<link rel=\"canonical\" href=\"https:\/\/lartusihome.com\/et\/toode\/noudepesuvahend-750ml\/\" \/>\n<meta property=\"og:locale\" content=\"et_EE\" \/>\n<meta property=\"og:type\" content=\"article\" \/>\n<meta property=\"og:title\" content=\"01 n\u00f5udepesuvahend 750ml - salvei &amp; astelpaju - Lartusihome.com\" \/>\n<meta property=\"og:description\" content=\"Eemaldab t\u00f5husalt rasva- ja toiduj\u00e4\u00e4gid. Sisaldab salvei-ja astelpajuekstrakte t\u00e4nu millele on k\u00e4ed p\u00e4rast kasutamist pehmed. Tegemist on kontsentraadiga. Soovitatakse kasutada \u00fcht pumbat\u00e4it pesuainet 5l vee kohta. HUMDAKINi tooted on parabeenivabad, ei sisalda v\u00e4rvaineid, eeterlikke \u00f5lisid, kantserogeene ega endokriins\u00fcsteemi kahjustavaid aineid. Tooted on dermatoloogiliselt testitud.\" \/>\n<meta property=\"og:url\" content=\"https:\/\/lartusihome.com\/et\/toode\/noudepesuvahend-750ml\/\" \/>\n<meta property=\"og:site_name\" content=\"Lartusihome.com\" \/>\n<meta property=\"article:publisher\" content=\"https:\/\/www.facebook.com\/lartusihome\/\" \/>\n<meta property=\"article:modified_time\" content=\"2025-09-04T15:01:01+00:00\" \/>\n<meta property=\"og:image\" content=\"https:\/\/lartusihome.com\/wp-content\/uploads\/2025\/09\/01-Dish-soap.jpg\" \/>\n\t<meta property=\"og:image:width\" content=\"2000\" \/>\n\t<meta property=\"og:image:height\" content=\"2000\" \/>\n\t<meta property=\"og:image:type\" content=\"image\/jpeg\" \/>\n<meta name=\"twitter:card\" content=\"summary_large_image\" \/>\n<meta name=\"twitter:label1\" content=\"Est. reading time\" \/>\n\t<meta name=\"twitter:data1\" content=\"1 minut\" \/>\n<script type=\"application\/ld+json\" class=\"yoast-schema-graph\">{\"@context\":\"https:\/\/schema.org\",\"@graph\":[{\"@type\":\"WebPage\",\"@id\":\"https:\/\/lartusihome.com\/et\/toode\/noudepesuvahend-750ml\/\",\"url\":\"https:\/\/lartusihome.com\/et\/toode\/noudepesuvahend-750ml\/\",\"name\":\"01 n\u00f5udepesuvahend 750ml - salvei & astelpaju - Lartusihome.com\",\"isPartOf\":{\"@id\":\"https:\/\/lartusihome.com\/et\/#website\"},\"primaryImageOfPage\":{\"@id\":\"https:\/\/lartusihome.com\/et\/toode\/noudepesuvahend-750ml\/#primaryimage\"},\"image\":{\"@id\":\"https:\/\/lartusihome.com\/et\/toode\/noudepesuvahend-750ml\/#primaryimage\"},\"thumbnailUrl\":\"https:\/\/lartusihome.com\/wp-content\/uploads\/2025\/09\/01-Dish-soap.jpg\",\"datePublished\":\"2025-09-04T14:45:23+00:00\",\"dateModified\":\"2025-09-04T15:01:01+00:00\",\"breadcrumb\":{\"@id\":\"https:\/\/lartusihome.com\/et\/toode\/noudepesuvahend-750ml\/#breadcrumb\"},\"inLanguage\":\"et\",\"potentialAction\":[{\"@type\":\"ReadAction\",\"target\":[\"https:\/\/lartusihome.com\/et\/toode\/noudepesuvahend-750ml\/\"]}]},{\"@type\":\"ImageObject\",\"inLanguage\":\"et\",\"@id\":\"https:\/\/lartusihome.com\/et\/toode\/noudepesuvahend-750ml\/#primaryimage\",\"url\":\"https:\/\/lartusihome.com\/wp-content\/uploads\/2025\/09\/01-Dish-soap.jpg\",\"contentUrl\":\"https:\/\/lartusihome.com\/wp-content\/uploads\/2025\/09\/01-Dish-soap.jpg\",\"width\":2000,\"height\":2000},{\"@type\":\"BreadcrumbList\",\"@id\":\"https:\/\/lartusihome.com\/et\/toode\/noudepesuvahend-750ml\/#breadcrumb\",\"itemListElement\":[{\"@type\":\"ListItem\",\"position\":1,\"name\":\"Home\",\"item\":\"https:\/\/lartusihome.com\/et\/\"},{\"@type\":\"ListItem\",\"position\":2,\"name\":\"Pood\",\"item\":\"https:\/\/lartusihome.com\/et\/pood\/\"},{\"@type\":\"ListItem\",\"position\":3,\"name\":\"01 n\u00f5udepesuvahend 750ml &#8211; salvei &#038; astelpaju\"}]},{\"@type\":\"WebSite\",\"@id\":\"https:\/\/lartusihome.com\/et\/#website\",\"url\":\"https:\/\/lartusihome.com\/et\/\",\"name\":\"Lartusihome.com\",\"description\":\"Kodu \/ sisustus\",\"potentialAction\":[{\"@type\":\"SearchAction\",\"target\":{\"@type\":\"EntryPoint\",\"urlTemplate\":\"https:\/\/lartusihome.com\/et\/?s={search_term_string}\"},\"query-input\":{\"@type\":\"PropertyValueSpecification\",\"valueRequired\":true,\"valueName\":\"search_term_string\"}}],\"inLanguage\":\"et\"}]}<\/script>\n<!-- \/ Yoast SEO plugin. -->","yoast_head_json":{"title":"01 n\u00f5udepesuvahend 750ml - salvei & astelpaju - Lartusihome.com","robots":{"index":"index","follow":"follow","max-snippet":"max-snippet:-1","max-image-preview":"max-image-preview:large","max-video-preview":"max-video-preview:-1"},"canonical":"https:\/\/lartusihome.com\/et\/toode\/noudepesuvahend-750ml\/","og_locale":"et_EE","og_type":"article","og_title":"01 n\u00f5udepesuvahend 750ml - salvei & astelpaju - Lartusihome.com","og_description":"Eemaldab t\u00f5husalt rasva- ja toiduj\u00e4\u00e4gid. Sisaldab salvei-ja astelpajuekstrakte t\u00e4nu millele on k\u00e4ed p\u00e4rast kasutamist pehmed. Tegemist on kontsentraadiga. Soovitatakse kasutada \u00fcht pumbat\u00e4it pesuainet 5l vee kohta. HUMDAKINi tooted on parabeenivabad, ei sisalda v\u00e4rvaineid, eeterlikke \u00f5lisid, kantserogeene ega endokriins\u00fcsteemi kahjustavaid aineid. Tooted on dermatoloogiliselt testitud.","og_url":"https:\/\/lartusihome.com\/et\/toode\/noudepesuvahend-750ml\/","og_site_name":"Lartusihome.com","article_publisher":"https:\/\/www.facebook.com\/lartusihome\/","article_modified_time":"2025-09-04T15:01:01+00:00","og_image":[{"width":2000,"height":2000,"url":"https:\/\/lartusihome.com\/wp-content\/uploads\/2025\/09\/01-Dish-soap.jpg","type":"image\/jpeg"}],"twitter_card":"summary_large_image","twitter_misc":{"Est. reading time":"1 minut"},"schema":{"@context":"https:\/\/schema.org","@graph":[{"@type":"WebPage","@id":"https:\/\/lartusihome.com\/et\/toode\/noudepesuvahend-750ml\/","url":"https:\/\/lartusihome.com\/et\/toode\/noudepesuvahend-750ml\/","name":"01 n\u00f5udepesuvahend 750ml - salvei & astelpaju - Lartusihome.com","isPartOf":{"@id":"https:\/\/lartusihome.com\/et\/#website"},"primaryImageOfPage":{"@id":"https:\/\/lartusihome.com\/et\/toode\/noudepesuvahend-750ml\/#primaryimage"},"image":{"@id":"https:\/\/lartusihome.com\/et\/toode\/noudepesuvahend-750ml\/#primaryimage"},"thumbnailUrl":"https:\/\/lartusihome.com\/wp-content\/uploads\/2025\/09\/01-Dish-soap.jpg","datePublished":"2025-09-04T14:45:23+00:00","dateModified":"2025-09-04T15:01:01+00:00","breadcrumb":{"@id":"https:\/\/lartusihome.com\/et\/toode\/noudepesuvahend-750ml\/#breadcrumb"},"inLanguage":"et","potentialAction":[{"@type":"ReadAction","target":["https:\/\/lartusihome.com\/et\/toode\/noudepesuvahend-750ml\/"]}]},{"@type":"ImageObject","inLanguage":"et","@id":"https:\/\/lartusihome.com\/et\/toode\/noudepesuvahend-750ml\/#primaryimage","url":"https:\/\/lartusihome.com\/wp-content\/uploads\/2025\/09\/01-Dish-soap.jpg","contentUrl":"https:\/\/lartusihome.com\/wp-content\/uploads\/2025\/09\/01-Dish-soap.jpg","width":2000,"height":2000},{"@type":"BreadcrumbList","@id":"https:\/\/lartusihome.com\/et\/toode\/noudepesuvahend-750ml\/#breadcrumb","itemListElement":[{"@type":"ListItem","position":1,"name":"Home","item":"https:\/\/lartusihome.com\/et\/"},{"@type":"ListItem","position":2,"name":"Pood","item":"https:\/\/lartusihome.com\/et\/pood\/"},{"@type":"ListItem","position":3,"name":"01 n\u00f5udepesuvahend 750ml &#8211; salvei &#038; astelpaju"}]},{"@type":"WebSite","@id":"https:\/\/lartusihome.com\/et\/#website","url":"https:\/\/lartusihome.com\/et\/","name":"Lartusihome.com","description":"Kodu \/ sisustus","potentialAction":[{"@type":"SearchAction","target":{"@type":"EntryPoint","urlTemplate":"https:\/\/lartusihome.com\/et\/?s={search_term_string}"},"query-input":{"@type":"PropertyValueSpecification","valueRequired":true,"valueName":"search_term_string"}}],"inLanguage":"et"}]}},"_links":{"self":[{"href":"https:\/\/lartusihome.com\/et\/wp-json\/wp\/v2\/product\/189873"}],"collection":[{"href":"https:\/\/lartusihome.com\/et\/wp-json\/wp\/v2\/product"}],"about":[{"href":"https:\/\/lartusihome.com\/et\/wp-json\/wp\/v2\/types\/product"}],"wp:featuredmedia":[{"embeddable":true,"href":"https:\/\/lartusihome.com\/et\/wp-json\/wp\/v2\/media\/413271"}],"wp:attachment":[{"href":"https:\/\/lartusihome.com\/et\/wp-json\/wp\/v2\/media?parent=189873"}],"wp:term":[{"taxonomy":"product_cat","embeddable":true,"href":"https:\/\/lartusihome.com\/et\/wp-json\/wp\/v2\/product_cat?post=189873"},{"taxonomy":"product_tag","embeddable":true,"href":"https:\/\/lartusihome.com\/et\/wp-json\/wp\/v2\/product_tag?post=189873"},{"taxonomy":"giftcard-category","embeddable":true,"href":"https:\/\/lartusihome.com\/et\/wp-json\/wp\/v2\/giftcard-category?post=189873"}],"curies":[{"name":"wp","href":"https:\/\/api.w.org\/{rel}","templated":true}]}}