{"id":189872,"date":"2022-03-15T12:55:55","date_gmt":"2022-03-15T10:55:55","guid":{"rendered":"https:\/\/lartusihome.com\/toode\/noudepesuaine-750ml-sidrunhein-ja-noges\/"},"modified":"2025-09-12T12:01:34","modified_gmt":"2025-09-12T09:01:34","slug":"noudepesuaine-750ml-sidrunhein-ja-noges","status":"publish","type":"product","link":"https:\/\/lartusihome.com\/et\/toode\/noudepesuaine-750ml-sidrunhein-ja-noges\/","title":{"rendered":"03 n\u00f5udepesuvahend 750ml &#8211; metsik sidrunhein &#038; n\u00f5ges"},"content":{"rendered":"<p>Eemaldab t\u00f5husalt rasva- ja toiduj\u00e4\u00e4gid. Sisaldab sidrunheina ja n\u00f5gest, mis aitavad kaitsta nahka ja j\u00e4tavad k\u00e4ed p\u00e4rast kasutamist pehmeks.<\/p>\n<p>HUMDAKINi tooted on parabeenivabad, ei sisalda v\u00e4rvaineid, eeterlikke \u00f5lisid, kantserogeene ega endokriins\u00fcsteemi kahjustavaid aineid. Tooted on dermatoloogiliselt testitud.<\/p>\n","protected":false},"excerpt":{"rendered":"<p>Eemaldab t\u00f5husalt rasva- ja toiduj\u00e4\u00e4gid. Sisaldab sidrunheina ja n\u00f5gest, mis aitavad kaitsta nahka ja j\u00e4tavad k\u00e4ed p\u00e4rast kasutamist pehmeks. HUMDAKINi tooted on parabeenivabad, ei sisalda v\u00e4rvaineid, eeterlikke \u00f5lisid, kantserogeene ega endokriins\u00fcsteemi kahjustavaid aineid. Tooted on dermatoloogiliselt testitud.<\/p>\n","protected":false},"featured_media":373556,"template":"","meta":{"_acf_changed":false,"inline_featured_image":false},"product_cat":[3588,18119],"product_tag":[],"giftcard-category":[],"class_list":{"0":"post-189872","1":"product","2":"type-product","3":"status-publish","4":"has-post-thumbnail","6":"product_cat-kook","7":"product_cat-koristustarvikud","8":"pa_brand-humdakin","10":"first","11":"instock","12":"shipping-taxable","13":"purchasable","14":"product-type-simple"},"acf":[],"yoast_head":"<!-- This site is optimized with the Yoast SEO plugin v25.6 - https:\/\/yoast.com\/wordpress\/plugins\/seo\/ -->\n<title>03 n\u00f5udepesuvahend 750ml - metsik sidrunhein &amp; n\u00f5ges - Lartusihome.com<\/title>\n<meta name=\"robots\" content=\"index, follow, max-snippet:-1, max-image-preview:large, max-video-preview:-1\" \/>\n<link rel=\"canonical\" href=\"https:\/\/lartusihome.com\/et\/toode\/noudepesuaine-750ml-sidrunhein-ja-noges\/\" \/>\n<meta property=\"og:locale\" content=\"et_EE\" \/>\n<meta property=\"og:type\" content=\"article\" \/>\n<meta property=\"og:title\" content=\"03 n\u00f5udepesuvahend 750ml - metsik sidrunhein &amp; n\u00f5ges - Lartusihome.com\" \/>\n<meta property=\"og:description\" content=\"Eemaldab t\u00f5husalt rasva- ja toiduj\u00e4\u00e4gid. Sisaldab sidrunheina ja n\u00f5gest, mis aitavad kaitsta nahka ja j\u00e4tavad k\u00e4ed p\u00e4rast kasutamist pehmeks. HUMDAKINi tooted on parabeenivabad, ei sisalda v\u00e4rvaineid, eeterlikke \u00f5lisid, kantserogeene ega endokriins\u00fcsteemi kahjustavaid aineid. Tooted on dermatoloogiliselt testitud.\" \/>\n<meta property=\"og:url\" content=\"https:\/\/lartusihome.com\/et\/toode\/noudepesuaine-750ml-sidrunhein-ja-noges\/\" \/>\n<meta property=\"og:site_name\" content=\"Lartusihome.com\" \/>\n<meta property=\"article:publisher\" content=\"https:\/\/www.facebook.com\/lartusihome\/\" \/>\n<meta property=\"article:modified_time\" content=\"2025-09-12T09:01:34+00:00\" \/>\n<meta property=\"og:image\" content=\"https:\/\/lartusihome.com\/wp-content\/uploads\/2022\/03\/Humdakin_SKU380_03DishSoap.jpg\" \/>\n\t<meta property=\"og:image:width\" content=\"2000\" \/>\n\t<meta property=\"og:image:height\" content=\"2000\" \/>\n\t<meta property=\"og:image:type\" content=\"image\/jpeg\" \/>\n<meta name=\"twitter:card\" content=\"summary_large_image\" \/>\n<meta name=\"twitter:label1\" content=\"Est. reading time\" \/>\n\t<meta name=\"twitter:data1\" content=\"1 minut\" \/>\n<script type=\"application\/ld+json\" class=\"yoast-schema-graph\">{\"@context\":\"https:\/\/schema.org\",\"@graph\":[{\"@type\":\"WebPage\",\"@id\":\"https:\/\/lartusihome.com\/et\/toode\/noudepesuaine-750ml-sidrunhein-ja-noges\/\",\"url\":\"https:\/\/lartusihome.com\/et\/toode\/noudepesuaine-750ml-sidrunhein-ja-noges\/\",\"name\":\"03 n\u00f5udepesuvahend 750ml - metsik sidrunhein & n\u00f5ges - Lartusihome.com\",\"isPartOf\":{\"@id\":\"https:\/\/lartusihome.com\/et\/#website\"},\"primaryImageOfPage\":{\"@id\":\"https:\/\/lartusihome.com\/et\/toode\/noudepesuaine-750ml-sidrunhein-ja-noges\/#primaryimage\"},\"image\":{\"@id\":\"https:\/\/lartusihome.com\/et\/toode\/noudepesuaine-750ml-sidrunhein-ja-noges\/#primaryimage\"},\"thumbnailUrl\":\"https:\/\/lartusihome.com\/wp-content\/uploads\/2022\/03\/Humdakin_SKU380_03DishSoap.jpg\",\"datePublished\":\"2022-03-15T10:55:55+00:00\",\"dateModified\":\"2025-09-12T09:01:34+00:00\",\"breadcrumb\":{\"@id\":\"https:\/\/lartusihome.com\/et\/toode\/noudepesuaine-750ml-sidrunhein-ja-noges\/#breadcrumb\"},\"inLanguage\":\"et\",\"potentialAction\":[{\"@type\":\"ReadAction\",\"target\":[\"https:\/\/lartusihome.com\/et\/toode\/noudepesuaine-750ml-sidrunhein-ja-noges\/\"]}]},{\"@type\":\"ImageObject\",\"inLanguage\":\"et\",\"@id\":\"https:\/\/lartusihome.com\/et\/toode\/noudepesuaine-750ml-sidrunhein-ja-noges\/#primaryimage\",\"url\":\"https:\/\/lartusihome.com\/wp-content\/uploads\/2022\/03\/Humdakin_SKU380_03DishSoap.jpg\",\"contentUrl\":\"https:\/\/lartusihome.com\/wp-content\/uploads\/2022\/03\/Humdakin_SKU380_03DishSoap.jpg\",\"width\":2000,\"height\":2000},{\"@type\":\"BreadcrumbList\",\"@id\":\"https:\/\/lartusihome.com\/et\/toode\/noudepesuaine-750ml-sidrunhein-ja-noges\/#breadcrumb\",\"itemListElement\":[{\"@type\":\"ListItem\",\"position\":1,\"name\":\"Home\",\"item\":\"https:\/\/lartusihome.com\/et\/\"},{\"@type\":\"ListItem\",\"position\":2,\"name\":\"Pood\",\"item\":\"https:\/\/lartusihome.com\/et\/pood\/\"},{\"@type\":\"ListItem\",\"position\":3,\"name\":\"03 n\u00f5udepesuvahend 750ml &#8211; metsik sidrunhein &#038; n\u00f5ges\"}]},{\"@type\":\"WebSite\",\"@id\":\"https:\/\/lartusihome.com\/et\/#website\",\"url\":\"https:\/\/lartusihome.com\/et\/\",\"name\":\"Lartusihome.com\",\"description\":\"Kodu \/ sisustus\",\"potentialAction\":[{\"@type\":\"SearchAction\",\"target\":{\"@type\":\"EntryPoint\",\"urlTemplate\":\"https:\/\/lartusihome.com\/et\/?s={search_term_string}\"},\"query-input\":{\"@type\":\"PropertyValueSpecification\",\"valueRequired\":true,\"valueName\":\"search_term_string\"}}],\"inLanguage\":\"et\"}]}<\/script>\n<!-- \/ Yoast SEO plugin. -->","yoast_head_json":{"title":"03 n\u00f5udepesuvahend 750ml - metsik sidrunhein & n\u00f5ges - Lartusihome.com","robots":{"index":"index","follow":"follow","max-snippet":"max-snippet:-1","max-image-preview":"max-image-preview:large","max-video-preview":"max-video-preview:-1"},"canonical":"https:\/\/lartusihome.com\/et\/toode\/noudepesuaine-750ml-sidrunhein-ja-noges\/","og_locale":"et_EE","og_type":"article","og_title":"03 n\u00f5udepesuvahend 750ml - metsik sidrunhein & n\u00f5ges - Lartusihome.com","og_description":"Eemaldab t\u00f5husalt rasva- ja toiduj\u00e4\u00e4gid. Sisaldab sidrunheina ja n\u00f5gest, mis aitavad kaitsta nahka ja j\u00e4tavad k\u00e4ed p\u00e4rast kasutamist pehmeks. HUMDAKINi tooted on parabeenivabad, ei sisalda v\u00e4rvaineid, eeterlikke \u00f5lisid, kantserogeene ega endokriins\u00fcsteemi kahjustavaid aineid. Tooted on dermatoloogiliselt testitud.","og_url":"https:\/\/lartusihome.com\/et\/toode\/noudepesuaine-750ml-sidrunhein-ja-noges\/","og_site_name":"Lartusihome.com","article_publisher":"https:\/\/www.facebook.com\/lartusihome\/","article_modified_time":"2025-09-12T09:01:34+00:00","og_image":[{"width":2000,"height":2000,"url":"https:\/\/lartusihome.com\/wp-content\/uploads\/2022\/03\/Humdakin_SKU380_03DishSoap.jpg","type":"image\/jpeg"}],"twitter_card":"summary_large_image","twitter_misc":{"Est. reading time":"1 minut"},"schema":{"@context":"https:\/\/schema.org","@graph":[{"@type":"WebPage","@id":"https:\/\/lartusihome.com\/et\/toode\/noudepesuaine-750ml-sidrunhein-ja-noges\/","url":"https:\/\/lartusihome.com\/et\/toode\/noudepesuaine-750ml-sidrunhein-ja-noges\/","name":"03 n\u00f5udepesuvahend 750ml - metsik sidrunhein & n\u00f5ges - Lartusihome.com","isPartOf":{"@id":"https:\/\/lartusihome.com\/et\/#website"},"primaryImageOfPage":{"@id":"https:\/\/lartusihome.com\/et\/toode\/noudepesuaine-750ml-sidrunhein-ja-noges\/#primaryimage"},"image":{"@id":"https:\/\/lartusihome.com\/et\/toode\/noudepesuaine-750ml-sidrunhein-ja-noges\/#primaryimage"},"thumbnailUrl":"https:\/\/lartusihome.com\/wp-content\/uploads\/2022\/03\/Humdakin_SKU380_03DishSoap.jpg","datePublished":"2022-03-15T10:55:55+00:00","dateModified":"2025-09-12T09:01:34+00:00","breadcrumb":{"@id":"https:\/\/lartusihome.com\/et\/toode\/noudepesuaine-750ml-sidrunhein-ja-noges\/#breadcrumb"},"inLanguage":"et","potentialAction":[{"@type":"ReadAction","target":["https:\/\/lartusihome.com\/et\/toode\/noudepesuaine-750ml-sidrunhein-ja-noges\/"]}]},{"@type":"ImageObject","inLanguage":"et","@id":"https:\/\/lartusihome.com\/et\/toode\/noudepesuaine-750ml-sidrunhein-ja-noges\/#primaryimage","url":"https:\/\/lartusihome.com\/wp-content\/uploads\/2022\/03\/Humdakin_SKU380_03DishSoap.jpg","contentUrl":"https:\/\/lartusihome.com\/wp-content\/uploads\/2022\/03\/Humdakin_SKU380_03DishSoap.jpg","width":2000,"height":2000},{"@type":"BreadcrumbList","@id":"https:\/\/lartusihome.com\/et\/toode\/noudepesuaine-750ml-sidrunhein-ja-noges\/#breadcrumb","itemListElement":[{"@type":"ListItem","position":1,"name":"Home","item":"https:\/\/lartusihome.com\/et\/"},{"@type":"ListItem","position":2,"name":"Pood","item":"https:\/\/lartusihome.com\/et\/pood\/"},{"@type":"ListItem","position":3,"name":"03 n\u00f5udepesuvahend 750ml &#8211; metsik sidrunhein &#038; n\u00f5ges"}]},{"@type":"WebSite","@id":"https:\/\/lartusihome.com\/et\/#website","url":"https:\/\/lartusihome.com\/et\/","name":"Lartusihome.com","description":"Kodu \/ sisustus","potentialAction":[{"@type":"SearchAction","target":{"@type":"EntryPoint","urlTemplate":"https:\/\/lartusihome.com\/et\/?s={search_term_string}"},"query-input":{"@type":"PropertyValueSpecification","valueRequired":true,"valueName":"search_term_string"}}],"inLanguage":"et"}]}},"_links":{"self":[{"href":"https:\/\/lartusihome.com\/et\/wp-json\/wp\/v2\/product\/189872"}],"collection":[{"href":"https:\/\/lartusihome.com\/et\/wp-json\/wp\/v2\/product"}],"about":[{"href":"https:\/\/lartusihome.com\/et\/wp-json\/wp\/v2\/types\/product"}],"wp:featuredmedia":[{"embeddable":true,"href":"https:\/\/lartusihome.com\/et\/wp-json\/wp\/v2\/media\/373556"}],"wp:attachment":[{"href":"https:\/\/lartusihome.com\/et\/wp-json\/wp\/v2\/media?parent=189872"}],"wp:term":[{"taxonomy":"product_cat","embeddable":true,"href":"https:\/\/lartusihome.com\/et\/wp-json\/wp\/v2\/product_cat?post=189872"},{"taxonomy":"product_tag","embeddable":true,"href":"https:\/\/lartusihome.com\/et\/wp-json\/wp\/v2\/product_tag?post=189872"},{"taxonomy":"giftcard-category","embeddable":true,"href":"https:\/\/lartusihome.com\/et\/wp-json\/wp\/v2\/giftcard-category?post=189872"}],"curies":[{"name":"wp","href":"https:\/\/api.w.org\/{rel}","templated":true}]}}