{"id":189612,"date":"2019-10-21T08:59:18","date_gmt":"2019-10-21T05:59:18","guid":{"rendered":"https:\/\/lartusihome.com\/toode\/colourful-spring-vaagen-35x16cm\/"},"modified":"2026-01-07T07:49:04","modified_gmt":"2026-01-07T05:49:04","slug":"colourful-spring-vaagen-35x16cm","status":"publish","type":"product","link":"https:\/\/lartusihome.com\/et\/toode\/colourful-spring-vaagen-35x16cm\/","title":{"rendered":"Colourful Spring vaagen 35x16cm"},"content":{"rendered":"<p>Premium portselan<\/p>\n<p>v\u00f5ib pesta n\u00f5udepesumasinas<\/p>\n<p>v\u00f5ib kasutada mikrolaineahjus<\/p>\n","protected":false},"excerpt":{"rendered":"<p>Premium portselan v\u00f5ib pesta n\u00f5udepesumasinas v\u00f5ib kasutada mikrolaineahjus<\/p>\n","protected":false},"featured_media":292865,"template":"","meta":{"_acf_changed":false,"inline_featured_image":false},"product_cat":[14631,3574,120],"product_tag":[],"giftcard-category":[],"class_list":{"0":"post-189612","1":"product","2":"type-product","3":"status-publish","4":"has-post-thumbnail","6":"product_cat-kevad","7":"product_cat-lauanoud","8":"product_cat-portselan","9":"pa_brand-villeroy-boch","10":"pa_collection-colourful-spring","12":"first","13":"onbackorder","14":"purchasable","15":"product-type-simple"},"acf":[],"yoast_head":"<!-- This site is optimized with the Yoast SEO plugin v25.6 - https:\/\/yoast.com\/wordpress\/plugins\/seo\/ -->\n<title>Colourful Spring vaagen 35x16cm - Lartusihome.com<\/title>\n<meta name=\"robots\" content=\"index, follow, max-snippet:-1, max-image-preview:large, max-video-preview:-1\" \/>\n<link rel=\"canonical\" href=\"https:\/\/lartusihome.com\/et\/toode\/colourful-spring-vaagen-35x16cm\/\" \/>\n<meta property=\"og:locale\" content=\"et_EE\" \/>\n<meta property=\"og:type\" content=\"article\" \/>\n<meta property=\"og:title\" content=\"Colourful Spring vaagen 35x16cm - Lartusihome.com\" \/>\n<meta property=\"og:description\" content=\"Premium portselan v\u00f5ib pesta n\u00f5udepesumasinas v\u00f5ib kasutada mikrolaineahjus\" \/>\n<meta property=\"og:url\" content=\"https:\/\/lartusihome.com\/et\/toode\/colourful-spring-vaagen-35x16cm\/\" \/>\n<meta property=\"og:site_name\" content=\"Lartusihome.com\" \/>\n<meta property=\"article:publisher\" content=\"https:\/\/www.facebook.com\/lartusihome\/\" \/>\n<meta property=\"article:modified_time\" content=\"2026-01-07T05:49:04+00:00\" \/>\n<meta property=\"og:image\" content=\"https:\/\/lartusihome.com\/wp-content\/uploads\/2020\/06\/1486632221_A.jpg\" \/>\n\t<meta property=\"og:image:width\" content=\"2000\" \/>\n\t<meta property=\"og:image:height\" content=\"2000\" \/>\n\t<meta property=\"og:image:type\" content=\"image\/jpeg\" \/>\n<meta name=\"twitter:card\" content=\"summary_large_image\" \/>\n<meta name=\"twitter:label1\" content=\"Est. reading time\" \/>\n\t<meta name=\"twitter:data1\" content=\"1 minut\" \/>\n<script type=\"application\/ld+json\" class=\"yoast-schema-graph\">{\"@context\":\"https:\/\/schema.org\",\"@graph\":[{\"@type\":\"WebPage\",\"@id\":\"https:\/\/lartusihome.com\/et\/toode\/colourful-spring-vaagen-35x16cm\/\",\"url\":\"https:\/\/lartusihome.com\/et\/toode\/colourful-spring-vaagen-35x16cm\/\",\"name\":\"Colourful Spring vaagen 35x16cm - Lartusihome.com\",\"isPartOf\":{\"@id\":\"https:\/\/lartusihome.com\/et\/#website\"},\"primaryImageOfPage\":{\"@id\":\"https:\/\/lartusihome.com\/et\/toode\/colourful-spring-vaagen-35x16cm\/#primaryimage\"},\"image\":{\"@id\":\"https:\/\/lartusihome.com\/et\/toode\/colourful-spring-vaagen-35x16cm\/#primaryimage\"},\"thumbnailUrl\":\"https:\/\/lartusihome.com\/wp-content\/uploads\/2020\/06\/1486632221_A.jpg\",\"datePublished\":\"2019-10-21T05:59:18+00:00\",\"dateModified\":\"2026-01-07T05:49:04+00:00\",\"breadcrumb\":{\"@id\":\"https:\/\/lartusihome.com\/et\/toode\/colourful-spring-vaagen-35x16cm\/#breadcrumb\"},\"inLanguage\":\"et\",\"potentialAction\":[{\"@type\":\"ReadAction\",\"target\":[\"https:\/\/lartusihome.com\/et\/toode\/colourful-spring-vaagen-35x16cm\/\"]}]},{\"@type\":\"ImageObject\",\"inLanguage\":\"et\",\"@id\":\"https:\/\/lartusihome.com\/et\/toode\/colourful-spring-vaagen-35x16cm\/#primaryimage\",\"url\":\"https:\/\/lartusihome.com\/wp-content\/uploads\/2020\/06\/1486632221_A.jpg\",\"contentUrl\":\"https:\/\/lartusihome.com\/wp-content\/uploads\/2020\/06\/1486632221_A.jpg\",\"width\":2000,\"height\":2000},{\"@type\":\"BreadcrumbList\",\"@id\":\"https:\/\/lartusihome.com\/et\/toode\/colourful-spring-vaagen-35x16cm\/#breadcrumb\",\"itemListElement\":[{\"@type\":\"ListItem\",\"position\":1,\"name\":\"Home\",\"item\":\"https:\/\/lartusihome.com\/et\/\"},{\"@type\":\"ListItem\",\"position\":2,\"name\":\"Pood\",\"item\":\"https:\/\/lartusihome.com\/et\/pood\/\"},{\"@type\":\"ListItem\",\"position\":3,\"name\":\"Colourful Spring vaagen 35x16cm\"}]},{\"@type\":\"WebSite\",\"@id\":\"https:\/\/lartusihome.com\/et\/#website\",\"url\":\"https:\/\/lartusihome.com\/et\/\",\"name\":\"Lartusihome.com\",\"description\":\"Kodu \/ sisustus\",\"potentialAction\":[{\"@type\":\"SearchAction\",\"target\":{\"@type\":\"EntryPoint\",\"urlTemplate\":\"https:\/\/lartusihome.com\/et\/?s={search_term_string}\"},\"query-input\":{\"@type\":\"PropertyValueSpecification\",\"valueRequired\":true,\"valueName\":\"search_term_string\"}}],\"inLanguage\":\"et\"}]}<\/script>\n<!-- \/ Yoast SEO plugin. -->","yoast_head_json":{"title":"Colourful Spring vaagen 35x16cm - Lartusihome.com","robots":{"index":"index","follow":"follow","max-snippet":"max-snippet:-1","max-image-preview":"max-image-preview:large","max-video-preview":"max-video-preview:-1"},"canonical":"https:\/\/lartusihome.com\/et\/toode\/colourful-spring-vaagen-35x16cm\/","og_locale":"et_EE","og_type":"article","og_title":"Colourful Spring vaagen 35x16cm - Lartusihome.com","og_description":"Premium portselan v\u00f5ib pesta n\u00f5udepesumasinas v\u00f5ib kasutada mikrolaineahjus","og_url":"https:\/\/lartusihome.com\/et\/toode\/colourful-spring-vaagen-35x16cm\/","og_site_name":"Lartusihome.com","article_publisher":"https:\/\/www.facebook.com\/lartusihome\/","article_modified_time":"2026-01-07T05:49:04+00:00","og_image":[{"width":2000,"height":2000,"url":"https:\/\/lartusihome.com\/wp-content\/uploads\/2020\/06\/1486632221_A.jpg","type":"image\/jpeg"}],"twitter_card":"summary_large_image","twitter_misc":{"Est. reading time":"1 minut"},"schema":{"@context":"https:\/\/schema.org","@graph":[{"@type":"WebPage","@id":"https:\/\/lartusihome.com\/et\/toode\/colourful-spring-vaagen-35x16cm\/","url":"https:\/\/lartusihome.com\/et\/toode\/colourful-spring-vaagen-35x16cm\/","name":"Colourful Spring vaagen 35x16cm - Lartusihome.com","isPartOf":{"@id":"https:\/\/lartusihome.com\/et\/#website"},"primaryImageOfPage":{"@id":"https:\/\/lartusihome.com\/et\/toode\/colourful-spring-vaagen-35x16cm\/#primaryimage"},"image":{"@id":"https:\/\/lartusihome.com\/et\/toode\/colourful-spring-vaagen-35x16cm\/#primaryimage"},"thumbnailUrl":"https:\/\/lartusihome.com\/wp-content\/uploads\/2020\/06\/1486632221_A.jpg","datePublished":"2019-10-21T05:59:18+00:00","dateModified":"2026-01-07T05:49:04+00:00","breadcrumb":{"@id":"https:\/\/lartusihome.com\/et\/toode\/colourful-spring-vaagen-35x16cm\/#breadcrumb"},"inLanguage":"et","potentialAction":[{"@type":"ReadAction","target":["https:\/\/lartusihome.com\/et\/toode\/colourful-spring-vaagen-35x16cm\/"]}]},{"@type":"ImageObject","inLanguage":"et","@id":"https:\/\/lartusihome.com\/et\/toode\/colourful-spring-vaagen-35x16cm\/#primaryimage","url":"https:\/\/lartusihome.com\/wp-content\/uploads\/2020\/06\/1486632221_A.jpg","contentUrl":"https:\/\/lartusihome.com\/wp-content\/uploads\/2020\/06\/1486632221_A.jpg","width":2000,"height":2000},{"@type":"BreadcrumbList","@id":"https:\/\/lartusihome.com\/et\/toode\/colourful-spring-vaagen-35x16cm\/#breadcrumb","itemListElement":[{"@type":"ListItem","position":1,"name":"Home","item":"https:\/\/lartusihome.com\/et\/"},{"@type":"ListItem","position":2,"name":"Pood","item":"https:\/\/lartusihome.com\/et\/pood\/"},{"@type":"ListItem","position":3,"name":"Colourful Spring vaagen 35x16cm"}]},{"@type":"WebSite","@id":"https:\/\/lartusihome.com\/et\/#website","url":"https:\/\/lartusihome.com\/et\/","name":"Lartusihome.com","description":"Kodu \/ sisustus","potentialAction":[{"@type":"SearchAction","target":{"@type":"EntryPoint","urlTemplate":"https:\/\/lartusihome.com\/et\/?s={search_term_string}"},"query-input":{"@type":"PropertyValueSpecification","valueRequired":true,"valueName":"search_term_string"}}],"inLanguage":"et"}]}},"_links":{"self":[{"href":"https:\/\/lartusihome.com\/et\/wp-json\/wp\/v2\/product\/189612"}],"collection":[{"href":"https:\/\/lartusihome.com\/et\/wp-json\/wp\/v2\/product"}],"about":[{"href":"https:\/\/lartusihome.com\/et\/wp-json\/wp\/v2\/types\/product"}],"wp:featuredmedia":[{"embeddable":true,"href":"https:\/\/lartusihome.com\/et\/wp-json\/wp\/v2\/media\/292865"}],"wp:attachment":[{"href":"https:\/\/lartusihome.com\/et\/wp-json\/wp\/v2\/media?parent=189612"}],"wp:term":[{"taxonomy":"product_cat","embeddable":true,"href":"https:\/\/lartusihome.com\/et\/wp-json\/wp\/v2\/product_cat?post=189612"},{"taxonomy":"product_tag","embeddable":true,"href":"https:\/\/lartusihome.com\/et\/wp-json\/wp\/v2\/product_tag?post=189612"},{"taxonomy":"giftcard-category","embeddable":true,"href":"https:\/\/lartusihome.com\/et\/wp-json\/wp\/v2\/giftcard-category?post=189612"}],"curies":[{"name":"wp","href":"https:\/\/api.w.org\/{rel}","templated":true}]}}