{"id":189149,"date":"2020-11-17T15:25:10","date_gmt":"2020-11-17T13:25:10","guid":{"rendered":"https:\/\/lartusihome.com\/toode\/carat-teekuunlaalus-125mm\/"},"modified":"2024-11-17T19:28:06","modified_gmt":"2024-11-17T17:28:06","slug":"carat-teekuunlaalus-125mm","status":"publish","type":"product","link":"https:\/\/lartusihome.com\/et\/toode\/carat-teekuunlaalus-125mm\/","title":{"rendered":"Carat teek\u00fc\u00fcnlaalus 12,5cm"},"content":{"rendered":"<p>Laius: 12,5 cm<\/p>\n<p>K\u00f5rgus 6,5 cm<\/p>\n<p>Materjal: kristallklaas<\/p>\n<p>Disainer: Lena Bergstr\u00f6m<\/p>\n","protected":false},"excerpt":{"rendered":"<p>Laius: 12,5 cm K\u00f5rgus 6,5 cm Materjal: kristallklaas Disainer: Lena Bergstr\u00f6m<\/p>\n","protected":false},"featured_media":372240,"template":"","meta":{"_acf_changed":false,"inline_featured_image":false},"product_cat":[25346,4365,324],"product_tag":[],"giftcard-category":[],"class_list":{"0":"post-189149","1":"product","2":"type-product","3":"status-publish","4":"has-post-thumbnail","6":"product_cat-teekuunlaalused","7":"product_cat-aksessuaarid","8":"product_cat-kuunlajalad","9":"pa_brand-orrefors","10":"pa_collection-carat","12":"first","13":"instock","14":"shipping-taxable","15":"purchasable","16":"product-type-simple"},"acf":[],"yoast_head":"<!-- This site is optimized with the Yoast SEO plugin v25.6 - https:\/\/yoast.com\/wordpress\/plugins\/seo\/ -->\n<title>Carat teek\u00fc\u00fcnlaalus 12,5cm - Lartusihome.com<\/title>\n<meta name=\"robots\" content=\"index, follow, max-snippet:-1, max-image-preview:large, max-video-preview:-1\" \/>\n<link rel=\"canonical\" href=\"https:\/\/lartusihome.com\/et\/toode\/carat-teekuunlaalus-125mm\/\" \/>\n<meta property=\"og:locale\" content=\"et_EE\" \/>\n<meta property=\"og:type\" content=\"article\" \/>\n<meta property=\"og:title\" content=\"Carat teek\u00fc\u00fcnlaalus 12,5cm - Lartusihome.com\" \/>\n<meta property=\"og:description\" content=\"Laius: 12,5 cm K\u00f5rgus 6,5 cm Materjal: kristallklaas Disainer: Lena Bergstr\u00f6m\" \/>\n<meta property=\"og:url\" content=\"https:\/\/lartusihome.com\/et\/toode\/carat-teekuunlaalus-125mm\/\" \/>\n<meta property=\"og:site_name\" content=\"Lartusihome.com\" \/>\n<meta property=\"article:publisher\" content=\"https:\/\/www.facebook.com\/lartusihome\/\" \/>\n<meta property=\"article:modified_time\" content=\"2024-11-17T17:28:06+00:00\" \/>\n<meta property=\"og:image\" content=\"https:\/\/lartusihome.com\/wp-content\/uploads\/2024\/08\/6590163_Carat-votive-1024x1024.jpg\" \/>\n\t<meta property=\"og:image:width\" content=\"1024\" \/>\n\t<meta property=\"og:image:height\" content=\"1024\" \/>\n\t<meta property=\"og:image:type\" content=\"image\/jpeg\" \/>\n<meta name=\"twitter:card\" content=\"summary_large_image\" \/>\n<meta name=\"twitter:label1\" content=\"Est. reading time\" \/>\n\t<meta name=\"twitter:data1\" content=\"1 minut\" \/>\n<script type=\"application\/ld+json\" class=\"yoast-schema-graph\">{\"@context\":\"https:\/\/schema.org\",\"@graph\":[{\"@type\":\"WebPage\",\"@id\":\"https:\/\/lartusihome.com\/et\/toode\/carat-teekuunlaalus-125mm\/\",\"url\":\"https:\/\/lartusihome.com\/et\/toode\/carat-teekuunlaalus-125mm\/\",\"name\":\"Carat teek\u00fc\u00fcnlaalus 12,5cm - Lartusihome.com\",\"isPartOf\":{\"@id\":\"https:\/\/lartusihome.com\/et\/#website\"},\"primaryImageOfPage\":{\"@id\":\"https:\/\/lartusihome.com\/et\/toode\/carat-teekuunlaalus-125mm\/#primaryimage\"},\"image\":{\"@id\":\"https:\/\/lartusihome.com\/et\/toode\/carat-teekuunlaalus-125mm\/#primaryimage\"},\"thumbnailUrl\":\"https:\/\/lartusihome.com\/wp-content\/uploads\/2024\/08\/6590163_Carat-votive.jpg\",\"datePublished\":\"2020-11-17T13:25:10+00:00\",\"dateModified\":\"2024-11-17T17:28:06+00:00\",\"breadcrumb\":{\"@id\":\"https:\/\/lartusihome.com\/et\/toode\/carat-teekuunlaalus-125mm\/#breadcrumb\"},\"inLanguage\":\"et\",\"potentialAction\":[{\"@type\":\"ReadAction\",\"target\":[\"https:\/\/lartusihome.com\/et\/toode\/carat-teekuunlaalus-125mm\/\"]}]},{\"@type\":\"ImageObject\",\"inLanguage\":\"et\",\"@id\":\"https:\/\/lartusihome.com\/et\/toode\/carat-teekuunlaalus-125mm\/#primaryimage\",\"url\":\"https:\/\/lartusihome.com\/wp-content\/uploads\/2024\/08\/6590163_Carat-votive.jpg\",\"contentUrl\":\"https:\/\/lartusihome.com\/wp-content\/uploads\/2024\/08\/6590163_Carat-votive.jpg\",\"width\":2000,\"height\":2000},{\"@type\":\"BreadcrumbList\",\"@id\":\"https:\/\/lartusihome.com\/et\/toode\/carat-teekuunlaalus-125mm\/#breadcrumb\",\"itemListElement\":[{\"@type\":\"ListItem\",\"position\":1,\"name\":\"Home\",\"item\":\"https:\/\/lartusihome.com\/et\/\"},{\"@type\":\"ListItem\",\"position\":2,\"name\":\"Pood\",\"item\":\"https:\/\/lartusihome.com\/et\/pood\/\"},{\"@type\":\"ListItem\",\"position\":3,\"name\":\"Carat teek\u00fc\u00fcnlaalus 12,5cm\"}]},{\"@type\":\"WebSite\",\"@id\":\"https:\/\/lartusihome.com\/et\/#website\",\"url\":\"https:\/\/lartusihome.com\/et\/\",\"name\":\"Lartusihome.com\",\"description\":\"Kodu \/ sisustus\",\"potentialAction\":[{\"@type\":\"SearchAction\",\"target\":{\"@type\":\"EntryPoint\",\"urlTemplate\":\"https:\/\/lartusihome.com\/et\/?s={search_term_string}\"},\"query-input\":{\"@type\":\"PropertyValueSpecification\",\"valueRequired\":true,\"valueName\":\"search_term_string\"}}],\"inLanguage\":\"et\"}]}<\/script>\n<!-- \/ Yoast SEO plugin. -->","yoast_head_json":{"title":"Carat teek\u00fc\u00fcnlaalus 12,5cm - Lartusihome.com","robots":{"index":"index","follow":"follow","max-snippet":"max-snippet:-1","max-image-preview":"max-image-preview:large","max-video-preview":"max-video-preview:-1"},"canonical":"https:\/\/lartusihome.com\/et\/toode\/carat-teekuunlaalus-125mm\/","og_locale":"et_EE","og_type":"article","og_title":"Carat teek\u00fc\u00fcnlaalus 12,5cm - Lartusihome.com","og_description":"Laius: 12,5 cm K\u00f5rgus 6,5 cm Materjal: kristallklaas Disainer: Lena Bergstr\u00f6m","og_url":"https:\/\/lartusihome.com\/et\/toode\/carat-teekuunlaalus-125mm\/","og_site_name":"Lartusihome.com","article_publisher":"https:\/\/www.facebook.com\/lartusihome\/","article_modified_time":"2024-11-17T17:28:06+00:00","og_image":[{"width":1024,"height":1024,"url":"https:\/\/lartusihome.com\/wp-content\/uploads\/2024\/08\/6590163_Carat-votive-1024x1024.jpg","type":"image\/jpeg"}],"twitter_card":"summary_large_image","twitter_misc":{"Est. reading time":"1 minut"},"schema":{"@context":"https:\/\/schema.org","@graph":[{"@type":"WebPage","@id":"https:\/\/lartusihome.com\/et\/toode\/carat-teekuunlaalus-125mm\/","url":"https:\/\/lartusihome.com\/et\/toode\/carat-teekuunlaalus-125mm\/","name":"Carat teek\u00fc\u00fcnlaalus 12,5cm - Lartusihome.com","isPartOf":{"@id":"https:\/\/lartusihome.com\/et\/#website"},"primaryImageOfPage":{"@id":"https:\/\/lartusihome.com\/et\/toode\/carat-teekuunlaalus-125mm\/#primaryimage"},"image":{"@id":"https:\/\/lartusihome.com\/et\/toode\/carat-teekuunlaalus-125mm\/#primaryimage"},"thumbnailUrl":"https:\/\/lartusihome.com\/wp-content\/uploads\/2024\/08\/6590163_Carat-votive.jpg","datePublished":"2020-11-17T13:25:10+00:00","dateModified":"2024-11-17T17:28:06+00:00","breadcrumb":{"@id":"https:\/\/lartusihome.com\/et\/toode\/carat-teekuunlaalus-125mm\/#breadcrumb"},"inLanguage":"et","potentialAction":[{"@type":"ReadAction","target":["https:\/\/lartusihome.com\/et\/toode\/carat-teekuunlaalus-125mm\/"]}]},{"@type":"ImageObject","inLanguage":"et","@id":"https:\/\/lartusihome.com\/et\/toode\/carat-teekuunlaalus-125mm\/#primaryimage","url":"https:\/\/lartusihome.com\/wp-content\/uploads\/2024\/08\/6590163_Carat-votive.jpg","contentUrl":"https:\/\/lartusihome.com\/wp-content\/uploads\/2024\/08\/6590163_Carat-votive.jpg","width":2000,"height":2000},{"@type":"BreadcrumbList","@id":"https:\/\/lartusihome.com\/et\/toode\/carat-teekuunlaalus-125mm\/#breadcrumb","itemListElement":[{"@type":"ListItem","position":1,"name":"Home","item":"https:\/\/lartusihome.com\/et\/"},{"@type":"ListItem","position":2,"name":"Pood","item":"https:\/\/lartusihome.com\/et\/pood\/"},{"@type":"ListItem","position":3,"name":"Carat teek\u00fc\u00fcnlaalus 12,5cm"}]},{"@type":"WebSite","@id":"https:\/\/lartusihome.com\/et\/#website","url":"https:\/\/lartusihome.com\/et\/","name":"Lartusihome.com","description":"Kodu \/ sisustus","potentialAction":[{"@type":"SearchAction","target":{"@type":"EntryPoint","urlTemplate":"https:\/\/lartusihome.com\/et\/?s={search_term_string}"},"query-input":{"@type":"PropertyValueSpecification","valueRequired":true,"valueName":"search_term_string"}}],"inLanguage":"et"}]}},"_links":{"self":[{"href":"https:\/\/lartusihome.com\/et\/wp-json\/wp\/v2\/product\/189149"}],"collection":[{"href":"https:\/\/lartusihome.com\/et\/wp-json\/wp\/v2\/product"}],"about":[{"href":"https:\/\/lartusihome.com\/et\/wp-json\/wp\/v2\/types\/product"}],"wp:featuredmedia":[{"embeddable":true,"href":"https:\/\/lartusihome.com\/et\/wp-json\/wp\/v2\/media\/372240"}],"wp:attachment":[{"href":"https:\/\/lartusihome.com\/et\/wp-json\/wp\/v2\/media?parent=189149"}],"wp:term":[{"taxonomy":"product_cat","embeddable":true,"href":"https:\/\/lartusihome.com\/et\/wp-json\/wp\/v2\/product_cat?post=189149"},{"taxonomy":"product_tag","embeddable":true,"href":"https:\/\/lartusihome.com\/et\/wp-json\/wp\/v2\/product_tag?post=189149"},{"taxonomy":"giftcard-category","embeddable":true,"href":"https:\/\/lartusihome.com\/et\/wp-json\/wp\/v2\/giftcard-category?post=189149"}],"curies":[{"name":"wp","href":"https:\/\/api.w.org\/{rel}","templated":true}]}}