{"id":188426,"date":"2022-03-16T09:53:50","date_gmt":"2022-03-16T07:53:50","guid":{"rendered":"https:\/\/lartusihome.com\/toode\/aurum-ruumilohnastajakuunal\/"},"modified":"2023-04-17T16:22:10","modified_gmt":"2023-04-17T13:22:10","slug":"aurum-ruumilohnastajakuunal","status":"publish","type":"product","link":"https:\/\/lartusihome.com\/et\/toode\/aurum-ruumilohnastajakuunal\/","title":{"rendered":"My First Baobab Aurum kinkekomplekt"},"content":{"rendered":"<p>jasmiin \u2013 galbanum \u2013 muskus<\/p>\n<p>1 My First Baobab Aurum MAX 1 k\u00fc\u00fcnal<\/p>\n<p>1 My First Baobab Aurum 250ml ruumil\u00f5hnastaja<\/p>\n","protected":false},"excerpt":{"rendered":"<p>jasmiin \u2013 galbanum \u2013 muskus 1 My First Baobab Aurum MAX 1 k\u00fc\u00fcnal 1 My First Baobab Aurum 250ml ruumil\u00f5hnastaja<\/p>\n","protected":false},"featured_media":359362,"template":"","meta":{"_acf_changed":false,"inline_featured_image":false},"product_cat":[25352,25354,4365,1281],"product_tag":[],"giftcard-category":[],"class_list":{"0":"post-188426","1":"product","2":"type-product","3":"status-publish","4":"has-post-thumbnail","6":"product_cat-kodulohnad","7":"product_cat-ruumilohnastajad","8":"product_cat-aksessuaarid","9":"product_cat-kuunlad","10":"pa_brand-baobab","11":"pa_collection-my-first-baobab","13":"first","14":"outofstock","15":"shipping-taxable","16":"purchasable","17":"product-type-simple"},"acf":[],"yoast_head":"<!-- This site is optimized with the Yoast SEO plugin v25.6 - https:\/\/yoast.com\/wordpress\/plugins\/seo\/ -->\n<title>My First Baobab Aurum kinkekomplekt - Lartusihome.com<\/title>\n<meta name=\"robots\" content=\"index, follow, max-snippet:-1, max-image-preview:large, max-video-preview:-1\" \/>\n<link rel=\"canonical\" href=\"https:\/\/lartusihome.com\/et\/toode\/aurum-ruumilohnastajakuunal\/\" \/>\n<meta property=\"og:locale\" content=\"et_EE\" \/>\n<meta property=\"og:type\" content=\"article\" \/>\n<meta property=\"og:title\" content=\"My First Baobab Aurum kinkekomplekt - Lartusihome.com\" \/>\n<meta property=\"og:description\" content=\"jasmiin \u2013 galbanum \u2013 muskus 1 My First Baobab Aurum MAX 1 k\u00fc\u00fcnal 1 My First Baobab Aurum 250ml ruumil\u00f5hnastaja\" \/>\n<meta property=\"og:url\" content=\"https:\/\/lartusihome.com\/et\/toode\/aurum-ruumilohnastajakuunal\/\" \/>\n<meta property=\"og:site_name\" content=\"Lartusihome.com\" \/>\n<meta property=\"article:publisher\" content=\"https:\/\/www.facebook.com\/lartusihome\/\" \/>\n<meta property=\"article:modified_time\" content=\"2023-04-17T13:22:10+00:00\" \/>\n<meta property=\"og:image\" content=\"https:\/\/lartusihome.com\/wp-content\/uploads\/2022\/03\/MFB-GIFTBOX-AURUM-1024x1024.jpg\" \/>\n\t<meta property=\"og:image:width\" content=\"1024\" \/>\n\t<meta property=\"og:image:height\" content=\"1024\" \/>\n\t<meta property=\"og:image:type\" content=\"image\/jpeg\" \/>\n<meta name=\"twitter:card\" content=\"summary_large_image\" \/>\n<meta name=\"twitter:label1\" content=\"Est. reading time\" \/>\n\t<meta name=\"twitter:data1\" content=\"1 minut\" \/>\n<script type=\"application\/ld+json\" class=\"yoast-schema-graph\">{\"@context\":\"https:\/\/schema.org\",\"@graph\":[{\"@type\":\"WebPage\",\"@id\":\"https:\/\/lartusihome.com\/et\/toode\/aurum-ruumilohnastajakuunal\/\",\"url\":\"https:\/\/lartusihome.com\/et\/toode\/aurum-ruumilohnastajakuunal\/\",\"name\":\"My First Baobab Aurum kinkekomplekt - Lartusihome.com\",\"isPartOf\":{\"@id\":\"https:\/\/lartusihome.com\/et\/#website\"},\"primaryImageOfPage\":{\"@id\":\"https:\/\/lartusihome.com\/et\/toode\/aurum-ruumilohnastajakuunal\/#primaryimage\"},\"image\":{\"@id\":\"https:\/\/lartusihome.com\/et\/toode\/aurum-ruumilohnastajakuunal\/#primaryimage\"},\"thumbnailUrl\":\"https:\/\/lartusihome.com\/wp-content\/uploads\/2022\/03\/NEW-BOX-MFB-AURUM.jpg\",\"datePublished\":\"2022-03-16T07:53:50+00:00\",\"dateModified\":\"2023-04-17T13:22:10+00:00\",\"breadcrumb\":{\"@id\":\"https:\/\/lartusihome.com\/et\/toode\/aurum-ruumilohnastajakuunal\/#breadcrumb\"},\"inLanguage\":\"et\",\"potentialAction\":[{\"@type\":\"ReadAction\",\"target\":[\"https:\/\/lartusihome.com\/et\/toode\/aurum-ruumilohnastajakuunal\/\"]}]},{\"@type\":\"ImageObject\",\"inLanguage\":\"et\",\"@id\":\"https:\/\/lartusihome.com\/et\/toode\/aurum-ruumilohnastajakuunal\/#primaryimage\",\"url\":\"https:\/\/lartusihome.com\/wp-content\/uploads\/2022\/03\/NEW-BOX-MFB-AURUM.jpg\",\"contentUrl\":\"https:\/\/lartusihome.com\/wp-content\/uploads\/2022\/03\/NEW-BOX-MFB-AURUM.jpg\",\"width\":2000,\"height\":2000},{\"@type\":\"BreadcrumbList\",\"@id\":\"https:\/\/lartusihome.com\/et\/toode\/aurum-ruumilohnastajakuunal\/#breadcrumb\",\"itemListElement\":[{\"@type\":\"ListItem\",\"position\":1,\"name\":\"Home\",\"item\":\"https:\/\/lartusihome.com\/et\/\"},{\"@type\":\"ListItem\",\"position\":2,\"name\":\"Pood\",\"item\":\"https:\/\/lartusihome.com\/et\/pood\/\"},{\"@type\":\"ListItem\",\"position\":3,\"name\":\"My First Baobab Aurum kinkekomplekt\"}]},{\"@type\":\"WebSite\",\"@id\":\"https:\/\/lartusihome.com\/et\/#website\",\"url\":\"https:\/\/lartusihome.com\/et\/\",\"name\":\"Lartusihome.com\",\"description\":\"Kodu \/ sisustus\",\"potentialAction\":[{\"@type\":\"SearchAction\",\"target\":{\"@type\":\"EntryPoint\",\"urlTemplate\":\"https:\/\/lartusihome.com\/et\/?s={search_term_string}\"},\"query-input\":{\"@type\":\"PropertyValueSpecification\",\"valueRequired\":true,\"valueName\":\"search_term_string\"}}],\"inLanguage\":\"et\"}]}<\/script>\n<!-- \/ Yoast SEO plugin. -->","yoast_head_json":{"title":"My First Baobab Aurum kinkekomplekt - Lartusihome.com","robots":{"index":"index","follow":"follow","max-snippet":"max-snippet:-1","max-image-preview":"max-image-preview:large","max-video-preview":"max-video-preview:-1"},"canonical":"https:\/\/lartusihome.com\/et\/toode\/aurum-ruumilohnastajakuunal\/","og_locale":"et_EE","og_type":"article","og_title":"My First Baobab Aurum kinkekomplekt - Lartusihome.com","og_description":"jasmiin \u2013 galbanum \u2013 muskus 1 My First Baobab Aurum MAX 1 k\u00fc\u00fcnal 1 My First Baobab Aurum 250ml ruumil\u00f5hnastaja","og_url":"https:\/\/lartusihome.com\/et\/toode\/aurum-ruumilohnastajakuunal\/","og_site_name":"Lartusihome.com","article_publisher":"https:\/\/www.facebook.com\/lartusihome\/","article_modified_time":"2023-04-17T13:22:10+00:00","og_image":[{"width":1024,"height":1024,"url":"https:\/\/lartusihome.com\/wp-content\/uploads\/2022\/03\/MFB-GIFTBOX-AURUM-1024x1024.jpg","type":"image\/jpeg"}],"twitter_card":"summary_large_image","twitter_misc":{"Est. reading time":"1 minut"},"schema":{"@context":"https:\/\/schema.org","@graph":[{"@type":"WebPage","@id":"https:\/\/lartusihome.com\/et\/toode\/aurum-ruumilohnastajakuunal\/","url":"https:\/\/lartusihome.com\/et\/toode\/aurum-ruumilohnastajakuunal\/","name":"My First Baobab Aurum kinkekomplekt - Lartusihome.com","isPartOf":{"@id":"https:\/\/lartusihome.com\/et\/#website"},"primaryImageOfPage":{"@id":"https:\/\/lartusihome.com\/et\/toode\/aurum-ruumilohnastajakuunal\/#primaryimage"},"image":{"@id":"https:\/\/lartusihome.com\/et\/toode\/aurum-ruumilohnastajakuunal\/#primaryimage"},"thumbnailUrl":"https:\/\/lartusihome.com\/wp-content\/uploads\/2022\/03\/NEW-BOX-MFB-AURUM.jpg","datePublished":"2022-03-16T07:53:50+00:00","dateModified":"2023-04-17T13:22:10+00:00","breadcrumb":{"@id":"https:\/\/lartusihome.com\/et\/toode\/aurum-ruumilohnastajakuunal\/#breadcrumb"},"inLanguage":"et","potentialAction":[{"@type":"ReadAction","target":["https:\/\/lartusihome.com\/et\/toode\/aurum-ruumilohnastajakuunal\/"]}]},{"@type":"ImageObject","inLanguage":"et","@id":"https:\/\/lartusihome.com\/et\/toode\/aurum-ruumilohnastajakuunal\/#primaryimage","url":"https:\/\/lartusihome.com\/wp-content\/uploads\/2022\/03\/NEW-BOX-MFB-AURUM.jpg","contentUrl":"https:\/\/lartusihome.com\/wp-content\/uploads\/2022\/03\/NEW-BOX-MFB-AURUM.jpg","width":2000,"height":2000},{"@type":"BreadcrumbList","@id":"https:\/\/lartusihome.com\/et\/toode\/aurum-ruumilohnastajakuunal\/#breadcrumb","itemListElement":[{"@type":"ListItem","position":1,"name":"Home","item":"https:\/\/lartusihome.com\/et\/"},{"@type":"ListItem","position":2,"name":"Pood","item":"https:\/\/lartusihome.com\/et\/pood\/"},{"@type":"ListItem","position":3,"name":"My First Baobab Aurum kinkekomplekt"}]},{"@type":"WebSite","@id":"https:\/\/lartusihome.com\/et\/#website","url":"https:\/\/lartusihome.com\/et\/","name":"Lartusihome.com","description":"Kodu \/ sisustus","potentialAction":[{"@type":"SearchAction","target":{"@type":"EntryPoint","urlTemplate":"https:\/\/lartusihome.com\/et\/?s={search_term_string}"},"query-input":{"@type":"PropertyValueSpecification","valueRequired":true,"valueName":"search_term_string"}}],"inLanguage":"et"}]}},"_links":{"self":[{"href":"https:\/\/lartusihome.com\/et\/wp-json\/wp\/v2\/product\/188426"}],"collection":[{"href":"https:\/\/lartusihome.com\/et\/wp-json\/wp\/v2\/product"}],"about":[{"href":"https:\/\/lartusihome.com\/et\/wp-json\/wp\/v2\/types\/product"}],"wp:featuredmedia":[{"embeddable":true,"href":"https:\/\/lartusihome.com\/et\/wp-json\/wp\/v2\/media\/359362"}],"wp:attachment":[{"href":"https:\/\/lartusihome.com\/et\/wp-json\/wp\/v2\/media?parent=188426"}],"wp:term":[{"taxonomy":"product_cat","embeddable":true,"href":"https:\/\/lartusihome.com\/et\/wp-json\/wp\/v2\/product_cat?post=188426"},{"taxonomy":"product_tag","embeddable":true,"href":"https:\/\/lartusihome.com\/et\/wp-json\/wp\/v2\/product_tag?post=188426"},{"taxonomy":"giftcard-category","embeddable":true,"href":"https:\/\/lartusihome.com\/et\/wp-json\/wp\/v2\/giftcard-category?post=188426"}],"curies":[{"name":"wp","href":"https:\/\/api.w.org\/{rel}","templated":true}]}}