{"id":188160,"date":"2024-06-06T15:03:19","date_gmt":"2024-06-06T12:03:19","guid":{"rendered":"https:\/\/lartusihome.com\/toode\/lohna-eemaldav-kateseep-500ml\/"},"modified":"2024-11-27T21:24:53","modified_gmt":"2024-11-27T19:24:53","slug":"lohna-eemaldav-kateseep-500ml","status":"publish","type":"product","link":"https:\/\/lartusihome.com\/et\/toode\/lohna-eemaldav-kateseep-500ml\/","title":{"rendered":"L\u00f5hna eemaldav k\u00e4teseep 500ml"},"content":{"rendered":"<p>Suurep\u00e4rane k\u00e4teseep just k\u00f6\u00f6gis kasutamiseks. Eemaldab k\u00e4telt p\u00e4rast esimest pesu kala, k\u00fc\u00fcslaugu, sibula jne l\u00f5hnad. Punase vetika naturaalset ekstrakti sisaldab seep teeb sinu k\u00e4ed siidiselt pehmeks ja v\u00e4rskel\u00f5hnaliseks.<\/p>\n<p>HUMDAKINi tooted on parabeenivabad, ei sisalda v\u00e4rvaineid, eeterlikke \u00f5lisid, kantserogeene ega endokriins\u00fcsteemi kahjustavaid aineid. Tooted on dermatoloogiliselt testitud.<\/p>\n","protected":false},"excerpt":{"rendered":"<p>Suurep\u00e4rane k\u00e4teseep just k\u00f6\u00f6gis kasutamiseks. Eemaldab k\u00e4telt p\u00e4rast esimest pesu kala, k\u00fc\u00fcslaugu, sibula jne l\u00f5hnad. Punase vetika naturaalset ekstrakti sisaldab seep teeb sinu k\u00e4ed siidiselt pehmeks ja v\u00e4rskel\u00f5hnaliseks. HUMDAKINi tooted on parabeenivabad, ei sisalda v\u00e4rvaineid, eeterlikke \u00f5lisid, kantserogeene ega endokriins\u00fcsteemi kahjustavaid aineid. Tooted on dermatoloogiliselt testitud.<\/p>\n","protected":false},"featured_media":364684,"template":"","meta":{"_acf_changed":false,"inline_featured_image":false},"product_cat":[4518,15417],"product_tag":[],"giftcard-category":[],"class_list":{"0":"post-188160","1":"product","2":"type-product","3":"status-publish","4":"has-post-thumbnail","6":"product_cat-vannituba","7":"product_cat-hugieen-ja-kosmeetika","8":"pa_brand-humdakin","10":"first","11":"instock","12":"shipping-taxable","13":"purchasable","14":"product-type-simple"},"acf":[],"yoast_head":"<!-- This site is optimized with the Yoast SEO plugin v25.6 - https:\/\/yoast.com\/wordpress\/plugins\/seo\/ -->\n<title>L\u00f5hna eemaldav k\u00e4teseep 500ml - Lartusihome.com<\/title>\n<meta name=\"robots\" content=\"index, follow, max-snippet:-1, max-image-preview:large, max-video-preview:-1\" \/>\n<link rel=\"canonical\" href=\"https:\/\/lartusihome.com\/et\/toode\/lohna-eemaldav-kateseep-500ml\/\" \/>\n<meta property=\"og:locale\" content=\"et_EE\" \/>\n<meta property=\"og:type\" content=\"article\" \/>\n<meta property=\"og:title\" content=\"L\u00f5hna eemaldav k\u00e4teseep 500ml - Lartusihome.com\" \/>\n<meta property=\"og:description\" content=\"Suurep\u00e4rane k\u00e4teseep just k\u00f6\u00f6gis kasutamiseks. Eemaldab k\u00e4telt p\u00e4rast esimest pesu kala, k\u00fc\u00fcslaugu, sibula jne l\u00f5hnad. Punase vetika naturaalset ekstrakti sisaldab seep teeb sinu k\u00e4ed siidiselt pehmeks ja v\u00e4rskel\u00f5hnaliseks. HUMDAKINi tooted on parabeenivabad, ei sisalda v\u00e4rvaineid, eeterlikke \u00f5lisid, kantserogeene ega endokriins\u00fcsteemi kahjustavaid aineid. Tooted on dermatoloogiliselt testitud.\" \/>\n<meta property=\"og:url\" content=\"https:\/\/lartusihome.com\/et\/toode\/lohna-eemaldav-kateseep-500ml\/\" \/>\n<meta property=\"og:site_name\" content=\"Lartusihome.com\" \/>\n<meta property=\"article:publisher\" content=\"https:\/\/www.facebook.com\/lartusihome\/\" \/>\n<meta property=\"article:modified_time\" content=\"2024-11-27T19:24:53+00:00\" \/>\n<meta property=\"og:image\" content=\"https:\/\/lartusihome.com\/wp-content\/uploads\/2024\/06\/Humdakin_SKU67_AntiSmellHandSoap_1-1024x1024.jpg\" \/>\n\t<meta property=\"og:image:width\" content=\"1024\" \/>\n\t<meta property=\"og:image:height\" content=\"1024\" \/>\n\t<meta property=\"og:image:type\" content=\"image\/jpeg\" \/>\n<meta name=\"twitter:card\" content=\"summary_large_image\" \/>\n<script type=\"application\/ld+json\" class=\"yoast-schema-graph\">{\"@context\":\"https:\/\/schema.org\",\"@graph\":[{\"@type\":\"WebPage\",\"@id\":\"https:\/\/lartusihome.com\/et\/toode\/lohna-eemaldav-kateseep-500ml\/\",\"url\":\"https:\/\/lartusihome.com\/et\/toode\/lohna-eemaldav-kateseep-500ml\/\",\"name\":\"L\u00f5hna eemaldav k\u00e4teseep 500ml - Lartusihome.com\",\"isPartOf\":{\"@id\":\"https:\/\/lartusihome.com\/et\/#website\"},\"primaryImageOfPage\":{\"@id\":\"https:\/\/lartusihome.com\/et\/toode\/lohna-eemaldav-kateseep-500ml\/#primaryimage\"},\"image\":{\"@id\":\"https:\/\/lartusihome.com\/et\/toode\/lohna-eemaldav-kateseep-500ml\/#primaryimage\"},\"thumbnailUrl\":\"https:\/\/lartusihome.com\/wp-content\/uploads\/2024\/06\/Humdakin_SKU67_AntiSmellHandSoap_1.jpg\",\"datePublished\":\"2024-06-06T12:03:19+00:00\",\"dateModified\":\"2024-11-27T19:24:53+00:00\",\"breadcrumb\":{\"@id\":\"https:\/\/lartusihome.com\/et\/toode\/lohna-eemaldav-kateseep-500ml\/#breadcrumb\"},\"inLanguage\":\"et\",\"potentialAction\":[{\"@type\":\"ReadAction\",\"target\":[\"https:\/\/lartusihome.com\/et\/toode\/lohna-eemaldav-kateseep-500ml\/\"]}]},{\"@type\":\"ImageObject\",\"inLanguage\":\"et\",\"@id\":\"https:\/\/lartusihome.com\/et\/toode\/lohna-eemaldav-kateseep-500ml\/#primaryimage\",\"url\":\"https:\/\/lartusihome.com\/wp-content\/uploads\/2024\/06\/Humdakin_SKU67_AntiSmellHandSoap_1.jpg\",\"contentUrl\":\"https:\/\/lartusihome.com\/wp-content\/uploads\/2024\/06\/Humdakin_SKU67_AntiSmellHandSoap_1.jpg\",\"width\":2000,\"height\":2000},{\"@type\":\"BreadcrumbList\",\"@id\":\"https:\/\/lartusihome.com\/et\/toode\/lohna-eemaldav-kateseep-500ml\/#breadcrumb\",\"itemListElement\":[{\"@type\":\"ListItem\",\"position\":1,\"name\":\"Home\",\"item\":\"https:\/\/lartusihome.com\/et\/\"},{\"@type\":\"ListItem\",\"position\":2,\"name\":\"Pood\",\"item\":\"https:\/\/lartusihome.com\/et\/pood\/\"},{\"@type\":\"ListItem\",\"position\":3,\"name\":\"L\u00f5hna eemaldav k\u00e4teseep 500ml\"}]},{\"@type\":\"WebSite\",\"@id\":\"https:\/\/lartusihome.com\/et\/#website\",\"url\":\"https:\/\/lartusihome.com\/et\/\",\"name\":\"Lartusihome.com\",\"description\":\"Kodu \/ sisustus\",\"potentialAction\":[{\"@type\":\"SearchAction\",\"target\":{\"@type\":\"EntryPoint\",\"urlTemplate\":\"https:\/\/lartusihome.com\/et\/?s={search_term_string}\"},\"query-input\":{\"@type\":\"PropertyValueSpecification\",\"valueRequired\":true,\"valueName\":\"search_term_string\"}}],\"inLanguage\":\"et\"}]}<\/script>\n<!-- \/ Yoast SEO plugin. -->","yoast_head_json":{"title":"L\u00f5hna eemaldav k\u00e4teseep 500ml - Lartusihome.com","robots":{"index":"index","follow":"follow","max-snippet":"max-snippet:-1","max-image-preview":"max-image-preview:large","max-video-preview":"max-video-preview:-1"},"canonical":"https:\/\/lartusihome.com\/et\/toode\/lohna-eemaldav-kateseep-500ml\/","og_locale":"et_EE","og_type":"article","og_title":"L\u00f5hna eemaldav k\u00e4teseep 500ml - Lartusihome.com","og_description":"Suurep\u00e4rane k\u00e4teseep just k\u00f6\u00f6gis kasutamiseks. Eemaldab k\u00e4telt p\u00e4rast esimest pesu kala, k\u00fc\u00fcslaugu, sibula jne l\u00f5hnad. Punase vetika naturaalset ekstrakti sisaldab seep teeb sinu k\u00e4ed siidiselt pehmeks ja v\u00e4rskel\u00f5hnaliseks. HUMDAKINi tooted on parabeenivabad, ei sisalda v\u00e4rvaineid, eeterlikke \u00f5lisid, kantserogeene ega endokriins\u00fcsteemi kahjustavaid aineid. Tooted on dermatoloogiliselt testitud.","og_url":"https:\/\/lartusihome.com\/et\/toode\/lohna-eemaldav-kateseep-500ml\/","og_site_name":"Lartusihome.com","article_publisher":"https:\/\/www.facebook.com\/lartusihome\/","article_modified_time":"2024-11-27T19:24:53+00:00","og_image":[{"width":1024,"height":1024,"url":"https:\/\/lartusihome.com\/wp-content\/uploads\/2024\/06\/Humdakin_SKU67_AntiSmellHandSoap_1-1024x1024.jpg","type":"image\/jpeg"}],"twitter_card":"summary_large_image","schema":{"@context":"https:\/\/schema.org","@graph":[{"@type":"WebPage","@id":"https:\/\/lartusihome.com\/et\/toode\/lohna-eemaldav-kateseep-500ml\/","url":"https:\/\/lartusihome.com\/et\/toode\/lohna-eemaldav-kateseep-500ml\/","name":"L\u00f5hna eemaldav k\u00e4teseep 500ml - Lartusihome.com","isPartOf":{"@id":"https:\/\/lartusihome.com\/et\/#website"},"primaryImageOfPage":{"@id":"https:\/\/lartusihome.com\/et\/toode\/lohna-eemaldav-kateseep-500ml\/#primaryimage"},"image":{"@id":"https:\/\/lartusihome.com\/et\/toode\/lohna-eemaldav-kateseep-500ml\/#primaryimage"},"thumbnailUrl":"https:\/\/lartusihome.com\/wp-content\/uploads\/2024\/06\/Humdakin_SKU67_AntiSmellHandSoap_1.jpg","datePublished":"2024-06-06T12:03:19+00:00","dateModified":"2024-11-27T19:24:53+00:00","breadcrumb":{"@id":"https:\/\/lartusihome.com\/et\/toode\/lohna-eemaldav-kateseep-500ml\/#breadcrumb"},"inLanguage":"et","potentialAction":[{"@type":"ReadAction","target":["https:\/\/lartusihome.com\/et\/toode\/lohna-eemaldav-kateseep-500ml\/"]}]},{"@type":"ImageObject","inLanguage":"et","@id":"https:\/\/lartusihome.com\/et\/toode\/lohna-eemaldav-kateseep-500ml\/#primaryimage","url":"https:\/\/lartusihome.com\/wp-content\/uploads\/2024\/06\/Humdakin_SKU67_AntiSmellHandSoap_1.jpg","contentUrl":"https:\/\/lartusihome.com\/wp-content\/uploads\/2024\/06\/Humdakin_SKU67_AntiSmellHandSoap_1.jpg","width":2000,"height":2000},{"@type":"BreadcrumbList","@id":"https:\/\/lartusihome.com\/et\/toode\/lohna-eemaldav-kateseep-500ml\/#breadcrumb","itemListElement":[{"@type":"ListItem","position":1,"name":"Home","item":"https:\/\/lartusihome.com\/et\/"},{"@type":"ListItem","position":2,"name":"Pood","item":"https:\/\/lartusihome.com\/et\/pood\/"},{"@type":"ListItem","position":3,"name":"L\u00f5hna eemaldav k\u00e4teseep 500ml"}]},{"@type":"WebSite","@id":"https:\/\/lartusihome.com\/et\/#website","url":"https:\/\/lartusihome.com\/et\/","name":"Lartusihome.com","description":"Kodu \/ sisustus","potentialAction":[{"@type":"SearchAction","target":{"@type":"EntryPoint","urlTemplate":"https:\/\/lartusihome.com\/et\/?s={search_term_string}"},"query-input":{"@type":"PropertyValueSpecification","valueRequired":true,"valueName":"search_term_string"}}],"inLanguage":"et"}]}},"_links":{"self":[{"href":"https:\/\/lartusihome.com\/et\/wp-json\/wp\/v2\/product\/188160"}],"collection":[{"href":"https:\/\/lartusihome.com\/et\/wp-json\/wp\/v2\/product"}],"about":[{"href":"https:\/\/lartusihome.com\/et\/wp-json\/wp\/v2\/types\/product"}],"wp:featuredmedia":[{"embeddable":true,"href":"https:\/\/lartusihome.com\/et\/wp-json\/wp\/v2\/media\/364684"}],"wp:attachment":[{"href":"https:\/\/lartusihome.com\/et\/wp-json\/wp\/v2\/media?parent=188160"}],"wp:term":[{"taxonomy":"product_cat","embeddable":true,"href":"https:\/\/lartusihome.com\/et\/wp-json\/wp\/v2\/product_cat?post=188160"},{"taxonomy":"product_tag","embeddable":true,"href":"https:\/\/lartusihome.com\/et\/wp-json\/wp\/v2\/product_tag?post=188160"},{"taxonomy":"giftcard-category","embeddable":true,"href":"https:\/\/lartusihome.com\/et\/wp-json\/wp\/v2\/giftcard-category?post=188160"}],"curies":[{"name":"wp","href":"https:\/\/api.w.org\/{rel}","templated":true}]}}