{"id":188143,"date":"2022-02-25T06:47:04","date_gmt":"2022-02-25T04:47:04","guid":{"rendered":"https:\/\/lartusihome.com\/toode\/anna-g-korgitser-sinine\/"},"modified":"2023-04-19T12:55:30","modified_gmt":"2023-04-19T09:55:30","slug":"anna-g-korgitser-sinine","status":"publish","type":"product","link":"https:\/\/lartusihome.com\/et\/toode\/anna-g-korgitser-sinine\/","title":{"rendered":"Anna G. korgitser, tumesinine"},"content":{"rendered":"<p>Alessandro Mendini disainitud korgitser Anna G. on austusavaldus t\u00f5elisele naisele, kelle naeratav n\u00e4gu on aastate jooksul muutunud kultusesemeks. Anna G. on ideaalne disainkorgitser veinis\u00f5pradele kinkimiseks v\u00f5i l\u00e4hedaste s\u00f5pradega \u00f5htus\u00f6\u00f6gile huumori toomiseks. Alates 1994. aastast on see \u00fcks Alessi tunnustatumaid tooteid.<\/p>\n<p>K\u00f5rgus: 24,5 cm<\/p>\n<p>Materjal: termoplast ja kroomitud zamak<\/p>\n","protected":false},"excerpt":{"rendered":"<p>Alessandro Mendini disainitud korgitser Anna G. on austusavaldus t\u00f5elisele naisele, kelle naeratav n\u00e4gu on aastate jooksul muutunud kultusesemeks. Anna G. on ideaalne disainkorgitser veinis\u00f5pradele kinkimiseks v\u00f5i l\u00e4hedaste s\u00f5pradega \u00f5htus\u00f6\u00f6gile huumori toomiseks. Alates 1994. aastast on see \u00fcks Alessi tunnustatumaid tooteid. K\u00f5rgus: 24,5 cm Materjal: termoplast ja kroomitud zamak<\/p>\n","protected":false},"featured_media":307165,"template":"","meta":{"_acf_changed":false,"inline_featured_image":false},"product_cat":[25289,3588,310],"product_tag":[],"giftcard-category":[],"class_list":{"0":"post-188143","1":"product","2":"type-product","3":"status-publish","4":"has-post-thumbnail","6":"product_cat-korgitserid","7":"product_cat-kook","8":"product_cat-baaritarvikud","9":"pa_brand-alessi","10":"pa_collection-anna-g","12":"first","13":"instock","14":"shipping-taxable","15":"purchasable","16":"product-type-simple"},"acf":[],"yoast_head":"<!-- This site is optimized with the Yoast SEO plugin v25.6 - https:\/\/yoast.com\/wordpress\/plugins\/seo\/ -->\n<title>Anna G. korgitser, tumesinine - Lartusihome.com<\/title>\n<meta name=\"robots\" content=\"index, follow, max-snippet:-1, max-image-preview:large, max-video-preview:-1\" \/>\n<link rel=\"canonical\" href=\"https:\/\/lartusihome.com\/et\/toode\/anna-g-korgitser-sinine\/\" \/>\n<meta property=\"og:locale\" content=\"et_EE\" \/>\n<meta property=\"og:type\" content=\"article\" \/>\n<meta property=\"og:title\" content=\"Anna G. korgitser, tumesinine - Lartusihome.com\" \/>\n<meta property=\"og:description\" content=\"Alessandro Mendini disainitud korgitser Anna G. on austusavaldus t\u00f5elisele naisele, kelle naeratav n\u00e4gu on aastate jooksul muutunud kultusesemeks. Anna G. on ideaalne disainkorgitser veinis\u00f5pradele kinkimiseks v\u00f5i l\u00e4hedaste s\u00f5pradega \u00f5htus\u00f6\u00f6gile huumori toomiseks. Alates 1994. aastast on see \u00fcks Alessi tunnustatumaid tooteid. K\u00f5rgus: 24,5 cm Materjal: termoplast ja kroomitud zamak\" \/>\n<meta property=\"og:url\" content=\"https:\/\/lartusihome.com\/et\/toode\/anna-g-korgitser-sinine\/\" \/>\n<meta property=\"og:site_name\" content=\"Lartusihome.com\" \/>\n<meta property=\"article:publisher\" content=\"https:\/\/www.facebook.com\/lartusihome\/\" \/>\n<meta property=\"article:modified_time\" content=\"2023-04-19T09:55:30+00:00\" \/>\n<meta property=\"og:image\" content=\"https:\/\/lartusihome.com\/wp-content\/uploads\/2019\/10\/0008_AM01_DAZ_A4_3500pxl.jpg\" \/>\n\t<meta property=\"og:image:width\" content=\"2000\" \/>\n\t<meta property=\"og:image:height\" content=\"2000\" \/>\n\t<meta property=\"og:image:type\" content=\"image\/jpeg\" \/>\n<meta name=\"twitter:card\" content=\"summary_large_image\" \/>\n<meta name=\"twitter:label1\" content=\"Est. reading time\" \/>\n\t<meta name=\"twitter:data1\" content=\"1 minut\" \/>\n<script type=\"application\/ld+json\" class=\"yoast-schema-graph\">{\"@context\":\"https:\/\/schema.org\",\"@graph\":[{\"@type\":\"WebPage\",\"@id\":\"https:\/\/lartusihome.com\/et\/toode\/anna-g-korgitser-sinine\/\",\"url\":\"https:\/\/lartusihome.com\/et\/toode\/anna-g-korgitser-sinine\/\",\"name\":\"Anna G. korgitser, tumesinine - Lartusihome.com\",\"isPartOf\":{\"@id\":\"https:\/\/lartusihome.com\/et\/#website\"},\"primaryImageOfPage\":{\"@id\":\"https:\/\/lartusihome.com\/et\/toode\/anna-g-korgitser-sinine\/#primaryimage\"},\"image\":{\"@id\":\"https:\/\/lartusihome.com\/et\/toode\/anna-g-korgitser-sinine\/#primaryimage\"},\"thumbnailUrl\":\"https:\/\/lartusihome.com\/wp-content\/uploads\/2019\/10\/0008_AM01_DAZ_A4_3500pxl.jpg\",\"datePublished\":\"2022-02-25T04:47:04+00:00\",\"dateModified\":\"2023-04-19T09:55:30+00:00\",\"breadcrumb\":{\"@id\":\"https:\/\/lartusihome.com\/et\/toode\/anna-g-korgitser-sinine\/#breadcrumb\"},\"inLanguage\":\"et\",\"potentialAction\":[{\"@type\":\"ReadAction\",\"target\":[\"https:\/\/lartusihome.com\/et\/toode\/anna-g-korgitser-sinine\/\"]}]},{\"@type\":\"ImageObject\",\"inLanguage\":\"et\",\"@id\":\"https:\/\/lartusihome.com\/et\/toode\/anna-g-korgitser-sinine\/#primaryimage\",\"url\":\"https:\/\/lartusihome.com\/wp-content\/uploads\/2019\/10\/0008_AM01_DAZ_A4_3500pxl.jpg\",\"contentUrl\":\"https:\/\/lartusihome.com\/wp-content\/uploads\/2019\/10\/0008_AM01_DAZ_A4_3500pxl.jpg\",\"width\":2000,\"height\":2000},{\"@type\":\"BreadcrumbList\",\"@id\":\"https:\/\/lartusihome.com\/et\/toode\/anna-g-korgitser-sinine\/#breadcrumb\",\"itemListElement\":[{\"@type\":\"ListItem\",\"position\":1,\"name\":\"Home\",\"item\":\"https:\/\/lartusihome.com\/et\/\"},{\"@type\":\"ListItem\",\"position\":2,\"name\":\"Pood\",\"item\":\"https:\/\/lartusihome.com\/et\/pood\/\"},{\"@type\":\"ListItem\",\"position\":3,\"name\":\"Anna G. korgitser, tumesinine\"}]},{\"@type\":\"WebSite\",\"@id\":\"https:\/\/lartusihome.com\/et\/#website\",\"url\":\"https:\/\/lartusihome.com\/et\/\",\"name\":\"Lartusihome.com\",\"description\":\"Kodu \/ sisustus\",\"potentialAction\":[{\"@type\":\"SearchAction\",\"target\":{\"@type\":\"EntryPoint\",\"urlTemplate\":\"https:\/\/lartusihome.com\/et\/?s={search_term_string}\"},\"query-input\":{\"@type\":\"PropertyValueSpecification\",\"valueRequired\":true,\"valueName\":\"search_term_string\"}}],\"inLanguage\":\"et\"}]}<\/script>\n<!-- \/ Yoast SEO plugin. -->","yoast_head_json":{"title":"Anna G. korgitser, tumesinine - Lartusihome.com","robots":{"index":"index","follow":"follow","max-snippet":"max-snippet:-1","max-image-preview":"max-image-preview:large","max-video-preview":"max-video-preview:-1"},"canonical":"https:\/\/lartusihome.com\/et\/toode\/anna-g-korgitser-sinine\/","og_locale":"et_EE","og_type":"article","og_title":"Anna G. korgitser, tumesinine - Lartusihome.com","og_description":"Alessandro Mendini disainitud korgitser Anna G. on austusavaldus t\u00f5elisele naisele, kelle naeratav n\u00e4gu on aastate jooksul muutunud kultusesemeks. Anna G. on ideaalne disainkorgitser veinis\u00f5pradele kinkimiseks v\u00f5i l\u00e4hedaste s\u00f5pradega \u00f5htus\u00f6\u00f6gile huumori toomiseks. Alates 1994. aastast on see \u00fcks Alessi tunnustatumaid tooteid. K\u00f5rgus: 24,5 cm Materjal: termoplast ja kroomitud zamak","og_url":"https:\/\/lartusihome.com\/et\/toode\/anna-g-korgitser-sinine\/","og_site_name":"Lartusihome.com","article_publisher":"https:\/\/www.facebook.com\/lartusihome\/","article_modified_time":"2023-04-19T09:55:30+00:00","og_image":[{"width":2000,"height":2000,"url":"https:\/\/lartusihome.com\/wp-content\/uploads\/2019\/10\/0008_AM01_DAZ_A4_3500pxl.jpg","type":"image\/jpeg"}],"twitter_card":"summary_large_image","twitter_misc":{"Est. reading time":"1 minut"},"schema":{"@context":"https:\/\/schema.org","@graph":[{"@type":"WebPage","@id":"https:\/\/lartusihome.com\/et\/toode\/anna-g-korgitser-sinine\/","url":"https:\/\/lartusihome.com\/et\/toode\/anna-g-korgitser-sinine\/","name":"Anna G. korgitser, tumesinine - Lartusihome.com","isPartOf":{"@id":"https:\/\/lartusihome.com\/et\/#website"},"primaryImageOfPage":{"@id":"https:\/\/lartusihome.com\/et\/toode\/anna-g-korgitser-sinine\/#primaryimage"},"image":{"@id":"https:\/\/lartusihome.com\/et\/toode\/anna-g-korgitser-sinine\/#primaryimage"},"thumbnailUrl":"https:\/\/lartusihome.com\/wp-content\/uploads\/2019\/10\/0008_AM01_DAZ_A4_3500pxl.jpg","datePublished":"2022-02-25T04:47:04+00:00","dateModified":"2023-04-19T09:55:30+00:00","breadcrumb":{"@id":"https:\/\/lartusihome.com\/et\/toode\/anna-g-korgitser-sinine\/#breadcrumb"},"inLanguage":"et","potentialAction":[{"@type":"ReadAction","target":["https:\/\/lartusihome.com\/et\/toode\/anna-g-korgitser-sinine\/"]}]},{"@type":"ImageObject","inLanguage":"et","@id":"https:\/\/lartusihome.com\/et\/toode\/anna-g-korgitser-sinine\/#primaryimage","url":"https:\/\/lartusihome.com\/wp-content\/uploads\/2019\/10\/0008_AM01_DAZ_A4_3500pxl.jpg","contentUrl":"https:\/\/lartusihome.com\/wp-content\/uploads\/2019\/10\/0008_AM01_DAZ_A4_3500pxl.jpg","width":2000,"height":2000},{"@type":"BreadcrumbList","@id":"https:\/\/lartusihome.com\/et\/toode\/anna-g-korgitser-sinine\/#breadcrumb","itemListElement":[{"@type":"ListItem","position":1,"name":"Home","item":"https:\/\/lartusihome.com\/et\/"},{"@type":"ListItem","position":2,"name":"Pood","item":"https:\/\/lartusihome.com\/et\/pood\/"},{"@type":"ListItem","position":3,"name":"Anna G. korgitser, tumesinine"}]},{"@type":"WebSite","@id":"https:\/\/lartusihome.com\/et\/#website","url":"https:\/\/lartusihome.com\/et\/","name":"Lartusihome.com","description":"Kodu \/ sisustus","potentialAction":[{"@type":"SearchAction","target":{"@type":"EntryPoint","urlTemplate":"https:\/\/lartusihome.com\/et\/?s={search_term_string}"},"query-input":{"@type":"PropertyValueSpecification","valueRequired":true,"valueName":"search_term_string"}}],"inLanguage":"et"}]}},"_links":{"self":[{"href":"https:\/\/lartusihome.com\/et\/wp-json\/wp\/v2\/product\/188143"}],"collection":[{"href":"https:\/\/lartusihome.com\/et\/wp-json\/wp\/v2\/product"}],"about":[{"href":"https:\/\/lartusihome.com\/et\/wp-json\/wp\/v2\/types\/product"}],"wp:featuredmedia":[{"embeddable":true,"href":"https:\/\/lartusihome.com\/et\/wp-json\/wp\/v2\/media\/307165"}],"wp:attachment":[{"href":"https:\/\/lartusihome.com\/et\/wp-json\/wp\/v2\/media?parent=188143"}],"wp:term":[{"taxonomy":"product_cat","embeddable":true,"href":"https:\/\/lartusihome.com\/et\/wp-json\/wp\/v2\/product_cat?post=188143"},{"taxonomy":"product_tag","embeddable":true,"href":"https:\/\/lartusihome.com\/et\/wp-json\/wp\/v2\/product_tag?post=188143"},{"taxonomy":"giftcard-category","embeddable":true,"href":"https:\/\/lartusihome.com\/et\/wp-json\/wp\/v2\/giftcard-category?post=188143"}],"curies":[{"name":"wp","href":"https:\/\/api.w.org\/{rel}","templated":true}]}}