{"id":187922,"date":"2025-04-28T12:15:24","date_gmt":"2025-04-28T09:15:24","guid":{"rendered":"https:\/\/lartusihome.com\/?post_type=product&#038;p=187922"},"modified":"2025-04-28T12:15:29","modified_gmt":"2025-04-28T09:15:29","slug":"alessi100-suur-veski-roosa","status":"publish","type":"product","link":"https:\/\/lartusihome.com\/et\/toode\/alessi100-suur-veski-roosa\/","title":{"rendered":"Alessi100 suur veski, roosa"},"content":{"rendered":"<p>materjal: p\u00f6\u00f6k<\/p>\n<p>diameeter: 7cm<\/p>\n<p>k\u00f5rgus: 23cm<\/p>\n<p>disainer: Ettore Sottsass<\/p>\n<p>veski sobib soola, pipra ja v\u00fcrtside jaoks<\/p>\n","protected":false},"excerpt":{"rendered":"<p>materjal: p\u00f6\u00f6k diameeter: 7cm k\u00f5rgus: 23cm disainer: Ettore Sottsass veski sobib soola, pipra ja v\u00fcrtside jaoks<\/p>\n","protected":false},"featured_media":257269,"template":"","meta":{"_acf_changed":false,"inline_featured_image":false},"product_cat":[3588,13196,13079],"product_tag":[],"giftcard-category":[],"class_list":{"0":"post-187922","1":"product","2":"type-product","3":"status-publish","4":"has-post-thumbnail","6":"product_cat-kook","7":"product_cat-veskid","8":"product_cat-soodustuseta","9":"pa_brand-alessi","10":"pa_collection-alessi100","12":"first","13":"instock","14":"shipping-taxable","15":"purchasable","16":"product-type-simple"},"acf":[],"yoast_head":"<!-- This site is optimized with the Yoast SEO plugin v25.6 - https:\/\/yoast.com\/wordpress\/plugins\/seo\/ -->\n<title>Alessi100 suur veski, roosa - Lartusihome.com<\/title>\n<meta name=\"robots\" content=\"index, follow, max-snippet:-1, max-image-preview:large, max-video-preview:-1\" \/>\n<link rel=\"canonical\" href=\"https:\/\/lartusihome.com\/et\/toode\/alessi100-suur-veski-roosa\/\" \/>\n<meta property=\"og:locale\" content=\"et_EE\" \/>\n<meta property=\"og:type\" content=\"article\" \/>\n<meta property=\"og:title\" content=\"Alessi100 suur veski, roosa - Lartusihome.com\" \/>\n<meta property=\"og:description\" content=\"materjal: p\u00f6\u00f6k diameeter: 7cm k\u00f5rgus: 23cm disainer: Ettore Sottsass veski sobib soola, pipra ja v\u00fcrtside jaoks\" \/>\n<meta property=\"og:url\" content=\"https:\/\/lartusihome.com\/et\/toode\/alessi100-suur-veski-roosa\/\" \/>\n<meta property=\"og:site_name\" content=\"Lartusihome.com\" \/>\n<meta property=\"article:publisher\" content=\"https:\/\/www.facebook.com\/lartusihome\/\" \/>\n<meta property=\"article:modified_time\" content=\"2025-04-28T09:15:29+00:00\" \/>\n<meta property=\"og:image\" content=\"https:\/\/lartusihome.com\/wp-content\/uploads\/2022\/10\/0014mp02102300dpi1250pxl.jpg\" \/>\n\t<meta property=\"og:image:width\" content=\"1250\" \/>\n\t<meta property=\"og:image:height\" content=\"1250\" \/>\n\t<meta property=\"og:image:type\" content=\"image\/jpeg\" \/>\n<meta name=\"twitter:card\" content=\"summary_large_image\" \/>\n<script type=\"application\/ld+json\" class=\"yoast-schema-graph\">{\"@context\":\"https:\/\/schema.org\",\"@graph\":[{\"@type\":\"WebPage\",\"@id\":\"https:\/\/lartusihome.com\/et\/toode\/alessi100-suur-veski-roosa\/\",\"url\":\"https:\/\/lartusihome.com\/et\/toode\/alessi100-suur-veski-roosa\/\",\"name\":\"Alessi100 suur veski, roosa - Lartusihome.com\",\"isPartOf\":{\"@id\":\"https:\/\/lartusihome.com\/et\/#website\"},\"primaryImageOfPage\":{\"@id\":\"https:\/\/lartusihome.com\/et\/toode\/alessi100-suur-veski-roosa\/#primaryimage\"},\"image\":{\"@id\":\"https:\/\/lartusihome.com\/et\/toode\/alessi100-suur-veski-roosa\/#primaryimage\"},\"thumbnailUrl\":\"https:\/\/lartusihome.com\/wp-content\/uploads\/2022\/10\/0014mp02102300dpi1250pxl.jpg\",\"datePublished\":\"2025-04-28T09:15:24+00:00\",\"dateModified\":\"2025-04-28T09:15:29+00:00\",\"breadcrumb\":{\"@id\":\"https:\/\/lartusihome.com\/et\/toode\/alessi100-suur-veski-roosa\/#breadcrumb\"},\"inLanguage\":\"et\",\"potentialAction\":[{\"@type\":\"ReadAction\",\"target\":[\"https:\/\/lartusihome.com\/et\/toode\/alessi100-suur-veski-roosa\/\"]}]},{\"@type\":\"ImageObject\",\"inLanguage\":\"et\",\"@id\":\"https:\/\/lartusihome.com\/et\/toode\/alessi100-suur-veski-roosa\/#primaryimage\",\"url\":\"https:\/\/lartusihome.com\/wp-content\/uploads\/2022\/10\/0014mp02102300dpi1250pxl.jpg\",\"contentUrl\":\"https:\/\/lartusihome.com\/wp-content\/uploads\/2022\/10\/0014mp02102300dpi1250pxl.jpg\",\"width\":1250,\"height\":1250},{\"@type\":\"BreadcrumbList\",\"@id\":\"https:\/\/lartusihome.com\/et\/toode\/alessi100-suur-veski-roosa\/#breadcrumb\",\"itemListElement\":[{\"@type\":\"ListItem\",\"position\":1,\"name\":\"Home\",\"item\":\"https:\/\/lartusihome.com\/et\/\"},{\"@type\":\"ListItem\",\"position\":2,\"name\":\"Pood\",\"item\":\"https:\/\/lartusihome.com\/et\/pood\/\"},{\"@type\":\"ListItem\",\"position\":3,\"name\":\"Alessi100 suur veski, roosa\"}]},{\"@type\":\"WebSite\",\"@id\":\"https:\/\/lartusihome.com\/et\/#website\",\"url\":\"https:\/\/lartusihome.com\/et\/\",\"name\":\"Lartusihome.com\",\"description\":\"Kodu \/ sisustus\",\"potentialAction\":[{\"@type\":\"SearchAction\",\"target\":{\"@type\":\"EntryPoint\",\"urlTemplate\":\"https:\/\/lartusihome.com\/et\/?s={search_term_string}\"},\"query-input\":{\"@type\":\"PropertyValueSpecification\",\"valueRequired\":true,\"valueName\":\"search_term_string\"}}],\"inLanguage\":\"et\"}]}<\/script>\n<!-- \/ Yoast SEO plugin. -->","yoast_head_json":{"title":"Alessi100 suur veski, roosa - Lartusihome.com","robots":{"index":"index","follow":"follow","max-snippet":"max-snippet:-1","max-image-preview":"max-image-preview:large","max-video-preview":"max-video-preview:-1"},"canonical":"https:\/\/lartusihome.com\/et\/toode\/alessi100-suur-veski-roosa\/","og_locale":"et_EE","og_type":"article","og_title":"Alessi100 suur veski, roosa - Lartusihome.com","og_description":"materjal: p\u00f6\u00f6k diameeter: 7cm k\u00f5rgus: 23cm disainer: Ettore Sottsass veski sobib soola, pipra ja v\u00fcrtside jaoks","og_url":"https:\/\/lartusihome.com\/et\/toode\/alessi100-suur-veski-roosa\/","og_site_name":"Lartusihome.com","article_publisher":"https:\/\/www.facebook.com\/lartusihome\/","article_modified_time":"2025-04-28T09:15:29+00:00","og_image":[{"width":1250,"height":1250,"url":"https:\/\/lartusihome.com\/wp-content\/uploads\/2022\/10\/0014mp02102300dpi1250pxl.jpg","type":"image\/jpeg"}],"twitter_card":"summary_large_image","schema":{"@context":"https:\/\/schema.org","@graph":[{"@type":"WebPage","@id":"https:\/\/lartusihome.com\/et\/toode\/alessi100-suur-veski-roosa\/","url":"https:\/\/lartusihome.com\/et\/toode\/alessi100-suur-veski-roosa\/","name":"Alessi100 suur veski, roosa - Lartusihome.com","isPartOf":{"@id":"https:\/\/lartusihome.com\/et\/#website"},"primaryImageOfPage":{"@id":"https:\/\/lartusihome.com\/et\/toode\/alessi100-suur-veski-roosa\/#primaryimage"},"image":{"@id":"https:\/\/lartusihome.com\/et\/toode\/alessi100-suur-veski-roosa\/#primaryimage"},"thumbnailUrl":"https:\/\/lartusihome.com\/wp-content\/uploads\/2022\/10\/0014mp02102300dpi1250pxl.jpg","datePublished":"2025-04-28T09:15:24+00:00","dateModified":"2025-04-28T09:15:29+00:00","breadcrumb":{"@id":"https:\/\/lartusihome.com\/et\/toode\/alessi100-suur-veski-roosa\/#breadcrumb"},"inLanguage":"et","potentialAction":[{"@type":"ReadAction","target":["https:\/\/lartusihome.com\/et\/toode\/alessi100-suur-veski-roosa\/"]}]},{"@type":"ImageObject","inLanguage":"et","@id":"https:\/\/lartusihome.com\/et\/toode\/alessi100-suur-veski-roosa\/#primaryimage","url":"https:\/\/lartusihome.com\/wp-content\/uploads\/2022\/10\/0014mp02102300dpi1250pxl.jpg","contentUrl":"https:\/\/lartusihome.com\/wp-content\/uploads\/2022\/10\/0014mp02102300dpi1250pxl.jpg","width":1250,"height":1250},{"@type":"BreadcrumbList","@id":"https:\/\/lartusihome.com\/et\/toode\/alessi100-suur-veski-roosa\/#breadcrumb","itemListElement":[{"@type":"ListItem","position":1,"name":"Home","item":"https:\/\/lartusihome.com\/et\/"},{"@type":"ListItem","position":2,"name":"Pood","item":"https:\/\/lartusihome.com\/et\/pood\/"},{"@type":"ListItem","position":3,"name":"Alessi100 suur veski, roosa"}]},{"@type":"WebSite","@id":"https:\/\/lartusihome.com\/et\/#website","url":"https:\/\/lartusihome.com\/et\/","name":"Lartusihome.com","description":"Kodu \/ sisustus","potentialAction":[{"@type":"SearchAction","target":{"@type":"EntryPoint","urlTemplate":"https:\/\/lartusihome.com\/et\/?s={search_term_string}"},"query-input":{"@type":"PropertyValueSpecification","valueRequired":true,"valueName":"search_term_string"}}],"inLanguage":"et"}]}},"_links":{"self":[{"href":"https:\/\/lartusihome.com\/et\/wp-json\/wp\/v2\/product\/187922"}],"collection":[{"href":"https:\/\/lartusihome.com\/et\/wp-json\/wp\/v2\/product"}],"about":[{"href":"https:\/\/lartusihome.com\/et\/wp-json\/wp\/v2\/types\/product"}],"wp:featuredmedia":[{"embeddable":true,"href":"https:\/\/lartusihome.com\/et\/wp-json\/wp\/v2\/media\/257269"}],"wp:attachment":[{"href":"https:\/\/lartusihome.com\/et\/wp-json\/wp\/v2\/media?parent=187922"}],"wp:term":[{"taxonomy":"product_cat","embeddable":true,"href":"https:\/\/lartusihome.com\/et\/wp-json\/wp\/v2\/product_cat?post=187922"},{"taxonomy":"product_tag","embeddable":true,"href":"https:\/\/lartusihome.com\/et\/wp-json\/wp\/v2\/product_tag?post=187922"},{"taxonomy":"giftcard-category","embeddable":true,"href":"https:\/\/lartusihome.com\/et\/wp-json\/wp\/v2\/giftcard-category?post=187922"}],"curies":[{"name":"wp","href":"https:\/\/api.w.org\/{rel}","templated":true}]}}