{"id":179473,"date":"2020-06-22T15:48:02","date_gmt":"2020-06-22T12:48:02","guid":{"rendered":"https:\/\/lartusihome.com\/toode\/03-kateseep-300-ml-pojeng-ja-johvikas\/"},"modified":"2026-03-09T17:13:03","modified_gmt":"2026-03-09T15:13:03","slug":"03-kateseep-300-ml-pojeng-ja-johvikas","status":"publish","type":"product","link":"https:\/\/lartusihome.com\/et\/toode\/03-kateseep-300-ml-pojeng-ja-johvikas\/","title":{"rendered":"03 k\u00e4teseep 300ml &#8211; pojeng &#038; j\u00f5hvikas"},"content":{"rendered":"<p>Natukene luksust t\u00f6\u00f6katele k\u00e4tele! K\u00e4teseep sisaldab pojengi ja j\u00f5hvika naturaalseid ekstrakte, mis teevad sinu k\u00e4ed pehmeks ja lillel\u00f5hnaliseks.<\/p>\n<p>HUMDAKINi tooted on parabeenivabad, ei sisalda v\u00e4rvaineid, eeterlikke \u00f5lisid, kantserogeene ega endokriins\u00fcsteemi kahjustavaid aineid. Tooted on dermatoloogiliselt testitud.<\/p>\n","protected":false},"excerpt":{"rendered":"<p>Natukene luksust t\u00f6\u00f6katele k\u00e4tele! K\u00e4teseep sisaldab pojengi ja j\u00f5hvika naturaalseid ekstrakte, mis teevad sinu k\u00e4ed pehmeks ja lillel\u00f5hnaliseks. HUMDAKINi tooted on parabeenivabad, ei sisalda v\u00e4rvaineid, eeterlikke \u00f5lisid, kantserogeene ega endokriins\u00fcsteemi kahjustavaid aineid. Tooted on dermatoloogiliselt testitud.<\/p>\n","protected":false},"featured_media":347768,"template":"","meta":{"_acf_changed":false,"inline_featured_image":false},"product_cat":[4518,15417],"product_tag":[],"giftcard-category":[],"class_list":{"0":"post-179473","1":"product","2":"type-product","3":"status-publish","4":"has-post-thumbnail","6":"product_cat-vannituba","7":"product_cat-hugieen-ja-kosmeetika","8":"pa_brand-humdakin","10":"first","11":"instock","12":"shipping-taxable","13":"purchasable","14":"product-type-simple"},"acf":[],"yoast_head":"<!-- This site is optimized with the Yoast SEO plugin v25.6 - https:\/\/yoast.com\/wordpress\/plugins\/seo\/ -->\n<title>03 k\u00e4teseep 300ml - pojeng &amp; j\u00f5hvikas - Lartusihome.com<\/title>\n<meta name=\"robots\" content=\"index, follow, max-snippet:-1, max-image-preview:large, max-video-preview:-1\" \/>\n<link rel=\"canonical\" href=\"https:\/\/lartusihome.com\/et\/toode\/03-kateseep-300-ml-pojeng-ja-johvikas\/\" \/>\n<meta property=\"og:locale\" content=\"et_EE\" \/>\n<meta property=\"og:type\" content=\"article\" \/>\n<meta property=\"og:title\" content=\"03 k\u00e4teseep 300ml - pojeng &amp; j\u00f5hvikas - Lartusihome.com\" \/>\n<meta property=\"og:description\" content=\"Natukene luksust t\u00f6\u00f6katele k\u00e4tele! K\u00e4teseep sisaldab pojengi ja j\u00f5hvika naturaalseid ekstrakte, mis teevad sinu k\u00e4ed pehmeks ja lillel\u00f5hnaliseks. HUMDAKINi tooted on parabeenivabad, ei sisalda v\u00e4rvaineid, eeterlikke \u00f5lisid, kantserogeene ega endokriins\u00fcsteemi kahjustavaid aineid. Tooted on dermatoloogiliselt testitud.\" \/>\n<meta property=\"og:url\" content=\"https:\/\/lartusihome.com\/et\/toode\/03-kateseep-300-ml-pojeng-ja-johvikas\/\" \/>\n<meta property=\"og:site_name\" content=\"Lartusihome.com\" \/>\n<meta property=\"article:publisher\" content=\"https:\/\/www.facebook.com\/lartusihome\/\" \/>\n<meta property=\"article:modified_time\" content=\"2026-03-09T15:13:03+00:00\" \/>\n<meta property=\"og:image\" content=\"https:\/\/lartusihome.com\/wp-content\/uploads\/2020\/06\/Humdakin_SKU150_03HandSoap.jpg\" \/>\n\t<meta property=\"og:image:width\" content=\"2000\" \/>\n\t<meta property=\"og:image:height\" content=\"2000\" \/>\n\t<meta property=\"og:image:type\" content=\"image\/jpeg\" \/>\n<meta name=\"twitter:card\" content=\"summary_large_image\" \/>\n<meta name=\"twitter:label1\" content=\"Est. reading time\" \/>\n\t<meta name=\"twitter:data1\" content=\"1 minut\" \/>\n<script type=\"application\/ld+json\" class=\"yoast-schema-graph\">{\"@context\":\"https:\/\/schema.org\",\"@graph\":[{\"@type\":\"WebPage\",\"@id\":\"https:\/\/lartusihome.com\/et\/toode\/03-kateseep-300-ml-pojeng-ja-johvikas\/\",\"url\":\"https:\/\/lartusihome.com\/et\/toode\/03-kateseep-300-ml-pojeng-ja-johvikas\/\",\"name\":\"03 k\u00e4teseep 300ml - pojeng & j\u00f5hvikas - Lartusihome.com\",\"isPartOf\":{\"@id\":\"https:\/\/lartusihome.com\/et\/#website\"},\"primaryImageOfPage\":{\"@id\":\"https:\/\/lartusihome.com\/et\/toode\/03-kateseep-300-ml-pojeng-ja-johvikas\/#primaryimage\"},\"image\":{\"@id\":\"https:\/\/lartusihome.com\/et\/toode\/03-kateseep-300-ml-pojeng-ja-johvikas\/#primaryimage\"},\"thumbnailUrl\":\"https:\/\/lartusihome.com\/wp-content\/uploads\/2020\/06\/Humdakin_SKU150_03HandSoap.jpg\",\"datePublished\":\"2020-06-22T12:48:02+00:00\",\"dateModified\":\"2026-03-09T15:13:03+00:00\",\"breadcrumb\":{\"@id\":\"https:\/\/lartusihome.com\/et\/toode\/03-kateseep-300-ml-pojeng-ja-johvikas\/#breadcrumb\"},\"inLanguage\":\"et\",\"potentialAction\":[{\"@type\":\"ReadAction\",\"target\":[\"https:\/\/lartusihome.com\/et\/toode\/03-kateseep-300-ml-pojeng-ja-johvikas\/\"]}]},{\"@type\":\"ImageObject\",\"inLanguage\":\"et\",\"@id\":\"https:\/\/lartusihome.com\/et\/toode\/03-kateseep-300-ml-pojeng-ja-johvikas\/#primaryimage\",\"url\":\"https:\/\/lartusihome.com\/wp-content\/uploads\/2020\/06\/Humdakin_SKU150_03HandSoap.jpg\",\"contentUrl\":\"https:\/\/lartusihome.com\/wp-content\/uploads\/2020\/06\/Humdakin_SKU150_03HandSoap.jpg\",\"width\":2000,\"height\":2000},{\"@type\":\"BreadcrumbList\",\"@id\":\"https:\/\/lartusihome.com\/et\/toode\/03-kateseep-300-ml-pojeng-ja-johvikas\/#breadcrumb\",\"itemListElement\":[{\"@type\":\"ListItem\",\"position\":1,\"name\":\"Home\",\"item\":\"https:\/\/lartusihome.com\/et\/\"},{\"@type\":\"ListItem\",\"position\":2,\"name\":\"Pood\",\"item\":\"https:\/\/lartusihome.com\/et\/pood\/\"},{\"@type\":\"ListItem\",\"position\":3,\"name\":\"03 k\u00e4teseep 300ml &#8211; pojeng &#038; j\u00f5hvikas\"}]},{\"@type\":\"WebSite\",\"@id\":\"https:\/\/lartusihome.com\/et\/#website\",\"url\":\"https:\/\/lartusihome.com\/et\/\",\"name\":\"Lartusihome.com\",\"description\":\"Kodu \/ sisustus\",\"potentialAction\":[{\"@type\":\"SearchAction\",\"target\":{\"@type\":\"EntryPoint\",\"urlTemplate\":\"https:\/\/lartusihome.com\/et\/?s={search_term_string}\"},\"query-input\":{\"@type\":\"PropertyValueSpecification\",\"valueRequired\":true,\"valueName\":\"search_term_string\"}}],\"inLanguage\":\"et\"}]}<\/script>\n<!-- \/ Yoast SEO plugin. -->","yoast_head_json":{"title":"03 k\u00e4teseep 300ml - pojeng & j\u00f5hvikas - Lartusihome.com","robots":{"index":"index","follow":"follow","max-snippet":"max-snippet:-1","max-image-preview":"max-image-preview:large","max-video-preview":"max-video-preview:-1"},"canonical":"https:\/\/lartusihome.com\/et\/toode\/03-kateseep-300-ml-pojeng-ja-johvikas\/","og_locale":"et_EE","og_type":"article","og_title":"03 k\u00e4teseep 300ml - pojeng & j\u00f5hvikas - Lartusihome.com","og_description":"Natukene luksust t\u00f6\u00f6katele k\u00e4tele! K\u00e4teseep sisaldab pojengi ja j\u00f5hvika naturaalseid ekstrakte, mis teevad sinu k\u00e4ed pehmeks ja lillel\u00f5hnaliseks. HUMDAKINi tooted on parabeenivabad, ei sisalda v\u00e4rvaineid, eeterlikke \u00f5lisid, kantserogeene ega endokriins\u00fcsteemi kahjustavaid aineid. Tooted on dermatoloogiliselt testitud.","og_url":"https:\/\/lartusihome.com\/et\/toode\/03-kateseep-300-ml-pojeng-ja-johvikas\/","og_site_name":"Lartusihome.com","article_publisher":"https:\/\/www.facebook.com\/lartusihome\/","article_modified_time":"2026-03-09T15:13:03+00:00","og_image":[{"width":2000,"height":2000,"url":"https:\/\/lartusihome.com\/wp-content\/uploads\/2020\/06\/Humdakin_SKU150_03HandSoap.jpg","type":"image\/jpeg"}],"twitter_card":"summary_large_image","twitter_misc":{"Est. reading time":"1 minut"},"schema":{"@context":"https:\/\/schema.org","@graph":[{"@type":"WebPage","@id":"https:\/\/lartusihome.com\/et\/toode\/03-kateseep-300-ml-pojeng-ja-johvikas\/","url":"https:\/\/lartusihome.com\/et\/toode\/03-kateseep-300-ml-pojeng-ja-johvikas\/","name":"03 k\u00e4teseep 300ml - pojeng & j\u00f5hvikas - Lartusihome.com","isPartOf":{"@id":"https:\/\/lartusihome.com\/et\/#website"},"primaryImageOfPage":{"@id":"https:\/\/lartusihome.com\/et\/toode\/03-kateseep-300-ml-pojeng-ja-johvikas\/#primaryimage"},"image":{"@id":"https:\/\/lartusihome.com\/et\/toode\/03-kateseep-300-ml-pojeng-ja-johvikas\/#primaryimage"},"thumbnailUrl":"https:\/\/lartusihome.com\/wp-content\/uploads\/2020\/06\/Humdakin_SKU150_03HandSoap.jpg","datePublished":"2020-06-22T12:48:02+00:00","dateModified":"2026-03-09T15:13:03+00:00","breadcrumb":{"@id":"https:\/\/lartusihome.com\/et\/toode\/03-kateseep-300-ml-pojeng-ja-johvikas\/#breadcrumb"},"inLanguage":"et","potentialAction":[{"@type":"ReadAction","target":["https:\/\/lartusihome.com\/et\/toode\/03-kateseep-300-ml-pojeng-ja-johvikas\/"]}]},{"@type":"ImageObject","inLanguage":"et","@id":"https:\/\/lartusihome.com\/et\/toode\/03-kateseep-300-ml-pojeng-ja-johvikas\/#primaryimage","url":"https:\/\/lartusihome.com\/wp-content\/uploads\/2020\/06\/Humdakin_SKU150_03HandSoap.jpg","contentUrl":"https:\/\/lartusihome.com\/wp-content\/uploads\/2020\/06\/Humdakin_SKU150_03HandSoap.jpg","width":2000,"height":2000},{"@type":"BreadcrumbList","@id":"https:\/\/lartusihome.com\/et\/toode\/03-kateseep-300-ml-pojeng-ja-johvikas\/#breadcrumb","itemListElement":[{"@type":"ListItem","position":1,"name":"Home","item":"https:\/\/lartusihome.com\/et\/"},{"@type":"ListItem","position":2,"name":"Pood","item":"https:\/\/lartusihome.com\/et\/pood\/"},{"@type":"ListItem","position":3,"name":"03 k\u00e4teseep 300ml &#8211; pojeng &#038; j\u00f5hvikas"}]},{"@type":"WebSite","@id":"https:\/\/lartusihome.com\/et\/#website","url":"https:\/\/lartusihome.com\/et\/","name":"Lartusihome.com","description":"Kodu \/ sisustus","potentialAction":[{"@type":"SearchAction","target":{"@type":"EntryPoint","urlTemplate":"https:\/\/lartusihome.com\/et\/?s={search_term_string}"},"query-input":{"@type":"PropertyValueSpecification","valueRequired":true,"valueName":"search_term_string"}}],"inLanguage":"et"}]}},"_links":{"self":[{"href":"https:\/\/lartusihome.com\/et\/wp-json\/wp\/v2\/product\/179473"}],"collection":[{"href":"https:\/\/lartusihome.com\/et\/wp-json\/wp\/v2\/product"}],"about":[{"href":"https:\/\/lartusihome.com\/et\/wp-json\/wp\/v2\/types\/product"}],"wp:featuredmedia":[{"embeddable":true,"href":"https:\/\/lartusihome.com\/et\/wp-json\/wp\/v2\/media\/347768"}],"wp:attachment":[{"href":"https:\/\/lartusihome.com\/et\/wp-json\/wp\/v2\/media?parent=179473"}],"wp:term":[{"taxonomy":"product_cat","embeddable":true,"href":"https:\/\/lartusihome.com\/et\/wp-json\/wp\/v2\/product_cat?post=179473"},{"taxonomy":"product_tag","embeddable":true,"href":"https:\/\/lartusihome.com\/et\/wp-json\/wp\/v2\/product_tag?post=179473"},{"taxonomy":"giftcard-category","embeddable":true,"href":"https:\/\/lartusihome.com\/et\/wp-json\/wp\/v2\/giftcard-category?post=179473"}],"curies":[{"name":"wp","href":"https:\/\/api.w.org\/{rel}","templated":true}]}}