{"id":331457,"date":"2023-09-20T15:38:38","date_gmt":"2023-09-20T12:38:38","guid":{"rendered":"https:\/\/lartusihome.com\/?page_id=331457"},"modified":"2024-05-04T11:32:41","modified_gmt":"2024-05-04T08:32:41","slug":"esto","status":"publish","type":"page","link":"https:\/\/lartusihome.com\/et\/esto\/","title":{"rendered":"ESTO"},"content":{"rendered":"<p>MIS ON ESTO?<\/p>\n<p>ESTO on finantsteenuseid pakkuv ettev\u00f5te, mille algusaeg ulatub aastasse 2016. Br\u00e4nd sai alguse vajadusest uue generatsiooni makselahenduste j\u00e4rele, mis oleksid sobilikud nii l\u00f5pptarbijale kui ka m\u00fc\u00fcjale. T\u00e4na pakub ESTO k\u00f5ige suuremat valikut erinevaid makselahendusi Baltikumis ning ESTO partnerv\u00f5rgustikku kuulub \u00fcle 2600 koost\u00f6\u00f6partneri ja kaupluse ning \u00fcle 300 000 kliendi.<\/p>\n<p>Tutvu tingimustega siin: www.esto.ee<\/p>\n<p>Vajadusel kontakteeruge ESTO AS t\u00f6\u00f6tajaga &#8211; info@esto.ee v\u00f5i www.esto.ee LIVE chat-aknas.<\/p>\n<h3>1. ESTO j\u00e4relmaks<\/h3>\n<p><img decoding=\"async\" class=\"alignnone size-medium wp-image-331458\" src=\"https:\/\/lartusihome.com\/wp-content\/uploads\/2023\/09\/jarelmaks-720x377.jpg\" alt=\"\" width=\"720\" height=\"377\" srcset=\"https:\/\/lartusihome.com\/wp-content\/uploads\/2023\/09\/jarelmaks-720x377.jpg 720w, https:\/\/lartusihome.com\/wp-content\/uploads\/2023\/09\/jarelmaks-768x402.jpg 768w, https:\/\/lartusihome.com\/wp-content\/uploads\/2023\/09\/jarelmaks-600x314.jpg 600w, https:\/\/lartusihome.com\/wp-content\/uploads\/2023\/09\/jarelmaks.jpg 1000w\" sizes=\"(max-width: 720px) 100vw, 720px\" \/><\/p>\n<p>Ei soovi maksta kogu summat korraga? Maksa osamaksete kaupa!<\/p>\n<p>ESTO j\u00e4relmaksu puhul on tegemist \u00fclimalt kiire ning mugava makselahendusega, mis aitab koostada sulle sinu poolt valitud perioodi alusel maksegraafiku. Makselahendus teeb otsuse reaalajas ning aitab ostu sooritada v\u00e4hem kui 60 sekundiga.<\/p>\n<p>Lisa sobivad tooted ostukorvi, kinnita oma tellimus ning vali makseviisidest ESTO j\u00e4relmaks. Ostu kinnitamisel vali endale sobiv periood, igakuise osamakse suurus ning digiallkirjasta mugavalt ID-kaardi, Smart-ID v\u00f5i Mobiili-ID abil.<\/p>\n<p>\u2022 ESTO j\u00e4relmaksu saavad taotleda k\u00f5ik 18-70-aastased Eesti Vabariigi kodanikud.<br \/>\n\u2022 ESTO j\u00e4relmaks on v\u00f5imalik vormistada kiirelt ja mugavalt ka juriidilisele isikule.<br \/>\n\u2022 ESTO j\u00e4relmaksu pakub ja haldab ESTO AS.<\/p>\n<p>T\u00c4HELEPANU! Iga j\u00e4relmaks on finantskohustus. Enne j\u00e4relmaksulepingu s\u00f5lmimist tutvuge vastava teenuse tingimustega ning vajadusel konsulteerige asjatundjaga. Iga finantsotsusega kaasnevad riskid ja kohustused, mist\u00f5ttu palume laenutoodete tarbimise vajadus hoolikalt l\u00e4bi m\u00f5elda. N\u00e4iteks 1290-eurose laenusumma puhul 24 kuuks fikseeritud intressiga 14.90% aastas ja lepingutasuga 0 eurot on krediidi kulukuse m\u00e4\u00e4r 31.62%, kuumakse suurus 70.67 eurot ning tarbija poolt tagasimakstav kogusumma 1696.08 eurot. J\u00e4relmaks on finantskohustus ning enne otsuse tegemist tutvuge p\u00f5hjalikult lepingutingimustega ja vajadusel pidage n\u00f5u ESTO AS t\u00f6\u00f6tajaga v\u00f5i muu asjatundjaga. J\u00e4relmaksu pakub ja haldab ESTO AS.<\/p>\n<h3>2. ESTO 3<\/h3>\n<p><img decoding=\"async\" class=\"alignnone size-medium wp-image-331462\" src=\"https:\/\/lartusihome.com\/wp-content\/uploads\/2023\/09\/esto3-1-720x377.jpg\" alt=\"\" width=\"720\" height=\"377\" srcset=\"https:\/\/lartusihome.com\/wp-content\/uploads\/2023\/09\/esto3-1-720x377.jpg 720w, https:\/\/lartusihome.com\/wp-content\/uploads\/2023\/09\/esto3-1-768x402.jpg 768w, https:\/\/lartusihome.com\/wp-content\/uploads\/2023\/09\/esto3-1-600x314.jpg 600w, https:\/\/lartusihome.com\/wp-content\/uploads\/2023\/09\/esto3-1.jpg 1000w\" sizes=\"(max-width: 720px) 100vw, 720px\" \/><\/p>\n<p>ESTO 3 makseviis on innovatiivne lahendus, mis v\u00f5imaldab ostu kinnitada ja tasuda mugavalt ning kiirelt &#8211; kolmes v\u00f5rdses osas, ilma lisatasudeta!<\/p>\n<p>Vali e-poe kassas oma ostude eest tasumiseks \u00fclimalt populaarne ESTO 3-osaline makseviis!<\/p>\n<p>ESTO 3 aitab jagada ostusumma kuni 3-ks v\u00f5rdseks osaks.<\/p>\n<p>\u2022 \u00dchtegi lisatasu ei lisandu.<br \/>\n\u2022 Lihtsalt kolm v\u00f5rdses osas makset, kolme kuu jooksul.<br \/>\n\u2022 Esimene makse on alles j\u00e4rgmise kuu 15. kuup\u00e4eval.<\/p>\n<p>ESTO 3 makseviisi pakub ja haldab ESTO AS.<\/p>\n<h3>3. ESTO Pay Later<\/h3>\n<p><img decoding=\"async\" class=\"alignnone size-medium wp-image-354547\" src=\"https:\/\/lartusihome.com\/wp-content\/uploads\/2024\/03\/maksahiljem-720x462.jpg\" alt=\"\" width=\"720\" height=\"462\" srcset=\"https:\/\/lartusihome.com\/wp-content\/uploads\/2024\/03\/maksahiljem-720x462.jpg 720w, https:\/\/lartusihome.com\/wp-content\/uploads\/2024\/03\/maksahiljem-1024x657.jpg 1024w, https:\/\/lartusihome.com\/wp-content\/uploads\/2024\/03\/maksahiljem-768x492.jpg 768w, https:\/\/lartusihome.com\/wp-content\/uploads\/2024\/03\/maksahiljem-1536x985.jpg 1536w, https:\/\/lartusihome.com\/wp-content\/uploads\/2024\/03\/maksahiljem-600x385.jpg 600w, https:\/\/lartusihome.com\/wp-content\/uploads\/2024\/03\/maksahiljem.jpg 1920w\" sizes=\"(max-width: 720px) 100vw, 720px\" \/><\/p>\n<p>Vali oma ostude eest tasumiseks k\u00f5ige uuem ja innovatiivsem makseviis turul &#8211; ESTO Pay Later! Kinnita ost vaid paari klikiga, saa tellimus k\u00e4tte ning maksa tagasi ilma \u00fchegi lisakuluta 30 p\u00e4eva jooksul! Ole nutikas ja vali ostude eest tasumiseks ESTO Pay Later! Uus ja innovaatiline makselahendus aitab ostude eest tasuda mugavalt 30 p\u00e4eva jooksul. ESTO Pay Later on nutikate inimeste makseviis &#8211; saa kaup kohe k\u00e4tte ning maksa tagasi paindliku tagasimaksegraafiku alusel.<br \/>\nSoeta paari klikiga just seda, mida vajad &#8211; puudub intress, lisatasu ja sissemakse!<\/p>\n<p>\u2022 Paindlik tagasimakse graafik.<br \/>\n\u2022 Saa tellimus kohe k\u00e4tte ja tasu rahulikult 30 p\u00e4eva jooksul.<br \/>\n\u2022 0% intress ja 0\u20ac lisakulu.<\/p>\n<p>&nbsp;<\/p>\n","protected":false},"excerpt":{"rendered":"<p>MIS ON ESTO? ESTO on finantsteenuseid pakkuv ettev\u00f5te, mille algusaeg ulatub aastasse 2016. Br\u00e4nd sai alguse vajadusest uue generatsiooni makselahenduste j\u00e4rele, mis oleksid sobilikud nii l\u00f5pptarbijale kui ka m\u00fc\u00fcjale. T\u00e4na pakub ESTO k\u00f5ige suuremat valikut erinevaid makselahendusi Baltikumis ning ESTO partnerv\u00f5rgustikku kuulub \u00fcle 2600 koost\u00f6\u00f6partneri ja kaupluse ning \u00fcle 300 000 kliendi. Tutvu tingimustega siin:&hellip;<\/p>\n","protected":false},"author":60,"featured_media":0,"parent":0,"menu_order":0,"comment_status":"closed","ping_status":"closed","template":"","meta":{"_acf_changed":false,"inline_featured_image":false,"footnotes":""},"class_list":["post-331457","page","type-page","status-publish","hentry"],"acf":[],"yoast_head":"<!-- This site is optimized with the Yoast SEO plugin v25.6 - https:\/\/yoast.com\/wordpress\/plugins\/seo\/ -->\n<title>ESTO - Lartusihome.com<\/title>\n<meta name=\"robots\" content=\"index, follow, max-snippet:-1, max-image-preview:large, max-video-preview:-1\" \/>\n<link rel=\"canonical\" href=\"https:\/\/lartusihome.com\/et\/esto\/\" \/>\n<meta property=\"og:locale\" content=\"et_EE\" \/>\n<meta property=\"og:type\" content=\"article\" \/>\n<meta property=\"og:title\" content=\"ESTO - Lartusihome.com\" \/>\n<meta property=\"og:description\" content=\"MIS ON ESTO? ESTO on finantsteenuseid pakkuv ettev\u00f5te, mille algusaeg ulatub aastasse 2016. Br\u00e4nd sai alguse vajadusest uue generatsiooni makselahenduste j\u00e4rele, mis oleksid sobilikud nii l\u00f5pptarbijale kui ka m\u00fc\u00fcjale. T\u00e4na pakub ESTO k\u00f5ige suuremat valikut erinevaid makselahendusi Baltikumis ning ESTO partnerv\u00f5rgustikku kuulub \u00fcle 2600 koost\u00f6\u00f6partneri ja kaupluse ning \u00fcle 300 000 kliendi. Tutvu tingimustega siin:&hellip;\" \/>\n<meta property=\"og:url\" content=\"https:\/\/lartusihome.com\/et\/esto\/\" \/>\n<meta property=\"og:site_name\" content=\"Lartusihome.com\" \/>\n<meta property=\"article:publisher\" content=\"https:\/\/www.facebook.com\/lartusihome\/\" \/>\n<meta property=\"article:modified_time\" content=\"2024-05-04T08:32:41+00:00\" \/>\n<meta property=\"og:image\" content=\"https:\/\/lartusihome.com\/wp-content\/uploads\/2023\/09\/jarelmaks-720x377.jpg\" \/>\n<meta name=\"twitter:card\" content=\"summary_large_image\" \/>\n<meta name=\"twitter:label1\" content=\"Est. reading time\" \/>\n\t<meta name=\"twitter:data1\" content=\"3 minutit\" \/>\n<script type=\"application\/ld+json\" class=\"yoast-schema-graph\">{\"@context\":\"https:\/\/schema.org\",\"@graph\":[{\"@type\":\"WebPage\",\"@id\":\"https:\/\/lartusihome.com\/et\/esto\/\",\"url\":\"https:\/\/lartusihome.com\/et\/esto\/\",\"name\":\"ESTO - Lartusihome.com\",\"isPartOf\":{\"@id\":\"https:\/\/lartusihome.com\/et\/#website\"},\"primaryImageOfPage\":{\"@id\":\"https:\/\/lartusihome.com\/et\/esto\/#primaryimage\"},\"image\":{\"@id\":\"https:\/\/lartusihome.com\/et\/esto\/#primaryimage\"},\"thumbnailUrl\":\"https:\/\/lartusihome.com\/wp-content\/uploads\/2023\/09\/jarelmaks-720x377.jpg\",\"datePublished\":\"2023-09-20T12:38:38+00:00\",\"dateModified\":\"2024-05-04T08:32:41+00:00\",\"breadcrumb\":{\"@id\":\"https:\/\/lartusihome.com\/et\/esto\/#breadcrumb\"},\"inLanguage\":\"et\",\"potentialAction\":[{\"@type\":\"ReadAction\",\"target\":[\"https:\/\/lartusihome.com\/et\/esto\/\"]}]},{\"@type\":\"ImageObject\",\"inLanguage\":\"et\",\"@id\":\"https:\/\/lartusihome.com\/et\/esto\/#primaryimage\",\"url\":\"https:\/\/lartusihome.com\/wp-content\/uploads\/2023\/09\/jarelmaks-720x377.jpg\",\"contentUrl\":\"https:\/\/lartusihome.com\/wp-content\/uploads\/2023\/09\/jarelmaks-720x377.jpg\"},{\"@type\":\"BreadcrumbList\",\"@id\":\"https:\/\/lartusihome.com\/et\/esto\/#breadcrumb\",\"itemListElement\":[{\"@type\":\"ListItem\",\"position\":1,\"name\":\"Home\",\"item\":\"https:\/\/lartusihome.com\/et\/\"},{\"@type\":\"ListItem\",\"position\":2,\"name\":\"ESTO\"}]},{\"@type\":\"WebSite\",\"@id\":\"https:\/\/lartusihome.com\/et\/#website\",\"url\":\"https:\/\/lartusihome.com\/et\/\",\"name\":\"Lartusihome.com\",\"description\":\"Kodu \/ sisustus\",\"potentialAction\":[{\"@type\":\"SearchAction\",\"target\":{\"@type\":\"EntryPoint\",\"urlTemplate\":\"https:\/\/lartusihome.com\/et\/?s={search_term_string}\"},\"query-input\":{\"@type\":\"PropertyValueSpecification\",\"valueRequired\":true,\"valueName\":\"search_term_string\"}}],\"inLanguage\":\"et\"}]}<\/script>\n<!-- \/ Yoast SEO plugin. -->","yoast_head_json":{"title":"ESTO - Lartusihome.com","robots":{"index":"index","follow":"follow","max-snippet":"max-snippet:-1","max-image-preview":"max-image-preview:large","max-video-preview":"max-video-preview:-1"},"canonical":"https:\/\/lartusihome.com\/et\/esto\/","og_locale":"et_EE","og_type":"article","og_title":"ESTO - Lartusihome.com","og_description":"MIS ON ESTO? ESTO on finantsteenuseid pakkuv ettev\u00f5te, mille algusaeg ulatub aastasse 2016. Br\u00e4nd sai alguse vajadusest uue generatsiooni makselahenduste j\u00e4rele, mis oleksid sobilikud nii l\u00f5pptarbijale kui ka m\u00fc\u00fcjale. T\u00e4na pakub ESTO k\u00f5ige suuremat valikut erinevaid makselahendusi Baltikumis ning ESTO partnerv\u00f5rgustikku kuulub \u00fcle 2600 koost\u00f6\u00f6partneri ja kaupluse ning \u00fcle 300 000 kliendi. Tutvu tingimustega siin:&hellip;","og_url":"https:\/\/lartusihome.com\/et\/esto\/","og_site_name":"Lartusihome.com","article_publisher":"https:\/\/www.facebook.com\/lartusihome\/","article_modified_time":"2024-05-04T08:32:41+00:00","og_image":[{"url":"https:\/\/lartusihome.com\/wp-content\/uploads\/2023\/09\/jarelmaks-720x377.jpg","type":"","width":"","height":""}],"twitter_card":"summary_large_image","twitter_misc":{"Est. reading time":"3 minutit"},"schema":{"@context":"https:\/\/schema.org","@graph":[{"@type":"WebPage","@id":"https:\/\/lartusihome.com\/et\/esto\/","url":"https:\/\/lartusihome.com\/et\/esto\/","name":"ESTO - Lartusihome.com","isPartOf":{"@id":"https:\/\/lartusihome.com\/et\/#website"},"primaryImageOfPage":{"@id":"https:\/\/lartusihome.com\/et\/esto\/#primaryimage"},"image":{"@id":"https:\/\/lartusihome.com\/et\/esto\/#primaryimage"},"thumbnailUrl":"https:\/\/lartusihome.com\/wp-content\/uploads\/2023\/09\/jarelmaks-720x377.jpg","datePublished":"2023-09-20T12:38:38+00:00","dateModified":"2024-05-04T08:32:41+00:00","breadcrumb":{"@id":"https:\/\/lartusihome.com\/et\/esto\/#breadcrumb"},"inLanguage":"et","potentialAction":[{"@type":"ReadAction","target":["https:\/\/lartusihome.com\/et\/esto\/"]}]},{"@type":"ImageObject","inLanguage":"et","@id":"https:\/\/lartusihome.com\/et\/esto\/#primaryimage","url":"https:\/\/lartusihome.com\/wp-content\/uploads\/2023\/09\/jarelmaks-720x377.jpg","contentUrl":"https:\/\/lartusihome.com\/wp-content\/uploads\/2023\/09\/jarelmaks-720x377.jpg"},{"@type":"BreadcrumbList","@id":"https:\/\/lartusihome.com\/et\/esto\/#breadcrumb","itemListElement":[{"@type":"ListItem","position":1,"name":"Home","item":"https:\/\/lartusihome.com\/et\/"},{"@type":"ListItem","position":2,"name":"ESTO"}]},{"@type":"WebSite","@id":"https:\/\/lartusihome.com\/et\/#website","url":"https:\/\/lartusihome.com\/et\/","name":"Lartusihome.com","description":"Kodu \/ sisustus","potentialAction":[{"@type":"SearchAction","target":{"@type":"EntryPoint","urlTemplate":"https:\/\/lartusihome.com\/et\/?s={search_term_string}"},"query-input":{"@type":"PropertyValueSpecification","valueRequired":true,"valueName":"search_term_string"}}],"inLanguage":"et"}]}},"_links":{"self":[{"href":"https:\/\/lartusihome.com\/et\/wp-json\/wp\/v2\/pages\/331457"}],"collection":[{"href":"https:\/\/lartusihome.com\/et\/wp-json\/wp\/v2\/pages"}],"about":[{"href":"https:\/\/lartusihome.com\/et\/wp-json\/wp\/v2\/types\/page"}],"author":[{"embeddable":true,"href":"https:\/\/lartusihome.com\/et\/wp-json\/wp\/v2\/users\/60"}],"replies":[{"embeddable":true,"href":"https:\/\/lartusihome.com\/et\/wp-json\/wp\/v2\/comments?post=331457"}],"version-history":[{"count":3,"href":"https:\/\/lartusihome.com\/et\/wp-json\/wp\/v2\/pages\/331457\/revisions"}],"predecessor-version":[{"id":361018,"href":"https:\/\/lartusihome.com\/et\/wp-json\/wp\/v2\/pages\/331457\/revisions\/361018"}],"wp:attachment":[{"href":"https:\/\/lartusihome.com\/et\/wp-json\/wp\/v2\/media?parent=331457"}],"curies":[{"name":"wp","href":"https:\/\/api.w.org\/{rel}","templated":true}]}}