{"id":179045,"date":"2022-06-21T16:55:09","date_gmt":"2022-06-21T13:55:09","guid":{"rendered":"https:\/\/lartusihome.com\/terms-of-service\/"},"modified":"2024-03-10T19:46:38","modified_gmt":"2024-03-10T17:46:38","slug":"muugitingimused","status":"publish","type":"page","link":"https:\/\/lartusihome.com\/et\/muugitingimused\/","title":{"rendered":"M\u00fc\u00fcgitingimused"},"content":{"rendered":"<h2>PRIVAATSUSPOLIITIKA JA M\u00dc\u00dcGITINGIMUSED<\/h2>\n<p>K\u00e4esolevad m\u00fc\u00fcgitingimused kehtivad Lartusi Home O\u00dc veebipoest ostmisel internetiaadressil: www.lartusihome.com. Kauba m\u00fc\u00fcja on Lartusi HomeO\u00dc, Maakri 23a Tallinn, registrikood 16533224, tel +37253025972. Tingimused kehtivad k\u00f5igi isikute ja m\u00fc\u00fcja vahel ostutehingute sooritamisel e-poest.<\/p>\n<p>Lartusi Home O\u00dc veebipood kasutab ostja poolt sisestatud isikuandmeid (nimi, telefoninumber, aadress, e-posti aadress, pangarekvisiidid) ainult tellimuste t\u00f6\u00f6tlemiseks ning kauba ostjani toimetamiseks.<\/p>\n<p>M\u00fc\u00fcjal on \u00f5igus muuta \u00fchepoolselt tingimusi, andes uutest tingimustest teada veebipoe m\u00fc\u00fcgitingimustes. Kui klient esitas tellimuse enne tingimuste muutmist, siis kehtivad ostu hetkel kehtinud tingimused.<\/p>\n<p>M\u00fc\u00fcja poolt esitatud tingimustele lisaks kehtivad e-poest ostes Eesti Vabariigis kehtivad \u00f5igusaktid e-kaubandusele.<\/p>\n<p>Klient saab Lartusi Home O\u00dc veebipoest osta kaupu, tasudes kogu tellimuse summa koheselt l\u00e4bi maksekeskkonna. Enne makse sooritamist kontrollib klient \u00fcle tellimuse, et andmed vastaksid tegelikule soovile.<\/p>\n<p>Meie e-poe maksevahendaja on Montonio Finance O\u00dc.<\/p>\n<p>Lartusi Home O\u00dc on isikuandmete vastutav t\u00f6\u00f6tleja, Lartusi Home O\u00dc edastab maksete teostamiseks vajalikud isikuandmed volitatud t\u00f6\u00f6tleja Montonio Finance O\u00dc-le.\u201d<\/p>\n<p>Klient valib ise kauba k\u00e4ttetoimetamise viisi \u2013 kas kasutades pakiautomaadi teenust (Smartpost, Omniva, DPD), kullerit v\u00f5i kaubale ise j\u00e4rele tulles.<\/p>\n<p>Tellimuse ja tasumise kohta tuleb kliendi meilile vastav kinnitus.<\/p>\n<p>M\u00fc\u00fcgileping kliendi ja m\u00fc\u00fcja vahel j\u00f5ustub, kui klient on tasunud tellimuse kogu summa eest.<\/p>\n<p>Kui m\u00fc\u00fcja ei saa tellimust t\u00e4ita 21 p\u00e4eva jooksul, siis tagastatakse t\u00e4itmata j\u00e4\u00e4nud tellimuse summa (kliendile koheselt) kliendi pangakontole, kui klient ei n\u00f5ustu pikema tellimuse t\u00e4itmise ajaga.<\/p>\n<p>&nbsp;<\/p>\n<h3>ISIKUANDMETE KOGUMINE JA T\u00d6\u00d6TLEMINE<\/h3>\n<p>Veebilehte kasutades annab tarbija n\u00f5usoleku oma andmete kogumiseks ja t\u00f6\u00f6tlemiseks koosk\u00f5las k\u00e4esoleva poliitikaga. Isikuandmed on muuhulgas nimi, kontakttelefon, paki k\u00e4tte toimetamise aadress, e-postiaadress, suhtluskeel ja tarbimiseelistused.<\/p>\n<p>&nbsp;<\/p>\n<h3>K\u00dcPSISTE POLIITIKA<\/h3>\n<p>Sarnaselt enamustele veebilehe operaatoritele kogume informatsiooni, mida tarbija brauser saadab veebilehte k\u00fclastades. See informatsioon v\u00f5ib muuhulgas sisaldada andmeid tarbija arvuti IP aadressi, brauseri t\u00fc\u00fcbi, meie lehel k\u00fclastatud alalehtede, k\u00fclastusaja ja statistika kohta. Lisaks v\u00f5ime kasutada kolmandate osapoolte teenused ja k\u00fcpsisefaile, nt Google Analytics ja Facebook Inc. (Facebook), mis neid koguvad, j\u00e4lgivad ja anal\u00fc\u00fcsivad.<\/p>\n<p>E-pood kasutab k\u00fcpsisefaile (serveri poolt saadetavad IT-andmed- v\u00e4ikesed tekstifailid, mida veebilehitsejad s\u00e4ilitavad tarbija l\u00f5ppseadmes), mis v\u00f5imaldavad tuvastada tarbija seadme ja kuvada e-poe veebilehte vastaval tema individuaalsetele vajadustele kohandatud viisil. K\u00fcpsisefailid ei ole arvuti jaoks ohtlikud. Veebilehitsejad lubavad tihtipeale vaikimisi k\u00fcpsisefailide s\u00e4ilitamist tarbija seadmesse, kuid neid on v\u00f5imalik ka iseseisvalt hallata, nt blokeerida valides veebilehitsejas k\u00fcpsisefailide kasutamisega mitten\u00f5ustumist. See v\u00f5ib p\u00f5hjustada m\u00f5ne e-poe funktsiooni valesti toimimist. Google Analytics v\u00f5ib siiski koguda andmeid Kasutajate aktiivsuse kohta ka ilma k\u00fcpsisefaile kasutamata. Tarbijad, kes ei soovi, et Google Analytics kasutataks nende andmeid, v\u00f5ivad paigaldada oma seadmesse Google Analytics\u2019i blokeeriva rakenduse, mis on saadaval selle lingi alt: https:\/\/tools.google.com\/dlpage\/gaoptout.<\/p>\n<h3>ANDMETE KOGUMISE VIISID JA EESM\u00c4RGID<\/h3>\n<p>E-poel on \u00f5igus kasutada isikuandmeid reklaami, uudiskirjade, kliendisuhtluse ja muu informatsiooni edastamiseks tarbijale, et muuhulgas parandada ja reklaamida oma teenuseid, toimetada kohale tellimusi v\u00f5i t\u00e4ita muid lepingulisi kohustusi. E-pood v\u00f5ib edastada tarbija isikuandmeid ka logistikapartnerile kauba kohale toimetamiseks.<\/p>\n<p>Elektrooniliste isikuandmete kasutamine otsepostituseks toimub ainult siis, kui tarbija on selle jaoks andnud eraldi n\u00f5usoleku. Tarbijal on igal ajal \u00f5igus keelata oma isikuandmete kogumine ning kasutamine, v\u00e4lja arvatud juhul, kui see on vajalik lepingust tuleneva n\u00f5ude t\u00e4itmiseks, sh kauba kohale toimetamiseks. Kr\u00fcpteeritud andmeside pankadega ostude eest tasumisel tagab tarbija personaalsete pangatunnuste turvalisuse ning neile puudub e-poele ligip\u00e4\u00e4s.<\/p>\n<h3>TURVALISUS<\/h3>\n<p>M\u00fc\u00fcja rakendab k\u00f5iki m\u00f5istlikke meetmeid t\u00f6\u00f6deldavate isikuandmete kaitseks. Juurdep\u00e4\u00e4s isikuandmete muutmiseks ja t\u00f6\u00f6tlemiseks on ainult selleks volitatud isikutel ning k\u00f5ikide veebilehe k\u00fclastajate isikuandmeid k\u00e4sitletakse kui konfidentsiaalset informatsiooni.<\/p>\n<p>&nbsp;<\/p>\n<h3>PRIVAATSUSPOLIITIKA MUUDATUSED<\/h3>\n<p>M\u00fc\u00fcja j\u00e4tab endale \u00f5iguse muuta privaatsuspoliitikat avaldades muudatused veebilehel ja tagades, et tarbijate isikuandmete seadusj\u00e4rgne kaitse j\u00e4\u00e4b tagatuks. K\u00f5igi privaatsuspoliitika v\u00f5i andmet\u00f6\u00f6tluse kohta tekkivate k\u00fcsimuste v\u00f5i muredega palume v\u00f5tta meiega \u00fchendust aadressil support@lartusihome.com<\/p>\n<h3>ANDMETE P\u00c4RING<\/h3>\n<p>Kliendil on \u00f5igus n\u00f5uda ligip\u00e4\u00e4su enda kohta k\u00e4ivatele andmetele ja vajadusel n\u00f5uda nende kustutamist. Andmete p\u00e4ringuks v\u00f5ta meiega \u00fchendust aadressil support@lartusihome.com<\/p>\n","protected":false},"excerpt":{"rendered":"<p>PRIVAATSUSPOLIITIKA JA M\u00dc\u00dcGITINGIMUSED K\u00e4esolevad m\u00fc\u00fcgitingimused kehtivad Lartusi Home O\u00dc veebipoest ostmisel internetiaadressil: www.lartusihome.com. Kauba m\u00fc\u00fcja on Lartusi HomeO\u00dc, Maakri 23a Tallinn, registrikood 16533224, tel +37253025972. Tingimused kehtivad k\u00f5igi isikute ja m\u00fc\u00fcja vahel ostutehingute sooritamisel e-poest. Lartusi Home O\u00dc veebipood kasutab ostja poolt sisestatud isikuandmeid (nimi, telefoninumber, aadress, e-posti aadress, pangarekvisiidid) ainult tellimuste t\u00f6\u00f6tlemiseks ning kauba&hellip;<\/p>\n","protected":false},"author":15,"featured_media":0,"parent":0,"menu_order":0,"comment_status":"closed","ping_status":"closed","template":"","meta":{"_acf_changed":false,"inline_featured_image":false,"footnotes":""},"class_list":["post-179045","page","type-page","status-publish","hentry"],"acf":[],"yoast_head":"<!-- This site is optimized with the Yoast SEO plugin v25.6 - https:\/\/yoast.com\/wordpress\/plugins\/seo\/ -->\n<title>M\u00fc\u00fcgitingimused - Lartusihome.com<\/title>\n<meta name=\"robots\" content=\"index, follow, max-snippet:-1, max-image-preview:large, max-video-preview:-1\" \/>\n<link rel=\"canonical\" href=\"https:\/\/lartusihome.com\/et\/muugitingimused\/\" \/>\n<meta property=\"og:locale\" content=\"et_EE\" \/>\n<meta property=\"og:type\" content=\"article\" \/>\n<meta property=\"og:title\" content=\"M\u00fc\u00fcgitingimused - Lartusihome.com\" \/>\n<meta property=\"og:description\" content=\"PRIVAATSUSPOLIITIKA JA M\u00dc\u00dcGITINGIMUSED K\u00e4esolevad m\u00fc\u00fcgitingimused kehtivad Lartusi Home O\u00dc veebipoest ostmisel internetiaadressil: www.lartusihome.com. Kauba m\u00fc\u00fcja on Lartusi HomeO\u00dc, Maakri 23a Tallinn, registrikood 16533224, tel +37253025972. Tingimused kehtivad k\u00f5igi isikute ja m\u00fc\u00fcja vahel ostutehingute sooritamisel e-poest. Lartusi Home O\u00dc veebipood kasutab ostja poolt sisestatud isikuandmeid (nimi, telefoninumber, aadress, e-posti aadress, pangarekvisiidid) ainult tellimuste t\u00f6\u00f6tlemiseks ning kauba&hellip;\" \/>\n<meta property=\"og:url\" content=\"https:\/\/lartusihome.com\/et\/muugitingimused\/\" \/>\n<meta property=\"og:site_name\" content=\"Lartusihome.com\" \/>\n<meta property=\"article:publisher\" content=\"https:\/\/www.facebook.com\/lartusihome\/\" \/>\n<meta property=\"article:modified_time\" content=\"2024-03-10T17:46:38+00:00\" \/>\n<meta property=\"og:image\" content=\"https:\/\/lartusihome.com\/wp-content\/uploads\/2019\/11\/lartusifacebook.jpg\" \/>\n\t<meta property=\"og:image:width\" content=\"1200\" \/>\n\t<meta property=\"og:image:height\" content=\"630\" \/>\n\t<meta property=\"og:image:type\" content=\"image\/jpeg\" \/>\n<meta name=\"twitter:card\" content=\"summary_large_image\" \/>\n<meta name=\"twitter:label1\" content=\"Est. reading time\" \/>\n\t<meta name=\"twitter:data1\" content=\"3 minutit\" \/>\n<script type=\"application\/ld+json\" class=\"yoast-schema-graph\">{\"@context\":\"https:\/\/schema.org\",\"@graph\":[{\"@type\":\"WebPage\",\"@id\":\"https:\/\/lartusihome.com\/et\/muugitingimused\/\",\"url\":\"https:\/\/lartusihome.com\/et\/muugitingimused\/\",\"name\":\"M\u00fc\u00fcgitingimused - Lartusihome.com\",\"isPartOf\":{\"@id\":\"https:\/\/lartusihome.com\/et\/#website\"},\"datePublished\":\"2022-06-21T13:55:09+00:00\",\"dateModified\":\"2024-03-10T17:46:38+00:00\",\"breadcrumb\":{\"@id\":\"https:\/\/lartusihome.com\/et\/muugitingimused\/#breadcrumb\"},\"inLanguage\":\"et\",\"potentialAction\":[{\"@type\":\"ReadAction\",\"target\":[\"https:\/\/lartusihome.com\/et\/muugitingimused\/\"]}]},{\"@type\":\"BreadcrumbList\",\"@id\":\"https:\/\/lartusihome.com\/et\/muugitingimused\/#breadcrumb\",\"itemListElement\":[{\"@type\":\"ListItem\",\"position\":1,\"name\":\"Home\",\"item\":\"https:\/\/lartusihome.com\/et\/\"},{\"@type\":\"ListItem\",\"position\":2,\"name\":\"M\u00fc\u00fcgitingimused\"}]},{\"@type\":\"WebSite\",\"@id\":\"https:\/\/lartusihome.com\/et\/#website\",\"url\":\"https:\/\/lartusihome.com\/et\/\",\"name\":\"Lartusihome.com\",\"description\":\"Kodu \/ sisustus\",\"potentialAction\":[{\"@type\":\"SearchAction\",\"target\":{\"@type\":\"EntryPoint\",\"urlTemplate\":\"https:\/\/lartusihome.com\/et\/?s={search_term_string}\"},\"query-input\":{\"@type\":\"PropertyValueSpecification\",\"valueRequired\":true,\"valueName\":\"search_term_string\"}}],\"inLanguage\":\"et\"}]}<\/script>\n<!-- \/ Yoast SEO plugin. -->","yoast_head_json":{"title":"M\u00fc\u00fcgitingimused - Lartusihome.com","robots":{"index":"index","follow":"follow","max-snippet":"max-snippet:-1","max-image-preview":"max-image-preview:large","max-video-preview":"max-video-preview:-1"},"canonical":"https:\/\/lartusihome.com\/et\/muugitingimused\/","og_locale":"et_EE","og_type":"article","og_title":"M\u00fc\u00fcgitingimused - Lartusihome.com","og_description":"PRIVAATSUSPOLIITIKA JA M\u00dc\u00dcGITINGIMUSED K\u00e4esolevad m\u00fc\u00fcgitingimused kehtivad Lartusi Home O\u00dc veebipoest ostmisel internetiaadressil: www.lartusihome.com. Kauba m\u00fc\u00fcja on Lartusi HomeO\u00dc, Maakri 23a Tallinn, registrikood 16533224, tel +37253025972. Tingimused kehtivad k\u00f5igi isikute ja m\u00fc\u00fcja vahel ostutehingute sooritamisel e-poest. Lartusi Home O\u00dc veebipood kasutab ostja poolt sisestatud isikuandmeid (nimi, telefoninumber, aadress, e-posti aadress, pangarekvisiidid) ainult tellimuste t\u00f6\u00f6tlemiseks ning kauba&hellip;","og_url":"https:\/\/lartusihome.com\/et\/muugitingimused\/","og_site_name":"Lartusihome.com","article_publisher":"https:\/\/www.facebook.com\/lartusihome\/","article_modified_time":"2024-03-10T17:46:38+00:00","og_image":[{"width":1200,"height":630,"url":"https:\/\/lartusihome.com\/wp-content\/uploads\/2019\/11\/lartusifacebook.jpg","type":"image\/jpeg"}],"twitter_card":"summary_large_image","twitter_misc":{"Est. reading time":"3 minutit"},"schema":{"@context":"https:\/\/schema.org","@graph":[{"@type":"WebPage","@id":"https:\/\/lartusihome.com\/et\/muugitingimused\/","url":"https:\/\/lartusihome.com\/et\/muugitingimused\/","name":"M\u00fc\u00fcgitingimused - Lartusihome.com","isPartOf":{"@id":"https:\/\/lartusihome.com\/et\/#website"},"datePublished":"2022-06-21T13:55:09+00:00","dateModified":"2024-03-10T17:46:38+00:00","breadcrumb":{"@id":"https:\/\/lartusihome.com\/et\/muugitingimused\/#breadcrumb"},"inLanguage":"et","potentialAction":[{"@type":"ReadAction","target":["https:\/\/lartusihome.com\/et\/muugitingimused\/"]}]},{"@type":"BreadcrumbList","@id":"https:\/\/lartusihome.com\/et\/muugitingimused\/#breadcrumb","itemListElement":[{"@type":"ListItem","position":1,"name":"Home","item":"https:\/\/lartusihome.com\/et\/"},{"@type":"ListItem","position":2,"name":"M\u00fc\u00fcgitingimused"}]},{"@type":"WebSite","@id":"https:\/\/lartusihome.com\/et\/#website","url":"https:\/\/lartusihome.com\/et\/","name":"Lartusihome.com","description":"Kodu \/ sisustus","potentialAction":[{"@type":"SearchAction","target":{"@type":"EntryPoint","urlTemplate":"https:\/\/lartusihome.com\/et\/?s={search_term_string}"},"query-input":{"@type":"PropertyValueSpecification","valueRequired":true,"valueName":"search_term_string"}}],"inLanguage":"et"}]}},"_links":{"self":[{"href":"https:\/\/lartusihome.com\/et\/wp-json\/wp\/v2\/pages\/179045"}],"collection":[{"href":"https:\/\/lartusihome.com\/et\/wp-json\/wp\/v2\/pages"}],"about":[{"href":"https:\/\/lartusihome.com\/et\/wp-json\/wp\/v2\/types\/page"}],"author":[{"embeddable":true,"href":"https:\/\/lartusihome.com\/et\/wp-json\/wp\/v2\/users\/15"}],"replies":[{"embeddable":true,"href":"https:\/\/lartusihome.com\/et\/wp-json\/wp\/v2\/comments?post=179045"}],"version-history":[{"count":2,"href":"https:\/\/lartusihome.com\/et\/wp-json\/wp\/v2\/pages\/179045\/revisions"}],"predecessor-version":[{"id":352785,"href":"https:\/\/lartusihome.com\/et\/wp-json\/wp\/v2\/pages\/179045\/revisions\/352785"}],"wp:attachment":[{"href":"https:\/\/lartusihome.com\/et\/wp-json\/wp\/v2\/media?parent=179045"}],"curies":[{"name":"wp","href":"https:\/\/api.w.org\/{rel}","templated":true}]}}