{"id":179027,"date":"2022-06-27T10:58:28","date_gmt":"2022-06-27T07:58:28","guid":{"rendered":"https:\/\/lartusihome.com\/return-policy\/"},"modified":"2025-02-26T11:18:08","modified_gmt":"2025-02-26T09:18:08","slug":"tagastamine","status":"publish","type":"page","link":"https:\/\/lartusihome.com\/et\/tagastamine\/","title":{"rendered":"Tagastamine"},"content":{"rendered":"<h3>KAUBA KONTROLL JA TAGASTAMINE<\/h3>\n<p>Kauba k\u00e4ttesaamisel kohustub klient avama pakendi ja kaubad \u00fcle vaatama. Juhul kui pakendis on kaupu, mille pakend on osa kaubast \u2013 n\u00e4iteks j\u00f5ulukalendrid jms kaubad, mille pakend peab olema korrektne, siis klient avab need ettevaatlikult ja ei kahjusta pakendeid. See tingimus ei kehti tavapakendi ehk pappkarpide kohta, mis on m\u00f5eldud ainult transportimiseks. Juhul kui klient kahjustab pakendeid, mis omavad unikaalset v\u00e4\u00e4rtust koos kaubaga, siis on m\u00fc\u00fcjal \u00f5igus keelduda kauba tagastusest v\u00f5i n\u00f5uda kahju h\u00fcvitamist. N\u00e4ide: s\u00f6\u00f6giriistade s\u00e4ilituskarp. M\u00fc\u00fcjal on \u00f5igus n\u00f5uda karbi hinna kompenseerimist, kui klient tagastab s\u00f6\u00f6giriistad ilma s\u00e4ilituskarbita.<\/p>\n<p>Juhul kui klient avastab kauba k\u00e4ttesaamisel, et talle on saadetud vale v\u00f5i defektne kaup, siis tuleb sellest e-poe klienditeenindust koheselt teavitada.<\/p>\n<p>&nbsp;<\/p>\n<h3>KAUBA TAGASTAMINE, LEPINGUST TAGANEMINE JA TAGASIMAKSED<\/h3>\n<p>Kliendil on \u00f5igus p\u00f5hjust esitamata lepingust taganeda 14 kalendrip\u00e4eva jooksul alates kauba k\u00e4ttesaamisest. K\u00e4ttesaamiseks loetakse sms teavituse edastamist pakiautomaadi operaatorfirmalt kliendi mobiiltelefonile.<\/p>\n<p>Tagastatav kaup peab olema kasutamata ja rikkumata. Tagastamisele ei kuulu tellimuse peale valmistatavad tooted (n\u00e4iteks polsterdatud m\u00f6\u00f6bliesemed).<\/p>\n<p>Kaupa on v\u00f5imalik 14 p\u00e4eva jooksul tagastada meie kauplustesse v\u00f5i saata pakiautomaati. Tagastuse otsesed transpordikulud kannab M\u00fc\u00fcja.<\/p>\n<p>&nbsp;<\/p>\n<p>Tagastamine SmartPosti pakiautomaati:<\/p>\n<p>a. Kui pakk saabus sinisesse pakiautomaati, saab paki tasuta tagastada sama uksekoodiga, mis iganes sinisest pakiautomaadist \u00fcle Eesti.<br \/>\nKui soovite pakki tagastada valgest pakiautomaadist, siis vormistage tagastus https:\/\/my.smartposti.ee\/return_parcel\/ iseteeninduskeskkonnas saadetise numbri (triipkoodi) alusel.<\/p>\n<p>b. Kui pakk saabus valgesse pakiautomaati v\u00f5i pakipunkti, siis minge tagastuse vormistamiseks iseteeninduskeskkonda https:\/\/my.smartposti.ee\/return_parcel\/, sisestades pakikoodi (triipkoodi) ja valides tagastamiseks sobiva pakiautomaadi.<\/p>\n<p>&nbsp;<\/p>\n<p>Tagastamine Omniva pakiautomaati:<\/p>\n<p>Koos paki saabumise s\u00f5numiga saadetakse ka tagastuskood, mille abil on 14 p\u00e4eva jooksul v\u00f5imalik pakk tagastada mugavalt talle sobivasse pakiautomaati.<\/p>\n<p>&nbsp;<\/p>\n<p>Tagastamine DPD pakiautomaati:<\/p>\n<p>Koos paki saabumise s\u00f5numiga saadetakse ka tagastuskood, mille abil on 14 p\u00e4eva jooksul v\u00f5imalik pakk tagastada mugavalt talle sobivasse pakiautomaati.<\/p>\n<p>&nbsp;<\/p>\n<p>Tagastatud kauba eest tasub m\u00fc\u00fcja ostjale kogu ostusumma tagasi viivitamatult ostja pangakontole, kuid mitte hiljem kui 5 t\u00f6\u00f6p\u00e4eva jooksul tagastatud kauba j\u00f5udmisest M\u00fc\u00fcjani.<\/p>\n<p>M\u00fc\u00fcjal on \u00f5igus keelduda kauba tagasi v\u00f5tmisest, kui kaup on kahjustatud v\u00f5i rikutud.<\/p>\n","protected":false},"excerpt":{"rendered":"<p>KAUBA KONTROLL JA TAGASTAMINE Kauba k\u00e4ttesaamisel kohustub klient avama pakendi ja kaubad \u00fcle vaatama. Juhul kui pakendis on kaupu, mille pakend on osa kaubast \u2013 n\u00e4iteks j\u00f5ulukalendrid jms kaubad, mille pakend peab olema korrektne, siis klient avab need ettevaatlikult ja ei kahjusta pakendeid. See tingimus ei kehti tavapakendi ehk pappkarpide kohta, mis on m\u00f5eldud ainult&hellip;<\/p>\n","protected":false},"author":15,"featured_media":0,"parent":0,"menu_order":0,"comment_status":"closed","ping_status":"closed","template":"","meta":{"_acf_changed":false,"inline_featured_image":false,"footnotes":""},"class_list":["post-179027","page","type-page","status-publish","hentry"],"acf":[],"yoast_head":"<!-- This site is optimized with the Yoast SEO plugin v25.6 - https:\/\/yoast.com\/wordpress\/plugins\/seo\/ -->\n<title>Tagastamine - Lartusihome.com<\/title>\n<meta name=\"robots\" content=\"index, follow, max-snippet:-1, max-image-preview:large, max-video-preview:-1\" \/>\n<link rel=\"canonical\" href=\"https:\/\/lartusihome.com\/et\/tagastamine\/\" \/>\n<meta property=\"og:locale\" content=\"et_EE\" \/>\n<meta property=\"og:type\" content=\"article\" \/>\n<meta property=\"og:title\" content=\"Tagastamine - Lartusihome.com\" \/>\n<meta property=\"og:description\" content=\"KAUBA KONTROLL JA TAGASTAMINE Kauba k\u00e4ttesaamisel kohustub klient avama pakendi ja kaubad \u00fcle vaatama. Juhul kui pakendis on kaupu, mille pakend on osa kaubast \u2013 n\u00e4iteks j\u00f5ulukalendrid jms kaubad, mille pakend peab olema korrektne, siis klient avab need ettevaatlikult ja ei kahjusta pakendeid. See tingimus ei kehti tavapakendi ehk pappkarpide kohta, mis on m\u00f5eldud ainult&hellip;\" \/>\n<meta property=\"og:url\" content=\"https:\/\/lartusihome.com\/et\/tagastamine\/\" \/>\n<meta property=\"og:site_name\" content=\"Lartusihome.com\" \/>\n<meta property=\"article:publisher\" content=\"https:\/\/www.facebook.com\/lartusihome\/\" \/>\n<meta property=\"article:modified_time\" content=\"2025-02-26T09:18:08+00:00\" \/>\n<meta property=\"og:image\" content=\"https:\/\/lartusihome.com\/wp-content\/uploads\/2019\/11\/lartusifacebook.jpg\" \/>\n\t<meta property=\"og:image:width\" content=\"1200\" \/>\n\t<meta property=\"og:image:height\" content=\"630\" \/>\n\t<meta property=\"og:image:type\" content=\"image\/jpeg\" \/>\n<meta name=\"twitter:card\" content=\"summary_large_image\" \/>\n<meta name=\"twitter:label1\" content=\"Est. reading time\" \/>\n\t<meta name=\"twitter:data1\" content=\"2 minutit\" \/>\n<script type=\"application\/ld+json\" class=\"yoast-schema-graph\">{\"@context\":\"https:\/\/schema.org\",\"@graph\":[{\"@type\":\"WebPage\",\"@id\":\"https:\/\/lartusihome.com\/et\/tagastamine\/\",\"url\":\"https:\/\/lartusihome.com\/et\/tagastamine\/\",\"name\":\"Tagastamine - Lartusihome.com\",\"isPartOf\":{\"@id\":\"https:\/\/lartusihome.com\/et\/#website\"},\"datePublished\":\"2022-06-27T07:58:28+00:00\",\"dateModified\":\"2025-02-26T09:18:08+00:00\",\"breadcrumb\":{\"@id\":\"https:\/\/lartusihome.com\/et\/tagastamine\/#breadcrumb\"},\"inLanguage\":\"et\",\"potentialAction\":[{\"@type\":\"ReadAction\",\"target\":[\"https:\/\/lartusihome.com\/et\/tagastamine\/\"]}]},{\"@type\":\"BreadcrumbList\",\"@id\":\"https:\/\/lartusihome.com\/et\/tagastamine\/#breadcrumb\",\"itemListElement\":[{\"@type\":\"ListItem\",\"position\":1,\"name\":\"Home\",\"item\":\"https:\/\/lartusihome.com\/et\/\"},{\"@type\":\"ListItem\",\"position\":2,\"name\":\"Tagastamine\"}]},{\"@type\":\"WebSite\",\"@id\":\"https:\/\/lartusihome.com\/et\/#website\",\"url\":\"https:\/\/lartusihome.com\/et\/\",\"name\":\"Lartusihome.com\",\"description\":\"Kodu \/ sisustus\",\"potentialAction\":[{\"@type\":\"SearchAction\",\"target\":{\"@type\":\"EntryPoint\",\"urlTemplate\":\"https:\/\/lartusihome.com\/et\/?s={search_term_string}\"},\"query-input\":{\"@type\":\"PropertyValueSpecification\",\"valueRequired\":true,\"valueName\":\"search_term_string\"}}],\"inLanguage\":\"et\"}]}<\/script>\n<!-- \/ Yoast SEO plugin. -->","yoast_head_json":{"title":"Tagastamine - Lartusihome.com","robots":{"index":"index","follow":"follow","max-snippet":"max-snippet:-1","max-image-preview":"max-image-preview:large","max-video-preview":"max-video-preview:-1"},"canonical":"https:\/\/lartusihome.com\/et\/tagastamine\/","og_locale":"et_EE","og_type":"article","og_title":"Tagastamine - Lartusihome.com","og_description":"KAUBA KONTROLL JA TAGASTAMINE Kauba k\u00e4ttesaamisel kohustub klient avama pakendi ja kaubad \u00fcle vaatama. Juhul kui pakendis on kaupu, mille pakend on osa kaubast \u2013 n\u00e4iteks j\u00f5ulukalendrid jms kaubad, mille pakend peab olema korrektne, siis klient avab need ettevaatlikult ja ei kahjusta pakendeid. See tingimus ei kehti tavapakendi ehk pappkarpide kohta, mis on m\u00f5eldud ainult&hellip;","og_url":"https:\/\/lartusihome.com\/et\/tagastamine\/","og_site_name":"Lartusihome.com","article_publisher":"https:\/\/www.facebook.com\/lartusihome\/","article_modified_time":"2025-02-26T09:18:08+00:00","og_image":[{"width":1200,"height":630,"url":"https:\/\/lartusihome.com\/wp-content\/uploads\/2019\/11\/lartusifacebook.jpg","type":"image\/jpeg"}],"twitter_card":"summary_large_image","twitter_misc":{"Est. reading time":"2 minutit"},"schema":{"@context":"https:\/\/schema.org","@graph":[{"@type":"WebPage","@id":"https:\/\/lartusihome.com\/et\/tagastamine\/","url":"https:\/\/lartusihome.com\/et\/tagastamine\/","name":"Tagastamine - Lartusihome.com","isPartOf":{"@id":"https:\/\/lartusihome.com\/et\/#website"},"datePublished":"2022-06-27T07:58:28+00:00","dateModified":"2025-02-26T09:18:08+00:00","breadcrumb":{"@id":"https:\/\/lartusihome.com\/et\/tagastamine\/#breadcrumb"},"inLanguage":"et","potentialAction":[{"@type":"ReadAction","target":["https:\/\/lartusihome.com\/et\/tagastamine\/"]}]},{"@type":"BreadcrumbList","@id":"https:\/\/lartusihome.com\/et\/tagastamine\/#breadcrumb","itemListElement":[{"@type":"ListItem","position":1,"name":"Home","item":"https:\/\/lartusihome.com\/et\/"},{"@type":"ListItem","position":2,"name":"Tagastamine"}]},{"@type":"WebSite","@id":"https:\/\/lartusihome.com\/et\/#website","url":"https:\/\/lartusihome.com\/et\/","name":"Lartusihome.com","description":"Kodu \/ sisustus","potentialAction":[{"@type":"SearchAction","target":{"@type":"EntryPoint","urlTemplate":"https:\/\/lartusihome.com\/et\/?s={search_term_string}"},"query-input":{"@type":"PropertyValueSpecification","valueRequired":true,"valueName":"search_term_string"}}],"inLanguage":"et"}]}},"_links":{"self":[{"href":"https:\/\/lartusihome.com\/et\/wp-json\/wp\/v2\/pages\/179027"}],"collection":[{"href":"https:\/\/lartusihome.com\/et\/wp-json\/wp\/v2\/pages"}],"about":[{"href":"https:\/\/lartusihome.com\/et\/wp-json\/wp\/v2\/types\/page"}],"author":[{"embeddable":true,"href":"https:\/\/lartusihome.com\/et\/wp-json\/wp\/v2\/users\/15"}],"replies":[{"embeddable":true,"href":"https:\/\/lartusihome.com\/et\/wp-json\/wp\/v2\/comments?post=179027"}],"version-history":[{"count":4,"href":"https:\/\/lartusihome.com\/et\/wp-json\/wp\/v2\/pages\/179027\/revisions"}],"predecessor-version":[{"id":392298,"href":"https:\/\/lartusihome.com\/et\/wp-json\/wp\/v2\/pages\/179027\/revisions\/392298"}],"wp:attachment":[{"href":"https:\/\/lartusihome.com\/et\/wp-json\/wp\/v2\/media?parent=179027"}],"curies":[{"name":"wp","href":"https:\/\/api.w.org\/{rel}","templated":true}]}}