{"id":179010,"date":"2022-06-21T14:31:06","date_gmt":"2022-06-21T11:31:06","guid":{"rendered":"https:\/\/lartusihome.com\/contact\/"},"modified":"2025-09-18T17:05:17","modified_gmt":"2025-09-18T14:05:17","slug":"kontakt","status":"publish","type":"page","link":"https:\/\/lartusihome.com\/et\/kontakt\/","title":{"rendered":"Kontakt"},"content":{"rendered":"<h1><\/h1>\r\n\r\n<p><a href=\"#\"><\/a><\/p>\r\n<h2><\/h2>\r\n<p>  <\/p>\r\n<h2 id=\"\"><\/h2>\r\n <a href=\"\"> <\/a><\/p>\r\n\r\n<p><a href=\"\"><\/a><\/p>\r\n<hr \/>\r\n<p><a href=\"\"> <\/a><\/p>\r\n\r\n<p><a href=\"\"><\/a><\/p>\r\n<hr \/>\r\n<p><a href=\"\"> <\/a><\/p>\r\n\r\n<p><a href=\"\"><\/a><\/p>\r\n<hr \/>\r\n<p><a href=\"\"> <\/a><\/p>\r\n\r\n<p><a href=\"\"><\/a><\/p>\r\n<hr \/>\r\n<p><a href=\"\"> <\/a><\/p>\r\n\r\n<p><a href=\"\"><\/a><\/p>\r\n<hr \/>\r\n<p>&nbsp;<\/p>","protected":false},"excerpt":{"rendered":"<p>&nbsp;<\/p>\n","protected":false},"author":15,"featured_media":0,"parent":0,"menu_order":0,"comment_status":"closed","ping_status":"closed","template":"","meta":{"_acf_changed":false,"inline_featured_image":false,"footnotes":""},"class_list":["post-179010","page","type-page","status-publish","hentry"],"acf":[],"yoast_head":"<!-- This site is optimized with the Yoast SEO plugin v25.6 - https:\/\/yoast.com\/wordpress\/plugins\/seo\/ -->\n<title>Kontakt - Lartusihome.com<\/title>\n<meta name=\"description\" content=\"Kas soovid midagi t\u00e4psustada? V\u00f5ta meiega \u00fchendust ja vastame meelsasti k\u00f5ikidele k\u00fcsimustele. Kaupluste kontaktid leiad alt.\" \/>\n<meta name=\"robots\" content=\"index, follow, max-snippet:-1, max-image-preview:large, max-video-preview:-1\" \/>\n<link rel=\"canonical\" href=\"https:\/\/lartusihome.com\/et\/kontakt\/\" \/>\n<meta property=\"og:locale\" content=\"et_EE\" \/>\n<meta property=\"og:type\" content=\"article\" \/>\n<meta property=\"og:title\" content=\"Kontakt - Lartusihome.com\" \/>\n<meta property=\"og:description\" content=\"Kas soovid midagi t\u00e4psustada? V\u00f5ta meiega \u00fchendust ja vastame meelsasti k\u00f5ikidele k\u00fcsimustele. Kaupluste kontaktid leiad alt.\" \/>\n<meta property=\"og:url\" content=\"https:\/\/lartusihome.com\/et\/kontakt\/\" \/>\n<meta property=\"og:site_name\" content=\"Lartusihome.com\" \/>\n<meta property=\"article:publisher\" content=\"https:\/\/www.facebook.com\/lartusihome\/\" \/>\n<meta property=\"article:modified_time\" content=\"2025-09-18T14:05:17+00:00\" \/>\n<meta property=\"og:image\" content=\"https:\/\/lartusihome.com\/wp-content\/uploads\/2019\/11\/lartusifacebook.jpg\" \/>\n\t<meta property=\"og:image:width\" content=\"1200\" \/>\n\t<meta property=\"og:image:height\" content=\"630\" \/>\n\t<meta property=\"og:image:type\" content=\"image\/jpeg\" \/>\n<meta name=\"twitter:card\" content=\"summary_large_image\" \/>\n<meta name=\"twitter:label1\" content=\"Est. reading time\" \/>\n\t<meta name=\"twitter:data1\" content=\"1 minut\" \/>\n<script type=\"application\/ld+json\" class=\"yoast-schema-graph\">{\"@context\":\"https:\/\/schema.org\",\"@graph\":[{\"@type\":\"WebPage\",\"@id\":\"https:\/\/lartusihome.com\/et\/kontakt\/\",\"url\":\"https:\/\/lartusihome.com\/et\/kontakt\/\",\"name\":\"Kontakt - Lartusihome.com\",\"isPartOf\":{\"@id\":\"https:\/\/lartusihome.com\/et\/#website\"},\"datePublished\":\"2022-06-21T11:31:06+00:00\",\"dateModified\":\"2025-09-18T14:05:17+00:00\",\"description\":\"Kas soovid midagi t\u00e4psustada? V\u00f5ta meiega \u00fchendust ja vastame meelsasti k\u00f5ikidele k\u00fcsimustele. Kaupluste kontaktid leiad alt.\",\"breadcrumb\":{\"@id\":\"https:\/\/lartusihome.com\/et\/kontakt\/#breadcrumb\"},\"inLanguage\":\"et\",\"potentialAction\":[{\"@type\":\"ReadAction\",\"target\":[\"https:\/\/lartusihome.com\/et\/kontakt\/\"]}]},{\"@type\":\"BreadcrumbList\",\"@id\":\"https:\/\/lartusihome.com\/et\/kontakt\/#breadcrumb\",\"itemListElement\":[{\"@type\":\"ListItem\",\"position\":1,\"name\":\"Home\",\"item\":\"https:\/\/lartusihome.com\/et\/\"},{\"@type\":\"ListItem\",\"position\":2,\"name\":\"Kontakt\"}]},{\"@type\":\"WebSite\",\"@id\":\"https:\/\/lartusihome.com\/et\/#website\",\"url\":\"https:\/\/lartusihome.com\/et\/\",\"name\":\"Lartusihome.com\",\"description\":\"Kodu \/ sisustus\",\"potentialAction\":[{\"@type\":\"SearchAction\",\"target\":{\"@type\":\"EntryPoint\",\"urlTemplate\":\"https:\/\/lartusihome.com\/et\/?s={search_term_string}\"},\"query-input\":{\"@type\":\"PropertyValueSpecification\",\"valueRequired\":true,\"valueName\":\"search_term_string\"}}],\"inLanguage\":\"et\"}]}<\/script>\n<!-- \/ Yoast SEO plugin. -->","yoast_head_json":{"title":"Kontakt - Lartusihome.com","description":"Kas soovid midagi t\u00e4psustada? V\u00f5ta meiega \u00fchendust ja vastame meelsasti k\u00f5ikidele k\u00fcsimustele. Kaupluste kontaktid leiad alt.","robots":{"index":"index","follow":"follow","max-snippet":"max-snippet:-1","max-image-preview":"max-image-preview:large","max-video-preview":"max-video-preview:-1"},"canonical":"https:\/\/lartusihome.com\/et\/kontakt\/","og_locale":"et_EE","og_type":"article","og_title":"Kontakt - Lartusihome.com","og_description":"Kas soovid midagi t\u00e4psustada? V\u00f5ta meiega \u00fchendust ja vastame meelsasti k\u00f5ikidele k\u00fcsimustele. Kaupluste kontaktid leiad alt.","og_url":"https:\/\/lartusihome.com\/et\/kontakt\/","og_site_name":"Lartusihome.com","article_publisher":"https:\/\/www.facebook.com\/lartusihome\/","article_modified_time":"2025-09-18T14:05:17+00:00","og_image":[{"width":1200,"height":630,"url":"https:\/\/lartusihome.com\/wp-content\/uploads\/2019\/11\/lartusifacebook.jpg","type":"image\/jpeg"}],"twitter_card":"summary_large_image","twitter_misc":{"Est. reading time":"1 minut"},"schema":{"@context":"https:\/\/schema.org","@graph":[{"@type":"WebPage","@id":"https:\/\/lartusihome.com\/et\/kontakt\/","url":"https:\/\/lartusihome.com\/et\/kontakt\/","name":"Kontakt - Lartusihome.com","isPartOf":{"@id":"https:\/\/lartusihome.com\/et\/#website"},"datePublished":"2022-06-21T11:31:06+00:00","dateModified":"2025-09-18T14:05:17+00:00","description":"Kas soovid midagi t\u00e4psustada? V\u00f5ta meiega \u00fchendust ja vastame meelsasti k\u00f5ikidele k\u00fcsimustele. Kaupluste kontaktid leiad alt.","breadcrumb":{"@id":"https:\/\/lartusihome.com\/et\/kontakt\/#breadcrumb"},"inLanguage":"et","potentialAction":[{"@type":"ReadAction","target":["https:\/\/lartusihome.com\/et\/kontakt\/"]}]},{"@type":"BreadcrumbList","@id":"https:\/\/lartusihome.com\/et\/kontakt\/#breadcrumb","itemListElement":[{"@type":"ListItem","position":1,"name":"Home","item":"https:\/\/lartusihome.com\/et\/"},{"@type":"ListItem","position":2,"name":"Kontakt"}]},{"@type":"WebSite","@id":"https:\/\/lartusihome.com\/et\/#website","url":"https:\/\/lartusihome.com\/et\/","name":"Lartusihome.com","description":"Kodu \/ sisustus","potentialAction":[{"@type":"SearchAction","target":{"@type":"EntryPoint","urlTemplate":"https:\/\/lartusihome.com\/et\/?s={search_term_string}"},"query-input":{"@type":"PropertyValueSpecification","valueRequired":true,"valueName":"search_term_string"}}],"inLanguage":"et"}]}},"_links":{"self":[{"href":"https:\/\/lartusihome.com\/et\/wp-json\/wp\/v2\/pages\/179010"}],"collection":[{"href":"https:\/\/lartusihome.com\/et\/wp-json\/wp\/v2\/pages"}],"about":[{"href":"https:\/\/lartusihome.com\/et\/wp-json\/wp\/v2\/types\/page"}],"author":[{"embeddable":true,"href":"https:\/\/lartusihome.com\/et\/wp-json\/wp\/v2\/users\/15"}],"replies":[{"embeddable":true,"href":"https:\/\/lartusihome.com\/et\/wp-json\/wp\/v2\/comments?post=179010"}],"version-history":[{"count":5,"href":"https:\/\/lartusihome.com\/et\/wp-json\/wp\/v2\/pages\/179010\/revisions"}],"predecessor-version":[{"id":414367,"href":"https:\/\/lartusihome.com\/et\/wp-json\/wp\/v2\/pages\/179010\/revisions\/414367"}],"wp:attachment":[{"href":"https:\/\/lartusihome.com\/et\/wp-json\/wp\/v2\/media?parent=179010"}],"curies":[{"name":"wp","href":"https:\/\/api.w.org\/{rel}","templated":true}]}}