{"id":178969,"date":"2022-06-27T10:54:22","date_gmt":"2022-06-27T07:54:22","guid":{"rendered":"https:\/\/lartusihome.com\/delivery-shipping\/"},"modified":"2025-10-23T16:00:56","modified_gmt":"2025-10-23T13:00:56","slug":"tarnetingimused","status":"publish","type":"page","link":"https:\/\/lartusihome.com\/et\/tarnetingimused\/","title":{"rendered":"Tarnetingimused"},"content":{"rendered":"<h3>KAUBA K\u00c4TTESAAMINE<\/h3>\n<p>Klient n\u00e4eb ostu sooritades, kas kaup on laos koheseks kliendile toimetamiseks v\u00f5i on kaubal tellimisaeg 21 p\u00e4eva. Kui kaup on Eesti laos, siis kaup pakitakse ja saadetakse kliendile hiljemalt j\u00e4rgmisel t\u00f6\u00f6p\u00e4eval peale ostu sooritamist. Kasutades Omniva, SmartPosti v\u00f5i DPD pakiautomaate on Eesti-sisene transport kuni 48 tundi, saartel kuni 3 t\u00f6\u00f6p\u00e4eva; Soomes, L\u00e4tis ja Leedus kuni 5 t\u00f6\u00f6p\u00e4eva.<\/p>\n<p>Kui klient on valinud kaubale ise j\u00e4rele tulemise, siis teavitatakse teda, kui kaup on komplekteeritud. Kui klient valis kauba, mida ei ole Eesti laos ja tarneaeg on 21 p\u00e4eva, siis ostja valib sellegipoolest tarneviisi ja m\u00fc\u00fcja teavitab ostjat kauba saabumisest e-maili teel.<\/p>\n<p>E-poest ostes on transport tasuta, kui ostusumma \u00fcletab 300 EUR.\u00a0 Alla 300 EUR tellimuste puhul lisandub pakiautomaadi tasu v\u00f5i kullerteenuse tasu.<\/p>\n<p>Pakiautomaati tellitud kaupadele saadab operaatorfirma kliendile sms-iga uksekoodi. Koodi sisestades avaneb kapiuks ja klient saab paki k\u00e4tte.<\/p>\n<p>M\u00fc\u00fcja ei vastuta kliendile tekitatud kahju eest olukorras, kus m\u00fc\u00fcjast mitteolenevatel p\u00f5hjustel on kolmandad isikud saanud k\u00e4tte kliendile saadetud unikaalse pakiautomaadi koodi.<\/p>\n<p>Juhul kui klient ei ole pakiautomaati tellitud pakile j\u00e4rele tulnud hoiut\u00e4htaja m\u00f6\u00f6dudes, siis m\u00fc\u00fcja saab pakiautomaadi operaatorilt tagasi pakid ja hoiustab neid veel 14 p\u00e4eva enda juures, teavitades sellest klienti.<\/p>\n","protected":false},"excerpt":{"rendered":"<p>KAUBA K\u00c4TTESAAMINE Klient n\u00e4eb ostu sooritades, kas kaup on laos koheseks kliendile toimetamiseks v\u00f5i on kaubal tellimisaeg 21 p\u00e4eva. Kui kaup on Eesti laos, siis kaup pakitakse ja saadetakse kliendile hiljemalt j\u00e4rgmisel t\u00f6\u00f6p\u00e4eval peale ostu sooritamist. Kasutades Omniva, SmartPosti v\u00f5i DPD pakiautomaate on Eesti-sisene transport kuni 48 tundi, saartel kuni 3 t\u00f6\u00f6p\u00e4eva; Soomes, L\u00e4tis ja&hellip;<\/p>\n","protected":false},"author":15,"featured_media":0,"parent":0,"menu_order":0,"comment_status":"closed","ping_status":"closed","template":"","meta":{"_acf_changed":false,"inline_featured_image":false,"footnotes":""},"class_list":["post-178969","page","type-page","status-publish","hentry"],"acf":[],"yoast_head":"<!-- This site is optimized with the Yoast SEO plugin v25.6 - https:\/\/yoast.com\/wordpress\/plugins\/seo\/ -->\n<title>Tarnetingimused - Lartusihome.com<\/title>\n<meta name=\"robots\" content=\"index, follow, max-snippet:-1, max-image-preview:large, max-video-preview:-1\" \/>\n<link rel=\"canonical\" href=\"https:\/\/lartusihome.com\/et\/tarnetingimused\/\" \/>\n<meta property=\"og:locale\" content=\"et_EE\" \/>\n<meta property=\"og:type\" content=\"article\" \/>\n<meta property=\"og:title\" content=\"Tarnetingimused - Lartusihome.com\" \/>\n<meta property=\"og:description\" content=\"KAUBA K\u00c4TTESAAMINE Klient n\u00e4eb ostu sooritades, kas kaup on laos koheseks kliendile toimetamiseks v\u00f5i on kaubal tellimisaeg 21 p\u00e4eva. Kui kaup on Eesti laos, siis kaup pakitakse ja saadetakse kliendile hiljemalt j\u00e4rgmisel t\u00f6\u00f6p\u00e4eval peale ostu sooritamist. Kasutades Omniva, SmartPosti v\u00f5i DPD pakiautomaate on Eesti-sisene transport kuni 48 tundi, saartel kuni 3 t\u00f6\u00f6p\u00e4eva; Soomes, L\u00e4tis ja&hellip;\" \/>\n<meta property=\"og:url\" content=\"https:\/\/lartusihome.com\/et\/tarnetingimused\/\" \/>\n<meta property=\"og:site_name\" content=\"Lartusihome.com\" \/>\n<meta property=\"article:publisher\" content=\"https:\/\/www.facebook.com\/lartusihome\/\" \/>\n<meta property=\"article:modified_time\" content=\"2025-10-23T13:00:56+00:00\" \/>\n<meta property=\"og:image\" content=\"https:\/\/lartusihome.com\/wp-content\/uploads\/2019\/11\/lartusifacebook.jpg\" \/>\n\t<meta property=\"og:image:width\" content=\"1200\" \/>\n\t<meta property=\"og:image:height\" content=\"630\" \/>\n\t<meta property=\"og:image:type\" content=\"image\/jpeg\" \/>\n<meta name=\"twitter:card\" content=\"summary_large_image\" \/>\n<meta name=\"twitter:label1\" content=\"Est. reading time\" \/>\n\t<meta name=\"twitter:data1\" content=\"1 minut\" \/>\n<script type=\"application\/ld+json\" class=\"yoast-schema-graph\">{\"@context\":\"https:\/\/schema.org\",\"@graph\":[{\"@type\":\"WebPage\",\"@id\":\"https:\/\/lartusihome.com\/et\/tarnetingimused\/\",\"url\":\"https:\/\/lartusihome.com\/et\/tarnetingimused\/\",\"name\":\"Tarnetingimused - Lartusihome.com\",\"isPartOf\":{\"@id\":\"https:\/\/lartusihome.com\/et\/#website\"},\"datePublished\":\"2022-06-27T07:54:22+00:00\",\"dateModified\":\"2025-10-23T13:00:56+00:00\",\"breadcrumb\":{\"@id\":\"https:\/\/lartusihome.com\/et\/tarnetingimused\/#breadcrumb\"},\"inLanguage\":\"et\",\"potentialAction\":[{\"@type\":\"ReadAction\",\"target\":[\"https:\/\/lartusihome.com\/et\/tarnetingimused\/\"]}]},{\"@type\":\"BreadcrumbList\",\"@id\":\"https:\/\/lartusihome.com\/et\/tarnetingimused\/#breadcrumb\",\"itemListElement\":[{\"@type\":\"ListItem\",\"position\":1,\"name\":\"Home\",\"item\":\"https:\/\/lartusihome.com\/et\/\"},{\"@type\":\"ListItem\",\"position\":2,\"name\":\"Tarnetingimused\"}]},{\"@type\":\"WebSite\",\"@id\":\"https:\/\/lartusihome.com\/et\/#website\",\"url\":\"https:\/\/lartusihome.com\/et\/\",\"name\":\"Lartusihome.com\",\"description\":\"Kodu \/ sisustus\",\"potentialAction\":[{\"@type\":\"SearchAction\",\"target\":{\"@type\":\"EntryPoint\",\"urlTemplate\":\"https:\/\/lartusihome.com\/et\/?s={search_term_string}\"},\"query-input\":{\"@type\":\"PropertyValueSpecification\",\"valueRequired\":true,\"valueName\":\"search_term_string\"}}],\"inLanguage\":\"et\"}]}<\/script>\n<!-- \/ Yoast SEO plugin. -->","yoast_head_json":{"title":"Tarnetingimused - Lartusihome.com","robots":{"index":"index","follow":"follow","max-snippet":"max-snippet:-1","max-image-preview":"max-image-preview:large","max-video-preview":"max-video-preview:-1"},"canonical":"https:\/\/lartusihome.com\/et\/tarnetingimused\/","og_locale":"et_EE","og_type":"article","og_title":"Tarnetingimused - Lartusihome.com","og_description":"KAUBA K\u00c4TTESAAMINE Klient n\u00e4eb ostu sooritades, kas kaup on laos koheseks kliendile toimetamiseks v\u00f5i on kaubal tellimisaeg 21 p\u00e4eva. Kui kaup on Eesti laos, siis kaup pakitakse ja saadetakse kliendile hiljemalt j\u00e4rgmisel t\u00f6\u00f6p\u00e4eval peale ostu sooritamist. Kasutades Omniva, SmartPosti v\u00f5i DPD pakiautomaate on Eesti-sisene transport kuni 48 tundi, saartel kuni 3 t\u00f6\u00f6p\u00e4eva; Soomes, L\u00e4tis ja&hellip;","og_url":"https:\/\/lartusihome.com\/et\/tarnetingimused\/","og_site_name":"Lartusihome.com","article_publisher":"https:\/\/www.facebook.com\/lartusihome\/","article_modified_time":"2025-10-23T13:00:56+00:00","og_image":[{"width":1200,"height":630,"url":"https:\/\/lartusihome.com\/wp-content\/uploads\/2019\/11\/lartusifacebook.jpg","type":"image\/jpeg"}],"twitter_card":"summary_large_image","twitter_misc":{"Est. reading time":"1 minut"},"schema":{"@context":"https:\/\/schema.org","@graph":[{"@type":"WebPage","@id":"https:\/\/lartusihome.com\/et\/tarnetingimused\/","url":"https:\/\/lartusihome.com\/et\/tarnetingimused\/","name":"Tarnetingimused - Lartusihome.com","isPartOf":{"@id":"https:\/\/lartusihome.com\/et\/#website"},"datePublished":"2022-06-27T07:54:22+00:00","dateModified":"2025-10-23T13:00:56+00:00","breadcrumb":{"@id":"https:\/\/lartusihome.com\/et\/tarnetingimused\/#breadcrumb"},"inLanguage":"et","potentialAction":[{"@type":"ReadAction","target":["https:\/\/lartusihome.com\/et\/tarnetingimused\/"]}]},{"@type":"BreadcrumbList","@id":"https:\/\/lartusihome.com\/et\/tarnetingimused\/#breadcrumb","itemListElement":[{"@type":"ListItem","position":1,"name":"Home","item":"https:\/\/lartusihome.com\/et\/"},{"@type":"ListItem","position":2,"name":"Tarnetingimused"}]},{"@type":"WebSite","@id":"https:\/\/lartusihome.com\/et\/#website","url":"https:\/\/lartusihome.com\/et\/","name":"Lartusihome.com","description":"Kodu \/ sisustus","potentialAction":[{"@type":"SearchAction","target":{"@type":"EntryPoint","urlTemplate":"https:\/\/lartusihome.com\/et\/?s={search_term_string}"},"query-input":{"@type":"PropertyValueSpecification","valueRequired":true,"valueName":"search_term_string"}}],"inLanguage":"et"}]}},"_links":{"self":[{"href":"https:\/\/lartusihome.com\/et\/wp-json\/wp\/v2\/pages\/178969"}],"collection":[{"href":"https:\/\/lartusihome.com\/et\/wp-json\/wp\/v2\/pages"}],"about":[{"href":"https:\/\/lartusihome.com\/et\/wp-json\/wp\/v2\/types\/page"}],"author":[{"embeddable":true,"href":"https:\/\/lartusihome.com\/et\/wp-json\/wp\/v2\/users\/15"}],"replies":[{"embeddable":true,"href":"https:\/\/lartusihome.com\/et\/wp-json\/wp\/v2\/comments?post=178969"}],"version-history":[{"count":3,"href":"https:\/\/lartusihome.com\/et\/wp-json\/wp\/v2\/pages\/178969\/revisions"}],"predecessor-version":[{"id":417608,"href":"https:\/\/lartusihome.com\/et\/wp-json\/wp\/v2\/pages\/178969\/revisions\/417608"}],"wp:attachment":[{"href":"https:\/\/lartusihome.com\/et\/wp-json\/wp\/v2\/media?parent=178969"}],"curies":[{"name":"wp","href":"https:\/\/api.w.org\/{rel}","templated":true}]}}